{"id":3358,"date":"2017-11-28T00:00:00","date_gmt":"2017-11-27T23:00:00","guid":{"rendered":"http:\/\/semmelweis.hu\/magtud\/harkai-schiller-library\/"},"modified":"2025-10-27T15:47:20","modified_gmt":"2025-10-27T14:47:20","slug":"harkai-schiller-library","status":"publish","type":"page","link":"https:\/\/semmelweis.hu\/magtud\/en\/institute\/harkai-schiller-library\/","title":{"rendered":"Harkai Schiller Library"},"content":{"rendered":"<p><img decoding=\"async\" style=\"margin: 5px;float: right\" src=\"\/magtud\/files\/2017\/11\/konyvtar1.jpg\" border=\"0\" \/><br \/>\nThe Harkai Schiller Library of the Institute of Behavioural Sciences collects scientific literature in health psychology, behavioural medicine, psychosomatics, medical ethics, medical communication, sociology and anthropology. Illness treated in our outpatient clinic, eating, sleeping and sexual disorders are also selected. There is a significant collection of books in medical ethics donated by American foundations. Several encyclopediae can be read in printed version, for example the Encyclopedia of Bioethics, ed. W.T. Reich, 1995. Vol. 1-5, Encyclopedia of Psychiatry, Psychology and Psychoanalysis, ed. B.B. Wolman, 1996., Encyclopedia of Mental Health, ed. H.S: Friedman, 1998. Vol.1-3, The Corsini Encyclopedia of Psychology and Behavioral Science 3rd. edition, ed. W.E. Craighead, 2001. Vol. 1-3, Encyclopedia of Stress, ed. G. Fink Vol.1-3. 2.ed. We call your attention to the International Encyclopedia of the Social and Behavioral Sciences 2nd edition at <a href=\"https:\/\/www.sciencedirect.com\/referencework\/9780080970875\/\" target=\"_blank\" rel=\"noopener noreferrer\">https:\/\/www.sciencedirect.com\/referencework\/9780080970875\/<\/a><span style=\"color: blue\"><br \/>\n<span style=\"color: #000000\">The reading room often gives venue to meetings, trainigs and workshops so we\u00a0 recommend\u00a0 you to contact the library before visiting. The library can offer document-use on the spot, photo copies can be made on the site.<\/span><\/span><\/p>\n<p><img decoding=\"async\" style=\"float: left;margin: 5px\" src=\"\/magtud\/files\/2017\/11\/konyvtar3.jpg\" border=\"0\" \/><\/p>\n<p>Opening hours: Monday, Tuesday, Thursday and Friday<br \/>\n9 a.m. &#8211; 3 p.m. (30 minutes lunchbreak between 12 -1 p.m.)<br \/>\nTelephone: 36-1210-2930, 56125 ext., or <a href=\"mailto:&lt;script language='JavaScript' type='text\/javascript'&gt; &lt;!-- var prefix = 'mailto:'; var suffix = ''; var attribs = ''; var path = 'hr' + 'ef' + '='; var addy23696 = 'somorjai.noemi' + '@'; addy23696 = addy23696 + 'med' + '.' + 'semmelweis-univ' + '.' + 'hu'; document.write( '&lt;a ' + path + ''' + prefix + addy23696 + suffix + ''' + attribs + '&gt;' ); document.write( addy23696 ); document.write( '&lt;\/a&gt;' ); \/\/--&gt; &lt;\/script&gt;&lt;script language='JavaScript' type='text\/javascript'&gt; &lt;!-- document.write( '&lt;span style='display: none;'&gt;' ); \/\/--&gt; &lt;\/script&gt;Ezt a c\u00edmet a spamrobotok ellen v\u00e9dj\u00fck. Enged\u00e9lyezze a Javascript haszn\u00e1lat\u00e1t, hogy megtekinthesse. &lt;script language='JavaScript' type='text\/javascript'&gt; &lt;!-- document.write( '&lt;\/' ); document.write( 'span&gt;' ); \/\/--&gt; &lt;\/script&gt;\"><span style=\"text-decoration: none\">somorjai.noemi (at)semmelweis.hu<\/span><\/a><br \/>\nNo\u00e9mi Somorjai medical librarian<br \/>\n<a href=\"https:\/\/vm.mtmt.hu\/\/search\/slist.php?nwi=1&amp;inited=1&amp;ty_on=1&amp;url_on=1&amp;cite_type=2&amp;orderby=3D1a&amp;location=mtmt&amp;stn=1&amp;AuthorID=10022607\" target=\"_blank\" rel=\"alternate noopener noreferrer\">No\u00e9mi Somorjai publications<\/a><\/p>\n<p><strong>E-journals in the Harkai Schiller Library by 2018:<\/strong><\/p>\n<p>American Journal of Bioethics<br \/>\n<a href=\"http:\/\/bioethics.net\/\">http:\/\/bioethics.net\/<\/a><\/p>\n<p>Crisis. The Journal of Crisis Intervention and Suicide Prevention<br \/>\n<a href=\"https:\/\/us.hogrefe.com\/products\/journals\/crisis\"><span style=\"text-decoration: none\">https:\/\/us.hogrefe.com\/products\/journals\/crisis<\/span><\/a><\/p>\n<p>International Journal of Eating Disorders<br \/>\n<a href=\"http:\/\/www3.interscience.wiley.com\/journal\/34698\/home\">http:\/\/www3.interscience.wiley.com\/journal\/34698\/home<\/a><\/p>\n<p>Medical Anthropology Quarterly<br \/>\n<a href=\"http:\/\/onlinelibrary.wiley.com\/doi\/10.1111\/maq.12271\/full\">http:\/\/onlinelibrary.wiley.com\/doi\/10.1111\/maq.12271\/full<\/a><\/p>\n","protected":false},"excerpt":{"rendered":"<p>The Harkai Schiller Library of the Institute of Behavioural Sciences collects scientific literature in health psychology, behavioural medicine, psychosomatics, medical ethics, medical communication, sociology and anthropology. Illness treated in our outpatient clinic, eating, sleeping and sexual disorders are also selected. There is a significant collection of books in medical ethics donated by American foundations. Several &hellip;<\/p>\n","protected":false},"author":110,"featured_media":0,"parent":3349,"menu_order":4,"comment_status":"closed","ping_status":"closed","template":"","meta":{"_acf_changed":false,"footnotes":""},"categories":[],"tags":[],"class_list":["post-3358","page","type-page","status-publish","hentry"],"acf":[],"_links":{"self":[{"href":"https:\/\/semmelweis.hu\/magtud\/wp-json\/wp\/v2\/pages\/3358","targetHints":{"allow":["GET"]}}],"collection":[{"href":"https:\/\/semmelweis.hu\/magtud\/wp-json\/wp\/v2\/pages"}],"about":[{"href":"https:\/\/semmelweis.hu\/magtud\/wp-json\/wp\/v2\/types\/page"}],"author":[{"embeddable":true,"href":"https:\/\/semmelweis.hu\/magtud\/wp-json\/wp\/v2\/users\/110"}],"replies":[{"embeddable":true,"href":"https:\/\/semmelweis.hu\/magtud\/wp-json\/wp\/v2\/comments?post=3358"}],"version-history":[{"count":12,"href":"https:\/\/semmelweis.hu\/magtud\/wp-json\/wp\/v2\/pages\/3358\/revisions"}],"predecessor-version":[{"id":13088,"href":"https:\/\/semmelweis.hu\/magtud\/wp-json\/wp\/v2\/pages\/3358\/revisions\/13088"}],"up":[{"embeddable":true,"href":"https:\/\/semmelweis.hu\/magtud\/wp-json\/wp\/v2\/pages\/3349"}],"wp:attachment":[{"href":"https:\/\/semmelweis.hu\/magtud\/wp-json\/wp\/v2\/media?parent=3358"}],"wp:term":[{"taxonomy":"category","embeddable":true,"href":"https:\/\/semmelweis.hu\/magtud\/wp-json\/wp\/v2\/categories?post=3358"},{"taxonomy":"post_tag","embeddable":true,"href":"https:\/\/semmelweis.hu\/magtud\/wp-json\/wp\/v2\/tags?post=3358"}],"curies":[{"name":"wp","href":"https:\/\/api.w.org\/{rel}","templated":true}]}}