{"id":3077,"date":"2017-11-17T11:54:01","date_gmt":"2017-11-17T10:54:01","guid":{"rendered":"http:\/\/semmelweis.hu\/magtud\/?page_id=3077"},"modified":"2025-01-09T10:09:29","modified_gmt":"2025-01-09T09:09:29","slug":"rektori-palyatetelek","status":"publish","type":"page","link":"https:\/\/semmelweis.hu\/magtud\/oktatas\/rektori-palyatetelek\/","title":{"rendered":"Rektori p\u00e1lyat\u00e9telek"},"content":{"rendered":"<div>\n<table style=\"width: 36.4322%;height: 4828px\" width=\"658\">\n<tbody>\n<tr style=\"height: 33px\">\n<td style=\"height: 33px\" width=\"344\">P\u00e1lyat\u00e9tel c\u00edme<\/td>\n<td style=\"height: 33px\" width=\"314\">Konzulens (fokozattal)<\/td>\n<\/tr>\n<tr style=\"height: 83px\">\n<td style=\"height: 83px\" width=\"344\">\n<p>EG\u00c9SZS\u00c9GL\u00c9LEKTAN \u00c9S MAGATART\u00c1SORVOSL\u00c1S<\/p>\n<\/td>\n<td style=\"height: 83px\">\u00a0<\/td>\n<\/tr>\n<tr style=\"height: 63px\">\n<td style=\"height: 63px\" width=\"344\">\u00a0A h\u00e1zast\u00e1rsi konfliktusok hat\u00e1sai a gyermekek eg\u00e9szs\u00e9gi \u00e1llapot\u00e1ra.<\/td>\n<td style=\"height: 63px\" width=\"314\">Dr. Balog Piroska egyetemi docens<\/td>\n<\/tr>\n<tr style=\"height: 93px\">\n<td style=\"height: 93px\" width=\"344\">A kardiovaszkul\u00e1ris megbeteged\u00e9sek pszichoszoci\u00e1lis h\u00e1tt\u00e9rt\u00e9nyez\u0151i \u00e9s a kardiovaszkul\u00e1ris rehabilit\u00e1ci\u00f3<\/td>\n<td style=\"height: 93px\" width=\"314\">Dr. Balog Piroska egyetemi docens<\/td>\n<\/tr>\n<tr style=\"height: 63px\">\n<td style=\"height: 63px\" width=\"344\">A medd\u0151s\u00e9g pszichoszoci\u00e1lis h\u00e1tt\u00e9rt\u00e9nyez\u0151i<\/td>\n<td style=\"height: 63px\" width=\"314\">Dr. Balog Piroska egyetemi docens<\/td>\n<\/tr>\n<tr style=\"height: 93px\">\n<td style=\"height: 93px\" width=\"344\">\u00a0A kr\u00f3nikus h\u00e1zast\u00e1rsi \u00e9s\/vagy munkastressz \u00e9s a sz\u00edv-\u00e9rrendszeri s\u00e9r\u00fcl\u00e9kenys\u00e9g.<\/td>\n<td style=\"height: 93px\" width=\"314\">Dr. Balog Piroska egyetemi docens<\/td>\n<\/tr>\n<tr style=\"height: 63px\">\n<td style=\"height: 63px\" width=\"344\">Differenci\u00e1lpszichol\u00f3gia alv\u00e1s\u00e9lettani megk\u00f6zel\u00edt\u00e9sben<\/td>\n<td style=\"height: 63px\" width=\"314\">Dr. B\u00f3dizs R\u00f3bert egyetemi tan\u00e1r<\/td>\n<\/tr>\n<tr style=\"height: 63px\">\n<td style=\"height: 63px\" width=\"344\">Az alv\u00e1s- \u00e9s \u00e1lomsaj\u00e1toss\u00e1gok epidemiol\u00f3giai vizsg\u00e1lata<\/td>\n<td style=\"height: 63px\" width=\"314\">Dr. B\u00f3dizs R\u00f3bert egyetemi tan\u00e1r<\/td>\n<\/tr>\n<tr style=\"height: 63px\">\n<td style=\"height: 63px\" width=\"344\">Az alv\u00e1s-\u00e9brenl\u00e9t \u00e1llapotok elektrofiziol\u00f3gi\u00e1ja<\/td>\n<td style=\"height: 63px\" width=\"314\">Dr. B\u00f3dizs R\u00f3bert egyetemi tan\u00e1r<\/td>\n<\/tr>\n<tr style=\"height: 63px\">\n<td style=\"height: 63px\" width=\"344\">Medikusok \u00e9s eg\u00e9szs\u00e9g\u00fcgyi dolgoz\u00f3k hal\u00e1llal kapcsolatos attit\u0171dj\u00e9nek vizsg\u00e1lata<\/td>\n<td style=\"height: 63px\" width=\"314\">Dr. Heged\u0171s Katalin egyetemi docens<\/td>\n<\/tr>\n<tr style=\"height: 33px\">\n<td style=\"height: 33px\">Zeneter\u00e1pia az orvosi rehabilit\u00e1ci\u00f3ban<\/td>\n<td style=\"height: 33px\">Dr. Koll\u00e1r J\u00e1nos egyetemi docens<\/td>\n<\/tr>\n<tr style=\"height: 63px\">\n<td style=\"height: 63px\" width=\"344\">Kr\u00f3nikus gyullad\u00e1sos betegs\u00e9gek pszichoimmunol\u00f3gi\u00e1ja<\/td>\n<td style=\"height: 63px\" width=\"314\">Dr. L\u00e1z\u00e1r Imre egyetemi adjunktus<\/td>\n<\/tr>\n<tr style=\"height: 63px\">\n<td style=\"height: 63px\" width=\"344\">Daganatos betegs\u00e9gek pszichoimmunol\u00f3gi\u00e1ja<\/td>\n<td style=\"height: 63px\" width=\"314\">Dr. L\u00e1z\u00e1r Imre egyetemi adjunktus<\/td>\n<\/tr>\n<tr style=\"height: 33px\">\n<td style=\"height: 33px\">Szexu\u00e1lis zavarok pszichoter\u00e1pi\u00e1ja<\/td>\n<td style=\"height: 33px\">Dr. Pilling J\u00e1nos egyetemi docens<\/td>\n<\/tr>\n<tr style=\"height: 33px\">\n<td style=\"height: 33px\" width=\"344\">Nemi k\u00fcl\u00f6nbs\u00e9gek pszichol\u00f3gi\u00e1ja<\/td>\n<td style=\"height: 33px\" width=\"314\">Dr. Purebl Gy\u00f6rgy egyetemi tan\u00e1r<\/td>\n<\/tr>\n<tr style=\"height: 63px\">\n<td style=\"height: 63px\" width=\"344\">Nemi k\u00fcl\u00f6nbs\u00e9gek a pszichi\u00e1triai betegs\u00e9gekben<\/td>\n<td style=\"height: 63px\" width=\"314\">Dr. Purebl Gy\u00f6rgy egyetemi tan\u00e1r<\/td>\n<\/tr>\n<tr style=\"height: 63px\">\n<td style=\"height: 63px\" width=\"344\">Az alv\u00e1si el\u00e9gtelens\u00e9g h\u00e1ttere \u00e9s komplex kezel\u00e9se<\/td>\n<td style=\"height: 63px\" width=\"314\">Dr. Purebl Gy\u00f6rgy egyetemi tan\u00e1r<\/td>\n<\/tr>\n<tr style=\"height: 33px\">\n<td style=\"height: 33px\" width=\"344\">Hangulatzavarok \u00e9s testi betegs\u00e9gek<\/td>\n<td style=\"height: 33px\" width=\"314\">Dr. Purebl Gy\u00f6rgy egyetemi tan\u00e1r<\/td>\n<\/tr>\n<tr style=\"height: 63px\">\n<td style=\"height: 63px\" width=\"344\">Kronobiol\u00f3giai t\u00e9nyez\u0151k szerepe a gyakori betegs\u00e9gek kialakul\u00e1s\u00e1ban<\/td>\n<td style=\"height: 63px\" width=\"314\">Dr. Purebl Gy\u00f6rgy egyetemi tan\u00e1r<\/td>\n<\/tr>\n<tr style=\"height: 63px\">\n<td style=\"height: 63px\" width=\"344\">A cirkadi\u00e1n ritmus zavarainak szerepe az eg\u00e9szs\u00e9g\u00fcgyi kock\u00e1zatban<\/td>\n<td style=\"height: 63px\" width=\"314\">Dr. Purebl Gy\u00f6rgy egyetemi tan\u00e1r<\/td>\n<\/tr>\n<tr style=\"height: 63px\">\n<td style=\"height: 63px\" width=\"344\">Depresszi\u00f3, alv\u00e1s \u00e9s cirkadi\u00e1n ritmus \u00f6sszef\u00fcgg\u00e9sei<\/td>\n<td style=\"height: 63px\" width=\"314\">Dr. Purebl Gy\u00f6rgy egyetemi tan\u00e1r<\/td>\n<\/tr>\n<tr style=\"height: 63px\">\n<td style=\"height: 63px\" width=\"344\">Kr\u00f3nikus betegs\u00e9gek \u00e9s csal\u00e1d<\/td>\n<td style=\"height: 63px\" width=\"314\">Dr. Szumska Irena egyetemi adjunktus<\/td>\n<\/tr>\n<tr style=\"height: 63px\">\n<td style=\"height: 63px\" width=\"344\">Ev\u00e9szavarok<\/td>\n<td style=\"height: 63px\" width=\"314\">Dr. Szumska Irena egyetemi adjunktus<\/td>\n<\/tr>\n<tr style=\"height: 63px\">\n<td style=\"height: 63px\" width=\"344\">Az IQ \u00f6sszef\u00fcgg\u00e9se a k\u00e9s\u0151bbi ment\u00e1lis eg\u00e9szs\u00e9ggel<\/td>\n<td style=\"height: 63px\" width=\"314\">Dr. Ujma P\u00e9ter egyetemi adjunktus<\/td>\n<\/tr>\n<tr style=\"height: 103px\">\n<td style=\"height: 103px\" width=\"344\">\n<p>&nbsp;<\/p>\n<p>ORVOSI SZOCIOL\u00d3GIA<\/p>\n<\/td>\n<td style=\"height: 103px\">\u00a0<\/td>\n<\/tr>\n<tr style=\"height: 33px\">\n<td style=\"height: 33px\" width=\"344\">Digit\u00e1lis eg\u00e9szs\u00e9g k\u00e9rd\u00e9sei<\/td>\n<td style=\"height: 33px\" width=\"314\">Dr. Gy\u0151rffy Zsuzsa egyetemi docens<\/td>\n<\/tr>\n<tr style=\"height: 63px\">\n<td style=\"height: 63px\" width=\"344\">Orvostanhallgat\u00f3k \u00e9s rezidensek testi-lelki eg\u00e9szs\u00e9ge<\/td>\n<td style=\"height: 63px\" width=\"314\">Dr. Gy\u0151rffy Zsuzsa egyetemi docens<\/td>\n<\/tr>\n<tr style=\"height: 63px\">\n<td style=\"height: 63px\" width=\"344\">Stresszt\u00e9nyez\u0151k \u00e9s megk\u00fczd\u00e9s az orvostanhallgat\u00f3k \u00e9s a rezidensek k\u00f6r\u00e9ben<\/td>\n<td style=\"height: 63px\" width=\"314\">Dr. Gy\u0151rffy Zsuzsa egyetemi docens<\/td>\n<\/tr>\n<tr style=\"height: 63px\">\n<td style=\"height: 63px\" width=\"344\">Szem\u00e9lyis\u00e9gt\u00e9nyez\u0151k szerepe az orvoss\u00e1 v\u00e1l\u00e1s folyamat\u00e1ban<\/td>\n<td style=\"height: 63px\" width=\"314\">Dr. Gy\u0151rffy Zsuzsa egyetemi docens<\/td>\n<\/tr>\n<tr style=\"height: 63px\">\n<td style=\"height: 63px\" width=\"344\">A k\u00e1b\u00edt\u00f3szer-f\u00fcgg\u0151s\u00e9g szociol\u00f3giai k\u00e9rd\u00e9sei<\/td>\n<td style=\"height: 63px\" width=\"314\">D\u00f6br\u00f6ssy Bence egyetemi tan\u00e1rseg\u00e9d<\/td>\n<\/tr>\n<tr style=\"height: 33px\">\n<td style=\"height: 33px\" width=\"344\">Az \u00f6ngyilkoss\u00e1g szociol\u00f3giai k\u00e9rd\u00e9sei<\/td>\n<td style=\"height: 33px\" width=\"314\">D\u00f6br\u00f6ssy Bence egyetemi tan\u00e1rseg\u00e9d<\/td>\n<\/tr>\n<tr style=\"height: 33px\">\n<td style=\"height: 33px\" width=\"344\">Az alkoholizmus szociol\u00f3giai k\u00e9rd\u00e9sei<\/td>\n<td style=\"height: 33px\" width=\"314\">D\u00f6br\u00f6ssy Bence egyetemi tan\u00e1rseg\u00e9d<\/td>\n<\/tr>\n<tr style=\"height: 63px\">\n<td style=\"height: 63px\" width=\"344\">Egyenl\u0151tlen es\u00e9lyek: T\u00e1rsadalmi r\u00e9tegz\u0151d\u00e9s \u00e9s megbeteged\u00e9s<\/td>\n<td style=\"height: 63px\" width=\"314\">D\u00f6br\u00f6ssy Bence egyetemi tan\u00e1rseg\u00e9d<\/td>\n<\/tr>\n<tr style=\"height: 63px\">\n<td style=\"height: 63px\" width=\"344\">Egyenl\u0151tlens\u00e9gek az eg\u00e9szs\u00e9g\u00fcgyi ell\u00e1t\u00f3rendszerben<\/td>\n<td style=\"height: 63px\" width=\"314\">Dr. Girasek Edmond egyetemi docens<\/td>\n<\/tr>\n<tr style=\"height: 63px\">\n<td style=\"height: 63px\" width=\"344\">Orvosok p\u00e1lyav\u00e1laszt\u00e1si \u00e9s munkahelyv\u00e1laszt\u00e1si motiv\u00e1ci\u00f3i<\/td>\n<td style=\"height: 63px\" width=\"314\">Dr. Girasek Edmond egyetemi docens<\/td>\n<\/tr>\n<tr style=\"height: 61px\">\n<td style=\"height: 61px\" width=\"344\">Digit\u00e1lis eg\u00e9szs\u00e9g\u00fcgy hat\u00e1sa az eg\u00e9szs\u00e9g\u00fcgyi ell\u00e1t\u00f3rendszerre<\/td>\n<td style=\"height: 61px\" width=\"314\">Dr. Girasek Edmond egyetemi docens<\/td>\n<\/tr>\n<tr style=\"height: 63px\">\n<td style=\"height: 63px\">Mesters\u00e9ges intelligencia hat\u00e1sa az orvosl\u00e1sra<\/td>\n<td style=\"height: 63px\">Dr. Girasek Edmond egyetemi docens<\/td>\n<\/tr>\n<tr style=\"height: 53px\">\n<td style=\"height: 53px\" width=\"344\">\n<p>BIOETIKA<\/p>\n<\/td>\n<td style=\"height: 53px\">\u00a0<\/td>\n<\/tr>\n<tr style=\"height: 33px\">\n<td style=\"height: 33px\" width=\"344\">Vall\u00e1si el\u0151\u00edr\u00e1sok bioetikai vonatkoz\u00e1sai<\/td>\n<td style=\"height: 33px\" width=\"314\">Dr. Csapody Tam\u00e1s egyetemi docens<\/td>\n<\/tr>\n<tr style=\"height: 93px\">\n<td style=\"height: 93px\" width=\"344\">A hivatalos p\u00e9nzforgalmat \u00e9s ad\u00f3z\u00e1st kiker\u00fcl\u0151 megold\u00e1sok az eg\u00e9szs\u00e9g\u00fcgyben (az orvosi \u00e9s fogorvosi gyakorlatban)<\/td>\n<td style=\"height: 93px\" width=\"314\">Dr. Csapody Tam\u00e1s egyetemi docens<\/td>\n<\/tr>\n<tr style=\"height: 63px\">\n<td style=\"height: 63px\" width=\"344\">Emberk\u00eds\u00e9rletek a Harmadik Birodalomban: t\u00e9nyek \u00e9s mai tanuls\u00e1gok<\/td>\n<td style=\"height: 63px\" width=\"314\">Dr. Csapody Tam\u00e1s egyetemi docens<\/td>\n<\/tr>\n<tr style=\"height: 33px\">\n<td style=\"height: 33px\" width=\"344\">Betegt\u00e1j\u00e9koztat\u00e1s a gy\u00f3gyszert\u00e1rban<\/td>\n<td style=\"height: 33px\" width=\"314\">Dr. Csapody Tam\u00e1s egyetemi docens<\/td>\n<\/tr>\n<tr style=\"height: 63px\">\n<td style=\"height: 63px\" width=\"344\">Online orvosl\u00e1s \u00e9s gy\u00f3gyszerrendel\u00e9s etikai k\u00e9rd\u00e9sei<\/td>\n<td style=\"height: 63px\" width=\"314\">Dr. Csapody Tam\u00e1s egyetemi docens<\/td>\n<\/tr>\n<tr style=\"height: 63px\">\n<td style=\"height: 63px\">\u00c1ru-e az emberi test \u00e9s annak r\u00e9szei &#8211; etikai \u00e9s jogi probl\u00e9m\u00e1k<\/td>\n<td style=\"height: 63px\">Dr. D\u00f3sa \u00c1gnes egyetemi docens<\/td>\n<\/tr>\n<tr style=\"height: 63px\">\n<td style=\"height: 63px\">Commercialisation of the human body &#8211; ethical and legal issues<\/td>\n<td style=\"height: 63px\">Dr. D\u00f3sa \u00c1gnes, egyetemi docens<\/td>\n<\/tr>\n<tr style=\"height: 93px\">\n<td style=\"height: 93px\">Kommerzialiserung des menschlichen K\u00f6rpers und seiner Teile &#8211; ethische und rechtliche Aspekte<\/td>\n<td style=\"height: 93px\">Dr. D\u00f3sa \u00c1gnes egyetemi docens<\/td>\n<\/tr>\n<tr style=\"height: 33px\">\n<td style=\"height: 33px\" width=\"344\">Az \u00e9letv\u00e9gi d\u00f6nt\u00e9sek etikai k\u00e9rd\u00e9sei<\/td>\n<td style=\"height: 33px\" width=\"314\">Dr. Heged\u0171s Katalin egyetemi docens<\/td>\n<\/tr>\n<tr style=\"height: 63px\">\n<td style=\"height: 63px\" width=\"344\">A haldokl\u00f3 betegek hospice szellem\u0171 ell\u00e1t\u00e1sa<\/td>\n<td style=\"height: 63px\" width=\"314\">Dr. Heged\u0171s Katalin egyetemi docens<\/td>\n<\/tr>\n<tr style=\"height: 63px\">\n<td style=\"height: 63px\" width=\"344\">A humor szerepe a s\u00falyos betegek ell\u00e1t\u00e1s\u00e1ban<\/td>\n<td style=\"height: 63px\" width=\"314\">Dr. Kegye Adrienne egyetemi adjunktus<\/td>\n<\/tr>\n<tr style=\"height: 93px\">\n<td style=\"height: 93px\" width=\"344\">A s\u00falyos betegekkel foglalkoz\u00f3 eg\u00e9szs\u00e9g\u00fcgyi dolgoz\u00f3k testi \u00e9s lelki \u00e1llapota<\/td>\n<td style=\"height: 93px\" width=\"314\">Dr. Kegye Adrienne egyetemi adjunktus<\/td>\n<\/tr>\n<tr style=\"height: 63px\">\n<td style=\"height: 63px\" width=\"344\">A pszichi\u00e1tria \u00e9s a pszichoter\u00e1pia etikai k\u00e9rd\u00e9sei<\/td>\n<td style=\"height: 63px\" width=\"314\">\u00a0Dr. Kov\u00e1cs J\u00f3zsef egyetemi tan\u00e1r<\/td>\n<\/tr>\n<tr style=\"height: 33px\">\n<td style=\"height: 33px\" width=\"344\">Az emberen v\u00e9gzett kutat\u00e1s etikai k\u00e9rd\u00e9sei<\/td>\n<td style=\"height: 33px\" width=\"314\">\u00a0Dr. Kov\u00e1cs J\u00f3zsef egyetemi tan\u00e1r<\/td>\n<\/tr>\n<tr style=\"height: 63px\">\n<td style=\"height: 63px\" width=\"344\">Epidemiol\u00f3giai vizsg\u00e1latok jogszociol\u00f3giai jelent\u0151s\u00e9ge<\/td>\n<td style=\"height: 63px\" width=\"314\">\u00a0Dr. L\u00f5rincz Jen\u0151 mesteroktat\u00f3<\/td>\n<\/tr>\n<tr style=\"height: 33px\">\n<td style=\"height: 33px\" width=\"344\">Az emberi jogok \u00e9s a bioetika<\/td>\n<td style=\"height: 33px\" width=\"314\">\u00a0Dr. L\u0151rincz Jen\u0151 mesteroktat\u00f3<\/td>\n<\/tr>\n<tr style=\"height: 33px\">\n<td style=\"height: 33px\" width=\"344\">Az emberi szaporod\u00e1s etikai-jogi k\u00e9rd\u00e9sei<\/td>\n<td style=\"height: 33px\" width=\"314\">\u00a0Dr. L\u0151rincz Jen\u0151 mesteroktat\u00f3<\/td>\n<\/tr>\n<tr style=\"height: 63px\">\n<td style=\"height: 63px\" width=\"344\">Pszich\u00e9s felk\u00e9sz\u00edt\u00e9s n\u0151gy\u00f3gy\u00e1szati m\u0171t\u00e9tekre<\/td>\n<td style=\"height: 63px\" width=\"314\">\u00a0Dr. L\u0151rincz Jen\u0151 mesteroktat\u00f3<\/td>\n<\/tr>\n<tr style=\"height: 63px\">\n<td style=\"height: 63px\" width=\"344\">A v\u00e1rand\u00f3ss\u00e1ggal kapcsolatos kognit\u00edv reprezent\u00e1ci\u00f3k; etikai, jogi vonatkoz\u00e1sok<\/td>\n<td style=\"height: 63px\" width=\"314\">\u00a0Dr. L\u0151rincz Jen\u0151 mesteroktat\u00f3<\/td>\n<\/tr>\n<tr style=\"height: 93px\">\n<td style=\"height: 93px\">A nem teljesen cselekv\u0151k\u00e9pes betegek \u00e9s a t\u00e1j\u00e9kozott beleegyez\u00e9s &#8211; ki d\u00f6nthet mir\u0151l, \u00e9s hogyan?<\/td>\n<td style=\"height: 93px\">Dr. P\u00e9ter Orsolya egyetemi adjunktus<\/td>\n<\/tr>\n<tr style=\"height: 123px\">\n<td style=\"height: 123px\">Az emberi l\u00e9ttel kapcsolatos XXI. sz\u00e1zadi orvosetikai \u00e9s jogi kih\u00edv\u00e1sok: CRISPR, &#8222;szupergyerekek&#8221;, bionikus prot\u00e9zisek, biohackerek, transzhumanist\u00e1k<\/td>\n<td style=\"height: 123px\">Dr. P\u00e9ter Orsolya egyetemi adjunktus<\/td>\n<\/tr>\n<tr style=\"height: 33px\">\n<td style=\"height: 33px\" width=\"344\">A genomika etikai k\u00e9rd\u00e9sei<\/td>\n<td style=\"height: 33px\" width=\"314\">\u00a0Dr. Szebik Imre egyetemi docens<\/td>\n<\/tr>\n<tr style=\"height: 53px\">\n<td style=\"height: 53px\" width=\"344\">\n<p>ORVOSI ANTROPOL\u00d3GIA<\/p>\n<\/td>\n<td style=\"height: 53px\">\u00a0<\/td>\n<\/tr>\n<tr style=\"height: 63px\">\n<td style=\"height: 63px\" width=\"344\">\u00a0 Gy\u00f3gy\u00edt\u00f3 v\u00edz, f\u00fcrd\u0151kult\u00fara, a hidroter\u00e1pia antropol\u00f3gi\u00e1ja<\/td>\n<td style=\"height: 63px\" width=\"314\">\u00a0Dr. L\u00e1z\u00e1r Imre egyetemi adjunktus<\/td>\n<\/tr>\n<tr style=\"height: 63px\">\n<td style=\"height: 63px\" width=\"344\">A mozg\u00e1s orvosi antropol\u00f3gi\u00e1ja kineziol\u00f3gia, harcm\u0171v\u00e9szetek<\/td>\n<td style=\"height: 63px\" width=\"314\">\u00a0Dr. L\u00e1z\u00e1r Imre egyetemi adjunktus<\/td>\n<\/tr>\n<tr style=\"height: 63px\">\n<td style=\"height: 63px\" width=\"344\">A k\u00ednai hagyom\u00e1nyos orvosl\u00e1s elemz\u00e9se orvosi antropol\u00f3giai szempontb\u00f3l<\/td>\n<td style=\"height: 63px\" width=\"314\">\u00a0Dr. L\u00e1z\u00e1r Imre egyetemi adjunktus<\/td>\n<\/tr>\n<tr style=\"height: 63px\">\n<td style=\"height: 63px\" width=\"344\">Terepmunka egy budapesti akupunktura klinik\u00e1n<\/td>\n<td style=\"height: 63px\" width=\"314\">\u00a0Dr. L\u00e1z\u00e1r Imre egyetemi adjunktus<\/td>\n<\/tr>\n<tr style=\"height: 63px\">\n<td style=\"height: 63px\" width=\"344\">Alternat\u00edv medicina &#8211; az orvosi antropol\u00f3gia szemsz\u00f6g\u00e9b\u00f5l<\/td>\n<td style=\"height: 63px\" width=\"314\">\u00a0Dr. L\u00e1z\u00e1r Imre egyetemi adjunktus<\/td>\n<\/tr>\n<tr style=\"height: 63px\">\n<td style=\"height: 63px\" width=\"344\">Jelent\u0151s \u00e9letesem\u00e9nyekhez k\u00f6t\u0151d\u0151 r\u00edtusok v\u00e1ltoz\u00e1sa<\/td>\n<td style=\"height: 63px\" width=\"314\">\u00a0Dr. Zana \u00c1gnes egyetemi docens<\/td>\n<\/tr>\n<tr style=\"height: 63px\">\n<td style=\"height: 63px\" width=\"344\">A hal\u00e1l ir\u00e1nti attit\u0171d \u00f6sszehasonl\u00edt\u00f3 vizsg\u00e1lata nem- \u00e9s kor szerint<\/td>\n<td style=\"height: 63px\" width=\"314\">\u00a0Dr. Zana \u00c1gnes egyetemi docens<\/td>\n<\/tr>\n<tr style=\"height: 33px\">\n<td style=\"height: 33px\" width=\"344\">Hal\u00e1l, kult\u00fara orvos antropol\u00f3gia<\/td>\n<td style=\"height: 33px\" width=\"314\">\u00a0Dr. Zana \u00c1gnes egyetemi docens<\/td>\n<\/tr>\n<tr style=\"height: 63px\">\n<td style=\"height: 63px\" width=\"344\">Az \u00e1llatassziszt\u00e1lt intervenci\u00f3k orvosi antropol\u00f3giai vizsg\u00e1lata<\/td>\n<td style=\"height: 63px\" width=\"314\">\u00a0Dr. Zana \u00c1gnes egyetemi docens<\/td>\n<\/tr>\n<tr style=\"height: 63px\">\n<td style=\"height: 63px\" width=\"344\">Multidiszciplin\u00e1ris teamek orvosi antropol\u00f3giai vizsg\u00e1lata<\/td>\n<td style=\"height: 63px\" width=\"314\">\u00a0Dr. Zana \u00c1gnes egyetemi docens<\/td>\n<\/tr>\n<tr style=\"height: 53px\">\n<td style=\"height: 53px\" width=\"344\">\n<p>ORVOSI KOMMUNIK\u00c1CI\u00d3<\/p>\n<\/td>\n<td style=\"height: 53px\">\u00a0<\/td>\n<\/tr>\n<tr style=\"height: 63px\">\n<td style=\"height: 63px\" width=\"344\">Kommunik\u00e1ci\u00f3 a haldokl\u00f3 betegekkel \u00e9s a gy\u00e1szol\u00f3kkal<\/td>\n<td style=\"height: 63px\" width=\"314\">Dr. Heged\u0171s Katalin egyetemi docens<\/td>\n<\/tr>\n<tr style=\"height: 63px\">\n<td style=\"height: 63px\" width=\"344\">A ter\u00e1pi\u00e1s egy\u00fcttm\u0171k\u00f6d\u00e9s jav\u00edt\u00e1s\u00e1nak orvosi kommunik\u00e1ci\u00f3s lehet\u0151s\u00e9gei<\/td>\n<td style=\"height: 63px\" width=\"314\">\u00a0Dr. Pilling J\u00e1nos egyetemi docens<\/td>\n<\/tr>\n<tr style=\"height: 63px\">\n<td style=\"height: 63px\" width=\"344\">Szexu\u00e1lis probl\u00e9m\u00e1k orvosi kommunik\u00e1ci\u00f3s vonatkoz\u00e1sai<\/td>\n<td style=\"height: 63px\" width=\"314\">\u00a0Dr. Pilling J\u00e1nos egyetemi docens<\/td>\n<\/tr>\n<tr style=\"height: 33px\">\n<td style=\"height: 33px\" width=\"344\">Kapcsolat fesz\u00fclt, indulatos p\u00e1ciensekkel<\/td>\n<td style=\"height: 33px\" width=\"314\">\u00a0Dr. Pilling J\u00e1nos egyetemi docens<\/td>\n<\/tr>\n<tr style=\"height: 63px\">\n<td style=\"height: 63px\" width=\"344\">Az eg\u00e9szs\u00e9gm\u0171velts\u00e9g (health literacy) jelent\u0151s\u00e9ge a betegt\u00e1j\u00e9koztat\u00e1sban<\/td>\n<td style=\"height: 63px\" width=\"314\">\u00a0Dr. Pilling J\u00e1nos egyetemi docens<\/td>\n<\/tr>\n<tr style=\"height: 63px\">\n<td style=\"height: 63px\" width=\"344\">Betegt\u00e1j\u00e9koztat\u00e1s, el\u00e9gedetts\u00e9g, egy\u00fcttm\u0171k\u00f6d\u00e9s<\/td>\n<td style=\"height: 63px\" width=\"314\">\u00a0Dr. Stauder Adrienne egyetemi docens<\/td>\n<\/tr>\n<tr style=\"height: 63px\">\n<td style=\"height: 63px\" width=\"344\">Magatart\u00e1sorvosl\u00e1si programok alkalmaz\u00e1sa a mindennapi betegell\u00e1t\u00e1sban<\/td>\n<td style=\"height: 63px\" width=\"314\">\u00a0Dr. Stauder Adrienne egyetemi docens<\/td>\n<\/tr>\n<tr style=\"height: 93px\">\n<td style=\"height: 93px\" width=\"344\">A testi t\u00fcnet zavar (szomatiz\u00e1ci\u00f3) felismer\u00e9s\u00e9t seg\u00edt\u0151 k\u00e9rd\u0151\u00edvek alkalmaz\u00e1sa a klinikai gyakorlatban<\/td>\n<td style=\"height: 93px\">\u00a0Dr. Stauder Adrienne egyetemi docens<\/td>\n<\/tr>\n<\/tbody>\n<\/table>\n<\/div>\n","protected":false},"excerpt":{"rendered":"<p>P\u00e1lyat\u00e9tel c\u00edme Konzulens (fokozattal) EG\u00c9SZS\u00c9GL\u00c9LEKTAN \u00c9S MAGATART\u00c1SORVOSL\u00c1S \u00a0 \u00a0A h\u00e1zast\u00e1rsi konfliktusok hat\u00e1sai a gyermekek eg\u00e9szs\u00e9gi \u00e1llapot\u00e1ra. Dr. Balog Piroska egyetemi docens A kardiovaszkul\u00e1ris megbeteged\u00e9sek pszichoszoci\u00e1lis h\u00e1tt\u00e9rt\u00e9nyez\u0151i \u00e9s a kardiovaszkul\u00e1ris rehabilit\u00e1ci\u00f3 Dr. Balog Piroska egyetemi docens A medd\u0151s\u00e9g pszichoszoci\u00e1lis h\u00e1tt\u00e9rt\u00e9nyez\u0151i Dr. Balog Piroska egyetemi docens \u00a0A kr\u00f3nikus h\u00e1zast\u00e1rsi \u00e9s\/vagy munkastressz \u00e9s a sz\u00edv-\u00e9rrendszeri s\u00e9r\u00fcl\u00e9kenys\u00e9g. Dr. Balog &hellip;<\/p>\n","protected":false},"author":110,"featured_media":0,"parent":2383,"menu_order":7,"comment_status":"closed","ping_status":"closed","template":"","meta":{"_acf_changed":false,"footnotes":""},"categories":[],"tags":[],"class_list":["post-3077","page","type-page","status-publish","hentry"],"acf":[],"_links":{"self":[{"href":"https:\/\/semmelweis.hu\/magtud\/wp-json\/wp\/v2\/pages\/3077","targetHints":{"allow":["GET"]}}],"collection":[{"href":"https:\/\/semmelweis.hu\/magtud\/wp-json\/wp\/v2\/pages"}],"about":[{"href":"https:\/\/semmelweis.hu\/magtud\/wp-json\/wp\/v2\/types\/page"}],"author":[{"embeddable":true,"href":"https:\/\/semmelweis.hu\/magtud\/wp-json\/wp\/v2\/users\/110"}],"replies":[{"embeddable":true,"href":"https:\/\/semmelweis.hu\/magtud\/wp-json\/wp\/v2\/comments?post=3077"}],"version-history":[{"count":10,"href":"https:\/\/semmelweis.hu\/magtud\/wp-json\/wp\/v2\/pages\/3077\/revisions"}],"predecessor-version":[{"id":12687,"href":"https:\/\/semmelweis.hu\/magtud\/wp-json\/wp\/v2\/pages\/3077\/revisions\/12687"}],"up":[{"embeddable":true,"href":"https:\/\/semmelweis.hu\/magtud\/wp-json\/wp\/v2\/pages\/2383"}],"wp:attachment":[{"href":"https:\/\/semmelweis.hu\/magtud\/wp-json\/wp\/v2\/media?parent=3077"}],"wp:term":[{"taxonomy":"category","embeddable":true,"href":"https:\/\/semmelweis.hu\/magtud\/wp-json\/wp\/v2\/categories?post=3077"},{"taxonomy":"post_tag","embeddable":true,"href":"https:\/\/semmelweis.hu\/magtud\/wp-json\/wp\/v2\/tags?post=3077"}],"curies":[{"name":"wp","href":"https:\/\/api.w.org\/{rel}","templated":true}]}}