{"id":2391,"date":"2017-11-13T14:38:22","date_gmt":"2017-11-13T13:38:22","guid":{"rendered":"http:\/\/semmelweis.hu\/magtud\/?page_id=2391"},"modified":"2023-06-09T11:48:57","modified_gmt":"2023-06-09T09:48:57","slug":"gyogyitas","status":"publish","type":"page","link":"https:\/\/semmelweis.hu\/magtud\/gyogyitas\/","title":{"rendered":"Betegell\u00e1t\u00e1si tev\u00e9kenys\u00e9g\u00fcnk"},"content":{"rendered":"<p><strong><a href=\"https:\/\/semmelweis.hu\/magtud\/gyogyitas\/szakrendelo\/\">Betegell\u00e1t\u00e1s<\/a><\/strong><\/p>\n<p>A szakrendel\u0151 sz\u00e9les indik\u00e1ci\u00f3s k\u00f6rrel, jelent\u0151s szakmai h\u00e1tter\u0171 \u00e9s k\u00e9pzetts\u00e9g\u0171 szem\u00e9lyi \u00e1llom\u00e1nnyal m\u0171k\u00f6d\u0151, a bizony\u00edt\u00e9kokon alapul\u00f3 orvosl\u00e1s k\u00f6vetelm\u00e9nyeinek megfelel\u0151, az intenz\u00edv fejleszt\u00e9st, a min\u0151s\u00e9gi elveket \u00e9s a kontroll\u00e1lhat\u00f3s\u00e1got szem el\u0151tt tart\u00f3 int\u00e9zm\u00e9ny. Integrat\u00edv szeml\u00e9lettel, azaz a gy\u00f3gyszeres \u00e9s pszichoter\u00e1pi\u00e1s elj\u00e1r\u00e1sok kombin\u00e1ci\u00f3j\u00e1t alkalmaz\u00f3 ter\u00e1pi\u00e1s megk\u00f6zel\u00edt\u00e9ssel dolgozunk. Alapvet\u0151en r\u00f6vid ter\u00e1pi\u00e1kat (maxim\u00e1lisan 20 \u00fcl\u00e9s) v\u00e9gz\u00fcnk. Az egy\u00e9ni ter\u00e1pi\u00e1kon k\u00edv\u00fcl fontosnak tartjuk a csoportter\u00e1pi\u00e1s m\u00f3dszereket, valamint a p\u00e1r- \u00e9s csal\u00e1dter\u00e1pi\u00e1t.<\/p>\n<p><a href=\"https:\/\/semmelweis.hu\/magtud\/gyogyitas\/szakrendelo\/\">A szakrendel\u0151 betegell\u00e1t\u00f3 tev\u00e9kenys\u00e9g\u00e9r\u0151l itt olvashat r\u00e9szletesebben \u2192<\/a><\/p>\n<p><strong><a href=\"https:\/\/semmelweis.hu\/magtud\/gyogyitas\/egeszsegfejlesztes\/\">Eg\u00e9szs\u00e9gfejleszt\u00e9s \u2013 prevenci\u00f3<\/a><\/strong><\/p>\n<p>A szakrendel\u0151 fontos feladat\u00e1nak tartjuk ment\u00e1lhigi\u00e9n\u00e9s prevenci\u00f3s m\u00f3dszerek kifejleszt\u00e9s\u00e9t, mivel a XXI. sz\u00e1zad meghat\u00e1roz\u00f3 n\u00e9peg\u00e9szs\u00e9g\u00fcgyi probl\u00e9m\u00e1i k\u00f6z\u00f6tt a ment\u00e1lhigi\u00e9n\u00e9s zavarok el\u0151kel\u0151 helyen szerepelnek.\u00a0 A major depresszi\u00f3s t\u00fcnetegy\u00fcttes gyakoris\u00e1ga vil\u00e1gszerte emelked\u0151 tendenci\u00e1t mutat. A mai foglalkoz\u00e1s-eg\u00e9szs\u00e9g\u00fcgy egyik legfontosabb probl\u00e9m\u00e1ja a munkahelyi stressz. Az ev\u00e9szavarok gyakoris\u00e1ga szint\u00e9n emelkedik, \u00e9s egyre fiatalabbakat \u00e9rint.<\/p>\n<p>A fentiek jelent\u0151s\u00e9ge messze t\u00falmutat a pszichi\u00e1tria \u00e9s a k\u00f6z\u00f6ss\u00e9gi ment\u00e1lhigi\u00e9n\u00e9 keretein. Meggy\u0151z\u0151 \u2013 \u00e9s egyre n\u00f6vekv\u0151 sz\u00e1m\u00fa \u2013 adatok\u00a0 \u00e1llnak rendelkez\u00e9sre arra vonatkoz\u00f3an, hogy az egy\u00e9bk\u00e9nt is gyakori\u00a0\u00a0 ment\u00e1lis zavarok nemcsak egy\u00e9b pszichi\u00e1triai betegs\u00e9gekkel t\u00e1rsulnak gyakran, hanem egyes testi betegs\u00e9gekkel is.<\/p>\n<p>A nemzetk\u00f6zi szakirodalomban is legjobban dokument\u00e1lt, n\u00e9peg\u00e9szs\u00e9g\u00fcgyi szempontb\u00f3l is legnagyobb jelent\u0151s\u00e9g\u0171 ilyen jelleg\u0171 \u00f6sszef\u00fcgg\u00e9s a kardiovaszkul\u00e1ris betegs\u00e9gekkel kapcsolatban t\u00e1rhat\u00f3 fel. Ennek jelent\u0151s\u00e9g\u00e9t nem lehet el\u00e9gg\u00e9 hangs\u00falyozni: WHO el\u0151rejelz\u00e9s szerint 2020-ra a kardiovaszkul\u00e1ris betegs\u00e9gek \u00e9s a major depresszi\u00f3 lesz a k\u00e9t legels\u0151, munkak\u00e9pess\u00e9g-cs\u00f6kken\u00e9s\u00e9rt felel\u0151s betegs\u00e9g vil\u00e1gszerte. Mindezek miatt kiemelked\u0151en fontos, hogy hat\u00e9kony megel\u0151z\u0151 programokkal pr\u00f3b\u00e1ljuk a n\u00f6veked\u00e9s \u00fctem\u00e9t meg\u00e1ll\u00edtani.<\/p>\n<p>Az int\u00e9zet az elm\u00falt \u00e9vtizedben sz\u00e1mos ment\u00e1lhigi\u00e9n\u00e9s prevenci\u00f3s m\u00f3dszert fejlesztett ki (stresszkezel\u0151 \u00e9s eg\u00e9szs\u00e9g\u00fcgyi kock\u00e1zatkezel\u0151 m\u00f3dszerek, pszichol\u00f3giai k\u00e9szs\u00e9gfejleszt\u0151 tr\u00e9ningek), vagy adapt\u00e1lt k\u00fclf\u00f6ldi programok alapj\u00e1n (Williams tr\u00e9ning). Mindezek mellett a szakrendel\u0151 az Eur\u00f3pai Sz\u00f6vets\u00e9g a Depresszi\u00f3 Ellen magyarorsz\u00e1gi k\u00f6zpontja.<\/p>\n<p><strong><a href=\"https:\/\/semmelweis.hu\/magtud\/gyogyitas\/diaktanacsado\/\">Hallgat\u00f3i tan\u00e1csad\u00e1s (Di\u00e1ktan\u00e1csad\u00f3)<\/a><\/strong><\/p>\n<p>A szakrendel\u0151 a hallgat\u00f3i pszichol\u00f3giai tan\u00e1csad\u00e1st is ell\u00e1tja, a magyar, az angol \u00e9s a n\u00e9met nyelv\u0171 oktat\u00e1sban egyar\u00e1nt. Els\u0151sorban tanul\u00e1si, vizsg\u00e1z\u00e1si neh\u00e9zs\u00e9gek miatt, szorong\u00e1sos panaszok, ezen bel\u00fcl szoci\u00e1lis szorong\u00e1s, p\u00e1nikt\u00fcnetek miatt keresik fel a hallgat\u00f3k a tan\u00e1csad\u00e1st. \u00c9vente \u00f6sszesen 40-50 hallgat\u00f3 vesz r\u00e9szt a tan\u00e1csad\u00e1sban, r\u00e9szben csoportos k\u00e9pz\u00e9s keret\u00e9ben. Sokkal nagyobb volna az ig\u00e9ny, egyes \u00e9vekben k\u00fcl\u00f6n p\u00e1ly\u00e1zati keretb\u0151l tudtunk meghirdetni relax\u00e1ci\u00f3s, \u00e9letk\u00e9szs\u00e9g, megbirk\u00f3z\u00e1si k\u00e9szs\u00e9g fejleszt\u0151 programokat.<\/p>\n<p><strong><a href=\"https:\/\/semmelweis.hu\/magtud\/oktatas\/\">R\u00e9szv\u00e9tel a gradu\u00e1lis oktat\u00e1sban<\/a><\/strong><\/p>\n<p>A Magatart\u00e1studom\u00e1nyi Int\u00e9zetnek megalakul\u00e1s\u00e1t\u00f3l c\u00e9lja volt, hogy az alapk\u00e9pz\u00e9st\u0151l a klinikumig egys\u00e9ges szerkezetben oktassuk a pszichoszomatikus (magatart\u00e1studom\u00e1nyi) t\u00e1rgyakat. A hat egym\u00e1sra \u00e9p\u00fcl\u0151 t\u00e1rgy az orvosi szociol\u00f3gia, orvosi kommunik\u00e1ci\u00f3 \u00e9s az orvosi antropol\u00f3gia (alapk\u00e9pz\u00e9s), orvosi pszichol\u00f3gia \u00e9s bioetika (preklinikai k\u00e9pz\u00e9si blokk) \u00e9s a pszichoszomatika\/magatart\u00e1sorvosl\u00e1s (klinikai k\u00e9pz\u00e9si blokk). A magatart\u00e1studom\u00e1nyi t\u00e1rgyak oktat\u00e1s\u00e1nak szerves r\u00e9sze a pszichoszomatikus betegek bevon\u00e1sa az oktat\u00e1sba. A Pszichoszomatikus Szakrendel\u0151 \u00edgy az oktat\u00e1snak is szerves r\u00e9sze.<\/p>\n<p><strong>R\u00e9szv\u00e9tel a posztgradu\u00e1lis k\u00e9pz\u00e9sekben<\/strong><\/p>\n<p>A szakrendel\u0151 munkat\u00e1rsai folyamatosan r\u00e9szt vesznek a pszichi\u00e1ter rezidensk\u00e9pz\u00e9sben \u00e9s a klinikai szakpszichol\u00f3gus k\u00e9pz\u00e9sben, valamint a pszichoterapeuta \u00e9s csal\u00e1dterapeuta k\u00e9pz\u00e9sekben.<\/p>\n","protected":false},"excerpt":{"rendered":"<p><a href=\"https:\/\/semmelweis.hu\/magtud\/gyogyitas\/szakrendelo\/\">Betegell\u00e1t\u00e1s<\/a> A szakrendel\u0151 sz\u00e9les indik\u00e1ci\u00f3s k\u00f6rrel, jelent\u0151s szakmai h\u00e1tter\u0171 \u00e9s k\u00e9pzetts\u00e9g\u0171 szem\u00e9lyi \u00e1llom\u00e1nnyal m\u0171k\u00f6d\u0151, a bizony\u00edt\u00e9kokon alapul\u00f3 orvosl\u00e1s k\u00f6vetelm\u00e9nyeinek megfelel\u0151, az intenz\u00edv fejleszt\u00e9st, a min\u0151s\u00e9gi elveket \u00e9s a kontroll\u00e1lhat\u00f3s\u00e1got szem el\u0151tt tart\u00f3 int\u00e9zm\u00e9ny. Integrat\u00edv szeml\u00e9lettel, azaz a gy\u00f3gyszeres \u00e9s pszichoter\u00e1pi\u00e1s elj\u00e1r\u00e1sok kombin\u00e1ci\u00f3j\u00e1t alkalmaz\u00f3 ter\u00e1pi\u00e1s megk\u00f6zel\u00edt\u00e9ssel dolgozunk. Alapvet\u0151en r\u00f6vid ter\u00e1pi\u00e1kat (maxim\u00e1lisan 20 \u00fcl\u00e9s) v\u00e9gz\u00fcnk. Az egy\u00e9ni ter\u00e1pi\u00e1kon &hellip;<\/p>\n","protected":false},"author":101265,"featured_media":0,"parent":0,"menu_order":5,"comment_status":"closed","ping_status":"closed","template":"","meta":{"_acf_changed":false,"footnotes":""},"categories":[],"tags":[],"class_list":["post-2391","page","type-page","status-publish","hentry"],"acf":[],"_links":{"self":[{"href":"https:\/\/semmelweis.hu\/magtud\/wp-json\/wp\/v2\/pages\/2391","targetHints":{"allow":["GET"]}}],"collection":[{"href":"https:\/\/semmelweis.hu\/magtud\/wp-json\/wp\/v2\/pages"}],"about":[{"href":"https:\/\/semmelweis.hu\/magtud\/wp-json\/wp\/v2\/types\/page"}],"author":[{"embeddable":true,"href":"https:\/\/semmelweis.hu\/magtud\/wp-json\/wp\/v2\/users\/101265"}],"replies":[{"embeddable":true,"href":"https:\/\/semmelweis.hu\/magtud\/wp-json\/wp\/v2\/comments?post=2391"}],"version-history":[{"count":10,"href":"https:\/\/semmelweis.hu\/magtud\/wp-json\/wp\/v2\/pages\/2391\/revisions"}],"predecessor-version":[{"id":11784,"href":"https:\/\/semmelweis.hu\/magtud\/wp-json\/wp\/v2\/pages\/2391\/revisions\/11784"}],"wp:attachment":[{"href":"https:\/\/semmelweis.hu\/magtud\/wp-json\/wp\/v2\/media?parent=2391"}],"wp:term":[{"taxonomy":"category","embeddable":true,"href":"https:\/\/semmelweis.hu\/magtud\/wp-json\/wp\/v2\/categories?post=2391"},{"taxonomy":"post_tag","embeddable":true,"href":"https:\/\/semmelweis.hu\/magtud\/wp-json\/wp\/v2\/tags?post=2391"}],"curies":[{"name":"wp","href":"https:\/\/api.w.org\/{rel}","templated":true}]}}