{"id":2281,"date":"2017-11-13T10:58:05","date_gmt":"2017-11-13T09:58:05","guid":{"rendered":"http:\/\/semmelweis.hu\/magtud\/?page_id=2281"},"modified":"2025-06-13T15:03:22","modified_gmt":"2025-06-13T13:03:22","slug":"elerhetoseg","status":"publish","type":"page","link":"https:\/\/semmelweis.hu\/magtud\/elerhetoseg\/","title":{"rendered":"El\u00e9rhet\u0151s\u00e9g"},"content":{"rendered":"<h1>Magatart\u00e1studom\u00e1nyi Int\u00e9zet<\/h1>\n<h6><strong>Semmelweis Egyetem, \u00c1ltal\u00e1nos Orvostudom\u00e1nyi Kar<\/strong><\/h6>\n<div class=\"keretes w-100\">\n<h6><span style=\"font-size: 12pt\"><strong>Titk\u00e1rs\u00e1g<br \/>\n<\/strong><\/span><span style=\"font-size: 12pt\">1089 Budapest, Nagyv\u00e1rad t\u00e9r 4. XX.em.<\/span><br \/>\n<span style=\"font-size: 12pt\">Tel: +36-1-210-2953, 06-1-210-2955<\/span><br \/>\n<span style=\"font-size: 12pt\">Mobil: +36-20-670-1937<\/span><br \/>\n<span style=\"font-size: 12pt\"><a href=\"mailto:titkarsag.magatartastudomany@semmelweis-univ.hu\">titkarsag.magatartastudomany@<br \/>\nsemmelweis.hu<\/a><\/span><\/h6>\n<h6><em><span style=\"font-size: 12pt\">Tanulm\u00e1nyi \u00fcgyekben k\u00e9rj\u00fck az al\u00e1bbi <br \/>\nemail c\u00edmekre \u00edrjanak:<\/span><\/em><br \/>\n<span style=\"font-size: 12pt\">polgardi.reka@semmelweis.hu<\/span><br \/>\n<span style=\"font-size: 12pt\">motyovszki.csilla@semmelweis.hu<\/span><\/h6>\n<h6><span style=\"font-size: 12pt\">Levelez\u00e9si c\u00edm:<\/span><br \/>\n<span style=\"font-size: 12pt\">1085 Budapest, \u00dcll\u0151i \u00fat 26. \/ 1428 Budapest, Pf.2.<\/span><\/h6>\n<h6><span style=\"font-size: 12pt\"><strong>Pszichoszomatikus Szakrendel\u0151<br \/>\n<\/strong>1089 Budapest, Nagyv\u00e1rad t\u00e9r 4. fszt. 15-18.<\/span><br \/>\n<span style=\"font-size: 12pt\">Tel: +36-1 459-1500\/56565 mell\u00e9k<\/span><br \/>\n<span style=\"font-size: 12pt\">Mobil: +36-20-670-1927<\/span><br \/>\n<a href=\"mailto:szakrendelo.magatartastudomany@med.semmelweis-univ.hu\"><span style=\"font-size: 12pt\">szakrendelo.magatartastudomany@<br \/>\nsemmelweis.hu<\/span><\/a><\/h6>\n<\/div>\n\n<!-- iframe plugin v.4.9 wordpress.org\/plugins\/iframe\/ -->\n<iframe src=\"https:\/\/www.google.com\/maps\/embed?pb=!1m18!1m12!1m3!1d2696.547847479427!2d19.0915788!3d47.4792399!2m3!1f0!2f0!3f0!3m2!1i1024!2i768!4f13.1!3m3!1m2!1s0x4741dce663d65943%3A0xf5391fc3337d063b!2zQnVkYXBlc3QsIE5hZ3l2w6FyYWQgdMOpciA0LCAxMDg5!5e0!3m2!1shu!2shu!4v1687506241400!5m2!1shu!2shu\" width=\"100%\" height=\"450\" style=\"border:0;\" allowfullscreen loading=\"lazy\" referrerpolicy=\"no-referrer-when-downgrade\" scrolling=\"yes\" class=\"iframe-class\" frameborder=\"0\"><\/iframe>\n\n","protected":false},"excerpt":{"rendered":"<p>Magatart\u00e1studom\u00e1nyi Int\u00e9zet Semmelweis Egyetem, \u00c1ltal\u00e1nos Orvostudom\u00e1nyi Kar Titk\u00e1rs\u00e1g 1089 Budapest, Nagyv\u00e1rad t\u00e9r 4. XX.em. Tel: +36-1-210-2953, 06-1-210-2955 Mobil: +36-20-670-1937 <a href=\"mailto:titkarsag.magatartastudomany@semmelweis-univ.hu\">titkarsag.magatartastudomany@ semmelweis.hu<\/a> Tanulm\u00e1nyi \u00fcgyekben k\u00e9rj\u00fck az al\u00e1bbi email c\u00edmekre \u00edrjanak: polgardi.reka@semmelweis.hu motyovszki.csilla@semmelweis.hu Levelez\u00e9si c\u00edm: 1085 Budapest, \u00dcll\u0151i \u00fat 26. \/ 1428 Budapest, Pf.2. Pszichoszomatikus Szakrendel\u0151 1089 Budapest, Nagyv\u00e1rad t\u00e9r 4. fszt. 15-18. Tel: +36-1 459-1500\/56565 &hellip;<\/p>\n","protected":false},"author":110,"featured_media":0,"parent":0,"menu_order":8,"comment_status":"closed","ping_status":"closed","template":"","meta":{"_acf_changed":false,"footnotes":""},"categories":[],"tags":[],"class_list":["post-2281","page","type-page","status-publish","hentry"],"acf":[],"_links":{"self":[{"href":"https:\/\/semmelweis.hu\/magtud\/wp-json\/wp\/v2\/pages\/2281","targetHints":{"allow":["GET"]}}],"collection":[{"href":"https:\/\/semmelweis.hu\/magtud\/wp-json\/wp\/v2\/pages"}],"about":[{"href":"https:\/\/semmelweis.hu\/magtud\/wp-json\/wp\/v2\/types\/page"}],"author":[{"embeddable":true,"href":"https:\/\/semmelweis.hu\/magtud\/wp-json\/wp\/v2\/users\/110"}],"replies":[{"embeddable":true,"href":"https:\/\/semmelweis.hu\/magtud\/wp-json\/wp\/v2\/comments?post=2281"}],"version-history":[{"count":11,"href":"https:\/\/semmelweis.hu\/magtud\/wp-json\/wp\/v2\/pages\/2281\/revisions"}],"predecessor-version":[{"id":12857,"href":"https:\/\/semmelweis.hu\/magtud\/wp-json\/wp\/v2\/pages\/2281\/revisions\/12857"}],"wp:attachment":[{"href":"https:\/\/semmelweis.hu\/magtud\/wp-json\/wp\/v2\/media?parent=2281"}],"wp:term":[{"taxonomy":"category","embeddable":true,"href":"https:\/\/semmelweis.hu\/magtud\/wp-json\/wp\/v2\/categories?post=2281"},{"taxonomy":"post_tag","embeddable":true,"href":"https:\/\/semmelweis.hu\/magtud\/wp-json\/wp\/v2\/tags?post=2281"}],"curies":[{"name":"wp","href":"https:\/\/api.w.org\/{rel}","templated":true}]}}