{"id":2182,"date":"2017-11-13T00:00:00","date_gmt":"2017-11-12T23:00:00","guid":{"rendered":"http:\/\/semmelweis.hu\/magtud\/47-a-pszichoszomatikus-szakrendelo-munkatarsai\/"},"modified":"2025-09-15T13:41:52","modified_gmt":"2025-09-15T11:41:52","slug":"munkatarsaink","status":"publish","type":"page","link":"https:\/\/semmelweis.hu\/magtud\/gyogyitas\/munkatarsaink\/","title":{"rendered":"Munkat\u00e1rsaink"},"content":{"rendered":"<h4><strong>A Pszichoszomatikus Szakrendel\u0151 munkat\u00e1rsai: <\/strong><\/h4>\n<ul style=\"list-style-type: square\">\n<li>\n<p><a href=\"https:\/\/semmelweis.hu\/magtud\/intezet\/munkatarsak\/dr-bai-nagy-katalin-maria\/\" target=\"_blank\" rel=\"noopener\">Dr. Bai-Nagy Katalin<\/a>: pszichi\u00e1ter-, pszichoterapeuta szakorvos, vezet\u0151 pszichi\u00e1ter<\/p>\n<\/li>\n<li><a href=\"https:\/\/semmelweis.hu\/magtud\/files\/2024\/10\/Balint-Eszter.pdf\" target=\"_blank\" rel=\"noopener\">B\u00e1lint Eszter<\/a>: sportpszichol\u00f3gus, lovasterapeuta, klinikai szakpszichol\u00f3gus jel\u00f6lt\n<\/li>\n<li>\n<p><a href=\"https:\/\/semmelweis.hu\/magtud\/intezet\/munkatarsak\/balog-piroska\/\" target=\"_blank\" rel=\"noopener\">Dr. Balog Piroska<\/a>: klinikai szakpszichol\u00f3gus, relax\u00e1ci\u00f3s- \u00e9s szimb\u00f3lumterapeuta, s\u00e9materapeuta<\/p>\n<\/li>\n<li>\n<p><a href=\"https:\/\/semmelweis.hu\/magtud\/intezet\/munkatarsak\/barkasz_helena\/\" target=\"_blank\" rel=\"noopener noreferrer\">Bark\u00e1sz Hel\u00e9na<\/a>: klinikai szakpszichol\u00f3gus, pszichoterapeuta, gy\u00f3gypedag\u00f3gus &#8211; jelenleg tart\u00f3s t\u00e1voll\u00e9ten<\/p>\n<\/li>\n<li>\n<p><a href=\"https:\/\/semmelweis.hu\/magtud\/kuldetes\/munkatarsak\/dr-birkas-emma\">Dr. Birk\u00e1s Emma<\/a>\u00a0klinikai szakpszichol\u00f3gus<\/p>\n<\/li>\n<li><a href=\"https:\/\/semmelweis.hu\/magtud\/intezet\/munkatarsak\/csecsy-vera-vanda\/\" target=\"_blank\" rel=\"noopener\">Cs\u00e9csy Vera Vanda<\/a>: klinikai szakpszichol\u00f3gus jel\u00f6lt\n<\/li>\n<li>\n<p><a href=\"https:\/\/semmelweis.hu\/magtud\/intezet\/munkatarsak\/dr-dosa-agnes\/\">Dr. D\u00f3sa \u00c1gnes<\/a>: orvos, pszichoterapeuta szakorvos<\/p>\n<\/li>\n<li>\n<p><a href=\"https:\/\/semmelweis.hu\/magtud\/intezet\/munkatarsak\/mezei-agnes\/\">Fodorn\u00e9 Mezei \u00c1gnes<\/a>: klinikai szakpszichol\u00f3gus.<\/p>\n<\/li>\n<li>\n<p><a href=\"https:\/\/semmelweis.hu\/magtud\/intezet\/munkatarsak\/foldesi-eniko\/\" target=\"_blank\" rel=\"noopener\">Dr. F\u00f6ldesi Enik\u0151<\/a>: klinikai szakpszichol\u00f3gus, pszichoterapeuta, gy\u00f3gypedag\u00f3gus<\/p>\n<\/li>\n<li><a href=\"https:\/\/semmelweis.hu\/magtud\/intezet\/munkatarsak\/dr-gati-fekete-kata\/\" target=\"_blank\" rel=\"noopener\">Dr. G\u00e1ti-Fekete Kata<\/a>: pszichi\u00e1ter szakorvos, pszichoterapeuta szakorvos jel\u00f6lt\n<\/li>\n<li><a href=\"https:\/\/semmelweis.hu\/magtud\/intezet\/munkatarsak\/illyes-zoltan\/\" target=\"_blank\" rel=\"noopener\">Illy\u00e9s Zolt\u00e1n<\/a>, klinikai szakpszichol\u00f3gus\n<\/li>\n<li>\n<p><a href=\"https:\/\/semmelweis.hu\/magtud\/intezet\/munkatarsak\/dr-kegye-adrienne\/\">Dr. Kegye Adrienne<\/a>: sug\u00e1rterapeuta \u00e9s pszichoterapeuta szakorvos \u00e9s palliat\u00edv orvos<\/p>\n<\/li>\n<li>\n<p><a href=\"https:\/\/semmelweis.hu\/magtud\/intezet\/munkatarsak\/dr-kollar-janos\/\" target=\"_blank\" rel=\"noopener noreferrer\">Dr. Koll\u00e1r J\u00e1nos<\/a>: klinikai- \u00e9s ment\u00e1lhigi\u00e9niai szakpszichol\u00f3gus<\/p>\n<\/li>\n<li>\n<p><a href=\"https:\/\/semmelweis.hu\/magtud\/kuldetes\/munkatarsak\/dr-kovacs-jozsef\/\">Dr. Kov\u00e1cs J\u00f3zsef<\/a>: pszichoterapeuta szakorvos<\/p>\n<\/li>\n<li>\n<p>K\u0151halmi Andrea: vezet\u0151 asszisztens<\/p>\n<\/li>\n<li>\n<p><a href=\"https:\/\/semmelweis.hu\/magtud\/kuldetes\/munkatarsak\/dr-lajtai-laszlo\/\">Dr. Lajtai L\u00e1szl\u00f3<\/a>: pszichi\u00e1ter, pszichoterapeuta \u00e9s gyermekpszichi\u00e1ter szakorvos, kult\u00farantropol\u00f3gus &#8211; jelenleg tart\u00f3s t\u00e1voll\u00e9ten<\/p>\n<\/li>\n<li>\n<p><a href=\"https:\/\/semmelweis.hu\/magtud\/intezet\/munkatarsak\/dr-lorincz-jeno\/\" target=\"_blank\" rel=\"noopener\">Dr. L\u0151rincz Jen\u0151<\/a>: sz\u00fcl\u00e9sz-n\u0151gy\u00f3gy\u00e1sz \u00e9s pszichi\u00e1ter szakorvos. \u00d6nk\u00e9ntes szerz\u0151d\u00e9ssel.<\/p>\n<\/li>\n<li>\n<p><a href=\"https:\/\/semmelweis.hu\/magtud\/intezet\/munkatarsak\/dr-major-janos\/\" target=\"_blank\" rel=\"noopener\">Dr. Major J\u00e1nos<\/a>: csecsem\u0151- \u00e9s gyermekgy\u00f3gy\u00e1sz szakorvos, csal\u00e1dterapeuta, f\u00e1jdalomterapeuta<\/p>\n<\/li>\n<li>\n<p><a href=\"https:\/\/semmelweis.hu\/magtud\/kuldetes\/munkatarsak\/dr-pilling-janos\/\">Dr. Pilling J\u00e1nos<\/a>: pszichi\u00e1ter szakorvos<\/p>\n<\/li>\n<li>\n<p><a href=\"https:\/\/semmelweis.hu\/magtud\/gyogyitas\/szakrendelo\/a-pszichoszomatikus-szakrendelo-munkatarsai\/%22\/magtud\/kuldetes\/munkatarsak\/dr-purebl-gyorgy\/\">Dr. Purebl Gy\u00f6rgy<\/a>: pszichi\u00e1ter, pszichoterapeuta szakorvos, a Magatart\u00e1studom\u00e1nyi Int\u00e9zet igazgat\u00f3ja<\/p>\n<\/li>\n<li><a href=\"https:\/\/semmelweis.hu\/magtud\/kuldetes\/munkatarsak\/sandor-imola\/\">Dr. S\u00e1ndor Imola<\/a>: klinikai szakpszichol\u00f3gus, a Szakrendel\u0151 vezet\u0151 pszichol\u00f3gusa, a Di\u00e1ktan\u00e1csad\u00f3 vezet\u0151je\n<\/li>\n<li>\n<p><a href=\"https:\/\/semmelweis.hu\/magtud\/kuldetes\/munkatarsak\/dr-stauder-adrienne\">Dr. Stauder Adrienne<\/a>: pszichi\u00e1ter, pszichoterapeuta szakorvos<\/p>\n<\/li>\n<li>\n<p><a href=\"https:\/\/semmelweis.hu\/magtud\/intezet\/munkatarsak\/sule-judit\/\" target=\"_blank\" rel=\"noopener noreferrer\">S\u00fcle Judit<\/a>: klinikai szakpszichol\u00f3gus<\/p>\n<\/li>\n<li>\n<p><a href=\"https:\/\/semmelweis.hu\/magtud\/kuldetes\/munkatarsak\/szalai-tamas-domotor\">Dr. Szalai Tam\u00e1s D\u00f6m\u00f6t\u00f6r<\/a>: klinikai- \u00e9s tan\u00e1csad\u00f3 szakpszichol\u00f3gus, csal\u00e1dterapeuta<\/p>\n<\/li>\n<li><a href=\"https:\/\/semmelweis.hu\/magtud\/intezet\/munkatarsak\/dr-szebik-imre\/\" target=\"_blank\" rel=\"noopener\">Dr. Szebik Imre<\/a>: pszichi\u00e1ter szakorvos\n<\/li>\n<li>\n<p><a href=\"https:\/\/semmelweis.hu\/magtud\/kuldetes\/munkatarsak\/dr-szumska-irena\">Dr. Szumska Irena<\/a>: klinikai szakpszichol\u00f3gus<\/p>\n<\/li>\n<li>\n<p><a href=\"https:\/\/semmelweis.hu\/magtud\/intezet\/munkatarsak\/dr-szucs-anna\/\" target=\"_blank\" rel=\"noopener\">Dr. Sz\u0171cs Anna<\/a>: neurol\u00f3gus, pszichi\u00e1ter, pszichi\u00e1tria rehabilit\u00e1ci\u00f3s szakorvos, szomnol\u00f3gus, epileptol\u00f3gus<\/p>\n<\/li>\n<li>\n<p><a href=\"https:\/\/semmelweis.hu\/magtud\/intezet\/munkatarsak\/dr-toth-monika-ditta\/\" target=\"_blank\" rel=\"noopener noreferrer\">Dr. T\u00f3th M\u00f3nika Ditta<\/a>: tan\u00e1csad\u00f3 szakpszichol\u00f3gus, csal\u00e1dterapeuta jel\u00f6lt.<\/p>\n<\/li>\n<\/ul>\n","protected":false},"excerpt":{"rendered":"<p>A Pszichoszomatikus Szakrendel\u0151 munkat\u00e1rsai: <a href=\"https:\/\/semmelweis.hu\/magtud\/intezet\/munkatarsak\/dr-bai-nagy-katalin-maria\/\" target=\"_blank\" rel=\"noopener\">Dr. Bai-Nagy Katalin<\/a> : pszichi\u00e1ter-, pszichoterapeuta szakorvos, vezet\u0151 pszichi\u00e1ter <a href=\"https:\/\/semmelweis.hu\/magtud\/files\/2024\/10\/Balint-Eszter.pdf\" target=\"_blank\" rel=\"noopener\">B\u00e1lint Eszter<\/a> : sportpszichol\u00f3gus, lovasterapeuta, klinikai szakpszichol\u00f3gus jel\u00f6lt <a href=\"https:\/\/semmelweis.hu\/magtud\/intezet\/munkatarsak\/balog-piroska\/\" target=\"_blank\" rel=\"noopener\">Dr. Balog Piroska<\/a> : klinikai szakpszichol\u00f3gus, relax\u00e1ci\u00f3s- \u00e9s szimb\u00f3lumterapeuta, s\u00e9materapeuta <a href=\"https:\/\/semmelweis.hu\/magtud\/intezet\/munkatarsak\/barkasz_helena\/\" target=\"_blank\" rel=\"noopener noreferrer\">Bark\u00e1sz Hel\u00e9na<\/a> : klinikai szakpszichol\u00f3gus, pszichoterapeuta, gy\u00f3gypedag\u00f3gus &#8211; jelenleg tart\u00f3s t\u00e1voll\u00e9ten <a href=\"https:\/\/semmelweis.hu\/magtud\/kuldetes\/munkatarsak\/dr-birkas-emma\">Dr. Birk\u00e1s Emma<\/a> \u00a0klinikai szakpszichol\u00f3gus <a href=\"https:\/\/semmelweis.hu\/magtud\/intezet\/munkatarsak\/csecsy-vera-vanda\/\" target=\"_blank\" rel=\"noopener\">Cs\u00e9csy Vera Vanda<\/a> : klinikai szakpszichol\u00f3gus jel\u00f6lt <a href=\"https:\/\/semmelweis.hu\/magtud\/intezet\/munkatarsak\/dr-dosa-agnes\/\">Dr. D\u00f3sa \u00c1gnes<\/a> : orvos, pszichoterapeuta szakorvos <a href=\"https:\/\/semmelweis.hu\/magtud\/intezet\/munkatarsak\/mezei-agnes\/\">Fodorn\u00e9 Mezei \u00c1gnes<\/a> : klinikai szakpszichol\u00f3gus. <a href=\"https:\/\/semmelweis.hu\/magtud\/intezet\/munkatarsak\/foldesi-eniko\/\" target=\"_blank\" rel=\"noopener\">Dr. F\u00f6ldesi Enik\u0151<\/a> : klinikai szakpszichol\u00f3gus, pszichoterapeuta, gy\u00f3gypedag\u00f3gus <a href=\"https:\/\/semmelweis.hu\/magtud\/intezet\/munkatarsak\/dr-gati-fekete-kata\/\" target=\"_blank\" rel=\"noopener\">Dr. G\u00e1ti-Fekete Kata<\/a> : pszichi\u00e1ter szakorvos, pszichoterapeuta szakorvos &hellip;<\/p>\n","protected":false},"author":110,"featured_media":0,"parent":2391,"menu_order":2,"comment_status":"closed","ping_status":"closed","template":"","meta":{"_acf_changed":false,"footnotes":""},"categories":[],"tags":[],"class_list":["post-2182","page","type-page","status-publish","hentry"],"acf":[],"_links":{"self":[{"href":"https:\/\/semmelweis.hu\/magtud\/wp-json\/wp\/v2\/pages\/2182","targetHints":{"allow":["GET"]}}],"collection":[{"href":"https:\/\/semmelweis.hu\/magtud\/wp-json\/wp\/v2\/pages"}],"about":[{"href":"https:\/\/semmelweis.hu\/magtud\/wp-json\/wp\/v2\/types\/page"}],"author":[{"embeddable":true,"href":"https:\/\/semmelweis.hu\/magtud\/wp-json\/wp\/v2\/users\/110"}],"replies":[{"embeddable":true,"href":"https:\/\/semmelweis.hu\/magtud\/wp-json\/wp\/v2\/comments?post=2182"}],"version-history":[{"count":13,"href":"https:\/\/semmelweis.hu\/magtud\/wp-json\/wp\/v2\/pages\/2182\/revisions"}],"predecessor-version":[{"id":13031,"href":"https:\/\/semmelweis.hu\/magtud\/wp-json\/wp\/v2\/pages\/2182\/revisions\/13031"}],"up":[{"embeddable":true,"href":"https:\/\/semmelweis.hu\/magtud\/wp-json\/wp\/v2\/pages\/2391"}],"wp:attachment":[{"href":"https:\/\/semmelweis.hu\/magtud\/wp-json\/wp\/v2\/media?parent=2182"}],"wp:term":[{"taxonomy":"category","embeddable":true,"href":"https:\/\/semmelweis.hu\/magtud\/wp-json\/wp\/v2\/categories?post=2182"},{"taxonomy":"post_tag","embeddable":true,"href":"https:\/\/semmelweis.hu\/magtud\/wp-json\/wp\/v2\/tags?post=2182"}],"curies":[{"name":"wp","href":"https:\/\/api.w.org\/{rel}","templated":true}]}}