{"id":2178,"date":"2017-11-13T00:00:00","date_gmt":"2017-11-12T23:00:00","guid":{"rendered":"http:\/\/semmelweis.hu\/magtud\/80-egeszsegtudomanyok-phd-szigorlati-tetelek\/"},"modified":"2024-05-09T14:47:20","modified_gmt":"2024-05-09T12:47:20","slug":"egeszsegtudomanyok-fotargy-tetelsor","status":"publish","type":"page","link":"https:\/\/semmelweis.hu\/magtud\/phd\/phd-program\/egeszsegtudomanyok-fotargy-tetelsor\/","title":{"rendered":"PhD komplex vizsga F\u0151t\u00e1rgy Eg\u00e9szs\u00e9gtudom\u00e1nyok t\u00e9telsor"},"content":{"rendered":"<p><em>Semmelweis Egyetem Doktori Iskola<br \/>\n<\/em><em>4.sz. Ment\u00e1lis Eg\u00e9szs\u00e9gtudom\u00e1nyok Doktori Tagozat<br \/>\n<\/em><em>2.sz. Magatart\u00e1studom\u00e1nyok Program<\/em><\/p>\n<p><em><strong>\u00a0<\/strong><\/em><\/p>\n<p><em><strong>EG\u00c9SZS\u00c9GTUDOM\u00c1NYOK (f\u0151t\u00e1rgy)\u00a0<\/strong> (Please scroll down for the English language text!)<strong><br \/>\n<\/strong><\/em><em><strong>PhD komplex vizsga t\u00e9telsor<br \/>\n<\/strong><\/em><\/p>\n<ol>\n<li>A kutat\u00e1s term\u00e9szete \u00e9s alapvet\u0151 fogalmai, konceptu\u00e1lis keretei<\/li>\n<li>Kutat\u00e1s a magatart\u00e1studom\u00e1nyokban \u2013 saj\u00e1toss\u00e1ga \u00e9s t\u00edpusai<\/li>\n<li>T\u00f6rt\u00e9neti kutat\u00e1s<\/li>\n<li>Le\u00edr\u00f3 vagy normat\u00edv felm\u00e9r\u00e9ses kutat\u00e1s<\/li>\n<li>Fejl\u0151d\u00e9si vizsg\u00e1latok<\/li>\n<li>K\u00eds\u00e9rleti kutat\u00e1s \u00e9s tervez\u00e9s<\/li>\n<li>Kv\u00e1zi-k\u00eds\u00e9rleti kutat\u00e1s<\/li>\n<li>Ex-post facto kutat\u00e1s<\/li>\n<li>Kvalitat\u00edv kutat\u00e1s<\/li>\n<li>Etnogr\u00e1fiai kutat\u00e1s<\/li>\n<li>Esettanulm\u00e1ny \u00e9s egy alanyon v\u00e9gzett kutat\u00e1s<\/li>\n<li>Dokumentumok elemz\u00e9se<\/li>\n<li>Kutat\u00e1si probl\u00e9ma &#8211; azonos\u00edt\u00e1s \u00e9s kutat\u00e1si terv meg\u00edr\u00e1sa<\/li>\n<li>Relev\u00e1ns szakirodalom keres\u00e9se \u00e9s \u00e1ttekint\u00e9se<\/li>\n<li>Kutat\u00e1si hipot\u00e9zisek<\/li>\n<li>Mintav\u00e9tel<\/li>\n<li>Adatgy\u0171jt\u00e9s &#8211; eszk\u00f6z\u00f6k \u00e9s technik\u00e1k<\/li>\n<li>Adatgy\u0171jt\u00e9si eszk\u00f6z\u00f6k &#8211; megfigyel\u00e9s<\/li>\n<li>Adatgy\u0171jt\u00e9si eszk\u00f6z\u00f6k &#8211; k\u00e9rd\u0151\u00edv<\/li>\n<li>Adatgy\u0171jt\u00e9si eszk\u00f6z\u00f6k \u2013 interj\u00fa<\/li>\n<li>Adatgy\u0171jt\u00e9si eszk\u00f6z\u00f6k &#8211; \u00e9rt\u00e9kbecsl\u0151 sk\u00e1l\u00e1k<\/li>\n<li>Adatgy\u0171jt\u00e9si eszk\u00f6z\u00f6k \u2013 attit\u0171dsk\u00e1l\u00e1k<\/li>\n<li>Adatgy\u0171jt\u0151 eszk\u00f6z\u00f6k \u2013 Teljes\u00edtm\u00e9nytesztek<\/li>\n<li>Adatgy\u0171jt\u0151 eszk\u00f6z\u00f6k &#8211; szociometria vagy szociometriai technik\u00e1k<\/li>\n<li>Adatgy\u0171jt\u0151 eszk\u00f6z\u00f6k &#8211; Szem\u00e9lyis\u00e9g- \u00e9s alkalmazkod\u00e1si k\u00e9rd\u0151\u00edvek<\/li>\n<li>Adatgy\u0171jt\u0151 eszk\u00f6z\u00f6k &#8211; Projekt\u00edv technik\u00e1k<\/li>\n<li>Kutat\u00e1si eszk\u00f6z\u00f6k megalkot\u00e1sa \u00e9s standardiz\u00e1l\u00e1sa<\/li>\n<li>Tesztpontsz\u00e1mok \u00e9rtelmez\u00e9se &#8211; Pontsz\u00e1mok \u00e1talak\u00edt\u00e1sa \u00e9s tesztnorm\u00e1k kidolgoz\u00e1sa<\/li>\n<li>A kutat\u00e1si eszk\u00f6z\u00f6k megb\u00edzhat\u00f3s\u00e1ga<\/li>\n<li>A kutat\u00e1si eszk\u00f6z\u00f6k validit\u00e1sa<\/li>\n<li>Kvantitat\u00edv adatelemz\u00e9s<\/li>\n<li>Kvalitat\u00edv adatelemz\u00e9s<\/li>\n<li>Kutat\u00e1si jelent\u00e9s \u00edr\u00e1sa<\/li>\n<li>Sz\u00e1m\u00edt\u00e1stechnika haszn\u00e1lata a kutat\u00e1sban<\/li>\n<\/ol>\n<p>Irodalom:<br \/>\nSHUBHRA MANGAL. Research Methodology in Behavioural Sciences. PHI, 2013.<br \/>\n<a href=\"https:\/\/www.amazon.com\/RESEARCH-METHODOLOGY-BEHAVIOURAL-SCIENCES-MANGAL-ebook\/dp\/B015DY3ITC\">https:\/\/www.amazon.com\/RESEARCH-METHODOLOGY-BEHAVIOURAL-SCIENCES-MANGAL-ebook\/dp\/B015DY3ITC<\/a><\/p>\n<p>&nbsp;<\/p>\n<p><em>Semmelweis University Doctoral School<br \/>\n<\/em><em>4.sz. Mental Health Sciences Doctoral Division<br \/>\n<\/em><em>2.sz. Behavioural Sciences Program<\/em><\/p>\n<p><em><strong>\u00a0<\/strong><\/em><\/p>\n<p><em><strong>\u00a0<\/strong><\/em><em><strong>HEALTH SCIENCES (main subject) <br \/>\n<\/strong><\/em><em><strong>PhD complex exam topics<\/strong><\/em><strong><em>\u00a0<\/em><\/strong><\/p>\n<ol>\n<li>Research-Nature and Fundamental Concepts<\/li>\n<li>Research in Behavioural Sciences \u2013 Nature and Types<\/li>\n<li>Historical Research<\/li>\n<li>Descriptive or Normative Survey Research<\/li>\n<li>Developmental Research<\/li>\n<li>Experimental Research and Designs<\/li>\n<li>Quasi-experimental Research<\/li>\n<li>Ex-post Facto Research<\/li>\n<li>Qualitative Research<\/li>\n<li>Ethnographic Research<\/li>\n<li>Case Study and Single Subject Study Research<\/li>\n<li>Documentary Analysis Research<\/li>\n<li>Research Problem \u2013 Identification and Writing a Research Proposal<\/li>\n<li>Searching and Reviewing the Related Literature<\/li>\n<li>Research Hypotheses<\/li>\n<li>Sampling<\/li>\n<li>Data Collection \u2013 Tools and Techniques<\/li>\n<li>Data Collection Tools &#8211; Observation<\/li>\n<li>Data Collection Tools \u2013 Questionnaire<\/li>\n<li>Data Collection Tools \u2013 Interview<\/li>\n<li>Data Collection Tools \u2013 Rating Scales<\/li>\n<li>Data Collection Tools \u2013 Attitude Scales<\/li>\n<li>Data Collection Tools \u2013 Achievement Tests<\/li>\n<li>Data Collection Tools \u2013 Sociometry or Sociometric Techniques<\/li>\n<li>Data Collection Tools \u2013 Personality and Adjustment Inventories<\/li>\n<li>Data Collection Tools \u2013 Projective Techniques<\/li>\n<li>Construction and Standardization of Research Tools<\/li>\n<li>Interpretation of Test Scores \u2013 Scores Transformation and Development of Test Norms<\/li>\n<li>Reliability of Research Tools<\/li>\n<li>Validity of Research Tools<\/li>\n<li>Quantitative Data Analysis<\/li>\n<li>Qualitative Data Analysis<\/li>\n<li>Writing Research Report<\/li>\n<li>Using Computer Technology in Research<\/li>\n<\/ol>\n<p>Reference:<br \/>\nSHUBHRA MANGAL. Research Methodology in Behavioural Sciences. PHI, 2013.<br \/>\n<u>https:\/\/www.amazon.com\/RESEARCH-METHODOLOGY-BEHAVIOURAL-SCIENCES-MANGAL-ebook\/dp\/B015DY3ITC<\/u><\/p>\n<p>&nbsp;<\/p>\n","protected":false},"excerpt":{"rendered":"<p>Semmelweis Egyetem Doktori Iskola 4.sz. Ment\u00e1lis Eg\u00e9szs\u00e9gtudom\u00e1nyok Doktori Tagozat 2.sz. Magatart\u00e1studom\u00e1nyok Program \u00a0 EG\u00c9SZS\u00c9GTUDOM\u00c1NYOK (f\u0151t\u00e1rgy)\u00a0 (Please scroll down for the English language text!) PhD komplex vizsga t\u00e9telsor A kutat\u00e1s term\u00e9szete \u00e9s alapvet\u0151 fogalmai, konceptu\u00e1lis keretei Kutat\u00e1s a magatart\u00e1studom\u00e1nyokban \u2013 saj\u00e1toss\u00e1ga \u00e9s t\u00edpusai T\u00f6rt\u00e9neti kutat\u00e1s Le\u00edr\u00f3 vagy normat\u00edv felm\u00e9r\u00e9ses kutat\u00e1s Fejl\u0151d\u00e9si vizsg\u00e1latok K\u00eds\u00e9rleti kutat\u00e1s \u00e9s tervez\u00e9s &hellip;<\/p>\n","protected":false},"author":110,"featured_media":0,"parent":4282,"menu_order":1,"comment_status":"closed","ping_status":"closed","template":"","meta":{"_acf_changed":false,"footnotes":""},"categories":[],"tags":[],"class_list":["post-2178","page","type-page","status-publish","hentry"],"acf":[],"_links":{"self":[{"href":"https:\/\/semmelweis.hu\/magtud\/wp-json\/wp\/v2\/pages\/2178","targetHints":{"allow":["GET"]}}],"collection":[{"href":"https:\/\/semmelweis.hu\/magtud\/wp-json\/wp\/v2\/pages"}],"about":[{"href":"https:\/\/semmelweis.hu\/magtud\/wp-json\/wp\/v2\/types\/page"}],"author":[{"embeddable":true,"href":"https:\/\/semmelweis.hu\/magtud\/wp-json\/wp\/v2\/users\/110"}],"replies":[{"embeddable":true,"href":"https:\/\/semmelweis.hu\/magtud\/wp-json\/wp\/v2\/comments?post=2178"}],"version-history":[{"count":11,"href":"https:\/\/semmelweis.hu\/magtud\/wp-json\/wp\/v2\/pages\/2178\/revisions"}],"predecessor-version":[{"id":12352,"href":"https:\/\/semmelweis.hu\/magtud\/wp-json\/wp\/v2\/pages\/2178\/revisions\/12352"}],"up":[{"embeddable":true,"href":"https:\/\/semmelweis.hu\/magtud\/wp-json\/wp\/v2\/pages\/4282"}],"wp:attachment":[{"href":"https:\/\/semmelweis.hu\/magtud\/wp-json\/wp\/v2\/media?parent=2178"}],"wp:term":[{"taxonomy":"category","embeddable":true,"href":"https:\/\/semmelweis.hu\/magtud\/wp-json\/wp\/v2\/categories?post=2178"},{"taxonomy":"post_tag","embeddable":true,"href":"https:\/\/semmelweis.hu\/magtud\/wp-json\/wp\/v2\/tags?post=2178"}],"curies":[{"name":"wp","href":"https:\/\/api.w.org\/{rel}","templated":true}]}}