{"id":2176,"date":"2017-11-13T00:00:00","date_gmt":"2017-11-12T23:00:00","guid":{"rendered":"http:\/\/semmelweis.hu\/magtud\/76-tdk-hallgatok-listaja\/"},"modified":"2025-07-15T16:18:34","modified_gmt":"2025-07-15T14:18:34","slug":"tdk-hallgatok-listaja","status":"publish","type":"page","link":"https:\/\/semmelweis.hu\/magtud\/kutatas\/tdk\/tdk-hallgatok-listaja\/","title":{"rendered":"TDK hallgat\u00f3k list\u00e1ja"},"content":{"rendered":"<div class=\"col-sm-8\">\n<div class=\"item-page\">\n<div>\n<p><strong>TDK hallgat\u00f3k 2025. II. f\u00e9l\u00e9v<\/strong><\/p>\n<p>&nbsp;<\/p>\n<p>D\u00e1vid Katalin Zs\u00f3fia<\/p>\n<p>\u00c1OK III.\u00e9vf.<\/p>\n<p>Tv: Dr. Csapody Tam\u00e1s<\/p>\n<p>Emberk\u00eds\u00e9rletek a Harmadik Birodalomban<\/p>\n<p>&nbsp;<\/p>\n<p>Erd\u00e9lyi Benedek<\/p>\n<p>\u00c1OK II.\u00e9vf.<\/p>\n<p>Tv: D\u00f6br\u00f6ssy Bence<\/p>\n<p>VR szem\u00fcveg hat\u00e1s\u00e1nak m\u00e9r\u00e9se id\u0151sek otthon\u00e1ban lak\u00f3k \u00e9letmin\u0151s\u00e9g\u00e9re<\/p>\n<p><strong><em>\u00a0<\/em><\/strong><\/p>\n<p>Havr\u00e1n Zs\u00f3fia<\/p>\n<p>\u00c1OK V.\u00e9vf.<\/p>\n<p>Tv: Dr. Major J\u00e1nos<\/p>\n<p>A gyermekkori funkcion\u00e1lis hasi f\u00e1jdalomzavar \u00e9s m\u00e1s gyomor-b\u00e9lrendszeri betegs\u00e9gek vizsg\u00e1lata<\/p>\n<p>&nbsp;<\/p>\n<p>Koll\u00e1r Krist\u00f3f<\/p>\n<p>\u00c1OK VI.\u00e9vf.<\/p>\n<p>Tv: Dr. Purebl Gy\u00f6rgy<\/p>\n<p>Ev\u00e9szavarok<\/p>\n<p>&nbsp;<\/p>\n<p>Kuti Rajmund<\/p>\n<p>\u00c1OK III.\u00e9vf.<\/p>\n<p>Tv: Dr. Csapody Tam\u00e1s<\/p>\n<p>Vil\u00e1gh\u00e1bor\u00fak sor\u00e1n alkalmazott biol\u00f3giai- \u00e9s vegyi fegyverek orvosi vonatkoz\u00e1sai<\/p>\n<p><strong>\u00a0<\/strong><\/p>\n<p>P\u00e1lmai Lilla<\/p>\n<p>\u00c1OK I.\u00e9vf.<\/p>\n<p>Tv: Dr. Gy\u0151rffy Zsuzsa<\/p>\n<p>Orvostanhallgat\u00f3k \u00e9s rezidensek testi-lelki eg\u00e9szs\u00e9ge<\/p>\n<p>&nbsp;<\/p>\n<p>Pierson-Bartel R\u00f3bert<\/p>\n<p>\u00c1OK V.\u00e9vf.<\/p>\n<p>Tv: Dr. Ujma P\u00e9ter<\/p>\n<p>Von\u00e1sos \u00e9s nem von\u00e1sos jellegek hat\u00e1sa az alv\u00e1si EEG term\u00e9szetes k\u00fcl\u00f6nbs\u00e9geire<\/p>\n<p>&nbsp;<\/p>\n<p>R\u00e1di Eszter Ilona<\/p>\n<p>\u00c1OK III.\u00e9vf.<\/p>\n<p>Tv: D\u00f6br\u00f6ssy Bence<\/p>\n<p>A szocio\u00f6kon\u00f3miai st\u00e1tusz \u00f6sszef\u00fcgg\u00e9se a kardiovaszkul\u00e1ris rizik\u00f3val<\/p>\n<p>&nbsp;<\/p>\n<p>Szita Gergely<\/p>\n<p>\u00c1OK IV.\u00e9vf.<\/p>\n<p>Tv: Dr. Balog Piroska<\/p>\n<p>K\u00f6t\u0151d\u00e9s szerepe az akt\u00edv \u00e9s eg\u00e9szs\u00e9ges id\u0151s\u00f6d\u00e9sben<\/p>\n<p>&nbsp;<\/p>\n<p>Tesch D\u00f3ra<\/p>\n<p>\u00c1OK VI.\u00e9vf.<\/p>\n<p>Tv: Dr. Balog Piroska<\/p>\n<p>A k\u00f6t\u0151d\u00e9si st\u00edlusok \u00e9s az eg\u00e9szs\u00e9gi \u00e1llapot \u00f6sszef\u00fcgg\u00e9sei<\/p>\n<p>&nbsp;<\/p>\n<p>V\u00e9gh Hunor<\/p>\n<p>\u00c1OK IV.\u00e9vf.<\/p>\n<p>Tv: Dr. Purebl Gy\u00f6rgy<\/p>\n<p>Ev\u00e9szavarok<\/p>\n<p>&nbsp;<\/p>\n<p>Vincze Bogl\u00e1rka<\/p>\n<p>\u00c1OK III.\u00e9vf.<\/p>\n<p>Tv: Dr. Pilling J\u00e1nos<\/p>\n<p>Szexu\u00e1lis zavarok pszichoter\u00e1pi\u00e1ja<\/p>\n<p>&nbsp;<\/p>\n<p>Wolf S\u00e1ra<\/p>\n<p>\u00c1OK V.\u00e9vf.<\/p>\n<p>Tv: Dr. Ujma P\u00e9ter<\/p>\n<p>Edz\u00e9s \u00e9s alv\u00e1smin\u0151s\u00e9g \u00f6sszef\u00fcgg\u00e9se<\/p>\n<\/div>\n<\/div>\n<\/div>\n","protected":false},"excerpt":{"rendered":"<p>TDK hallgat\u00f3k 2025. II. f\u00e9l\u00e9v &nbsp; D\u00e1vid Katalin Zs\u00f3fia \u00c1OK III.\u00e9vf. Tv: Dr. Csapody Tam\u00e1s Emberk\u00eds\u00e9rletek a Harmadik Birodalomban &nbsp; Erd\u00e9lyi Benedek \u00c1OK II.\u00e9vf. Tv: D\u00f6br\u00f6ssy Bence VR szem\u00fcveg hat\u00e1s\u00e1nak m\u00e9r\u00e9se id\u0151sek otthon\u00e1ban lak\u00f3k \u00e9letmin\u0151s\u00e9g\u00e9re \u00a0 Havr\u00e1n Zs\u00f3fia \u00c1OK V.\u00e9vf. Tv: Dr. Major J\u00e1nos A gyermekkori funkcion\u00e1lis hasi f\u00e1jdalomzavar \u00e9s m\u00e1s gyomor-b\u00e9lrendszeri betegs\u00e9gek vizsg\u00e1lata &nbsp; &hellip;<\/p>\n","protected":false},"author":110,"featured_media":0,"parent":4264,"menu_order":5,"comment_status":"closed","ping_status":"closed","template":"","meta":{"_acf_changed":false,"footnotes":""},"categories":[],"tags":[],"class_list":["post-2176","page","type-page","status-publish","hentry"],"acf":[],"_links":{"self":[{"href":"https:\/\/semmelweis.hu\/magtud\/wp-json\/wp\/v2\/pages\/2176","targetHints":{"allow":["GET"]}}],"collection":[{"href":"https:\/\/semmelweis.hu\/magtud\/wp-json\/wp\/v2\/pages"}],"about":[{"href":"https:\/\/semmelweis.hu\/magtud\/wp-json\/wp\/v2\/types\/page"}],"author":[{"embeddable":true,"href":"https:\/\/semmelweis.hu\/magtud\/wp-json\/wp\/v2\/users\/110"}],"replies":[{"embeddable":true,"href":"https:\/\/semmelweis.hu\/magtud\/wp-json\/wp\/v2\/comments?post=2176"}],"version-history":[{"count":12,"href":"https:\/\/semmelweis.hu\/magtud\/wp-json\/wp\/v2\/pages\/2176\/revisions"}],"predecessor-version":[{"id":12891,"href":"https:\/\/semmelweis.hu\/magtud\/wp-json\/wp\/v2\/pages\/2176\/revisions\/12891"}],"up":[{"embeddable":true,"href":"https:\/\/semmelweis.hu\/magtud\/wp-json\/wp\/v2\/pages\/4264"}],"wp:attachment":[{"href":"https:\/\/semmelweis.hu\/magtud\/wp-json\/wp\/v2\/media?parent=2176"}],"wp:term":[{"taxonomy":"category","embeddable":true,"href":"https:\/\/semmelweis.hu\/magtud\/wp-json\/wp\/v2\/categories?post=2176"},{"taxonomy":"post_tag","embeddable":true,"href":"https:\/\/semmelweis.hu\/magtud\/wp-json\/wp\/v2\/tags?post=2176"}],"curies":[{"name":"wp","href":"https:\/\/api.w.org\/{rel}","templated":true}]}}