{"id":2173,"date":"2017-11-13T00:00:00","date_gmt":"2017-11-12T23:00:00","guid":{"rendered":"http:\/\/semmelweis.hu\/magtud\/64-orvosi-human-tudomanyok-kutatocsoport\/"},"modified":"2020-09-15T09:11:30","modified_gmt":"2020-09-15T07:11:30","slug":"orvosi-human-tudomanyok-kutatocsoport","status":"publish","type":"page","link":"https:\/\/semmelweis.hu\/magtud\/kutatas\/kutatasi-teruletek\/orvosi-human-tudomanyok-kutatocsoport\/","title":{"rendered":"Orvosi Hum\u00e1n Tudom\u00e1nyok kutat\u00f3csoport"},"content":{"rendered":"<ul>\n<li class=\"email-icon\"><a href=\"\/component\/mailto\/?tmpl=component&amp;template=se&amp;link=b45f7f4970003841494ae105ca5b53262c3740c2\" rel=\"nofollow\">E-mail<\/a><\/li>\n<\/ul>\n<div>\n<p>\u00a0Orvosi Hum\u00e1n Tudom\u00e1nyok kutat\u00f3csoport<\/p>\n<p>Vezet\u0151 :\u00a0 Dr. L\u00e1z\u00e1r Imre<br \/>\nDr. T\u00fary Ferenc<br \/>\nDr. Zana \u00c1gnes<br \/>\nDr. P\u00e9ter Orsolya<\/p>\n<p style=\"text-align: justify\">C\u00e9lja az a magatart\u00e1studom\u00e1nyi ter\u00fcleten oktatott orvosi t\u00e1rsadalom \u00e9s b\u00f6lcs\u00e9sztudom\u00e1nyok hat\u00e1rainak kiterjeszt\u00e9se, interdiszciplin\u00e1ris kutat\u00e1sok \u00e9s egy\u00fcttm\u0171k\u00f6d\u00e9sek\u00a0 kezdem\u00e9nyez\u00e9se, kutat\u00e1smanagementje, illetve az e t\u00e9ren foly\u00f3 kutat\u00e1sok sz\u00e1m\u00e1ra nyilv\u00e1nos f\u00f3rum biztos\u00edt\u00e1sa, illetve az eredm\u00e9nyek medikusk\u00e9pz\u00e9sbe val\u00f3 beilleszt\u00e9s\u00e9nek kidolgoz\u00e1sa.<\/p>\n<p style=\"text-align: justify\">A kutat\u00f3csoport tev\u00e9kenys\u00e9g\u00e9nek szerves r\u00e9sz\u00e9t k\u00e9pezi a nemzetk\u00f6zi h\u00e1l\u00f3zatok (SC&amp;H Network, CEESBM) keret\u00e9ben val\u00f3 tev\u00e9kenys\u00e9g (ny\u00e1ri egyetemek, konferenci\u00e1k, foly\u00f3irat szerkeszt\u00e9s).<\/p>\n<p style=\"text-align: justify\">Fontos feladatnak tartjuk a m\u00e1r \u201ebevett\u201d magatart\u00e1studom\u00e1nyi hum\u00e1ntudom\u00e1nyok mellett \u00faj ter\u00fcletek bevon\u00e1s\u00e1t (orvosi szemiotika, kognit\u00edv \u00e9s reprezent\u00e1ci\u00f3elm\u00e9let, d\u00f6nt\u00e9selm\u00e9let. kritikai kult\u00faratudom\u00e1ny, m\u00e9diatanulm\u00e1nyok, filmelm\u00e9let, sz\u00ednh\u00e1ztudom\u00e1ny, m\u0171v\u00e9szezettel kapcsolatos pedag\u00f3giai, elm\u00e9leti \u00e9s ter\u00e1pi\u00e1s k\u00e9rd\u00e9sek, vall\u00e1studom\u00e1ny, k\u00f6rnyezettudom\u00e1ny) \u00e9s azok eg\u00e9szs\u00e9gtudom\u00e1nyi illetve orvosi vonatkoz\u00e1s\u00fa kutat\u00e1s\u00e1t az orvosi antropol\u00f3gia, bioetika \u00e9s az orvosi kommunik\u00e1ci\u00f3 kontextus\u00e1ban, k\u00fcl\u00f6n\u00f6s tekintettel a holisztikus, biopszichoszocio-spiritu\u00e1lis paradigma meg\u00faj\u00edt\u00f3 szempontjaira.<\/p>\n<p style=\"text-align: justify\">Fut\u00f3 kutat\u00e1si ter\u00fclet:<br \/>\nA Ferreri \u00e9letm\u0171 \u00e9rtelmez\u00e9se, feldolgoz\u00e1sa, magatart\u00e1studom\u00e1nyi vonatkoz\u00e1sainak vizsg\u00e1lata<br \/>\nAz orvosi pluralizmus keret\u00e9ben a spiritu\u00e1lis\u00a0 \u00e9s vall\u00e1si jelens\u00e9gek vizsg\u00e1lata<br \/>\nSzervezeti eg\u00e9szs\u00e9gtudom\u00e1nyi kutat\u00e1sok<br \/>\nF\u00fcrd\u0151kult\u00fara \u00e9s eg\u00e9szs\u00e9g<\/p>\n<p>Egy\u00fcttm\u0171k\u00f6d\u00e9s K\u00e1roli G\u00e1sp\u00e1r Reform\u00e1tus Egyetem Komm. \u00e9s T\u00e1rstud. Int\u00e9zet\u00e9vel, \u00e9s M\u0171v\u00e9szettudom\u00e1nyi Int\u00e9zet\u00e9vel val\u00f3 egy\u00fcttm\u0171k\u00f6d\u00e9s.<br \/>\nK\u00f6rnyezetantropol\u00f3giai kutat\u00e1sok: Durham-i Egyetemmel val\u00f3 egy\u00fcttm\u0171k\u00f6d\u00e9s el\u0151k\u00e9sz\u00edt\u00e9se<br \/>\nR\u00e9szv\u00e9tel a SPES, a CESSBM \u00e9s az EASA SC&amp;H network munk\u00e1j\u00e1ban<\/p>\n<p><strong>\u00daj kutat\u00e1s: 2018-2021<br \/>\n<\/strong><strong>\u00a0<\/strong>A &#8222;Szimbolikus kommunik\u00e1ci\u00f3 \u00e9s pszichofiziol\u00f3giai k\u00f6vetkezm\u00e9nyeinek komplex empirikus elemz\u00e9se&#8221; c\u00edm\u0171 kutat\u00e1s c\u00e9lja, hogy a pszichofiziol\u00f3gia \u00e9s a pszichometria vizsg\u00e1lati eszk\u00f6zeivel elemezze az emberi\u00a0 k\u00f6zl\u00e9seknek, interakci\u00f3knak \u00e9s m\u00e9diatartalmaknak az \u00e9rintett szem\u00e9ly vegetat\u00edv \u00e1llapotjelz\u0151ire (b\u0151rellen\u00e1ll\u00e1s, HRV) gyakorolt hat\u00e1s\u00e1t, mely az adott szem\u00e9ly pszichometri\u00e1s jellemz\u0151ivel \u00f6sszevetve seg\u00edt a k\u00fcl\u00f6nb\u00f6z\u0151 \u00e9lm\u00e9ny\u00e1llapotok, eg\u00e9szs\u00e9gl\u00e9lektani kock\u00e1zati helyzetek\u00a0 (pl. nocebo jelleg\u0171 kultur\u00e1lis hat\u00e1sok, negat\u00edv m\u00e9diatartalmak, szem\u00e9lyk\u00f6zi interakci\u00f3k), illetve a fokozott kock\u00e1zat\u00fa szem\u00e9lyek azonos\u00edt\u00e1s\u00e1ban. A munkahelyi stresszmenedzsment (pl. Williams f\u00e9le Life Skills tr\u00e9ning) sor\u00e1n alkalmazott m\u00f3dszerek hat\u00e1svizsg\u00e1lat\u00e1ban is alkalmazhat\u00f3 eszk\u00f6znek tekintj\u00fck a tr\u00e9ning folyamatok sor\u00e1n \u00e9szlelt v\u00e1ltoz\u00e1sok p\u00e1rhuzamos pszichofiziol\u00f3giai monitoroz\u00e1s\u00e1t. Eredm\u00e9nyeink felhaszn\u00e1lhat\u00f3k a Szervezeti eg\u00e9szs\u00e9gkommunik\u00e1ci\u00f3, \u00e9s az Eg\u00e9szs\u00e9gtudatoss\u00e1g\u00a0 t\u00e1rgyak oktat\u00e1s\u00e1ban.<\/p>\n<p>R\u00e9sztvev\u0151k<strong>: <\/strong>Dr habil B\u00f3dizs R\u00f3bert, Kasek Roland doktorandusz, Becske Melinda doktorandusz, Dr habil L\u00e1z\u00e1r Imre t\u00e9mavezet\u0151<\/p>\n<p>L\u00e1z\u00e1r Imre:<br \/>\nK\u00f6rnyezet \u00e9s emberk\u00e9p\u00a0 ed. L\u00e1z\u00e1r Imre Patrocinium kiad\u00f3 2011<br \/>\nOrvos Antropol\u00f3gia eds L\u00e1z\u00e1r Imre, Pik\u00f3 Bettina\u00a0 Medic\u00edna, Budapest<\/p>\n<p style=\"text-align: justify\"><strong>Zsink\u00f3<\/strong>-Szab\u00f3 Z., L\u00e1z\u00e1r I., T\u00fary F.: <strong>A test gyarmatos\u00edt\u00e1sa<\/strong> \u2013 a civiliz\u00e1ci\u00f3 vadhajt\u00e1sai. Lege Artis Medicinae 22:234-240,<\/p>\n<p style=\"text-align: justify\"><strong>Zsink\u00f3<\/strong>&#8211;<strong>Szab\u00f3<\/strong>, Z.: (2013) <strong>Medical Rituals<\/strong> and <strong>Media Rituals<\/strong>. KOME: An International Journal of Pure Communication Inquiry, Vol1 Issue 2, pp. 64-80.<\/p>\n<\/div>\n","protected":false},"excerpt":{"rendered":"<p><a href=\"\/component\/mailto\/?tmpl=component&amp;template=se&amp;link=b45f7f4970003841494ae105ca5b53262c3740c2\" rel=\"nofollow\">E-mail<\/a> \u00a0Orvosi Hum\u00e1n Tudom\u00e1nyok kutat\u00f3csoport Vezet\u0151 :\u00a0 Dr. L\u00e1z\u00e1r Imre Dr. T\u00fary Ferenc Dr. Zana \u00c1gnes Dr. P\u00e9ter Orsolya C\u00e9lja az a magatart\u00e1studom\u00e1nyi ter\u00fcleten oktatott orvosi t\u00e1rsadalom \u00e9s b\u00f6lcs\u00e9sztudom\u00e1nyok hat\u00e1rainak kiterjeszt\u00e9se, interdiszciplin\u00e1ris kutat\u00e1sok \u00e9s egy\u00fcttm\u0171k\u00f6d\u00e9sek\u00a0 kezdem\u00e9nyez\u00e9se, kutat\u00e1smanagementje, illetve az e t\u00e9ren foly\u00f3 kutat\u00e1sok sz\u00e1m\u00e1ra nyilv\u00e1nos f\u00f3rum biztos\u00edt\u00e1sa, illetve az eredm\u00e9nyek medikusk\u00e9pz\u00e9sbe val\u00f3 beilleszt\u00e9s\u00e9nek kidolgoz\u00e1sa. A kutat\u00f3csoport &hellip;<\/p>\n","protected":false},"author":110,"featured_media":0,"parent":2059,"menu_order":9,"comment_status":"closed","ping_status":"closed","template":"","meta":{"_acf_changed":false,"footnotes":""},"categories":[],"tags":[],"class_list":["post-2173","page","type-page","status-publish","hentry"],"acf":[],"_links":{"self":[{"href":"https:\/\/semmelweis.hu\/magtud\/wp-json\/wp\/v2\/pages\/2173","targetHints":{"allow":["GET"]}}],"collection":[{"href":"https:\/\/semmelweis.hu\/magtud\/wp-json\/wp\/v2\/pages"}],"about":[{"href":"https:\/\/semmelweis.hu\/magtud\/wp-json\/wp\/v2\/types\/page"}],"author":[{"embeddable":true,"href":"https:\/\/semmelweis.hu\/magtud\/wp-json\/wp\/v2\/users\/110"}],"replies":[{"embeddable":true,"href":"https:\/\/semmelweis.hu\/magtud\/wp-json\/wp\/v2\/comments?post=2173"}],"version-history":[{"count":8,"href":"https:\/\/semmelweis.hu\/magtud\/wp-json\/wp\/v2\/pages\/2173\/revisions"}],"predecessor-version":[{"id":9168,"href":"https:\/\/semmelweis.hu\/magtud\/wp-json\/wp\/v2\/pages\/2173\/revisions\/9168"}],"up":[{"embeddable":true,"href":"https:\/\/semmelweis.hu\/magtud\/wp-json\/wp\/v2\/pages\/2059"}],"wp:attachment":[{"href":"https:\/\/semmelweis.hu\/magtud\/wp-json\/wp\/v2\/media?parent=2173"}],"wp:term":[{"taxonomy":"category","embeddable":true,"href":"https:\/\/semmelweis.hu\/magtud\/wp-json\/wp\/v2\/categories?post=2173"},{"taxonomy":"post_tag","embeddable":true,"href":"https:\/\/semmelweis.hu\/magtud\/wp-json\/wp\/v2\/tags?post=2173"}],"curies":[{"name":"wp","href":"https:\/\/api.w.org\/{rel}","templated":true}]}}