{"id":2170,"date":"2017-11-13T00:00:00","date_gmt":"2017-11-12T23:00:00","guid":{"rendered":"http:\/\/semmelweis.hu\/magtud\/71-tanatologia-kutatocsoport\/"},"modified":"2025-09-01T14:51:21","modified_gmt":"2025-09-01T12:51:21","slug":"tanatologia-kutatocsoport","status":"publish","type":"page","link":"https:\/\/semmelweis.hu\/magtud\/kutatas\/kutatasi-teruletek\/tanatologia-kutatocsoport\/","title":{"rendered":"Tanatol\u00f3gia kutat\u00f3csoport"},"content":{"rendered":"<p><strong>Tanatol\u00f3gia kutat\u00f3csoport<\/strong><\/p>\n<p>Vezet\u0151:<br \/>\nHeged\u0171s Katalin, PhD, habil. egyetemi docens<br \/>\nE-mail:hegedus.katalin@semmelweis.hu<\/p>\n<p>Tagok:<br \/>\nZana \u00c1gnes, PhD, egyetemi docens<br \/>\nKegye Adrienne, PhD, egyetemi adjunktus<br \/>\nF\u00f6ldesi Enik\u0151 PhD, egyetemi tan\u00e1rseg\u00e9d<br \/>\nZs\u00e1k \u00c9va, PhD<br \/>\nHorv\u00e1th Orsolya PhD hallgat\u00f3<br \/>\nPapp \u00c1gota PhD hallgat\u00f3<br \/>\nSip\u0151cz Di\u00e1na PhD hallgat\u00f3<br \/>\nSzimon Petra PhD hallgat\u00f3<br \/>\nVona G\u00e1bor PhD hallgat\u00f3<\/p>\n<p><strong>\u00a0<\/strong><\/p>\n<p><strong>Kutat\u00e1si ter\u00fclet:<\/strong><\/p>\n<p>A hal\u00e1l, haldokl\u00e1s, gy\u00e1sz pszichol\u00f3giai, kommunik\u00e1ci\u00f3s k\u00e9rd\u00e9seivel \u00e9s a s\u00falyos betegeket ell\u00e1t\u00f3 eg\u00e9szs\u00e9g\u00fcgyi dolgoz\u00f3k testi \u00e9s lelki eg\u00e9szs\u00e9g\u00e9vel foglalkoz\u00f3 munkacsoport.<\/p>\n<p>F\u0151 c\u00e9ljaink a haldokl\u00e1ssal kapcsolatos gondoz\u00e1si \u00e9s kommunik\u00e1ci\u00f3s modellek, valamint a hal\u00e1l \u00e9s a gy\u00e1sz \u00faj r\u00edtusainak vizsg\u00e1lat\u00e1val az intervenci\u00f3s strat\u00e9gi\u00e1k c\u00e9lzott alkalmaz\u00e1sa. Emellett felm\u00e9rj\u00fck a k\u00fcl\u00f6nb\u00f6z\u0151 c\u00e9lcsoportok (eg\u00e9szs\u00e9g\u00fcgyi dolgoz\u00f3k, egyetemist\u00e1k stb.) testi-lelki \u00e1llapot\u00e1t, hal\u00e1llal kapcsolatos attit\u0171dj\u00e9t, valamint a gy\u00e1sz testi \u00e9s lelki \u00e1llapotra gyakorolt hat\u00e1s\u00e1t is.<\/p>\n<p>&nbsp;<\/p>\n<p><strong>Az elm\u00falt \u00f6t \u00e9v legfontosabb publik\u00e1ci\u00f3i<br \/>\n<\/strong><\/p>\n<ol>\n<li>Sip\u0151cz D, Heged\u0171s K, Zs\u00e1k \u00c9: Spirituality from the perspective of end-of-life care professionals. Palliative Medicine in Practice, July 2025. 1-9. DOI: 10.5603\/pmp.106112<\/li>\n<li>F\u00f6ldesi E, Nyir\u0151 J, Z\u00f6rg\u0151 Sz, Ott\u00f3ffy G, P\u00e9ter Gy, Hauser P, Heged\u0171s K: Medical communication during the transition to palliative care in pediatric oncology in Hungary \u2013 Parents\u2019 perspective. Children, 2022, 9 (5). 1-12. doi: 10.3390\/children9050651<\/li>\n<li>Horv\u00e1th O, R\u00e1cz K, Jakus N, Kegye A, Heged\u0171s K: A hospice-palliat\u00edv ell\u00e1t\u00e1s hat\u00e9kony integr\u00e1l\u00e1sa a hazai\u00a0onkol\u00f3giai \u00e9s a csal\u00e1dorvosi gyakorlatba. Orvosi Hetilap, 2022;163(38): 1520-1527<strong>.<\/strong><\/li>\n<li>Kegye A, Czegl\u00e9di E, Zana \u00c1, Csikai E, Heged\u0171s K: Influential factors of well-being among Hungarian female hospice workers examined through structural equation modeling. Health &amp; Social Care in the Community, 22 March, 2020; DOI: 10.1111\/hsc.12980<\/li>\n<li>Zana \u00c1, Kegye A, Czegl\u00e9di E, Heged\u0171s K: Differences in well-being and fear of death among female hospice employees and volunteers in Hungary. BMC Palliative Care, 19, Article\u00a0number:\u00a058 (2020) DOI https:\/\/doi.org\/10.1186\/s12904-020-00550-z\u00a0<\/li>\n<\/ol>\n<p>&nbsp;<\/p>\n","protected":false},"excerpt":{"rendered":"<p>Tanatol\u00f3gia kutat\u00f3csoport Vezet\u0151: Heged\u0171s Katalin, PhD, habil. egyetemi docens E-mail:hegedus.katalin@semmelweis.hu Tagok: Zana \u00c1gnes, PhD, egyetemi docens Kegye Adrienne, PhD, egyetemi adjunktus F\u00f6ldesi Enik\u0151 PhD, egyetemi tan\u00e1rseg\u00e9d Zs\u00e1k \u00c9va, PhD Horv\u00e1th Orsolya PhD hallgat\u00f3 Papp \u00c1gota PhD hallgat\u00f3 Sip\u0151cz Di\u00e1na PhD hallgat\u00f3 Szimon Petra PhD hallgat\u00f3 Vona G\u00e1bor PhD hallgat\u00f3 \u00a0 Kutat\u00e1si ter\u00fclet: A hal\u00e1l, haldokl\u00e1s, &hellip;<\/p>\n","protected":false},"author":110,"featured_media":0,"parent":2059,"menu_order":7,"comment_status":"closed","ping_status":"closed","template":"","meta":{"_acf_changed":false,"footnotes":""},"categories":[],"tags":[],"class_list":["post-2170","page","type-page","status-publish","hentry"],"acf":[],"_links":{"self":[{"href":"https:\/\/semmelweis.hu\/magtud\/wp-json\/wp\/v2\/pages\/2170","targetHints":{"allow":["GET"]}}],"collection":[{"href":"https:\/\/semmelweis.hu\/magtud\/wp-json\/wp\/v2\/pages"}],"about":[{"href":"https:\/\/semmelweis.hu\/magtud\/wp-json\/wp\/v2\/types\/page"}],"author":[{"embeddable":true,"href":"https:\/\/semmelweis.hu\/magtud\/wp-json\/wp\/v2\/users\/110"}],"replies":[{"embeddable":true,"href":"https:\/\/semmelweis.hu\/magtud\/wp-json\/wp\/v2\/comments?post=2170"}],"version-history":[{"count":11,"href":"https:\/\/semmelweis.hu\/magtud\/wp-json\/wp\/v2\/pages\/2170\/revisions"}],"predecessor-version":[{"id":12948,"href":"https:\/\/semmelweis.hu\/magtud\/wp-json\/wp\/v2\/pages\/2170\/revisions\/12948"}],"up":[{"embeddable":true,"href":"https:\/\/semmelweis.hu\/magtud\/wp-json\/wp\/v2\/pages\/2059"}],"wp:attachment":[{"href":"https:\/\/semmelweis.hu\/magtud\/wp-json\/wp\/v2\/media?parent=2170"}],"wp:term":[{"taxonomy":"category","embeddable":true,"href":"https:\/\/semmelweis.hu\/magtud\/wp-json\/wp\/v2\/categories?post=2170"},{"taxonomy":"post_tag","embeddable":true,"href":"https:\/\/semmelweis.hu\/magtud\/wp-json\/wp\/v2\/tags?post=2170"}],"curies":[{"name":"wp","href":"https:\/\/api.w.org\/{rel}","templated":true}]}}