{"id":2169,"date":"2017-11-13T00:00:00","date_gmt":"2017-11-12T23:00:00","guid":{"rendered":"http:\/\/semmelweis.hu\/magtud\/70-reprodukcios-nehezsegek-meddoseg-kutatocsoport\/"},"modified":"2020-09-14T14:36:13","modified_gmt":"2020-09-14T12:36:13","slug":"reprodukcios-nehezsegek-meddoseg-kutatocsoport","status":"publish","type":"page","link":"https:\/\/semmelweis.hu\/magtud\/kutatas\/kutatasi-teruletek\/reprodukcios-nehezsegek-meddoseg-kutatocsoport\/","title":{"rendered":"Reprodukci\u00f3s neh\u00e9zs\u00e9gek\/medd\u0151s\u00e9g kutat\u00f3csoport"},"content":{"rendered":"<p><strong>\u00a0T\u00e9ma: <\/strong>Reprodukci\u00f3s neh\u00e9zs\u00e9gek\/medd\u0151s\u00e9g \u00e9s a stressz \u00f6sszef\u00fcgg\u00e9sei.<\/p>\n<p><strong>\u00a0T\u00e9mavezet\u0151:<\/strong> Balog Piroska<\/p>\n<p>E-mail: <img decoding=\"async\" src=\"\/magtud\/files\/2017\/11\/baoig_piroska.png\" height=\"30\" \/><\/p>\n<p><em>\u00a0<\/em><strong>Munkacsoport tagjai: <\/strong><\/p>\n<p>Int\u00e9zeti munkat\u00e1rsak: Lakatos Enik\u0151 (PhD hallgat\u00f3), \u00c1d\u00e1m Szilvia<\/p>\n<p>K\u00fcls\u0151 munkat\u00e1rsak: Cserepes R\u00e9ka Eszter<\/p>\n<p>&nbsp;<\/p>\n<p><strong>A kutat\u00e1s c\u00e9lja <\/strong><\/p>\n<p style=\"text-align: justify\">Kutat\u00e1sunk sor\u00e1n a reprodukci\u00f3s neh\u00e9zs\u00e9gek pszichoszoci\u00e1lis rizik\u00f3t\u00e9nyez\u0151it vizsg\u00e1ljuk. Tervezz\u00fck a nemzetk\u00f6zileg alkalmazott Fertility Problem Inventory k\u00e9rd\u0151\u00edv magyar n\u00e9pess\u00e9gen t\u00f6rt\u00e9n\u0151 valid\u00e1l\u00e1s\u00e1t \u00e9s standardiz\u00e1l\u00e1s\u00e1t. Az alkalmazni k\u00edv\u00e1nt k\u00e9rd\u0151\u00edvcsomag a Fertility Problem Inventory k\u00e9rd\u0151\u00edv mellett a pszichol\u00f3giai eg\u00e9szs\u00e9gi \u00e1llapot felm\u00e9r\u00e9s\u00e9t vizsg\u00e1l\u00f3, magyar popul\u00e1ci\u00f3n adapt\u00e1lt k\u00e9rd\u0151\u00edveket tartalmaz, valamint a testi eg\u00e9szs\u00e9gi \u00e1llapottal \u00e9s \u00e9letm\u00f3ddal kapcsolatos k\u00e9rd\u00e9seket. A vizsg\u00e1latban budapesti reprodukci\u00f3s k\u00f6zpontok \u00e9s a Semmelweis Egyetem Sz\u00fcl\u00e9szeti \u00e9s N\u0151gy\u00f3gy\u00e1szati Klinik\u00e1inak p\u00e1cienseivel, valamint k\u00e9t honlap olvas\u00f3ival tervez\u00fcnk egy\u00fcttm\u0171k\u00f6dni.<\/p>\n<p><strong>\u00a0<\/strong><\/p>\n<p><strong>A t\u00e9m\u00e1hoz kapcsol\u00f3d\u00f3 kutat\u00e1si terv beny\u00fajtva az Etikai Bizotts\u00e1ghoz.<\/strong><\/p>\n<p><strong>\u00a0A t\u00e9m\u00e1hoz kapcsol\u00f3d\u00f3 publik\u00e1ci\u00f3k: <\/strong><\/p>\n<p>Lakatos Enik\u0151, Szigeti, F. Judit, Balog Piroska: A term\u00e9kenys\u00e9gi probl\u00e9m\u00e1k\/medd\u0151s\u00e9g bio-pszichoszoci\u00e1lis szeml\u00e9lete\u00a0 KAPOCS I. : 1. pp. 31-32. , 2 p. (2018)<\/p>\n<p>Lakatos, E, Szigeti, JF, Ujma, PP, Sexty, R, Balog, P: Anxiety and depression among infertile women: a cross-sectional survey from Hungary BMC WOMENS HEALTH 17 : 1 Paper: 48 , 9 p. (2017) <em>(34 f\u00fcggetlen id\u00e9z\u0151, Semmelweis publik\u00e1ci\u00f3s d\u00edj!<br \/>\n<\/em>https:\/\/bmcwomenshealth.biomedcentral.com\/articles\/10.1186\/s12905-017-0410-2<em><br \/>\n<\/em><\/p>\n<p>Lakatos Enik\u0151, Szab\u00f3 G\u00e1bor, Szigeti, F Judit, Balog, Piroska: A pszich\u00e9s j\u00f3ll\u00e9t, az \u00e9letm\u00f3d \u00e9s a term\u00e9kenys\u00e9g \u00f6sszef\u00fcgg\u00e9sei. ORVOSI HETILAP 156 : 12 pp. 483-492. , 10 p. (2015)<br \/>\n(2015) https:\/\/akademiai.com\/doi\/10.1556\/OH.2015.30104<\/p>\n<p>Lakatos, Enik\u0151 ; P\u00e1pay, Nikolett ; \u00c1d\u00e1m, Szilvia ; Balog, Piroska: Paradigm\u00e1k a medd\u0151s\u00e9g \u00e9rtelmez\u00e9s\u00e9ben. PSZICHOL\u00d3GIA (MTA PSZICHOL\u00d3GIAI INT\u00c9ZET) 34 : 3 pp. 261-287., 27 p. (2014) https:\/\/akademiai.com\/doi\/abs\/10.1556\/Pszicho.34.2014.3.4<\/p>\n<p>R\u00e9ka Eszter Cserepes, J\u00e1nos Koll\u00e1r,Tam\u00e1s S\u00e1py,Tewes Wischmann, Antal Bug\u00e1n. Effects of gender roles, child wish motives, subjective well-being, and marital adjustment on infertility-related stress: a preliminary study with a Hungarian sample of involuntary childless men and women. Archives of Gynecology and Obstetrics. Volume 288, Issue 4, pp 925\u2013932. (2013). https:\/\/link.springer.com\/article\/10.1007\/s00404-013-2835-7<\/p>\n","protected":false},"excerpt":{"rendered":"<p>\u00a0T\u00e9ma: Reprodukci\u00f3s neh\u00e9zs\u00e9gek\/medd\u0151s\u00e9g \u00e9s a stressz \u00f6sszef\u00fcgg\u00e9sei. \u00a0T\u00e9mavezet\u0151: Balog Piroska E-mail: \u00a0Munkacsoport tagjai: Int\u00e9zeti munkat\u00e1rsak: Lakatos Enik\u0151 (PhD hallgat\u00f3), \u00c1d\u00e1m Szilvia K\u00fcls\u0151 munkat\u00e1rsak: Cserepes R\u00e9ka Eszter &nbsp; A kutat\u00e1s c\u00e9lja Kutat\u00e1sunk sor\u00e1n a reprodukci\u00f3s neh\u00e9zs\u00e9gek pszichoszoci\u00e1lis rizik\u00f3t\u00e9nyez\u0151it vizsg\u00e1ljuk. Tervezz\u00fck a nemzetk\u00f6zileg alkalmazott Fertility Problem Inventory k\u00e9rd\u0151\u00edv magyar n\u00e9pess\u00e9gen t\u00f6rt\u00e9n\u0151 valid\u00e1l\u00e1s\u00e1t \u00e9s standardiz\u00e1l\u00e1s\u00e1t. Az alkalmazni k\u00edv\u00e1nt &hellip;<\/p>\n","protected":false},"author":110,"featured_media":0,"parent":2059,"menu_order":12,"comment_status":"closed","ping_status":"closed","template":"","meta":{"_acf_changed":false,"footnotes":""},"categories":[],"tags":[],"class_list":["post-2169","page","type-page","status-publish","hentry"],"acf":[],"_links":{"self":[{"href":"https:\/\/semmelweis.hu\/magtud\/wp-json\/wp\/v2\/pages\/2169","targetHints":{"allow":["GET"]}}],"collection":[{"href":"https:\/\/semmelweis.hu\/magtud\/wp-json\/wp\/v2\/pages"}],"about":[{"href":"https:\/\/semmelweis.hu\/magtud\/wp-json\/wp\/v2\/types\/page"}],"author":[{"embeddable":true,"href":"https:\/\/semmelweis.hu\/magtud\/wp-json\/wp\/v2\/users\/110"}],"replies":[{"embeddable":true,"href":"https:\/\/semmelweis.hu\/magtud\/wp-json\/wp\/v2\/comments?post=2169"}],"version-history":[{"count":6,"href":"https:\/\/semmelweis.hu\/magtud\/wp-json\/wp\/v2\/pages\/2169\/revisions"}],"predecessor-version":[{"id":9122,"href":"https:\/\/semmelweis.hu\/magtud\/wp-json\/wp\/v2\/pages\/2169\/revisions\/9122"}],"up":[{"embeddable":true,"href":"https:\/\/semmelweis.hu\/magtud\/wp-json\/wp\/v2\/pages\/2059"}],"wp:attachment":[{"href":"https:\/\/semmelweis.hu\/magtud\/wp-json\/wp\/v2\/media?parent=2169"}],"wp:term":[{"taxonomy":"category","embeddable":true,"href":"https:\/\/semmelweis.hu\/magtud\/wp-json\/wp\/v2\/categories?post=2169"},{"taxonomy":"post_tag","embeddable":true,"href":"https:\/\/semmelweis.hu\/magtud\/wp-json\/wp\/v2\/tags?post=2169"}],"curies":[{"name":"wp","href":"https:\/\/api.w.org\/{rel}","templated":true}]}}