{"id":2163,"date":"2017-11-13T00:00:00","date_gmt":"2017-11-12T23:00:00","guid":{"rendered":"http:\/\/semmelweis.hu\/magtud\/73-kutatocsoport-a-depresszio-es-oengyilkossag-megelozeseert\/"},"modified":"2025-01-22T12:54:32","modified_gmt":"2025-01-22T11:54:32","slug":"kutatocsoport-a-depresszio-es-oengyilkossag-megelozeseert","status":"publish","type":"page","link":"https:\/\/semmelweis.hu\/magtud\/kutatas\/kutatasi-teruletek\/kutatocsoport-a-depresszio-es-oengyilkossag-megelozeseert\/","title":{"rendered":"Kutat\u00f3csoport a depresszi\u00f3 \u00e9s \u00f6ngyilkoss\u00e1g megel\u0151z\u00e9s\u00e9\u00e9rt"},"content":{"rendered":"<p>Vezet\u0151: Dr. Purebl Gy\u00f6rgy, Ph.D., egyetemi tan\u00e1r<\/p>\n<p>E-mail:<img loading=\"lazy\" decoding=\"async\" class=\"pull-center\" src=\"\/magtud\/files\/2017\/11\/email\/dsprg.png\" width=\"181\" height=\"30\" \/><\/p>\n<p>Tagok:<br \/>\nBirk\u00e1s Emma, PhD, egyetemi adjunktus<br \/>\nSz\u00e9kely Andr\u00e1s, \u00e1lland\u00f3 k\u00fcls\u0151 munkat\u00e1rs<br \/>\nT\u00f3th M\u00f3nika Ditta, PhD, egyetemi adjunktus<br \/>\nVarga Anna, PhD hallgat\u00f3<br \/>\nIhionvien Sarah, TDK hallgat\u00f3<\/p>\n<p><strong>Kutat\u00e1si ter\u00fclet:<br \/>\n<\/strong>Az \u00f6ngyilkoss\u00e1gi k\u00eds\u00e9rletek h\u00e1tter\u00e9ben megh\u00faz\u00f3d\u00f3 akut pszichoszoci\u00e1lis stresszorok felt\u00e1r\u00e1sa.<br \/>\nDepresszi\u00f3 \u00e9s \u00f6ngyilkoss\u00e1g megel\u0151z\u0151 programok hat\u00e9konys\u00e1gvizsg\u00e1lata.<br \/>\nDepresszi\u00f3 \u00e9s \u00f6ngyilkoss\u00e1g megel\u0151z\u0151 programok fejleszt\u00e9se.<\/p>\n<p><strong>A legfontosabb k\u00f6zlem\u00e9nyek:<\/strong><\/p>\n<p>Varga, A, Czegl\u00e9di, E, T\u00f3th, M.D., Purebl, G: <a href=\"https:\/\/m2.mtmt.hu\/gui2\/?mode=browse&amp;params=publication;32780921\">Effectiveness of iFightDepression\u00ae online guided self-help tool in depression \u2013 A pilot study<\/a>. JOURNAL OF TELEMEDICINE AND TELECARE Paper: In press (2022)<\/p>\n<p>Arensman, Ella; O&#8217;Connor, Cliodhna; Leduc, Caleb; Griffin, Eve; Cully, Grace; N\u00ed Dh\u00e1laigh, Doireann; Holland, Carolyn; Van Audenhove, Chantal; Coppens, Evelien; Tsantila, Fotini et al. <a href=\"https:\/\/m2.mtmt.hu\/gui2\/?mode=browse&amp;params=publication;32583400\">Mental Health Promotion and Intervention in Occupational Settings: Protocol for a Pilot Study of the MENTUPP Intervention<\/a>. INTERNATIONAL JOURNAL OF ENVIRONMENTAL RESEARCH AND PUBLIC HEALTH 19 : 2 Paper: 947 , 21 p. (2022)<\/p>\n<p>Hogg, Bridget ; Medina, Joan Carles ; Gardoki-Souto, Itxaso ; Serbanescu, Ilinca ; Moreno-Alc\u00e1zar, Ana ; Cerga-Pashoja, Arlinda ; Coppens, Evelien ; <a href=\"https:\/\/m2.mtmt.hu\/gui2\/?type=authors&amp;mode=browse&amp;sel=10032105\">T\u00f3th, M\u00f3nika Ditta<\/a> ; Fanaj, Naim ; Greiner, Birgit A. et al.: <a href=\"https:\/\/m2.mtmt.hu\/gui2\/?mode=browse&amp;params=publication;32048421\">Workplace interventions to reduce depression and anxiety in small and medium-sized enterprises: A systematic review<\/a>. JOURNAL OF AFFECTIVE DISORDERS 290 pp. 378-386. , 9 p. (2021)<\/p>\n<p>Horv\u00e1th, Orsolya N., T\u00f3th, M\u00f3nika Ditta, \u00c1d\u00e1m, Szilvia, Purebl, Gy\u00f6rgy: <a href=\"https:\/\/m2.mtmt.hu\/gui2\/?mode=browse&amp;params=publication;31150461\">Factors associated with serious intent to die among suicide attempters in Hungary<\/a>. INTERNATIONAL JOURNAL OF MENTAL HEALTH NURSING 29 : 4 pp. 632-638. , 7 p. (2020)<\/p>\n<p>Hegerl, Ulrich; Maxwell, Margaret; Harris, Fiona; Koburger, Nicole; Mergl, Roland; Sz\u00e9kely, Andr\u00e1s; Arensman, Ella; Van Audenhove, Chantal; Larkin, Celine; T\u00f3th, M\u00f3nika Ditta et al.: <a href=\"https:\/\/m2.mtmt.hu\/gui2\/?mode=browse&amp;params=publication;30931430\">Prevention of suicidal behaviour: Results of a controlled community-based intervention study in four European countries<\/a>. PLOS ONE 14 : 11 Paper: e0224602 , 26 p. (2019)<\/p>\n<p>&nbsp;<\/p>\n","protected":false},"excerpt":{"rendered":"<p>Vezet\u0151: Dr. Purebl Gy\u00f6rgy, Ph.D., egyetemi tan\u00e1r E-mail: Tagok: Birk\u00e1s Emma, PhD, egyetemi adjunktus Sz\u00e9kely Andr\u00e1s, \u00e1lland\u00f3 k\u00fcls\u0151 munkat\u00e1rs T\u00f3th M\u00f3nika Ditta, PhD, egyetemi adjunktus Varga Anna, PhD hallgat\u00f3 Ihionvien Sarah, TDK hallgat\u00f3 Kutat\u00e1si ter\u00fclet: Az \u00f6ngyilkoss\u00e1gi k\u00eds\u00e9rletek h\u00e1tter\u00e9ben megh\u00faz\u00f3d\u00f3 akut pszichoszoci\u00e1lis stresszorok felt\u00e1r\u00e1sa. Depresszi\u00f3 \u00e9s \u00f6ngyilkoss\u00e1g megel\u0151z\u0151 programok hat\u00e9konys\u00e1gvizsg\u00e1lata. Depresszi\u00f3 \u00e9s \u00f6ngyilkoss\u00e1g megel\u0151z\u0151 programok &hellip;<\/p>\n","protected":false},"author":110,"featured_media":0,"parent":2059,"menu_order":3,"comment_status":"closed","ping_status":"closed","template":"","meta":{"_acf_changed":false,"footnotes":""},"categories":[],"tags":[],"class_list":["post-2163","page","type-page","status-publish","hentry"],"acf":[],"_links":{"self":[{"href":"https:\/\/semmelweis.hu\/magtud\/wp-json\/wp\/v2\/pages\/2163","targetHints":{"allow":["GET"]}}],"collection":[{"href":"https:\/\/semmelweis.hu\/magtud\/wp-json\/wp\/v2\/pages"}],"about":[{"href":"https:\/\/semmelweis.hu\/magtud\/wp-json\/wp\/v2\/types\/page"}],"author":[{"embeddable":true,"href":"https:\/\/semmelweis.hu\/magtud\/wp-json\/wp\/v2\/users\/110"}],"replies":[{"embeddable":true,"href":"https:\/\/semmelweis.hu\/magtud\/wp-json\/wp\/v2\/comments?post=2163"}],"version-history":[{"count":11,"href":"https:\/\/semmelweis.hu\/magtud\/wp-json\/wp\/v2\/pages\/2163\/revisions"}],"predecessor-version":[{"id":12731,"href":"https:\/\/semmelweis.hu\/magtud\/wp-json\/wp\/v2\/pages\/2163\/revisions\/12731"}],"up":[{"embeddable":true,"href":"https:\/\/semmelweis.hu\/magtud\/wp-json\/wp\/v2\/pages\/2059"}],"wp:attachment":[{"href":"https:\/\/semmelweis.hu\/magtud\/wp-json\/wp\/v2\/media?parent=2163"}],"wp:term":[{"taxonomy":"category","embeddable":true,"href":"https:\/\/semmelweis.hu\/magtud\/wp-json\/wp\/v2\/categories?post=2163"},{"taxonomy":"post_tag","embeddable":true,"href":"https:\/\/semmelweis.hu\/magtud\/wp-json\/wp\/v2\/tags?post=2163"}],"curies":[{"name":"wp","href":"https:\/\/api.w.org\/{rel}","templated":true}]}}