{"id":2162,"date":"2017-11-13T00:00:00","date_gmt":"2017-11-12T23:00:00","guid":{"rendered":"http:\/\/semmelweis.hu\/magtud\/62-eveszavar-kutatocsoport\/"},"modified":"2026-04-10T12:35:15","modified_gmt":"2026-04-10T10:35:15","slug":"eveszavar-kutatocsoport","status":"publish","type":"page","link":"https:\/\/semmelweis.hu\/magtud\/kutatas\/kutatasi-teruletek\/eveszavar-kutatocsoport\/","title":{"rendered":"Ev\u00e9szavar kutat\u00f3csoport"},"content":{"rendered":"<p>Vezet\u0151: Prof. Dr. Purebl Gy\u00f6rgy, egyetemi tan\u00e1r<\/p>\n<p>E-mail: <a href=\"mailto:purebl.gyorgy@semmelweis.hu\">purebl.gyorgy@semmelweis.hu<\/a><\/p>\n<p>&nbsp;<\/p>\n<p>Tagok:<\/p>\n<p>Bai-Nagy Katalin, pszichi\u00e1ter \u00e9s pszichoterapeuta szakorvos<\/p>\n<p>Babusa Bernadett, PhD, klinikai szakpszichol\u00f3gus<\/p>\n<p>Bog\u00e1r Nikolett, PhD, gy\u00f3gyszer\u00e9sz<\/p>\n<p>Fodorn\u00e9 Mezei \u00c1gnes, PhD hallgat\u00f3, klinikai szakpszichol\u00f3gus<\/p>\n<p>G\u00e1ti-Fekete Kata, pszichi\u00e1ter szakorvos<\/p>\n<p>Szalai Tam\u00e1s, PhD, egyetemi adjunktus, klinikai szakpszichol\u00f3gus<\/p>\n<p>T\u00fary Ferenc, PhD, pszichi\u00e1ter \u00e9s pszichoterapeuta szakorvos<\/p>\n<p>&nbsp;<\/p>\n<p>Kutat\u00e1si ter\u00fclet<\/p>\n<p>Az ev\u00e9s- \u00e9s testk\u00e9pzavarok klasszikus \u00e9s \u00faj form\u00e1inak (anorexia, bulimia, fal\u00e1szavar, orthorexia, ARFID, testdiszmorfi\u00e1s zavar, izomdiszmorfia stb.) kutat\u00e1sa &#8211; az epidemiol\u00f3gi\u00e1t\u00f3l, etiol\u00f3gi\u00e1t\u00f3l a prevenci\u00f3s \u00e9s intervenci\u00f3s m\u00f3dszerek tesztel\u00e9s\u00e9n \u00e1t, a klinikai megfigyel\u00e9sek \u00e9s modern, virtu\u00e1lis eszk\u00f6zt\u00e1r alkalmaz\u00e1s\u00e1nak integr\u00e1l\u00e1s\u00e1ig.<\/p>\n<p>&nbsp;<\/p>\n<p>Fontosabb k\u00f6zlem\u00e9nyek:<\/p>\n<p>Babusa B., Czegl\u00e9di E., Mayville, S.B., T\u00fary F., Urb\u00e1n R.: Differentiating the levels of risk for muscle dysmorphia among Hungarian male weightlifters: a factor mixture modeling approach. Body Image 12:14-21, 2015.<\/p>\n<p>Mezei \u00c1., G\u00fcle\u00e7, H., Czegl\u00e9di E., Fritz A., T\u00fary F.: Linguistic characteristics of patients with bulimic symptomatology in an online post-treatment program. Eating and Weight Disorders, 2014. DOI: 10.1007\/s40519-014-0136-1.<\/p>\n<p>Szab\u00f3 K., Czegl\u00e9di E., Babusa B., Szumska, I., T\u00fary F., Bauer, S.: The European initiative ProYouth for the promotion of mental health and the prevention of eating disorders \u2013 screening results. European Eating Disorders Review 2015, DOI: 10.1002\/erv.2345.<\/p>\n<p>Papp I., Urb\u00e1n R., Czegl\u00e9di E., Babusa B., T\u00fary F.: Testing the Tripartite Influence Model of body image and eating disturbance among Hungarian adolescents. Body Image 10:232-242, 2013.\u00a0<\/p>\n<p>Szalai, T.D., Czegl\u00e9di, E., Vargha, A., Grezsa, F. (2017). Parental attachment and body satisfaction in adolescence. Journal of Child and Family Studies, 26(4), 1007-1017.<\/p>\n<p>T\u00fary F., Szumska I., Szalai T.D. (2019). Compulsory treatment in eating disorders \u2013 the role of control and provocation. The coercion paradox. Journal of Clinical Psychology, 75, 1444-1454.<\/p>\n","protected":false},"excerpt":{"rendered":"<p>Vezet\u0151: Prof. Dr. Purebl Gy\u00f6rgy, egyetemi tan\u00e1r E-mail: <a href=\"mailto:purebl.gyorgy@semmelweis.hu\">purebl.gyorgy@semmelweis.hu<\/a> &nbsp; Tagok: Bai-Nagy Katalin, pszichi\u00e1ter \u00e9s pszichoterapeuta szakorvos Babusa Bernadett, PhD, klinikai szakpszichol\u00f3gus Bog\u00e1r Nikolett, PhD, gy\u00f3gyszer\u00e9sz Fodorn\u00e9 Mezei \u00c1gnes, PhD hallgat\u00f3, klinikai szakpszichol\u00f3gus G\u00e1ti-Fekete Kata, pszichi\u00e1ter szakorvos Szalai Tam\u00e1s, PhD, egyetemi adjunktus, klinikai szakpszichol\u00f3gus T\u00fary Ferenc, PhD, pszichi\u00e1ter \u00e9s pszichoterapeuta szakorvos &nbsp; Kutat\u00e1si ter\u00fclet Az ev\u00e9s- &hellip;<\/p>\n","protected":false},"author":110,"featured_media":0,"parent":2059,"menu_order":2,"comment_status":"closed","ping_status":"closed","template":"","meta":{"_acf_changed":false,"footnotes":""},"categories":[],"tags":[],"class_list":["post-2162","page","type-page","status-publish","hentry"],"acf":[],"_links":{"self":[{"href":"https:\/\/semmelweis.hu\/magtud\/wp-json\/wp\/v2\/pages\/2162","targetHints":{"allow":["GET"]}}],"collection":[{"href":"https:\/\/semmelweis.hu\/magtud\/wp-json\/wp\/v2\/pages"}],"about":[{"href":"https:\/\/semmelweis.hu\/magtud\/wp-json\/wp\/v2\/types\/page"}],"author":[{"embeddable":true,"href":"https:\/\/semmelweis.hu\/magtud\/wp-json\/wp\/v2\/users\/110"}],"replies":[{"embeddable":true,"href":"https:\/\/semmelweis.hu\/magtud\/wp-json\/wp\/v2\/comments?post=2162"}],"version-history":[{"count":10,"href":"https:\/\/semmelweis.hu\/magtud\/wp-json\/wp\/v2\/pages\/2162\/revisions"}],"predecessor-version":[{"id":13457,"href":"https:\/\/semmelweis.hu\/magtud\/wp-json\/wp\/v2\/pages\/2162\/revisions\/13457"}],"up":[{"embeddable":true,"href":"https:\/\/semmelweis.hu\/magtud\/wp-json\/wp\/v2\/pages\/2059"}],"wp:attachment":[{"href":"https:\/\/semmelweis.hu\/magtud\/wp-json\/wp\/v2\/media?parent=2162"}],"wp:term":[{"taxonomy":"category","embeddable":true,"href":"https:\/\/semmelweis.hu\/magtud\/wp-json\/wp\/v2\/categories?post=2162"},{"taxonomy":"post_tag","embeddable":true,"href":"https:\/\/semmelweis.hu\/magtud\/wp-json\/wp\/v2\/tags?post=2162"}],"curies":[{"name":"wp","href":"https:\/\/api.w.org\/{rel}","templated":true}]}}