{"id":2110,"date":"2017-11-13T00:00:00","date_gmt":"2017-11-12T23:00:00","guid":{"rendered":"http:\/\/semmelweis.hu\/magtud\/82-temavezetoink-es-kutatasi-terueleteik\/"},"modified":"2025-09-08T14:20:07","modified_gmt":"2025-09-08T12:20:07","slug":"temavezetoink-es-kutatasi-terueleteik","status":"publish","type":"page","link":"https:\/\/semmelweis.hu\/magtud\/phd\/phd-program\/temavezetoink-es-kutatasi-terueleteik\/","title":{"rendered":"T\u00e9mavezet\u0151ink \u00e9s kutat\u00e1si ter\u00fcleteik"},"content":{"rendered":"<p><a href=\"https:\/\/semmelweis.hu\/magtud\/files\/2025\/09\/4-2-Temak-Temavezetok_Int_honlapra.pdf\">PhD t\u00e9mavezet\u0151k \u00e9s kutat\u00e1si ter\u00fcletek<\/a><\/p>\n<p>&nbsp;<\/p>\n","protected":false},"excerpt":{"rendered":"<p><a href=\"https:\/\/semmelweis.hu\/magtud\/files\/2025\/09\/4-2-Temak-Temavezetok_Int_honlapra.pdf\">PhD t\u00e9mavezet\u0151k \u00e9s kutat\u00e1si ter\u00fcletek<\/a><br \/>\n&nbsp;<\/p>\n","protected":false},"author":101265,"featured_media":0,"parent":4282,"menu_order":4,"comment_status":"closed","ping_status":"closed","template":"","meta":{"_acf_changed":false,"footnotes":""},"categories":[],"tags":[],"class_list":["post-2110","page","type-page","status-publish","hentry"],"acf":[],"_links":{"self":[{"href":"https:\/\/semmelweis.hu\/magtud\/wp-json\/wp\/v2\/pages\/2110","targetHints":{"allow":["GET"]}}],"collection":[{"href":"https:\/\/semmelweis.hu\/magtud\/wp-json\/wp\/v2\/pages"}],"about":[{"href":"https:\/\/semmelweis.hu\/magtud\/wp-json\/wp\/v2\/types\/page"}],"author":[{"embeddable":true,"href":"https:\/\/semmelweis.hu\/magtud\/wp-json\/wp\/v2\/users\/101265"}],"replies":[{"embeddable":true,"href":"https:\/\/semmelweis.hu\/magtud\/wp-json\/wp\/v2\/comments?post=2110"}],"version-history":[{"count":10,"href":"https:\/\/semmelweis.hu\/magtud\/wp-json\/wp\/v2\/pages\/2110\/revisions"}],"predecessor-version":[{"id":13002,"href":"https:\/\/semmelweis.hu\/magtud\/wp-json\/wp\/v2\/pages\/2110\/revisions\/13002"}],"up":[{"embeddable":true,"href":"https:\/\/semmelweis.hu\/magtud\/wp-json\/wp\/v2\/pages\/4282"}],"wp:attachment":[{"href":"https:\/\/semmelweis.hu\/magtud\/wp-json\/wp\/v2\/media?parent=2110"}],"wp:term":[{"taxonomy":"category","embeddable":true,"href":"https:\/\/semmelweis.hu\/magtud\/wp-json\/wp\/v2\/categories?post=2110"},{"taxonomy":"post_tag","embeddable":true,"href":"https:\/\/semmelweis.hu\/magtud\/wp-json\/wp\/v2\/tags?post=2110"}],"curies":[{"name":"wp","href":"https:\/\/api.w.org\/{rel}","templated":true}]}}