{"id":2063,"date":"2017-11-13T00:00:00","date_gmt":"2017-11-12T23:00:00","guid":{"rendered":"http:\/\/semmelweis.hu\/magtud\/szakrendelo\/"},"modified":"2025-12-10T13:08:23","modified_gmt":"2025-12-10T12:08:23","slug":"szakrendelo","status":"publish","type":"page","link":"https:\/\/semmelweis.hu\/magtud\/gyogyitas\/szakrendelo\/","title":{"rendered":"Szakrendel\u0151"},"content":{"rendered":"<div class=\"keretes w-100\">\n<h4><strong>PSZICHOSZOMATIKUS\u00a0 SZAKRENDEL\u0150<br \/>\n<\/strong>MAGATART\u00c1STUDOM\u00c1NYI INT\u00c9ZET, SEMMELWEIS\u00a0 EGYETEM<\/h4>\n<p><strong>Int\u00e9zm\u00e9nyvezet\u0151:<\/strong>\u00a0Dr. Purebl Gy\u00f6rgy<br \/>\n<strong>C\u00edm:<\/strong> 1089 Budapest, Nagyv\u00e1rad t\u00e9r 4. Fsz. 15-18.<br \/>\n<strong>Telefon:<\/strong> +36-1 459-1500 \/56565 mell\u00e9k<br \/>\n<strong>E-mail<\/strong>: szakrendelo.magatartastudomany@semmelweis.hu<\/p>\n<\/div>\n<h4><strong>A Pszichoszomatikus Szakrendel\u0151 profilja:<\/strong><\/h4>\n<ul>\n<li><strong>Ev\u00e9s- \u00e9s testk\u00e9pzavarok:<\/strong>\u00a0anorexia, bulimia, fal\u00e1szavar, eg\u00e9szs\u00e9ges \u00e9tkez\u00e9s zavar stb. Olyan ev\u00e9s- \u00e9s testk\u00e9pzavaros betegek kezel\u00e9s\u00e9t tudjuk v\u00e1llalni, akik nem szorulnak k\u00f3rh\u00e1zi kezel\u00e9sre, vagyis tests\u00falyuk nem cs\u00f6kken egy kritikus \u00e9rt\u00e9k al\u00e1, \u00e9s nem \u00e1ll fenn eset\u00fckben az \u00f6ns\u00e9rt\u0151 magatart\u00e1s vagy annak kock\u00e1zata.<\/li>\n<li><strong>Egyes speci\u00e1lis alv\u00e1szavarok:<\/strong>\u00a0alvaj\u00e1r\u00e1s \u00e9s furcsa \u00e9jszakai viselked\u00e9sek, r\u00e9m\u00e1lom zavarok, valamint olyan \u00e1lmatlans\u00e1g (inszomnia) \u00e9s a napszaki ritmus zavarai, amelyek nem m\u00e1s betegs\u00e9g t\u00fcnetek\u00e9nt jelennek meg. Az \u00e1lmatlans\u00e1gok jelent\u0151s r\u00e9sz\u00e9ben az alv\u00e1szavart m\u00e1s betegs\u00e9g okozza (pl. hangulatzavar, szorong\u00e1sos zavar, vagy m\u00e1s testi vagy lelki betegs\u00e9g), az alv\u00e1szavar csak t\u00fcnet. Ebben az esetben az alapbetegs\u00e9get kell kezelni, hogy az alv\u00e1si panaszok elm\u00faljanak, \u00e9s mivel ez nem tartozik a profilunkba, ilyen eseteket nem tudunk v\u00e1llalni.\u00a0 Ez\u00e9rt ha \u00d6nnek alv\u00e1si panaszai mellett m\u00e1s probl\u00e9m\u00e1i is vannak (pl. rossz a hangulata), esetleg kezelik m\u00e1r valamilyen betegs\u00e9ggel m\u00e1shol, forduljon kezel\u0151orvos\u00e1hoz vagy h\u00e1ziorvos\u00e1hoz.<\/li>\n<li><strong>Egyes szexu\u00e1lis zavarok<\/strong>\u00a0(f\u00e9rfiakn\u00e1l: mereved\u00e9si zavar, korai mag\u00f6ml\u00e9s, n\u0151kn\u00e9l: a k\u00f6z\u00f6s\u00fcl\u00e9s f\u00e1jdalmass\u00e1ga, orgazmuszavar, mindk\u00e9t nemn\u00e9l: a szexu\u00e1lis v\u00e1gy cs\u00f6kken\u00e9se vagy hi\u00e1nya). Mivel a szexu\u00e1lis zavarok h\u00e1tter\u00e9ben gyakran \u00e1llnak szervi betegs\u00e9gek, ez\u00e9rt k\u00e9rj\u00fck, hogy a f\u00e9rfiak el\u0151sz\u00f6r urol\u00f3gust, a n\u0151k pedig n\u0151gy\u00f3gy\u00e1szt keressenek fel, s rendel\u00e9s\u00fcnkre akkor jelentkezzenek, ha szervi ok nem indokolja kell\u0151en a szexu\u00e1lis zavart!<\/li>\n<\/ul>\n<p><strong><a href=\"https:\/\/semmelweis.hu\/magtud\/gyogyitas\/terapiak\/\">Ter\u00e1pi\u00e1s kezel\u00e9seink alapelvei \u2192<\/a><\/strong><\/p>\n<h4><strong>Kaphatok-e kezel\u00e9st, ha m\u00e1s probl\u00e9m\u00e1val jelentkezem?<\/strong><\/h4>\n<p>A fentiekt\u0151l elt\u00e9r\u0151 probl\u00e9m\u00e1k eset\u00e9ben m\u00e1s szakrendel\u00e9s vagy fekv\u0151beteg-int\u00e9zet felkeres\u00e9s\u00e9t javasoljuk.<\/p>\n<p>A k\u00f6vetkez\u0151 \u00e1llapotokban szenved\u0151 betegek kezel\u00e9s\u00e9t a Szakrendel\u0151 nem tudja v\u00e1llalni, mert ezekben az esetekben a j\u00e1r\u00f3beteg-ell\u00e1t\u00e1sn\u00e1l intenz\u00edvebb kezel\u00e9sre van sz\u00fcks\u00e9g, vagy speci\u00e1lis ell\u00e1t\u00e1st ig\u00e9nyelnek:<\/p>\n<ul>\n<li>18 \u00e9v alatti \u00e9letkor, mely esetben gyermek- \u00e9s ifj\u00fas\u00e1gpszichi\u00e1triai ell\u00e1t\u00e1s indokolt<\/li>\n<li><strong>Kritikusan alacsony tests\u00faly:\u00a0<\/strong>16,0-n\u00e1l alacsonyabb testt\u00f6megindex (BMI) \u2013 ebben az esetben s\u00fcrg\u0151s belgy\u00f3gy\u00e1szati kezel\u00e9s sz\u00fcks\u00e9ges!<\/li>\n<li>Napi rendszeress\u00e9g\u0171 h\u00e1ny\u00e1s<\/li>\n<li>Sz\u00edvritmuszavar, vagy m\u00e1s s\u00falyos belgy\u00f3gy\u00e1szati komplik\u00e1ci\u00f3<\/li>\n<li>\u00d6ngyilkoss\u00e1gi vesz\u00e9ly<\/li>\n<li>S\u00falyosan \u00f6nk\u00e1ros\u00edt\u00f3 magatart\u00e1s<\/li>\n<li>Szenved\u00e9lybetegs\u00e9g fenn\u00e1ll\u00e1sa (alkoholizmus, drogfogyaszt\u00e1s)<\/li>\n<\/ul>\n<h4><strong>Fordulhatok-e a Szakrendel\u0151h\u00f6z, ha s\u00fcrg\u0151s seg\u00edts\u00e9gre van sz\u00fcks\u00e9gem?<\/strong><\/h4>\n<p>A Pszichoszomatikus Szakrendel\u0151 s\u00fcrg\u0151ss\u00e9gi ell\u00e1t\u00e1st nem tud v\u00e1llalni, ilyen esetekben a h\u00e1ziorvos, vagy a ter\u00fcletileg illet\u00e9kes pszichi\u00e1triai ell\u00e1t\u00e1s felkeres\u00e9s\u00e9t javasoljuk.<\/p>\n<h4><strong>Hogyan jelentkezhetek kezel\u00e9sre?<\/strong><\/h4>\n<p>\u00c1llapotfelm\u00e9r\u0151 els\u0151 interj\u00fara a m\u00e1r-m\u00e1r kezelhetetlen t\u00faljelentkez\u00e9sek miatt <strong>jelenleg csak telefonon adunk el\u0151jegyz\u00e9st<\/strong> ((06\/1) 459-1500\/56565). Minden h\u00f3nap 15-\u00e9n (amennyiben ez munkasz\u00fcneti nap, akkor a k\u00f6vetkez\u0151 munkanapon) reggel 8 \u00f3r\u00e1t\u00f3l adjuk a k\u00f6vetkez\u0151 havi \u00e1llapotfelm\u00e9r\u00e9sekre az el\u0151jegyz\u00e9seket. Sajnos az id\u0151pontok nagyon gyorsan betelnek, de enn\u00e9l hosszabb t\u00e1vra nem \u00e1ll m\u00f3dunkban id\u0151pontot adni.<\/p>\n<h4><strong>\u00a0<\/strong><strong>Mi t\u00f6rt\u00e9nik az \u00e1llapotfelm\u00e9r\u00e9sen?<\/strong><\/h4>\n<p>Az \u00e1llapotfelm\u00e9r\u00e9s sor\u00e1n a vizsg\u00e1l\u00f3 pszichi\u00e1ter szakorvos meghallgatja az \u00d6n panaszait, s ennek alapj\u00e1n m\u00e9rlegeli, hogy probl\u00e9m\u00e1ja a rendel\u0151 profilj\u00e1ba tartoz\u00f3-e, \u00e9s hogy milyen kezel\u00e9sre volna sz\u00fcks\u00e9ge. Ha az \u00d6n probl\u00e9m\u00e1ja nem a szakrendel\u0151 profilj\u00e1ba tartoz\u00f3, vagy \u00e1llapota s\u00fcrg\u0151s ell\u00e1t\u00e1st ig\u00e9nyel, akkor az \u00e1llapotfelm\u00e9r\u00e9st v\u00e9gz\u0151 szakember javaslatot tesz m\u00e1s int\u00e9zm\u00e9ny felkeres\u00e9s\u00e9re. Minden egy\u00e9b esetben a jelentkez\u0151ket szakrendel\u0151nkben pszichoter\u00e1pi\u00e1ra el\u0151jegyezz\u00fck.<\/p>\n<h4><strong>MiLyen kezel\u00e9st ny\u00fajt a szakrendel\u0151?<\/strong><\/h4>\n<p>A szakrendel\u0151 a test \u00e9s a l\u00e9lek egys\u00e9g\u00e9nek szeml\u00e9let\u00e9ben a p\u00e1ciensek sz\u00fcks\u00e9gleteinek megfelel\u0151en pszichoter\u00e1pi\u00e1s \u00e9s esetenk\u00e9nt gy\u00f3gyszeres kezel\u00e9st egyar\u00e1nt v\u00e9gez. Alapvet\u0151en r\u00f6vid ter\u00e1pi\u00e1kat folytatunk (maxim\u00e1lisan 20 \u00fcl\u00e9s), egy\u00e9ni vagy csoportos form\u00e1ban. A ter\u00e1pi\u00e1s \u00fcl\u00e9sek gyakoris\u00e1ga \u00e1ltal\u00e1ban heti 1 alkalom.<\/p>\n<h4><strong>Mi\u00e9rt van sz\u00fcks\u00e9g v\u00e1r\u00f3list\u00e1ra?<\/strong><\/h4>\n<p>A v\u00e1r\u00f3list\u00e1t az teszi sz\u00fcks\u00e9gess\u00e9, hogy az Orsz\u00e1gos Eg\u00e9szs\u00e9gp\u00e9nzt\u00e1r csak bizonyos sz\u00e1m\u00fa kezel\u00e9st tud egy adott id\u0151szakban finansz\u00edrozni, enn\u00e9l azonban j\u00f3val t\u00f6bb beteg jelentkezik hozz\u00e1nk.<\/p>\n<h4><strong>Milyen hossz\u00fa a v\u00e1r\u00f3lista?<\/strong><\/h4>\n<p>A jelentkez\u0151 betegek sz\u00e1m\u00e1t\u00f3l f\u00fcgg\u0151en \u00e1ltal\u00e1ban n\u00e9h\u00e1ny h\u00e9t, vagy ak\u00e1r t\u00f6bb h\u00f3nap is lehet.<\/p>\n<h4><strong>Milyen kezel\u00e9st ny\u00fajt a szakrendel\u0151?<\/strong><\/h4>\n<p>A szakrendel\u0151 a test \u00e9s a l\u00e9lek egys\u00e9g\u00e9nek szeml\u00e9let\u00e9ben a p\u00e1ciensek sz\u00fcks\u00e9gleteinek megfelel\u0151en pszichoter\u00e1pi\u00e1s \u00e9s esetenk\u00e9nt gy\u00f3gyszeres kezel\u00e9st egyar\u00e1nt v\u00e9gez. Alapvet\u0151en r\u00f6vid ter\u00e1pi\u00e1kat folytatunk (maxim\u00e1lisan 20 \u00fcl\u00e9s), egy\u00e9ni vagy csoportos form\u00e1ban. A ter\u00e1pi\u00e1s \u00fcl\u00e9sek gyakoris\u00e1ga \u00e1ltal\u00e1ban heti 1 alkalom. A ter\u00e1pia egyes esetekben sz\u00e1m\u00edt\u00f3g\u00e9pes kapcsolaton kereszt\u00fcl (telemedicina form\u00e1j\u00e1ban) is t\u00f6rt\u00e9nhet.<\/p>\n<h4><strong>RENDEL\u00c9SI ID\u0150K:<\/strong><\/h4>\n<p>Munkat\u00e1rsaink rendel\u00e9si ideje egy\u00e9nenk\u00e9nt v\u00e1ltoz\u00f3, de (ritka kiv\u00e9telekt\u0151l eltekintve) a ter\u00e1pi\u00e1s \u00fcl\u00e9sek munkaid\u0151ben (8-17h k\u00f6z\u00f6tt) folynak!<\/p>\n<p>A 3. pszichoter\u00e1pi\u00e1s \u00fcl\u00e9st k\u00f6vet\u0151en a terapeuta \u00e9s p\u00e1ciens k\u00f6z\u00f6sen fel\u00fclvizsg\u00e1lj\u00e1k a ter\u00e1pi\u00e1t. Amennyiben \u00fagy \u00edt\u00e9lik meg, hogy a szakrendel\u0151 \u00e1ltal ny\u00fajthat\u00f3 ter\u00e1pi\u00e1s lehet\u0151s\u00e9gek nem elegend\u0151ek a p\u00e1ciens probl\u00e9m\u00e1j\u00e1nak megold\u00e1s\u00e1hoz, a terapeuta \u00e1tir\u00e1ny\u00edtja a p\u00e1cienst olyan int\u00e9zm\u00e9nybe, ahol hat\u00e9konyabb kezel\u00e9sre van lehet\u0151s\u00e9g. Minderre az\u00e9rt van sz\u00fcks\u00e9g, mert el\u0151fordulhat, hogy valamilyen, ambulanci\u00e1nk pszichoter\u00e1pi\u00e1s profilj\u00e1t\u00f3l elt\u00e9r\u0151 kezel\u00e9st ig\u00e9nyl\u0151 t\u00e9nyez\u0151 nem der\u00fcl ki a ter\u00e1pia kezdet\u00e9n.<\/p>\n<h4><strong>P\u00c9NZBE KER\u00dcL-E A KEZEL\u00c9S?<\/strong><\/h4>\n<p>A fenti, a NEAK \u00e1ltal finansz\u00edrozott szolg\u00e1ltat\u00e1sok eg\u00e9szs\u00e9gbiztos\u00edt\u00e1ssal rendelkez\u0151 klienseink r\u00e9sz\u00e9re ingyenesek. Biztos\u00edt\u00e1ssal nem rendelkez\u0151 betegeket nem \u00e1ll m\u00f3dunkban ell\u00e1tni, fizet\u0151s ell\u00e1t\u00e1st nem tudunk biztos\u00edtani.<\/p>\n<h4><strong>BIZTOS\u00cdT-E PSZICHOSZOMATIKUS SZAKRENDEL\u0150 FEKV\u0150BETEG-ELL\u00c1T\u00c1ST?<\/strong><\/h4>\n<p>Nem, a Szakrendel\u0151 csak j\u00e1r\u00f3beteg-ell\u00e1t\u00e1st v\u00e9gez.<\/p>\n<h4><strong>GYERMEKEK KEZEL\u00c9S\u00c9T IS V\u00c1LLALJ\u00c1K?<\/strong><\/h4>\n<p>A Szakrendel\u0151 feln\u0151ttek (18 \u00e9vet bet\u00f6lt\u00f6tt) ell\u00e1t\u00e1s\u00e1t v\u00e9gzi.<\/p>\n<h4><strong>MIT TEHETEK, HA NEM TUDOM, VAGY NEM AKAROM KIV\u00c1RNI A V\u00c1R\u00d3LIST\u00c1T, illetve t\u00f6bbsz\u00f6ri pr\u00f3b\u00e1lkoz\u00e1s ut\u00e1n sem tudok id\u0151pontot kapni \u00e1llapotfelm\u00e9r\u00e9sre?<\/strong><\/h4>\n<p>Amennyiben a NEAK \u00e1ltal finansz\u00edrozott kezel\u00e9st szeretne, de \u00fagy \u00e9rzi, nem tudja kiv\u00e1rni a v\u00e1r\u00f3list\u00e1t, javasoljuk a ter\u00fcletileg illet\u00e9kes pszichi\u00e1triai szakell\u00e1t\u00e1s felkeres\u00e9s\u00e9t, vagy azt, hogy k\u00e9rjen tan\u00e1csot h\u00e1ziorvos\u00e1t\u00f3l, aki jobban ismeri a lakhely\u00e9n el\u00e9rhet\u0151 seg\u00edts\u00e9gforr\u00e1sokat.<\/p>\n<h4><strong>KIK DOLGOZNAK A SZAKRENDEL\u0150BEN?<\/strong><\/h4>\n<p>Az al\u00e1bbi linken megtal\u00e1lja munkat\u00e1rsaink list\u00e1j\u00e1t:\u00a0<a href=\"https:\/\/semmelweis.hu\/magtud\/gyogyitas\/munkatarsaink\/\">A Pszichoszomatikus Szakrendel\u0151 munkat\u00e1rsai<\/a><\/p>\n","protected":false},"excerpt":{"rendered":"<p>PSZICHOSZOMATIKUS\u00a0 SZAKRENDEL\u0150 MAGATART\u00c1STUDOM\u00c1NYI INT\u00c9ZET, SEMMELWEIS\u00a0 EGYETEM Int\u00e9zm\u00e9nyvezet\u0151:\u00a0Dr. Purebl Gy\u00f6rgy C\u00edm: 1089 Budapest, Nagyv\u00e1rad t\u00e9r 4. Fsz. 15-18. Telefon: +36-1 459-1500 \/56565 mell\u00e9k E-mail: szakrendelo.magatartastudomany@semmelweis.hu A Pszichoszomatikus Szakrendel\u0151 profilja: Ev\u00e9s- \u00e9s testk\u00e9pzavarok:\u00a0anorexia, bulimia, fal\u00e1szavar, eg\u00e9szs\u00e9ges \u00e9tkez\u00e9s zavar stb. Olyan ev\u00e9s- \u00e9s testk\u00e9pzavaros betegek kezel\u00e9s\u00e9t tudjuk v\u00e1llalni, akik nem szorulnak k\u00f3rh\u00e1zi kezel\u00e9sre, vagyis tests\u00falyuk nem cs\u00f6kken egy &hellip;<\/p>\n","protected":false},"author":110,"featured_media":0,"parent":2391,"menu_order":0,"comment_status":"closed","ping_status":"closed","template":"","meta":{"_acf_changed":false,"footnotes":""},"categories":[],"tags":[],"class_list":["post-2063","page","type-page","status-publish","hentry"],"acf":[],"_links":{"self":[{"href":"https:\/\/semmelweis.hu\/magtud\/wp-json\/wp\/v2\/pages\/2063","targetHints":{"allow":["GET"]}}],"collection":[{"href":"https:\/\/semmelweis.hu\/magtud\/wp-json\/wp\/v2\/pages"}],"about":[{"href":"https:\/\/semmelweis.hu\/magtud\/wp-json\/wp\/v2\/types\/page"}],"author":[{"embeddable":true,"href":"https:\/\/semmelweis.hu\/magtud\/wp-json\/wp\/v2\/users\/110"}],"replies":[{"embeddable":true,"href":"https:\/\/semmelweis.hu\/magtud\/wp-json\/wp\/v2\/comments?post=2063"}],"version-history":[{"count":12,"href":"https:\/\/semmelweis.hu\/magtud\/wp-json\/wp\/v2\/pages\/2063\/revisions"}],"predecessor-version":[{"id":13168,"href":"https:\/\/semmelweis.hu\/magtud\/wp-json\/wp\/v2\/pages\/2063\/revisions\/13168"}],"up":[{"embeddable":true,"href":"https:\/\/semmelweis.hu\/magtud\/wp-json\/wp\/v2\/pages\/2391"}],"wp:attachment":[{"href":"https:\/\/semmelweis.hu\/magtud\/wp-json\/wp\/v2\/media?parent=2063"}],"wp:term":[{"taxonomy":"category","embeddable":true,"href":"https:\/\/semmelweis.hu\/magtud\/wp-json\/wp\/v2\/categories?post=2063"},{"taxonomy":"post_tag","embeddable":true,"href":"https:\/\/semmelweis.hu\/magtud\/wp-json\/wp\/v2\/tags?post=2063"}],"curies":[{"name":"wp","href":"https:\/\/api.w.org\/{rel}","templated":true}]}}