{"id":2062,"date":"2017-11-13T00:00:00","date_gmt":"2017-11-12T23:00:00","guid":{"rendered":"http:\/\/semmelweis.hu\/magtud\/kerdoivek\/"},"modified":"2020-10-27T08:46:27","modified_gmt":"2020-10-27T07:46:27","slug":"kerdoivek","status":"publish","type":"page","link":"https:\/\/semmelweis.hu\/magtud\/kutatas\/kerdoivek\/","title":{"rendered":"K\u00e9rd\u0151\u00edvek"},"content":{"rendered":"<p style=\"text-align: center\"><span style=\"color: #000000\"><strong>BSCI \u00e9let \u00e9rtelmess\u00e9g\u00e9t m\u00e9r\u0151 alsk\u00e1l\u00e1ja (BSCI-LM)<\/strong><\/span><\/p>\n<table class=\"mceItemTable\" style=\"width: 600px\" border=\"0\">\n<tbody>\n<tr>\n<td style=\"width: 50%;text-align: center;vertical-align: top\"><span style=\"color: #000000\"><a href=\"\/magtud\/files\/2017\/11\/BSCI_elet_ertelmesseget_mero_alskalajanak_BSCI-LM.doc\">BSCI \u00e9let \u00e9rtelmess\u00e9g\u00e9t m\u00e9r\u0151 alsk\u00e1l\u00e1j\u00e1nak (BSCI-LM) <\/a><br \/>\n<\/span><\/td>\n<td style=\"width: 50%;text-align: center;vertical-align: top\"><span style=\"color: #000000\"><a href=\"\/magtud\/files\/2017\/11\/BSCI_elet_ertelmesseget_mero_alskalajanak_BSCI-LM_validalo_tanulmanya.pdf\">BSCI \u00e9let \u00e9rtelmess\u00e9g\u00e9t m\u00e9r\u0151 alsk\u00e1l\u00e1j\u00e1nak (BSCI-LM) valid\u00e1l\u00f3 tanulm\u00e1nya)<\/a><\/span><\/td>\n<\/tr>\n<\/tbody>\n<\/table>\n<p style=\"text-align: center\"><span style=\"color: #000000\">\u00a0<\/span><\/p>\n<p style=\"text-align: center\"><span style=\"color: #000000\">\u00a0<\/span><\/p>\n<p style=\"text-align: center\"><span style=\"color: #000000\"><strong>\u00c9letc\u00e9l K\u00e9rd\u0151\u00edv (PIL)<\/strong><\/span><\/p>\n<table class=\"mceItemTable\" style=\"width: 600px\" border=\"0\">\n<tbody>\n<tr>\n<td style=\"width: 300px;text-align: center\"><span style=\"color: #000000\"><br \/>\n<a href=\"\/magtud\/files\/2017\/11\/eletcel_kerdoiv_PIL.doc\">\u00c9letc\u00e9l K\u00e9rd\u0151\u00edv (PIL)<\/a><\/span><\/td>\n<td style=\"text-align: center\"><span style=\"color: #000000\"><br \/>\n<a href=\"\/magtud\/files\/2017\/11\/eletcel_kerdoiv_PIL_validalo_tanulmanya.pdf\">\u00c9letc\u00e9l K\u00e9rd\u0151\u00edv (PIL) valid\u00e1l\u00f3 tanulm\u00e1nya<\/a><\/span><\/td>\n<\/tr>\n<\/tbody>\n<\/table>\n<p style=\"text-align: center\"><span style=\"color: #000000\">\u00a0<\/span><\/p>\n<p style=\"text-align: center\"><span style=\"color: #000000\">\u00a0<\/span><\/p>\n<p style=\"text-align: center\"><span style=\"color: #000000\"><strong>Er\u0151fesz\u00edt\u00e9s &#8211; Jutalom-Egyens\u00falytalans\u00e1g K\u00e9rd\u0151\u00edv (ERI)<\/strong><\/span><\/p>\n<table class=\"mceItemTable\" style=\"width: 600px\" border=\"0\">\n<tbody>\n<tr>\n<td style=\"width: 300px;text-align: center\" align=\"center\" valign=\"top\"><span style=\"color: #000000\"><br \/>\n<a href=\"\/magtud\/files\/2017\/11\/erofeszites_jutalom_egyensulytalansag_kerdoiv_ERI.doc\">Er\u0151fesz\u00edt\u00e9s-Jutalom-Egyens\u00falytalans\u00e1g K\u00e9rd\u0151\u00edv (ERI)<\/a><br \/>\n<\/span><\/td>\n<td style=\"text-align: center\"><span style=\"color: #000000\"><br \/>\n<a href=\"\/magtud\/files\/2017\/11\/erofeszites_jutalom_egyensulytalansag_kerdoiv_ERI_validalo_tanulmanya.pdf\">Er\u0151fesz\u00edt\u00e9s-Jutalom-Egyens\u00falytalans\u00e1g K\u00e9rd\u0151\u00edv (ERI) valid\u00e1l\u00f3 tanulm\u00e1nya<\/a><\/span><\/td>\n<\/tr>\n<\/tbody>\n<\/table>\n<p style=\"text-align: center\"><span style=\"color: #000000\">\u00a0<\/span><\/p>\n<p style=\"text-align: center\"><span style=\"color: #000000\">\u00a0<\/span><\/p>\n<p style=\"text-align: center\"><span style=\"color: #000000\"><strong>\u00c9szlelt Stressz K\u00e9rd\u0151\u00edv (PSS)<\/strong><\/span><\/p>\n<table class=\"mceItemTable\" style=\"width: 600px\" border=\"0\">\n<tbody>\n<tr>\n<td style=\"width: 300px;text-align: center\"><span style=\"color: #000000\"><br \/>\n<a href=\"\/magtud\/files\/2017\/11\/eszlelt_stressz_kerdoiv_PSS.doc\">\u00c9szlelt Stressz K\u00e9rd\u0151\u00edv (PSS)<\/a><br \/>\n<\/span><\/td>\n<td style=\"text-align: center\"><span style=\"color: #000000\"><br \/>\n<a href=\"\/magtud\/files\/2017\/11\/eszlelt_stressz_kerdoiv_PSS_validalo_tanulmanya.pdf\">\u00c9szlelt Stressz K\u00e9rd\u0151\u00edv (PSS) valid\u00e1l\u00f3 tanulm\u00e1nya<\/a><\/span><\/td>\n<\/tr>\n<\/tbody>\n<\/table>\n<p style=\"text-align: center\"><span style=\"color: #000000\">\u00a0<\/span><\/p>\n<p style=\"text-align: center\"><span style=\"color: #000000\">\u00a0<\/span><\/p>\n<p style=\"text-align: center\"><span style=\"color: #000000\"><strong>Konfliktusmegold\u00f3 K\u00e9rd\u0151\u00edv (WOC)<\/strong><br \/>\n<\/span><\/p>\n<table class=\"mceItemTable\" style=\"width: 600px\" border=\"0\">\n<tbody>\n<tr>\n<td style=\"width: 300px;text-align: center\"><span style=\"color: #000000\"><br \/>\n<a href=\"\/magtud\/files\/2017\/11\/konfliktusmegoldo_kerdoiv_WOC-16.doc\">Konfliktusmegold\u00f3 K\u00e9rd\u0151\u00edv (WOC-16)<\/a><\/span><\/td>\n<td style=\"text-align: center\" rowspan=\"2\"><span style=\"color: #000000\"><br \/>\n<a href=\"\/magtud\/files\/2017\/11\/konfliktusmegoldo_kerdoiv_WOC_validalo_tanulmanya.pdf\">Konfliktusmegold\u00f3 K\u00e9rd\u0151\u00edv (WOC) valid\u00e1l\u00f3<br \/>\ntanulm\u00e1nya<\/a><\/span><\/td>\n<\/tr>\n<tr>\n<td style=\"text-align: center\"><span style=\"color: #000000\"><br \/>\n<a href=\"\/magtud\/files\/2017\/11\/konfliktusmegoldo_kerdoiv_WOC-22.doc\">Konfliktusmegold\u00f3 K\u00e9rd\u0151\u00edv (WOC-22)<\/a><\/span><\/td>\n<\/tr>\n<tr>\n<td style=\"text-align: center\"><span style=\"color: #000000\"><br \/>\n<a href=\"\/magtud\/files\/2017\/11\/konfliktusmegoldo_kerdoiv_WOC-66.doc\">Konfliktusmegold\u00f3 K\u00e9rd\u0151\u00edv (WOC-66)<\/a><\/span><\/td>\n<td><span style=\"color: #000000\">\u00a0<\/span><\/td>\n<\/tr>\n<\/tbody>\n<\/table>\n<p style=\"text-align: center\"><span style=\"color: #000000\">\u00a0<\/span><\/p>\n<p style=\"text-align: center\"><span style=\"color: #000000\">\u00a0<\/span><\/p>\n<p style=\"text-align: center\"><span style=\"color: #000000\"><strong>Logo-Test-R<\/strong><br \/>\n<\/span><\/p>\n<table class=\"mceItemTable\" style=\"width: 600px\" border=\"0\">\n<tbody>\n<tr>\n<td style=\"width: 300px;text-align: center\"><span style=\"color: #000000\"><br \/>\n<a href=\"\/magtud\/files\/2017\/11\/logo_test_r.doc\">Logo-Test-R<\/a><\/span><\/td>\n<td style=\"text-align: center\"><span style=\"color: #000000\"><br \/>\n<a href=\"\/magtud\/files\/2017\/11\/logo_test_r_validalo_tanulmanya.pdf\">Logo-Test-R valid\u00e1l\u00f3 tanulm\u00e1nya<\/a><\/span><\/td>\n<\/tr>\n<\/tbody>\n<\/table>\n<p style=\"text-align: center\"><span style=\"color: #000000\">\u00a0<\/span><\/p>\n<p style=\"text-align: center\"><span style=\"color: #000000\">\u00a0<\/span><\/p>\n<p style=\"text-align: center\"><span style=\"color: #000000\"><strong>WHO J\u00f3ll\u00e9t K\u00e9rd\u0151\u00edv (WBI-5)<\/strong><br \/>\n<\/span><\/p>\n<table class=\"mceItemTable\" style=\"width: 600px\" border=\"0\">\n<tbody>\n<tr>\n<td style=\"width: 300px;text-align: center\"><span style=\"color: #000000\"><br \/>\n<a href=\"\/magtud\/files\/2017\/11\/WHO_jollet_kerdoiv_WBI-5.doc\">WHO J\u00f3ll\u00e9t K\u00e9rd\u0151\u00edv (WBI-5) <\/a><br \/>\n<\/span><\/td>\n<td style=\"text-align: center\"><span style=\"color: #000000\"><br \/>\n<a href=\"\/magtud\/files\/2017\/11\/WHO_jollet_kerdoiv_WBI-5_validalo_tanulmanya.pdf\">WHO J\u00f3ll\u00e9t K\u00e9rd\u0151\u00edv (WBI-5) valid\u00e1l\u00f3 tanulm\u00e1nya<\/a><\/span><\/td>\n<\/tr>\n<\/tbody>\n<\/table>\n","protected":false},"excerpt":{"rendered":"<p>BSCI \u00e9let \u00e9rtelmess\u00e9g\u00e9t m\u00e9r\u0151 alsk\u00e1l\u00e1ja (BSCI-LM) <a href=\"\/magtud\/files\/2017\/11\/BSCI_elet_ertelmesseget_mero_alskalajanak_BSCI-LM.doc\">BSCI \u00e9let \u00e9rtelmess\u00e9g\u00e9t m\u00e9r\u0151 alsk\u00e1l\u00e1j\u00e1nak (BSCI-LM) <\/a> <a href=\"\/magtud\/files\/2017\/11\/BSCI_elet_ertelmesseget_mero_alskalajanak_BSCI-LM_validalo_tanulmanya.pdf\">BSCI \u00e9let \u00e9rtelmess\u00e9g\u00e9t m\u00e9r\u0151 alsk\u00e1l\u00e1j\u00e1nak (BSCI-LM) valid\u00e1l\u00f3 tanulm\u00e1nya)<\/a> \u00a0 \u00a0 \u00c9letc\u00e9l K\u00e9rd\u0151\u00edv (PIL) <a href=\"\/magtud\/files\/2017\/11\/eletcel_kerdoiv_PIL.doc\">\u00c9letc\u00e9l K\u00e9rd\u0151\u00edv (PIL)<\/a> <a href=\"\/magtud\/files\/2017\/11\/eletcel_kerdoiv_PIL_validalo_tanulmanya.pdf\">\u00c9letc\u00e9l K\u00e9rd\u0151\u00edv (PIL) valid\u00e1l\u00f3 tanulm\u00e1nya<\/a> \u00a0 \u00a0 Er\u0151fesz\u00edt\u00e9s &#8211; Jutalom-Egyens\u00falytalans\u00e1g K\u00e9rd\u0151\u00edv (ERI) <a href=\"\/magtud\/files\/2017\/11\/erofeszites_jutalom_egyensulytalansag_kerdoiv_ERI.doc\">Er\u0151fesz\u00edt\u00e9s-Jutalom-Egyens\u00falytalans\u00e1g K\u00e9rd\u0151\u00edv (ERI)<\/a> <a href=\"\/magtud\/files\/2017\/11\/erofeszites_jutalom_egyensulytalansag_kerdoiv_ERI_validalo_tanulmanya.pdf\">Er\u0151fesz\u00edt\u00e9s-Jutalom-Egyens\u00falytalans\u00e1g K\u00e9rd\u0151\u00edv (ERI) valid\u00e1l\u00f3 tanulm\u00e1nya<\/a> \u00a0 \u00a0 \u00c9szlelt Stressz K\u00e9rd\u0151\u00edv (PSS) <a href=\"\/magtud\/files\/2017\/11\/eszlelt_stressz_kerdoiv_PSS.doc\">\u00c9szlelt Stressz K\u00e9rd\u0151\u00edv (PSS)<\/a> <a href=\"\/magtud\/files\/2017\/11\/eszlelt_stressz_kerdoiv_PSS_validalo_tanulmanya.pdf\">\u00c9szlelt Stressz K\u00e9rd\u0151\u00edv (PSS) valid\u00e1l\u00f3 tanulm\u00e1nya<\/a> \u00a0 \u00a0 Konfliktusmegold\u00f3 K\u00e9rd\u0151\u00edv (WOC) <a href=\"\/magtud\/files\/2017\/11\/konfliktusmegoldo_kerdoiv_WOC-16.doc\">Konfliktusmegold\u00f3 K\u00e9rd\u0151\u00edv (WOC-16)<\/a> <a href=\"\/magtud\/files\/2017\/11\/konfliktusmegoldo_kerdoiv_WOC_validalo_tanulmanya.pdf\">Konfliktusmegold\u00f3 K\u00e9rd\u0151\u00edv (WOC) valid\u00e1l\u00f3 tanulm\u00e1nya<\/a> <a href=\"\/magtud\/files\/2017\/11\/konfliktusmegoldo_kerdoiv_WOC-22.doc\">Konfliktusmegold\u00f3 K\u00e9rd\u0151\u00edv (WOC-22)<\/a> <a href=\"\/magtud\/files\/2017\/11\/konfliktusmegoldo_kerdoiv_WOC-66.doc\">Konfliktusmegold\u00f3 K\u00e9rd\u0151\u00edv (WOC-66)<\/a> \u00a0 \u00a0 \u00a0 Logo-Test-R <a href=\"\/magtud\/files\/2017\/11\/logo_test_r.doc\">Logo-Test-R<\/a> <a href=\"\/magtud\/files\/2017\/11\/logo_test_r_validalo_tanulmanya.pdf\">Logo-Test-R valid\u00e1l\u00f3 tanulm\u00e1nya<\/a> \u00a0 \u00a0 WHO J\u00f3ll\u00e9t K\u00e9rd\u0151\u00edv (WBI-5) <a href=\"\/magtud\/files\/2017\/11\/WHO_jollet_kerdoiv_WBI-5.doc\">WHO J\u00f3ll\u00e9t K\u00e9rd\u0151\u00edv (WBI-5) <\/a> &hellip;<\/p>\n","protected":false},"author":110,"featured_media":0,"parent":2387,"menu_order":3,"comment_status":"closed","ping_status":"closed","template":"","meta":{"_acf_changed":false,"footnotes":""},"categories":[],"tags":[],"class_list":["post-2062","page","type-page","status-publish","hentry"],"acf":[],"_links":{"self":[{"href":"https:\/\/semmelweis.hu\/magtud\/wp-json\/wp\/v2\/pages\/2062","targetHints":{"allow":["GET"]}}],"collection":[{"href":"https:\/\/semmelweis.hu\/magtud\/wp-json\/wp\/v2\/pages"}],"about":[{"href":"https:\/\/semmelweis.hu\/magtud\/wp-json\/wp\/v2\/types\/page"}],"author":[{"embeddable":true,"href":"https:\/\/semmelweis.hu\/magtud\/wp-json\/wp\/v2\/users\/110"}],"replies":[{"embeddable":true,"href":"https:\/\/semmelweis.hu\/magtud\/wp-json\/wp\/v2\/comments?post=2062"}],"version-history":[{"count":10,"href":"https:\/\/semmelweis.hu\/magtud\/wp-json\/wp\/v2\/pages\/2062\/revisions"}],"predecessor-version":[{"id":9453,"href":"https:\/\/semmelweis.hu\/magtud\/wp-json\/wp\/v2\/pages\/2062\/revisions\/9453"}],"up":[{"embeddable":true,"href":"https:\/\/semmelweis.hu\/magtud\/wp-json\/wp\/v2\/pages\/2387"}],"wp:attachment":[{"href":"https:\/\/semmelweis.hu\/magtud\/wp-json\/wp\/v2\/media?parent=2062"}],"wp:term":[{"taxonomy":"category","embeddable":true,"href":"https:\/\/semmelweis.hu\/magtud\/wp-json\/wp\/v2\/categories?post=2062"},{"taxonomy":"post_tag","embeddable":true,"href":"https:\/\/semmelweis.hu\/magtud\/wp-json\/wp\/v2\/tags?post=2062"}],"curies":[{"name":"wp","href":"https:\/\/api.w.org\/{rel}","templated":true}]}}