{"id":2059,"date":"2017-11-13T00:00:00","date_gmt":"2017-11-12T23:00:00","guid":{"rendered":"http:\/\/semmelweis.hu\/magtud\/kutatasi-teruletek\/"},"modified":"2026-04-02T11:40:05","modified_gmt":"2026-04-02T09:40:05","slug":"kutatasi-teruletek","status":"publish","type":"page","link":"https:\/\/semmelweis.hu\/magtud\/kutatas\/kutatasi-teruletek\/","title":{"rendered":"Magatart\u00e1studom\u00e1nyi Int\u00e9zet kutat\u00e1sai"},"content":{"rendered":"<div class=\"responsive-tabs\">\n<h2 class=\"tabtitle\">Kutat\u00f3csoportok<\/h2>\n<div class=\"tabcontent\">\n\n<h4><strong>Int\u00e9zet\u00fcnk kutat\u00f3csoportjai<\/strong><\/h4>\n<ul style=\"list-style-type: square\">\n<li>\n<p><a href=\"https:\/\/semmelweis.hu\/magtud\/reszlegek\/pszichofiziologiai-es-kronobiologiai-kutatocsoport\/\" target=\"_blank\" rel=\"noopener noreferrer\">Alv\u00e1s- \u00e9s kronobiol\u00f3giai kutat\u00f3csoport<\/a><\/p>\n<\/li>\n<li><a href=\"https:\/\/semmelweis.hu\/magtud\/kutatas\/kutatasi-teruletek\/pszichokardiologia-munkacsoport\/\" target=\"_blank\" rel=\"noopener\">Pszichokardiol\u00f3gia munkacsoport<\/a><\/li>\n<li>\n<p><a href=\"\/magtud\/kutatas\/kutatasi-teruletek\/eveszavar-kutatocsoport\">Ev\u00e9szavar kutat\u00f3csoport<\/a><\/p>\n<\/li>\n<li>\n<p><a href=\"\/magtud\/kutatas\/kutatasi-teruletek\/kutatocsoport-a-depresszio-es-oengyilkossag-megelozeseert\">Kutat\u00f3csoport a depresszi\u00f3 \u00e9s \u00f6ngyilkoss\u00e1g megel\u0151z\u00e9s\u00e9\u00e9rt<\/a><\/p>\n<\/li>\n<li>\n<p><a href=\"\/magtud\/kutatas\/kutatasi-teruletek\/biomedicina-es-alternativ-gyogyitas-kutatocsoport\">Biomedicina \u00e9s alternat\u00edv gy\u00f3gy\u00edt\u00e1s kutat\u00f3csoport<\/a><\/p>\n<\/li>\n<li>\n<p><a href=\"\/magtud\/kutatas\/kutatasi-teruletek\/orvosi-kommunikacio-kutatocsoport\/\">Orvosi kommunik\u00e1ci\u00f3 kutat\u00f3csoport<\/a><\/p>\n<\/li>\n<li>\n<p><a href=\"\/magtud\/kutatas\/kutatasi-teruletek\/tanatologia-kutatocsoport\/\">Tanatol\u00f3gia kutat\u00f3csoport<\/a><\/p>\n<\/li>\n<li>\n<p><a href=\"\/magtud\/kutatas\/kutatasi-teruletek\/orvosi-human-tudomanyok-kutatocsoport\/\">Orvosi Hum\u00e1n Tudom\u00e1nyok kutat\u00f3csoport<\/a><\/p>\n<\/li>\n<li>\n<p><a href=\"\/magtud\/kutatas\/kutatasi-teruletek\/hungarostudy-kutatocsoport\">Hungarostudy kutat\u00f3csoport<\/a><\/p>\n<\/li>\n<li>\n<p><a href=\"\/magtud\/kutatas\/kutatasi-teruletek\/reprodukcios-nehezsegek-meddoseg-kutatocsoport\">Reprodukci\u00f3s neh\u00e9zs\u00e9gek\/medd\u0151s\u00e9g kutat\u00f3csoport<\/a><\/p>\n<\/li>\n<li>\n<p><a href=\"\/magtud\/kutatas\/kutatasi-teruletek\/csaladi-kapcsolatok-minosege-es-az-egeszsegi-allapot-oesszefueggesei-kutatocsoport\">Csal\u00e1di kapcsolatok min\u0151s\u00e9ge \u00e9s az eg\u00e9szs\u00e9gi \u00e1llapot \u00f6sszef\u00fcgg\u00e9sei &#8211; kutat\u00f3csoport<\/a><\/p>\n<\/li>\n<li>\n<p><a href=\"\/magtud\/kutatas\/kutatasi-teruletek\/munkahelyi-stressz-es-stresszkezeles-kutatocsoport\">Munkahelyi stressz \u00e9s stresszkezel\u00e9s kutat\u00f3csoport<\/a><\/p>\n<\/li>\n<li>\n<p><a href=\"https:\/\/semmelweis.hu\/magtud\/kutatas\/kutatasi-teruletek\/allatasszisztalt-terapiak-lehetseges-szerepe-a-klinikai-javulasban-es-az-eletminoseg-javitasaban\/\" target=\"_blank\" rel=\"noopener\">\u00c1llatassziszt\u00e1lt ter\u00e1pi\u00e1k lehets\u00e9ges szerepe a klinikai javul\u00e1sban \u00e9s az \u00e9letmin\u0151s\u00e9g jav\u00edt\u00e1s\u00e1ban (megalakul\u00f3 kutat\u00f3csoport)<\/a><\/p>\n<\/li>\n<li>\n<p><a href=\"https:\/\/semmelweis.hu\/magtud\/kutatas\/kutatasi-teruletek\/szuleszet-magatartastudomanyi-szemmel\/\" target=\"_blank\" rel=\"noopener noreferrer\">Sz\u00fcl\u00e9szet magatart\u00e1studom\u00e1nyi szemmel<\/a><\/p>\n<\/li>\n<li>\n<p><a href=\"https:\/\/semmelweis.hu\/magtud\/kutatas\/kutatasi-teruletek\/digitalis-egeszseg-kutatocsoport\/\" target=\"_blank\" rel=\"noopener\">Digit\u00e1lis eg\u00e9szs\u00e9g kutat\u00f3csoport<\/a><\/p>\n<\/li>\n<li>\n<p><a href=\"https:\/\/semmelweis.hu\/magtud\/kutatas\/kutatasi-teruletek\/fajdalom-es-pszichoszocialis-stressz-kutatocsoport\/\" target=\"_blank\" rel=\"noopener\">F\u00e1jdalom \u00e9s pszichoszoci\u00e1lis stressz kutat\u00f3csoport<\/a><\/p>\n<\/li>\n<\/ul>\n<p style=\"text-align: left\" align=\"center\"><span style=\"font-size: 12pt\">\n<\/div><h2 class=\"tabtitle\">\u00d6n\u00e1ll\u00f3 kutat\u00e1sok<\/h2>\n<div class=\"tabcontent\">\n<\/span><\/p>\n<p style=\"text-align: left\" align=\"center\"><span style=\"font-size: 10pt\"><strong><br \/>\n\u00d6n\u00e1ll\u00f3 kutat\u00e1si t\u00e9m\u00e1k<\/strong><\/span><\/p>\n<h6><span style=\"font-size: 12pt\"><strong>Dr. Csapody Tam\u00e1s<\/strong>: Vall\u00e1si el\u0151\u00edr\u00e1sok bioetikai vonatkoz\u00e1sai<\/span><br \/>\n<span style=\"font-size: 12pt\"><strong>Dr. Csapody Tam\u00e1s<\/strong>: A kegyeleti jogok \u00e9rv\u00e9nyes\u00fcl\u00e9se<\/span><br \/>\n<span style=\"font-size: 12pt\"><strong>Dr. Csapody Tam\u00e1s<\/strong>: \u00c1lorvosi k\u00eds\u00e9rletek a Harmadik Birodalomban<\/span><br \/>\n<span style=\"font-size: 12pt\"><strong>Dr. Csapody Tam\u00e1s<\/strong>: Eg\u00e9szs\u00e9gfejleszt\u0151 program Pest megyei roma telepeken<\/span><br \/>\n<span style=\"font-size: 12pt\"><strong>Dr. Csapody Tam\u00e1s<\/strong>: Orvosl\u00e1s \u00e9s orvosok a m\u00e1sodik vil\u00e1gh\u00e1bor\u00fa alatt<\/span><br \/>\n<span style=\"font-size: 12pt\"><strong>Dr. Csapody Tam\u00e1s<\/strong>: Az er\u0151szak \u00e9s az igazs\u00e1goss\u00e1g dilemm\u00e1i<\/span><br \/>\n<span style=\"font-size: 12pt\"><strong>Dr. Csapody Tam\u00e1s<\/strong>: Orvost\u00f6rt\u00e9neti \u00f6sszef\u00fcgg\u00e9sek 1920 \u00e9s 1990 k\u00f6z\u00f6tt<\/span><br \/>\n<span style=\"font-size: 12pt\"><strong>Dr. Kov\u00e1cs J\u00f3zsef<\/strong>, egyetemi tan\u00e1r: Az eg\u00e9szs\u00e9g \u00e9s a betegs\u00e9g fogalma<br \/>\n<strong>Dr. Kov\u00e1cs J\u00f3zsef<\/strong>, egyetemi tan\u00e1r: Kutat\u00e1setika \u2013 publik\u00e1ci\u00f3s etika<br \/>\n<strong>Dr. Kov\u00e1cs J\u00f3zsef<\/strong>, egyetemi tan\u00e1r: Hal\u00e1l, haldokl\u00e1s, eutan\u00e1zia, \u00e9letment\u0151 kezel\u00e9s visszautas\u00edt\u00e1s\u00e1nak etikai k\u00e9rd\u00e9sei<br \/>\n<strong>Dr. Kov\u00e1cs J\u00f3zsef<\/strong>, egyetemi tan\u00e1r:A betegt\u00e1j\u00e9koztat\u00e1s, a t\u00e1j\u00e9kozott beleegyez\u00e9s etikai k\u00e9rd\u00e9sei<br \/>\n<strong>Dr. Kov\u00e1cs J\u00f3zsef<\/strong>, egyetemi tan\u00e1r:Pszichi\u00e1triai \u00e9s pszichoter\u00e1pi\u00e1s etika<br \/>\n<strong>Dr. Kov\u00e1cs J\u00f3zsef<\/strong>, egyetemi tan\u00e1r: A betegjogok, eg\u00e9szs\u00e9g\u00fcgyi rendszerek etikai k\u00e9rd\u00e9sei<br \/>\n<strong>Dr. Kov\u00e1cs J\u00f3zsef<\/strong>, egyetemi tan\u00e1r: Az abortusz \u00e9s a reprogenetika etikai k\u00e9rd\u00e9sei<br \/>\n<strong>Dr. Kov\u00e1cs J\u00f3zsef<\/strong>, egyetemi tan\u00e1r: Orvosi etika, bioetika \u00e1ltal\u00e1nos k\u00e9rd\u00e9sei<br \/>\n<strong>Dr. Kov\u00e1cs J\u00f3zsef<\/strong>, egyetemi tan\u00e1r: Biotechnol\u00f3giai etika<br \/>\n<strong>Dr. L\u0151rincz Jen\u0151<\/strong>, mesteroktat\u00f3: Az emberi cselekv\u00e9s. (Jogelm\u00e9leti \u00e9s bioetikai megk\u00f6zel\u00edt\u00e9sben. Magyar filoz\u00f3fiai, pszichol\u00f3giai el\u0151zm\u00e9nyek.)<br \/>\n<strong>Dr. L\u0151rincz Jen\u0151<\/strong>, mesteroktat\u00f3: A magyar orvosi antropol\u00f3gia t\u00f6rt\u00e9nete, k\u00fcl\u00f6n\u00f6s tekintettel a magyars\u00e1g eredet\u00e9re \u00e9s \u0151st\u00f6rt\u00e9net\u00e9re vonatkoz\u00f3 kutat\u00e1sokra.<br \/>\n<strong>Dr. L\u0151rincz<\/strong> <strong>Jen\u0151<\/strong>, mesteroktat\u00f3: \u201eTerm\u00e9szetjog \u00e9s bioetika\u201d<br \/>\n<strong>Dr. L\u0151rincz Jen\u0151<\/strong>, mesteroktat\u00f3: Kognit\u00edv ter\u00e1pia R. Brandt f\u00f6lfog\u00e1s\u00e1ban<br \/>\n<strong>Dr. Nemes L\u00e1szl\u00f3<\/strong>, egyetemi adjunktus: Bioetika \u00e9s orvosb\u00f6lcselet<\/span><br \/>\n<span style=\"font-size: 12pt\"><strong>Dr. Nemes L\u00e1szl\u00f3<\/strong>, egyetemi adjunktus: A modern biotechnol\u00f3gia etik\u00e1ja<\/span><br \/>\n<span style=\"font-size: 12pt\"><strong>Dr. Nemes L\u00e1szl\u00f3<\/strong>, egyetemi adjunktus: K\u00f6rnyezetfiloz\u00f3fia, k\u00f6rnyezetetika, k\u00f6rnyezetb\u00f6lcselet<\/span><br \/>\n<span style=\"font-size: 12pt\"><strong>Dr. Nemes L\u00e1szl\u00f3<\/strong>, egyetemi adjunktus:\u00a0Az ember-\u00e1llat \u00e9s az ember-term\u00e9szet viszony etik\u00e1ja<\/span><br \/>\n<span style=\"font-size: 12pt\"><strong>Dr. Nemes L\u00e1szl\u00f3<\/strong>, egyetemi adjunktus:\u00a0Filoz\u00f3fiai praxis \u00e9s bioetika<\/span><br \/>\n<span style=\"font-size: 12pt\"><strong>Dr. Nemes L\u00e1szl\u00f3<\/strong>, egyetemi adjunktus:\u00a0Az \u00e9letv\u00e9gi k\u00e9rd\u00e9sek filoz\u00f3fi\u00e1ja \u00e9s etik\u00e1ja<\/span><br \/>\n<span style=\"font-size: 12pt\"><strong>Dr. P\u00e9ter Orsolya<\/strong>, egyetemi docens,<strong> Dr. T\u00fary Ferenc<\/strong>, egyetemi tan\u00e1r (Dr. L\u00e1z\u00e1r Imre egyetemi adjunktus, Dr. Sus\u00e1nszky \u00c9va, egyetemi docens, Dr. Zana \u00c1gnes, egyetemi tan\u00e1rseg\u00e9d \u00e9s k\u00fcls\u0151 tagok): M\u0171v\u00e9szetl\u00e9lektan<br \/>\n<\/span><span style=\"font-size: 10pt\"><span style=\"font-size: 12pt\"><strong>Somorjai No\u00e9mi<\/strong>, informatikus-k\u00f6nyvt\u00e1ros: A k\u00f6nyvt\u00e1ri etika gyakorlati alkalmaz\u00e1sa<\/span><br \/>\n<span style=\"font-size: 12pt\"><strong>Somorjai No\u00e9mi<\/strong>, informatikus-k\u00f6nyvt\u00e1ros: Meleg\/homoszexu\u00e1lis serd\u00fcl\u0151k \u00f6ngyilkoss\u00e1gi vesz\u00e9lyeztetetts\u00e9ge<\/span><br \/>\n<\/span><\/h6>\n<\/div><\/div>\n","protected":false},"excerpt":{"rendered":"<p>Int\u00e9zet\u00fcnk kutat\u00f3csoportjai <a href=\"https:\/\/semmelweis.hu\/magtud\/reszlegek\/pszichofiziologiai-es-kronobiologiai-kutatocsoport\/\" target=\"_blank\" rel=\"noopener noreferrer\">Alv\u00e1s- \u00e9s kronobiol\u00f3giai kutat\u00f3csoport<\/a> <a href=\"https:\/\/semmelweis.hu\/magtud\/kutatas\/kutatasi-teruletek\/pszichokardiologia-munkacsoport\/\" target=\"_blank\" rel=\"noopener\">Pszichokardiol\u00f3gia munkacsoport<\/a> <a href=\"\/magtud\/kutatas\/kutatasi-teruletek\/eveszavar-kutatocsoport\">Ev\u00e9szavar kutat\u00f3csoport<\/a> <a href=\"\/magtud\/kutatas\/kutatasi-teruletek\/kutatocsoport-a-depresszio-es-oengyilkossag-megelozeseert\">Kutat\u00f3csoport a depresszi\u00f3 \u00e9s \u00f6ngyilkoss\u00e1g megel\u0151z\u00e9s\u00e9\u00e9rt<\/a> <a href=\"\/magtud\/kutatas\/kutatasi-teruletek\/biomedicina-es-alternativ-gyogyitas-kutatocsoport\">Biomedicina \u00e9s alternat\u00edv gy\u00f3gy\u00edt\u00e1s kutat\u00f3csoport<\/a> <a href=\"\/magtud\/kutatas\/kutatasi-teruletek\/orvosi-kommunikacio-kutatocsoport\/\">Orvosi kommunik\u00e1ci\u00f3 kutat\u00f3csoport<\/a> <a href=\"\/magtud\/kutatas\/kutatasi-teruletek\/tanatologia-kutatocsoport\/\">Tanatol\u00f3gia kutat\u00f3csoport<\/a> <a href=\"\/magtud\/kutatas\/kutatasi-teruletek\/orvosi-human-tudomanyok-kutatocsoport\/\">Orvosi Hum\u00e1n Tudom\u00e1nyok kutat\u00f3csoport<\/a> <a href=\"\/magtud\/kutatas\/kutatasi-teruletek\/hungarostudy-kutatocsoport\">Hungarostudy kutat\u00f3csoport<\/a> <a href=\"\/magtud\/kutatas\/kutatasi-teruletek\/reprodukcios-nehezsegek-meddoseg-kutatocsoport\">Reprodukci\u00f3s neh\u00e9zs\u00e9gek\/medd\u0151s\u00e9g kutat\u00f3csoport<\/a> <a href=\"\/magtud\/kutatas\/kutatasi-teruletek\/csaladi-kapcsolatok-minosege-es-az-egeszsegi-allapot-oesszefueggesei-kutatocsoport\">Csal\u00e1di kapcsolatok min\u0151s\u00e9ge \u00e9s az eg\u00e9szs\u00e9gi \u00e1llapot \u00f6sszef\u00fcgg\u00e9sei &#8211; kutat\u00f3csoport<\/a> <a href=\"\/magtud\/kutatas\/kutatasi-teruletek\/munkahelyi-stressz-es-stresszkezeles-kutatocsoport\">Munkahelyi stressz \u00e9s stresszkezel\u00e9s kutat\u00f3csoport<\/a> <a href=\"https:\/\/semmelweis.hu\/magtud\/kutatas\/kutatasi-teruletek\/allatasszisztalt-terapiak-lehetseges-szerepe-a-klinikai-javulasban-es-az-eletminoseg-javitasaban\/\" target=\"_blank\" rel=\"noopener\">\u00c1llatassziszt\u00e1lt ter\u00e1pi\u00e1k lehets\u00e9ges szerepe a klinikai javul\u00e1sban \u00e9s az \u00e9letmin\u0151s\u00e9g jav\u00edt\u00e1s\u00e1ban (megalakul\u00f3 kutat\u00f3csoport)<\/a> <a href=\"https:\/\/semmelweis.hu\/magtud\/kutatas\/kutatasi-teruletek\/szuleszet-magatartastudomanyi-szemmel\/\" target=\"_blank\" rel=\"noopener noreferrer\">Sz\u00fcl\u00e9szet magatart\u00e1studom\u00e1nyi szemmel<\/a> <a href=\"https:\/\/semmelweis.hu\/magtud\/kutatas\/kutatasi-teruletek\/digitalis-egeszseg-kutatocsoport\/\" target=\"_blank\" rel=\"noopener\">Digit\u00e1lis eg\u00e9szs\u00e9g kutat\u00f3csoport<\/a> <a href=\"https:\/\/semmelweis.hu\/magtud\/kutatas\/kutatasi-teruletek\/fajdalom-es-pszichoszocialis-stressz-kutatocsoport\/\" target=\"_blank\" rel=\"noopener\">F\u00e1jdalom \u00e9s pszichoszoci\u00e1lis stressz kutat\u00f3csoport<\/a> \u00d6n\u00e1ll\u00f3 kutat\u00e1si t\u00e9m\u00e1k Dr. Csapody Tam\u00e1s: Vall\u00e1si el\u0151\u00edr\u00e1sok bioetikai vonatkoz\u00e1sai Dr. Csapody Tam\u00e1s: A kegyeleti jogok \u00e9rv\u00e9nyes\u00fcl\u00e9se Dr. Csapody Tam\u00e1s: \u00c1lorvosi k\u00eds\u00e9rletek a Harmadik Birodalomban Dr. Csapody Tam\u00e1s: Eg\u00e9szs\u00e9gfejleszt\u0151 program Pest megyei roma telepeken Dr. Csapody Tam\u00e1s: Orvosl\u00e1s \u00e9s orvosok a m\u00e1sodik vil\u00e1gh\u00e1bor\u00fa alatt Dr. Csapody Tam\u00e1s: Az er\u0151szak \u00e9s az igazs\u00e1goss\u00e1g dilemm\u00e1i &hellip;<\/p>\n","protected":false},"author":110,"featured_media":0,"parent":2387,"menu_order":0,"comment_status":"closed","ping_status":"closed","template":"","meta":{"_acf_changed":false,"footnotes":""},"categories":[],"tags":[],"class_list":["post-2059","page","type-page","status-publish","hentry"],"acf":[],"_links":{"self":[{"href":"https:\/\/semmelweis.hu\/magtud\/wp-json\/wp\/v2\/pages\/2059","targetHints":{"allow":["GET"]}}],"collection":[{"href":"https:\/\/semmelweis.hu\/magtud\/wp-json\/wp\/v2\/pages"}],"about":[{"href":"https:\/\/semmelweis.hu\/magtud\/wp-json\/wp\/v2\/types\/page"}],"author":[{"embeddable":true,"href":"https:\/\/semmelweis.hu\/magtud\/wp-json\/wp\/v2\/users\/110"}],"replies":[{"embeddable":true,"href":"https:\/\/semmelweis.hu\/magtud\/wp-json\/wp\/v2\/comments?post=2059"}],"version-history":[{"count":12,"href":"https:\/\/semmelweis.hu\/magtud\/wp-json\/wp\/v2\/pages\/2059\/revisions"}],"predecessor-version":[{"id":13450,"href":"https:\/\/semmelweis.hu\/magtud\/wp-json\/wp\/v2\/pages\/2059\/revisions\/13450"}],"up":[{"embeddable":true,"href":"https:\/\/semmelweis.hu\/magtud\/wp-json\/wp\/v2\/pages\/2387"}],"wp:attachment":[{"href":"https:\/\/semmelweis.hu\/magtud\/wp-json\/wp\/v2\/media?parent=2059"}],"wp:term":[{"taxonomy":"category","embeddable":true,"href":"https:\/\/semmelweis.hu\/magtud\/wp-json\/wp\/v2\/categories?post=2059"},{"taxonomy":"post_tag","embeddable":true,"href":"https:\/\/semmelweis.hu\/magtud\/wp-json\/wp\/v2\/tags?post=2059"}],"curies":[{"name":"wp","href":"https:\/\/api.w.org\/{rel}","templated":true}]}}