{"id":2057,"date":"2017-11-13T00:00:00","date_gmt":"2017-11-12T23:00:00","guid":{"rendered":"http:\/\/semmelweis.hu\/magtud\/pontszerzo-kepzesek\/"},"modified":"2025-06-26T15:49:35","modified_gmt":"2025-06-26T13:49:35","slug":"pontszerzo-kepzesek","status":"publish","type":"page","link":"https:\/\/semmelweis.hu\/magtud\/oktatas\/pontszerzo-kepzesek\/","title":{"rendered":"Pontszerz\u0151 k\u00e9pz\u00e9sek"},"content":{"rendered":"<div class=\"keretes w-100\">\n<p>Minden k\u00e9pz\u00e9shez a jelentkez\u00e9si lap <a href=\"\/magtud\/files\/2017\/11\/Jelentkezesi_lap_magtud_kepzesekre.doc\">innen<\/a> let\u00f6lthet\u0151.<\/p>\n<p><strong>Tov\u00e1bbk\u00e9pz\u00e9seink nem pontszerz\u0151 szakter\u00fcletr\u0151l \u00e9rkez\u0151k sz\u00e1m\u00e1ra is nyitottak!<\/strong><\/p>\n<\/div>\n<p><strong>Az ev\u00e9szavarok (anorexia nervosa, bulimia nervosa, fal\u00e1szavar) komplex kezel\u00e9se<\/strong><\/p>\n<p>SE-SZTOK\/2025.II\/00396<\/p>\n<ol start=\"2025\">\n<li>szeptember 23. &#8211; november 18. (k\u00e9thetente keddenk\u00e9nt)\u00a0\u00a0\u00a0\u00a0 CME\u00a0\u00a0 50 pont<\/li>\n<\/ol>\n<p><a href=\"https:\/\/oftex.hu\/project_o\/actual_prg\/system\/launch.php?pg=.\/oftex\/TANF_Adatlap.php?msgid=92069&amp;tableid=0&amp;retcode=tanflist\">https:\/\/oftex.hu\/project_o\/actual_prg\/system\/launch.php?pg=.\/oftex\/TANF_Adatlap.php?msgid=92069&amp;tableid=0&amp;retcode=tanflist<\/a><\/p>\n<hr \/>\n<p><strong>Stresszkezel\u00e9s a gyakorlatban. Williams \u00c9letk\u00e9szs\u00e9gek magatart\u00e1sorvosl\u00e1si program<\/strong><\/p>\n<p>SE-SZTOK\/2025.II\/00382<\/p>\n<ol start=\"2025\">\n<li>szeptember 19-20. (p\u00e9ntek-szombat)\u00a0\u00a0\u00a0\u00a0 CME\u00a0\u00a0 32 pont<\/li>\n<\/ol>\n<p><a href=\"https:\/\/oftex.hu\/project_o\/actual_prg\/system\/launch.php?pg=.\/oftex\/TANF_Adatlap.php?msgid=91854&amp;tableid=0&amp;retcode=tanflist\">https:\/\/oftex.hu\/project_o\/actual_prg\/system\/launch.php?pg=.\/oftex\/TANF_Adatlap.php?msgid=91854&amp;tableid=0&amp;retcode=tanflist<\/a><\/p>\n<p>&nbsp;<\/p>\n<p>SE-SZTOK\/2025.II\/00383<\/p>\n<ol start=\"2025\">\n<li>okt\u00f3ber 10-11. (p\u00e9ntek-szombat)\u00a0\u00a0\u00a0\u00a0 CME\u00a0\u00a0 32 pont<\/li>\n<\/ol>\n<p><a href=\"https:\/\/oftex.hu\/project_o\/actual_prg\/system\/launch.php?pg=.\/oftex\/TANF_Adatlap.php?msgid=91855&amp;tableid=0&amp;retcode=tanflist\">https:\/\/oftex.hu\/project_o\/actual_prg\/system\/launch.php?pg=.\/oftex\/TANF_Adatlap.php?msgid=91855&amp;tableid=0&amp;retcode=tanflist<\/a><\/p>\n<p>&nbsp;<\/p>\n<p>SE-SZTOK\/2025.II\/00384<\/p>\n<ol start=\"2025\">\n<li>november 7-8. (p\u00e9ntek-szombat)\u00a0\u00a0\u00a0\u00a0 CME\u00a0\u00a0 32 pont<\/li>\n<\/ol>\n<p><a href=\"https:\/\/oftex.hu\/project_o\/actual_prg\/system\/launch.php?pg=.\/oftex\/TANF_Adatlap.php?msgid=91856&amp;tableid=0&amp;retcode=tanflist\">https:\/\/oftex.hu\/project_o\/actual_prg\/system\/launch.php?pg=.\/oftex\/TANF_Adatlap.php?msgid=91856&amp;tableid=0&amp;retcode=tanflist<\/a><\/p>\n<p>&nbsp;<\/p>\n<p>SE-SZTOK\/2025.II\/00385<\/p>\n<ol start=\"2025\">\n<li>november 28-29. (p\u00e9ntek-szombat)\u00a0\u00a0\u00a0\u00a0 CME\u00a0\u00a0 32 pont<\/li>\n<\/ol>\n<p><a href=\"https:\/\/oftex.hu\/project_o\/actual_prg\/system\/launch.php?pg=.\/oftex\/TANF_Adatlap.php?msgid=91857&amp;tableid=0&amp;retcode=tanflist\">https:\/\/oftex.hu\/project_o\/actual_prg\/system\/launch.php?pg=.\/oftex\/TANF_Adatlap.php?msgid=91857&amp;tableid=0&amp;retcode=tanflist<\/a><\/p>\n<hr \/>\n<p><strong>Ki\u00e9g\u00e9smegel\u0151z\u00e9s. (Ki\u00e9g\u00e9s megel\u0151z\u00e9se a pozit\u00edv pszichol\u00f3gia m\u00f3dszereivel)<\/strong><\/p>\n<p>SE-SZTOK\/2025.II\/00345<\/p>\n<ol start=\"2025\">\n<li>december 6. (szombat)\u00a0\u00a0 CME 16 pont<\/li>\n<\/ol>\n<p><a href=\"https:\/\/oftex.hu\/project_o\/actual_prg\/system\/launch.php?pg=.\/oftex\/TANF_Adatlap.php?msgid=91099&amp;tableid=0&amp;retcode=tanflist\">https:\/\/oftex.hu\/project_o\/actual_prg\/system\/launch.php?pg=.\/oftex\/TANF_Adatlap.php?msgid=91099&amp;tableid=0&amp;retcode=tanflist<\/a><\/p>\n<hr \/>\n<h5 style=\"text-align: justify\">Tov\u00e1bbi inform\u00e1ci\u00f3:<\/h5>\n<p>Tov\u00e1bbi inform\u00e1ci\u00f3 az Oftex port\u00e1lon vagy a t\u00e1rsoldalainkon: <a href=\"http:\/\/www.eletkeszsegek.hu\/\" target=\"_blank\" rel=\"noopener noreferrer\">www.eletkeszsegek.hu<\/a>, <a href=\"http:\/\/www.eletkeszsegek.hu\/\" target=\"_blank\" rel=\"noopener noreferrer\">www.hospice.hu<\/a>, <a href=\"http:\/\/www.gyaszportal.hu\/\">www.gyaszportal.hu<\/a><\/p>\n<p style=\"text-align: justify\"><a href=\"http:\/\/www.hospice.hu\/kepzesek\/orvos\/825\"><span style=\"font-size: large;color: #920609\">*<\/span><\/a> Az\u00a0 Orvosi Kamara budapesti szervezete p\u00e1ly\u00e1zatot \u00edrt ki a tov\u00e1bbk\u00e9pz\u00e9seken val\u00f3 r\u00e9szv\u00e9tel t\u00e1mogat\u00e1s\u00e1ra budapesti orvosoknak. Amennyiben a p\u00e1ly\u00e1z\u00f3 orvos n\u00e9h\u00e1ny felt\u00e9telnek megfelel (pl. az elm\u00falt h\u00e1rom \u00e9vben folyamatosan a kamara tagja volt), akkor a tanfolyam r\u00e9szv\u00e9teli d\u00edj\u00e1nak 50%-\u00e1t az orvosi kamara t\u00e9r\u00edti.<br \/>\nA p\u00e1ly\u00e1zat eredeti forr\u00e1sa: <a href=\"http:\/\/bpok.hu\/palyazati-felhivas\/\" target=\"_blank\" rel=\"noopener noreferrer\">http:\/\/bpok.hu\/palyazati-felhivas<\/a><\/p>\n","protected":false},"excerpt":{"rendered":"<p>Minden k\u00e9pz\u00e9shez a jelentkez\u00e9si lap <a href=\"\/magtud\/files\/2017\/11\/Jelentkezesi_lap_magtud_kepzesekre.doc\">innen<\/a> let\u00f6lthet\u0151. Tov\u00e1bbk\u00e9pz\u00e9seink nem pontszerz\u0151 szakter\u00fcletr\u0151l \u00e9rkez\u0151k sz\u00e1m\u00e1ra is nyitottak! Az ev\u00e9szavarok (anorexia nervosa, bulimia nervosa, fal\u00e1szavar) komplex kezel\u00e9se SE-SZTOK\/2025.II\/00396 szeptember 23. &#8211; november 18. (k\u00e9thetente keddenk\u00e9nt)\u00a0\u00a0\u00a0\u00a0 CME\u00a0\u00a0 50 pont <a href=\"https:\/\/oftex.hu\/project_o\/actual_prg\/system\/launch.php?pg=.\/oftex\/TANF_Adatlap.php?msgid=92069&amp;tableid=0&amp;retcode=tanflist\">https:\/\/oftex.hu\/project_o\/actual_prg\/system\/launch.php?pg=.\/oftex\/TANF_Adatlap.php?msgid=92069&amp;tableid=0&amp;retcode=tanflist<\/a> Stresszkezel\u00e9s a gyakorlatban. Williams \u00c9letk\u00e9szs\u00e9gek magatart\u00e1sorvosl\u00e1si program SE-SZTOK\/2025.II\/00382 szeptember 19-20. (p\u00e9ntek-szombat)\u00a0\u00a0\u00a0\u00a0 CME\u00a0\u00a0 32 pont <a href=\"https:\/\/oftex.hu\/project_o\/actual_prg\/system\/launch.php?pg=.\/oftex\/TANF_Adatlap.php?msgid=91854&amp;tableid=0&amp;retcode=tanflist\">https:\/\/oftex.hu\/project_o\/actual_prg\/system\/launch.php?pg=.\/oftex\/TANF_Adatlap.php?msgid=91854&amp;tableid=0&amp;retcode=tanflist<\/a> &nbsp; SE-SZTOK\/2025.II\/00383 okt\u00f3ber 10-11. (p\u00e9ntek-szombat)\u00a0\u00a0\u00a0\u00a0 CME\u00a0\u00a0 32 &hellip;<\/p>\n","protected":false},"author":110,"featured_media":0,"parent":2383,"menu_order":9,"comment_status":"closed","ping_status":"closed","template":"","meta":{"_acf_changed":false,"footnotes":""},"categories":[],"tags":[],"class_list":["post-2057","page","type-page","status-publish","hentry"],"acf":[],"_links":{"self":[{"href":"https:\/\/semmelweis.hu\/magtud\/wp-json\/wp\/v2\/pages\/2057","targetHints":{"allow":["GET"]}}],"collection":[{"href":"https:\/\/semmelweis.hu\/magtud\/wp-json\/wp\/v2\/pages"}],"about":[{"href":"https:\/\/semmelweis.hu\/magtud\/wp-json\/wp\/v2\/types\/page"}],"author":[{"embeddable":true,"href":"https:\/\/semmelweis.hu\/magtud\/wp-json\/wp\/v2\/users\/110"}],"replies":[{"embeddable":true,"href":"https:\/\/semmelweis.hu\/magtud\/wp-json\/wp\/v2\/comments?post=2057"}],"version-history":[{"count":11,"href":"https:\/\/semmelweis.hu\/magtud\/wp-json\/wp\/v2\/pages\/2057\/revisions"}],"predecessor-version":[{"id":12868,"href":"https:\/\/semmelweis.hu\/magtud\/wp-json\/wp\/v2\/pages\/2057\/revisions\/12868"}],"up":[{"embeddable":true,"href":"https:\/\/semmelweis.hu\/magtud\/wp-json\/wp\/v2\/pages\/2383"}],"wp:attachment":[{"href":"https:\/\/semmelweis.hu\/magtud\/wp-json\/wp\/v2\/media?parent=2057"}],"wp:term":[{"taxonomy":"category","embeddable":true,"href":"https:\/\/semmelweis.hu\/magtud\/wp-json\/wp\/v2\/categories?post=2057"},{"taxonomy":"post_tag","embeddable":true,"href":"https:\/\/semmelweis.hu\/magtud\/wp-json\/wp\/v2\/tags?post=2057"}],"curies":[{"name":"wp","href":"https:\/\/api.w.org\/{rel}","templated":true}]}}