{"id":2049,"date":"2017-11-13T00:00:00","date_gmt":"2017-11-12T23:00:00","guid":{"rendered":"http:\/\/semmelweis.hu\/magtud\/valaszthato-kurzusok\/"},"modified":"2026-02-19T15:41:09","modified_gmt":"2026-02-19T14:41:09","slug":"valaszthato-kurzusok","status":"publish","type":"page","link":"https:\/\/semmelweis.hu\/magtud\/oktatas\/valaszthato-kurzusok\/","title":{"rendered":"V\u00e1laszthat\u00f3 kurzusok"},"content":{"rendered":"<div class=\"keretes w-100\">\n<p><strong>A v\u00e1laszthat\u00f3 kurzusok list\u00e1ja \u00e9s a let\u00f6lthet\u0151 k\u00f6vetelm\u00e9nyrendszerek pdf form\u00e1tumban.<\/strong><\/p>\n<\/div>\n<ul style=\"list-style-type: square\">\n<li>\n<p><a href=\"https:\/\/semmelweis.hu\/magtud\/files\/2023\/06\/A-digitalis-egeszseg-alapjai.pdf\">A digit\u00e1lis eg\u00e9szs\u00e9g alapjai<\/a><\/p>\n<\/li>\n<li>\n<p><a href=\"https:\/\/semmelweis.hu\/magtud\/files\/2026\/02\/Honlapra_MJ_Fajdalom_2026_tantargyi_tematika.pdf\">A f\u00e1jdalom kezel\u00e9s\u00e9nek komplex gyakorlata<\/a><\/p>\n<\/li>\n<li>\n<p><a href=\"https:\/\/semmelweis.hu\/magtud\/files\/2023\/06\/A-munka-egeszsegkulturaja-es-a-munkahelyi-stressz.pdf\">A munka eg\u00e9szs\u00e9gkult\u00far\u00e1ja \u00e9s a munkahelyi stressz<\/a><\/p>\n<\/li>\n<li>\n<p><a href=\"https:\/\/semmelweis.hu\/magtud\/files\/2023\/06\/A-pszichoszomatika-elmelete-es-gyakorlata-I-II..pdf\">A pszichoszomatika elm\u00e9lete \u00e9s gyakorlata I-II.<\/a><\/p>\n<\/li>\n<li>\n<p><a href=\"https:\/\/semmelweis.hu\/magtud\/files\/2023\/06\/A-reprodukcio-kulturalis-kulonbsegei.-A-gyermekvallalas-antropologiai-es-biologiai-megkozelitesben..pdf\">A reprodukci\u00f3 kultur\u00e1lis k\u00fcl\u00f6nbs\u00e9gei. A gyermekv\u00e1llal\u00e1s antropol\u00f3giai \u00e9s biol\u00f3giai megk\u00f6zel\u00edt\u00e9sben.<\/a><\/p>\n<\/li>\n<li>\n<p><a href=\"https:\/\/semmelweis.hu\/magtud\/files\/2025\/09\/CzE_Stresszkezeles-2025-26-honlapra.pdf\">A stresszkezel\u00e9s elm\u00e9lete \u00e9s gyakorlata<\/a><\/p>\n<\/li>\n<li>\n<p><a href=\"https:\/\/semmelweis.hu\/magtud\/files\/2023\/06\/A-tanulas-muveszete.pdf\" target=\"_blank\" rel=\"noopener noreferrer\">A tanul\u00e1s m\u0171v\u00e9szete<\/a><\/p>\n<\/li>\n<li>\n<p><a href=\"https:\/\/semmelweis.hu\/magtud\/files\/2023\/06\/Az-obezitas-magatartastudomanyi-vonatkozasai-\u2013-A-testsulykontroll-pszichologiai-tamogatasa.pdf\">Az obezit\u00e1s magatart\u00e1studom\u00e1nyi vonatkoz\u00e1sai \u2013 A tests\u00falykontroll pszichol\u00f3giai t\u00e1mogat\u00e1sa<\/a><\/p>\n<\/li>\n<li>\n<p><a href=\"https:\/\/semmelweis.hu\/magtud\/files\/2023\/06\/Eletmod-orvoslas.pdf\" target=\"_blank\" rel=\"noopener noreferrer\">\u00c9letm\u00f3dorvosl\u00e1s<\/a><\/p>\n<\/li>\n<li>\n<p><a href=\"https:\/\/semmelweis.hu\/magtud\/files\/2025\/02\/FOK_Fogorvosi-etika-kurzusleiras-2024-25-II.pdf\">Fogorvosi etika<\/a><\/p>\n<\/li>\n<li>\n<p><a href=\"https:\/\/semmelweis.hu\/magtud\/files\/2023\/06\/Halal-kultura-orvosi-antropologia.pdf\" target=\"_blank\" rel=\"noopener noreferrer\">Hal\u00e1l, kult\u00fara, orvosi antropol\u00f3gia<\/a><\/p>\n<\/li>\n<li>\n<p><a href=\"https:\/\/semmelweis.hu\/magtud\/files\/2023\/06\/Hangszeres-improvizacios-gyakorlatok.pdf\" target=\"_blank\" rel=\"noopener noreferrer\">Hangszeres improviz\u00e1ci\u00f3s gyakorlatok<\/a><\/p>\n<\/li>\n<li>\n<p><a href=\"https:\/\/semmelweis.hu\/magtud\/files\/2023\/06\/HuMania-Palyaszocializacios-Muhely-orvostanhallgatoknak-es-fogorvostanhallgatoknak.pdf\">HuM\u00e1nia P\u00e1lyaszocializ\u00e1ci\u00f3s M\u0171hely orvostanhallgat\u00f3knak \u00e9s fogorvostanhallgat\u00f3knak<\/a><\/p>\n<\/li>\n<li>\n<p><a href=\"https:\/\/semmelweis.hu\/magtud\/files\/2023\/06\/Istenhit-es-esz-az-Orvostudomanyban.pdf\" target=\"_blank\" rel=\"noopener noreferrer\">Istenhit \u00e9s \u00e9sz az orvostudom\u00e1nyban<\/a><\/p>\n<\/li>\n<li>\n<p><a href=\"https:\/\/semmelweis.hu\/magtud\/files\/2023\/06\/Kommunikacio-fogyatekkal-elokkel-es-fogyatekkal-elok-gyakorlati-tamogatasa.pdf\">Kommunik\u00e1ci\u00f3 fogyat\u00e9kkal \u00e9l\u0151kkel, \u00e9s fogyat\u00e9kkal \u00e9l\u0151k gyakorlati t\u00e1mogat\u00e1sa<\/a><\/p>\n<\/li>\n<li>\n<p><a href=\"https:\/\/semmelweis.hu\/magtud\/files\/2023\/06\/Kultura-a-gyogyitasban-a-gyogyitas-kulturaja.pdf\" target=\"_blank\" rel=\"noopener noreferrer\">Kult\u00fara a gy\u00f3gy\u00edt\u00e1sban, a gy\u00f3gy\u00edt\u00e1s kult\u00far\u00e1ja<\/a><\/p>\n<\/li>\n<li>\n<p><a href=\"https:\/\/semmelweis.hu\/magtud\/files\/2025\/09\/GyZs_Mentorprogram25_26_kovetelmeny_magyar0920.pdf\">MENTORPROGRAM<\/a><\/p>\n<\/li>\n<li>\n<p><a href=\"https:\/\/semmelweis.hu\/magtud\/files\/2023\/06\/Mindfulness-tudatos-jelenlet-alapu-stresszkezeles-elmelete-es-gyakorlata.pdf\">Mindfulness (tudatos jelenl\u00e9t) alap\u00fa stresszkezel\u00e9s elm\u00e9lete \u00e9s gyakorlata<\/a><\/p>\n<\/li>\n<li>\n<p><a href=\"https:\/\/semmelweis.hu\/magtud\/files\/2023\/06\/Orvosi-antropologia.pdf\">Orvosi antropol\u00f3gia<\/a><\/p>\n<\/li>\n<li>\n<p><a href=\"https:\/\/semmelweis.hu\/magtud\/files\/2025\/02\/Bioetika_orvosi-etika_es-jog-AOK-2024-25-II.pdf\">Orvosi etika, bioetika \u00e9s jog<\/a><\/p>\n<\/li>\n<li>\n<p><a href=\"https:\/\/semmelweis.hu\/magtud\/files\/2023\/06\/Orvosi-humaniorak.pdf\" target=\"_blank\" rel=\"noopener noreferrer\">Orvosi humani\u00f3r\u00e1k<\/a><\/p>\n<\/li>\n<li>\n<p><a href=\"https:\/\/semmelweis.hu\/magtud\/files\/2023\/06\/Okologiai-szemlelet-az-egeszseg-szolgalataban-okologiai-szempontu-orvoslas.pdf\" target=\"_blank\" rel=\"noopener noreferrer\">\u00d6kol\u00f3giai szeml\u00e9let az eg\u00e9szs\u00e9g szolg\u00e1lat\u00e1ban, \u00f6kol\u00f3gia szempont\u00fa orvosl\u00e1s<\/a><\/p>\n<\/li>\n<li>\n<p><a href=\"https:\/\/semmelweis.hu\/magtud\/files\/2023\/06\/Pszichoneuroimmunologiai-tenyezok-hatasa-az-emberi-szervezet-karositasaban.pdf\">Pszichoneuroimmunol\u00f3giai t\u00e9nyez\u0151k hat\u00e1sa az emberi szervezet k\u00e1ros\u00edt\u00e1s\u00e1ban<\/a><\/p>\n<\/li>\n<li>\n<p><a href=\"https:\/\/semmelweis.hu\/magtud\/files\/2024\/08\/KA_Pszichoszoc-onkol_Tematika_cimekkel_2024-osz_tervezet.pdf\">Pszichoszoci\u00e1lis onkol\u00f3gia<\/a><\/p>\n<\/li>\n<li>\n<p><a href=\"https:\/\/semmelweis.hu\/magtud\/files\/2023\/06\/Szike-es-paragrafus.pdf\">Szike \u00e9s paragrafus: az orvosi tev\u00e9kenys\u00e9g speci\u00e1lis probl\u00e9m\u00e1i a jog t\u00fckr\u00e9ben<\/a><\/p>\n<\/li>\n<li>\n<p><a href=\"https:\/\/semmelweis.hu\/magtud\/files\/2026\/02\/Honlapra_HK_Tanatologia_ossz_info.pdf\">Tanatol\u00f3giai ismeretek. Haldokl\u00e1s \u00e9s gy\u00e1sz k\u00e9rd\u00e9sei az orvosi gyakorlatban. A termin\u00e1lis \u00e1llapot\u00fa daganatos betegek palliat\u00edv ell\u00e1t\u00e1sa<\/a><\/p>\n<\/li>\n<li>\n<p><a href=\"https:\/\/semmelweis.hu\/magtud\/files\/2023\/06\/Zsido-orvosi-etika.pdf\" target=\"_blank\" rel=\"noopener noreferrer\">Zsid\u00f3 orvosi etika<\/a><\/p>\n<\/li>\n<li>\n<p><a href=\"https:\/\/semmelweis.hu\/magtud\/files\/2023\/02\/DB_Intercultural-Healthcare-Integrated-Course-honlapra-23.pdf\">Intercultural Healthcare Integrated Course\u00a0<\/a>(magyar hallgat\u00f3knak is)<\/p>\n<\/li>\n<li>\n<p><a href=\"https:\/\/semmelweis.hu\/magtud\/files\/2025\/02\/Justi-idopontokkal-2025-1.pdf\">Orvosl\u00e1s Justitia m\u00e9rleg\u00e9n: h\u00edres jogesetek, neh\u00e9z dilemm\u00e1k<\/a><\/p>\n<\/li>\n<li><a href=\"https:\/\/semmelweis.hu\/magtud\/files\/2025\/09\/CzE_Obezitas-2025-26-honlapra.pdf\">Az obezit\u00e1s magatart\u00e1studom\u00e1nyi vonatkoz\u00e1sai &#8211; A tests\u00falykontroll pszichol\u00f3giai t\u00e1mogat\u00e1sa<\/a><\/li>\n<\/ul>\n","protected":false},"excerpt":{"rendered":"<p>A v\u00e1laszthat\u00f3 kurzusok list\u00e1ja \u00e9s a let\u00f6lthet\u0151 k\u00f6vetelm\u00e9nyrendszerek pdf form\u00e1tumban.<\/p>\n<p><a href=\"https:\/\/semmelweis.hu\/magtud\/files\/2023\/06\/A-digitalis-egeszseg-alapjai.pdf\">A digit\u00e1lis eg\u00e9szs\u00e9g alapjai<\/a><\/p>\n<p><a href=\"https:\/\/semmelweis.hu\/magtud\/files\/2026\/02\/Honlapra_MJ_Fajdalom_2026_tantargyi_tematika.pdf\">A f\u00e1jdalom kezel\u00e9s\u00e9nek komplex gyakorlata<\/a><\/p>\n<p><a href=\"https:\/\/semmelweis.hu\/magtud\/files\/2023\/06\/A-munka-egeszsegkulturaja-es-a-munkahelyi-stressz.pdf\">A munka eg\u00e9szs\u00e9gkult\u00far\u00e1ja \u00e9s a munkahelyi stressz<\/a><\/p>\n<p><a href=\"https:\/\/semmelweis.hu\/magtud\/files\/2023\/06\/A-pszichoszomatika-elmelete-es-gyakorlata-I-II..pdf\">A pszichoszomatika elm\u00e9lete \u00e9s gyakorlata I-II.<\/a><\/p>\n<p><a href=\"https:\/\/semmelweis.hu\/magtud\/files\/2023\/06\/A-reprodukcio-kulturalis-kulonbsegei.-A-gyermekvallalas-antropologiai-es-biologiai-megkozelitesben..pdf\">A reprodukci\u00f3 kultur\u00e1lis k\u00fcl\u00f6nbs\u00e9gei. A gyermekv\u00e1llal\u00e1s antropol\u00f3giai \u00e9s biol\u00f3giai megk\u00f6zel\u00edt\u00e9sben.<\/a><\/p>\n<p><a href=\"https:\/\/semmelweis.hu\/magtud\/files\/2025\/09\/CzE_Stresszkezeles-2025-26-honlapra.pdf\">A stresszkezel\u00e9s elm\u00e9lete \u00e9s gyakorlata<\/a><\/p>\n<p><a href=\"https:\/\/semmelweis.hu\/magtud\/files\/2023\/06\/A-tanulas-muveszete.pdf\" target=\"_blank\" rel=\"noopener noreferrer\">A tanul\u00e1s m\u0171v\u00e9szete<\/a><\/p>\n<p><a href=\"https:\/\/semmelweis.hu\/magtud\/files\/2023\/06\/Az-obezitas-magatartastudomanyi-vonatkozasai-\u2013-A-testsulykontroll-pszichologiai-tamogatasa.pdf\">Az obezit\u00e1s magatart\u00e1studom\u00e1nyi vonatkoz\u00e1sai \u2013 A tests\u00falykontroll pszichol\u00f3giai t\u00e1mogat\u00e1sa<\/a><\/p>\n<p><a href=\"https:\/\/semmelweis.hu\/magtud\/files\/2023\/06\/Eletmod-orvoslas.pdf\" target=\"_blank\" rel=\"noopener noreferrer\">\u00c9letm\u00f3dorvosl\u00e1s<\/a><\/p>\n<p><a href=\"https:\/\/semmelweis.hu\/magtud\/files\/2025\/02\/FOK_Fogorvosi-etika-kurzusleiras-2024-25-II.pdf\">Fogorvosi etika<\/a><\/p>\n<p><a href=\"https:\/\/semmelweis.hu\/magtud\/files\/2023\/06\/Halal-kultura-orvosi-antropologia.pdf\" target=\"_blank\" rel=\"noopener noreferrer\">Hal\u00e1l, kult\u00fara, orvosi antropol\u00f3gia<\/a><\/p>\n<p><a href=\"https:\/\/semmelweis.hu\/magtud\/files\/2023\/06\/Hangszeres-improvizacios-gyakorlatok.pdf\" target=\"_blank\" rel=\"noopener noreferrer\">Hangszeres improviz\u00e1ci\u00f3s gyakorlatok<\/a><\/p>\n<p><a href=\"https:\/\/semmelweis.hu\/magtud\/files\/2023\/06\/HuMania-Palyaszocializacios-Muhely-orvostanhallgatoknak-es-fogorvostanhallgatoknak.pdf\">HuM\u00e1nia P\u00e1lyaszocializ\u00e1ci\u00f3s M\u0171hely orvostanhallgat\u00f3knak \u00e9s fogorvostanhallgat\u00f3knak<\/a><\/p>\n<p><a href=\"https:\/\/semmelweis.hu\/magtud\/files\/2023\/06\/Istenhit-es-esz-az-Orvostudomanyban.pdf\" target=\"_blank\" rel=\"noopener noreferrer\">Istenhit \u00e9s \u00e9sz az orvostudom\u00e1nyban<\/a><\/p>\n<p><a href=\"https:\/\/semmelweis.hu\/magtud\/files\/2023\/06\/Kommunikacio-fogyatekkal-elokkel-es-fogyatekkal-elok-gyakorlati-tamogatasa.pdf\">Kommunik\u00e1ci\u00f3 fogyat\u00e9kkal \u00e9l\u0151kkel, \u00e9s fogyat\u00e9kkal \u00e9l\u0151k gyakorlati t\u00e1mogat\u00e1sa<\/a><\/p>\n<p><a href=\"https:\/\/semmelweis.hu\/magtud\/files\/2023\/06\/Kultura-a-gyogyitasban-a-gyogyitas-kulturaja.pdf\" target=\"_blank\" rel=\"noopener noreferrer\">Kult\u00fara a gy\u00f3gy\u00edt\u00e1sban, a gy\u00f3gy\u00edt\u00e1s kult\u00far\u00e1ja<\/a><\/p>\n<p><a href=\"https:\/\/semmelweis.hu\/magtud\/files\/2025\/09\/GyZs_Mentorprogram25_26_kovetelmeny_magyar0920.pdf\">MENTORPROGRAM<\/a><\/p>\n<p><a href=\"https:\/\/semmelweis.hu\/magtud\/files\/2023\/06\/Mindfulness-tudatos-jelenlet-alapu-stresszkezeles-elmelete-es-gyakorlata.pdf\">Mindfulness (tudatos jelenl\u00e9t) alap\u00fa stresszkezel\u00e9s elm\u00e9lete \u00e9s gyakorlata<\/a><\/p>\n<p><a href=\"https:\/\/semmelweis.hu\/magtud\/files\/2023\/06\/Orvosi-antropologia.pdf\">Orvosi antropol\u00f3gia<\/a><\/p>\n<p><a href=\"https:\/\/semmelweis.hu\/magtud\/files\/2025\/02\/Bioetika_orvosi-etika_es-jog-AOK-2024-25-II.pdf\">Orvosi etika, bioetika \u00e9s jog<\/a><\/p>\n<p><a href=\"https:\/\/semmelweis.hu\/magtud\/files\/2023\/06\/Orvosi-humaniorak.pdf\" target=\"_blank\" rel=\"noopener noreferrer\">Orvosi humani\u00f3r\u00e1k<\/a><\/p>\n<p><a href=\"https:\/\/semmelweis.hu\/magtud\/files\/2023\/06\/Okologiai-szemlelet-az-egeszseg-szolgalataban-okologiai-szempontu-orvoslas.pdf\" target=\"_blank\" rel=\"noopener noreferrer\">\u00d6kol\u00f3giai szeml\u00e9let az eg\u00e9szs\u00e9g szolg\u00e1lat\u00e1ban, \u00f6kol\u00f3gia szempont\u00fa orvosl\u00e1s<\/a><\/p>\n<p><a href=\"https:\/\/semmelweis.hu\/magtud\/files\/2023\/06\/Pszichoneuroimmunologiai-tenyezok-hatasa-az-emberi-szervezet-karositasaban.pdf\">Pszichoneuroimmunol\u00f3giai t\u00e9nyez\u0151k hat\u00e1sa az emberi szervezet k\u00e1ros\u00edt\u00e1s\u00e1ban<\/a><\/p>\n<p><a href=\"https:\/\/semmelweis.hu\/magtud\/files\/2024\/08\/KA_Pszichoszoc-onkol_Tematika_cimekkel_2024-osz_tervezet.pdf\">Pszichoszoci\u00e1lis onkol\u00f3gia<\/a><\/p>\n<p><a href=\"https:\/\/semmelweis.hu\/magtud\/files\/2023\/06\/Szike-es-paragrafus.pdf\">Szike \u00e9s paragrafus: az orvosi tev\u00e9kenys\u00e9g speci\u00e1lis probl\u00e9m\u00e1i a jog t\u00fckr\u00e9ben<\/a><\/p>\n<p><a href=\"https:\/\/semmelweis.hu\/magtud\/files\/2026\/02\/Honlapra_HK_Tanatologia_ossz_info.pdf\">Tanatol\u00f3giai ismeretek. Haldokl\u00e1s \u00e9s gy\u00e1sz k\u00e9rd\u00e9sei az orvosi gyakorlatban. A termin\u00e1lis \u00e1llapot\u00fa daganatos betegek palliat\u00edv ell\u00e1t\u00e1sa<\/a><\/p>\n<p><a href=\"https:\/\/semmelweis.hu\/magtud\/files\/2023\/06\/Zsido-orvosi-etika.pdf\" target=\"_blank\" rel=\"noopener noreferrer\">Zsid\u00f3 orvosi etika<\/a><\/p>\n<p><a href=\"https:\/\/semmelweis.hu\/magtud\/files\/2023\/02\/DB_Intercultural-Healthcare-Integrated-Course-honlapra-23.pdf\">Intercultural Healthcare Integrated Course\u00a0<\/a>(magyar hallgat\u00f3knak is)<\/p>\n<p><a href=\"https:\/\/semmelweis.hu\/magtud\/files\/2025\/02\/Justi-idopontokkal-2025-1.pdf\">Orvosl\u00e1s Justitia m\u00e9rleg\u00e9n: h\u00edres jogesetek, neh\u00e9z dilemm\u00e1k<\/a><\/p>\n<p><a href=\"https:\/\/semmelweis.hu\/magtud\/files\/2025\/09\/CzE_Obezitas-2025-26-honlapra.pdf\">Az obezit\u00e1s magatart\u00e1studom\u00e1nyi vonatkoz\u00e1sai &#8211; A tests\u00falykontroll pszichol\u00f3giai t\u00e1mogat\u00e1sa<\/a><\/p>\n","protected":false},"author":110,"featured_media":0,"parent":2383,"menu_order":5,"comment_status":"closed","ping_status":"closed","template":"","meta":{"_acf_changed":false,"footnotes":""},"categories":[],"tags":[],"class_list":["post-2049","page","type-page","status-publish","hentry"],"acf":[],"_links":{"self":[{"href":"https:\/\/semmelweis.hu\/magtud\/wp-json\/wp\/v2\/pages\/2049","targetHints":{"allow":["GET"]}}],"collection":[{"href":"https:\/\/semmelweis.hu\/magtud\/wp-json\/wp\/v2\/pages"}],"about":[{"href":"https:\/\/semmelweis.hu\/magtud\/wp-json\/wp\/v2\/types\/page"}],"author":[{"embeddable":true,"href":"https:\/\/semmelweis.hu\/magtud\/wp-json\/wp\/v2\/users\/110"}],"replies":[{"embeddable":true,"href":"https:\/\/semmelweis.hu\/magtud\/wp-json\/wp\/v2\/comments?post=2049"}],"version-history":[{"count":11,"href":"https:\/\/semmelweis.hu\/magtud\/wp-json\/wp\/v2\/pages\/2049\/revisions"}],"predecessor-version":[{"id":13371,"href":"https:\/\/semmelweis.hu\/magtud\/wp-json\/wp\/v2\/pages\/2049\/revisions\/13371"}],"up":[{"embeddable":true,"href":"https:\/\/semmelweis.hu\/magtud\/wp-json\/wp\/v2\/pages\/2383"}],"wp:attachment":[{"href":"https:\/\/semmelweis.hu\/magtud\/wp-json\/wp\/v2\/media?parent=2049"}],"wp:term":[{"taxonomy":"category","embeddable":true,"href":"https:\/\/semmelweis.hu\/magtud\/wp-json\/wp\/v2\/categories?post=2049"},{"taxonomy":"post_tag","embeddable":true,"href":"https:\/\/semmelweis.hu\/magtud\/wp-json\/wp\/v2\/tags?post=2049"}],"curies":[{"name":"wp","href":"https:\/\/api.w.org\/{rel}","templated":true}]}}