{"id":2042,"date":"2017-11-13T00:00:00","date_gmt":"2017-11-12T23:00:00","guid":{"rendered":"http:\/\/semmelweis.hu\/magtud\/orvosi-szociologia\/"},"modified":"2025-09-02T09:49:18","modified_gmt":"2025-09-02T07:49:18","slug":"orvosi-szociologia","status":"publish","type":"page","link":"https:\/\/semmelweis.hu\/magtud\/reszlegek\/orvosi-szociologia\/","title":{"rendered":"Orvosi szociol\u00f3gia"},"content":{"rendered":"<h4><strong>A r\u00e9szleg munkat\u00e1rsai:<\/strong><\/h4>\n<p><strong>Vezet\u0151<\/strong>: Dr. habil. Gy\u0151rffy Zsuzsa PhD, egyetemi docens<\/p>\n<p><strong>Munkat\u00e1rsak<\/strong> Dr. Boros Julianna, D\u00f6br\u00f6ssy Bence, Dr. Girasek Edmond, Dr. Ruszkai Szilvia, Dr. Sus\u00e1nszky Anna<\/p>\n<p><strong>PhD hallgat\u00f3k<\/strong>: Dr. B\u00e9k\u00e1si S\u00e1ndor, Kardos J\u00f3zsef, Kolozsv\u00e1ri Szilvia, Anggi Septia Irawan, Horv\u00e1th Gergely Csaba, P\u00f6lczman Lea<\/p>\n<p>&nbsp;<\/p>\n<h4><strong>Az oktat\u00e1s c\u00e9lja:<\/strong><\/h4>\n<p>A 20. sz\u00e1zad m\u00e1sodik fel\u00e9ben az orvosl\u00e1sban a biomedik\u00e1lis modellt egyre ink\u00e1bb felv\u00e1ltotta a rendszerszeml\u00e9let\u0171 bio-pszicho-szoci\u00e1lis elm\u00e9let. E megk\u00f6zel\u00edt\u00e9s szerint a megbeteged\u00e9sek h\u00e1tter\u00e9ben mind a biol\u00f3giai, mind a pszichol\u00f3giai, mind pedig a t\u00e1rsadalmi h\u00e1tt\u00e9rt\u00e9nyez\u0151knek (\u00e9s k\u00f6lcs\u00f6n\u00f6s egym\u00e1sra hat\u00e1suknak) jelent\u0151s szerepe van. Oktat\u00e1sunkban e szeml\u00e9let alapj\u00e1n k\u00f6zel\u00edtj\u00fck meg az eg\u00e9szs\u00e9g-betegs\u00e9g vil\u00e1g\u00e1nak k\u00fcl\u00f6nb\u00f6z\u0151 t\u00e9mak\u00f6reit.<\/p>\n<p>A fenti megk\u00f6zel\u00edt\u00e9st alapul v\u00e9ve, az orvosi szociol\u00f3gia c\u00e9lja, hogy megismertesse a leend\u0151 orvosokat azokkal a t\u00e1rsadalmi t\u00e9nyez\u0151kkel, amelyeknek az ismerete a gy\u00f3gy\u00edt\u00e1s folyamat\u00e1ban elengedhetetlen. A t\u00e1rsadalmi egyenl\u0151tlens\u00e9gek szerep\u00e9nek megismer\u00e9se, az eg\u00e9szs\u00e9g\u00fcgyi rendszerek m\u0171k\u00f6d\u00e9s\u00e9nek alapelvei, az orvosi hivat\u00e1s \u00e9s \u00e1talakul\u00e1sa vagy a medikaliz\u00e1ci\u00f3 jelens\u00e9ge egyar\u00e1nt r\u00e9szei a k\u00e9pz\u00e9s tematik\u00e1j\u00e1nak. Oktat\u00e1si \u00e9s terepgyakorlati programunk r\u00e9sze tov\u00e1bb\u00e1, a digit\u00e1lis eg\u00e9szs\u00e9g\/eg\u00e9szs\u00e9g\u00fcgy t\u00e1rsadalmi relevanci\u00e1j\u00fa k\u00e9rd\u00e9seibe val\u00f3 betekint\u00e9s.<\/p>\n<h4><strong>Oktatott t\u00e1rgyak<\/strong><\/h4>\n<p><strong>K\u00f6telez\u0151 t\u00e1rgyak:<\/strong><\/p>\n<ul>\n<li>\u00c1OK orvosi szociol\u00f3gia AOKMAG669_1M\u00a0 (2 kredit)<\/li>\n<li>FOK fogorvosi szociol\u00f3gia FOKVMAG235_1M (1 kredit)<\/li>\n<li>GYOK gy\u00f3gyszer\u00e9szi szociol\u00f3gia<\/li>\n<\/ul>\n","protected":false},"excerpt":{"rendered":"<p>A r\u00e9szleg munkat\u00e1rsai: Vezet\u0151: Dr. habil. Gy\u0151rffy Zsuzsa PhD, egyetemi docens Munkat\u00e1rsak Dr. Boros Julianna, D\u00f6br\u00f6ssy Bence, Dr. Girasek Edmond, Dr. Ruszkai Szilvia, Dr. Sus\u00e1nszky Anna PhD hallgat\u00f3k: Dr. B\u00e9k\u00e1si S\u00e1ndor, Kardos J\u00f3zsef, Kolozsv\u00e1ri Szilvia, Anggi Septia Irawan, Horv\u00e1th Gergely Csaba, P\u00f6lczman Lea &nbsp; Az oktat\u00e1s c\u00e9lja: A 20. sz\u00e1zad m\u00e1sodik fel\u00e9ben az orvosl\u00e1sban a &hellip;<\/p>\n","protected":false},"author":110,"featured_media":0,"parent":2343,"menu_order":4,"comment_status":"closed","ping_status":"closed","template":"","meta":{"_acf_changed":false,"footnotes":""},"categories":[],"tags":[],"class_list":["post-2042","page","type-page","status-publish","hentry"],"acf":[],"_links":{"self":[{"href":"https:\/\/semmelweis.hu\/magtud\/wp-json\/wp\/v2\/pages\/2042","targetHints":{"allow":["GET"]}}],"collection":[{"href":"https:\/\/semmelweis.hu\/magtud\/wp-json\/wp\/v2\/pages"}],"about":[{"href":"https:\/\/semmelweis.hu\/magtud\/wp-json\/wp\/v2\/types\/page"}],"author":[{"embeddable":true,"href":"https:\/\/semmelweis.hu\/magtud\/wp-json\/wp\/v2\/users\/110"}],"replies":[{"embeddable":true,"href":"https:\/\/semmelweis.hu\/magtud\/wp-json\/wp\/v2\/comments?post=2042"}],"version-history":[{"count":10,"href":"https:\/\/semmelweis.hu\/magtud\/wp-json\/wp\/v2\/pages\/2042\/revisions"}],"predecessor-version":[{"id":12957,"href":"https:\/\/semmelweis.hu\/magtud\/wp-json\/wp\/v2\/pages\/2042\/revisions\/12957"}],"up":[{"embeddable":true,"href":"https:\/\/semmelweis.hu\/magtud\/wp-json\/wp\/v2\/pages\/2343"}],"wp:attachment":[{"href":"https:\/\/semmelweis.hu\/magtud\/wp-json\/wp\/v2\/media?parent=2042"}],"wp:term":[{"taxonomy":"category","embeddable":true,"href":"https:\/\/semmelweis.hu\/magtud\/wp-json\/wp\/v2\/categories?post=2042"},{"taxonomy":"post_tag","embeddable":true,"href":"https:\/\/semmelweis.hu\/magtud\/wp-json\/wp\/v2\/tags?post=2042"}],"curies":[{"name":"wp","href":"https:\/\/api.w.org\/{rel}","templated":true}]}}