{"id":2041,"date":"2017-11-13T00:00:00","date_gmt":"2017-11-12T23:00:00","guid":{"rendered":"http:\/\/semmelweis.hu\/magtud\/orvosi-pszichologia\/"},"modified":"2024-02-19T09:10:54","modified_gmt":"2024-02-19T08:10:54","slug":"orvosi-pszichologia","status":"publish","type":"page","link":"https:\/\/semmelweis.hu\/magtud\/reszlegek\/orvosi-pszichologia\/","title":{"rendered":"Orvosi pszichol\u00f3gia"},"content":{"rendered":"<h4><strong>A r\u00e9szleg munkat\u00e1rsai<\/strong><\/h4>\n<p><span style=\"color: #000000\">Vezet\u0151: <a href=\"https:\/\/semmelweis.hu\/magtud\/intezet\/munkatarsak\/dr-kegye-adrienne\/\" target=\"_blank\" rel=\"noopener noreferrer\">Dr. Kegye Adrienne<\/a><\/span><\/p>\n<h5>Munkat\u00e1rsak:<\/h5>\n<p><span style=\"color: #000000\">B\u00e1lint Eszter, <a href=\"\/magtud\/kuldetes\/munkatarsak\/dr-birkas-emma\">Dr. Birk\u00e1s Emma<\/a>, <a href=\"\/magtud\/kuldetes\/munkatarsak\/dr-czegledi-edit\">Dr. Czegl\u00e9di Edit<\/a> (oktat\u00e1si felel\u0151s), <a href=\"https:\/\/semmelweis.hu\/magtud\/intezet\/munkatarsak\/foldesi-eniko\/\">F\u00f6ldesi Enik\u0151<\/a>, Illy\u00e9s Zolt\u00e1n, <a href=\"https:\/\/semmelweis.hu\/magtud\/intezet\/munkatarsak\/mezei-agnes\/\">Mezei \u00c1gnes<\/a>, <a href=\"https:\/\/semmelweis.hu\/magtud\/intezet\/munkatarsak\/dr-lajtai-laszlo\/\">Dr. Lajtai L\u00e1szl\u00f3<\/a>, <a href=\"https:\/\/semmelweis.hu\/magtud\/intezet\/munkatarsak\/sule-judit\/\">S\u00fcle Judit<\/a>, <a href=\"https:\/\/semmelweis.hu\/magtud\/intezet\/munkatarsak\/dr-szalardy-orsolya\/\" target=\"_blank\" rel=\"noopener\">Dr. Szal\u00e1rdy Orsolya<\/a>, <a href=\"\/magtud\/kuldetes\/munkatarsak\/szalai-tamas-domotor\">Dr. Szalai Tam\u00e1s D\u00f6m\u00f6t\u00f6r<\/a>, <\/span><a href=\"\/magtud\/kuldetes\/munkatarsak\/dr-ujma-peter\">Dr. Ujma P\u00e9ter<\/a><\/p>\n<p><span style=\"color: #000000\">A<\/span><span style=\"font-size: 1rem;text-align: left\">\u00a0r\u00e9szleg munkat\u00e1rsai oktatj\u00e1k magyar nyelven az orvosi pszichol\u00f3gi\u00e1t, \u00e9s r\u00e9szt vesznek a tant\u00e1rgy angol \u00e9s n\u00e9met nyelv\u0171 oktat\u00e1s\u00e1ban is. A t\u00e1rgy oktat\u00e1s\u00e1nak c\u00e9lja azoknak a gyakorlati pszichol\u00f3giai ismereteknek az \u00e1tad\u00e1sa, amelyek n\u00e9lk\u00fcl\u00f6zhetetlenek a mindennapi betegell\u00e1t\u00e1s sor\u00e1n. Ide tartozik sz\u00e1mos pszichol\u00f3giai t\u00fcnet felismer\u00e9se \u00e9s megfelel\u0151 \u00e9rt\u00e9kel\u00e9se, k\u00fcl\u00f6n\u00f6s tekintettel az akut orvosi beavatkoz\u00e1st ig\u00e9nyl\u0151 t\u00fcnetekre, ide tartoznak azok a k\u00e9szs\u00e9gek is, amelyek n\u00e9lk\u00fcl\u00f6zhetetlenek a kr\u00f3nikus betegek gondoz\u00e1s\u00e1ban \u00e9s v\u00e9g\u00fcl ide tartoznak az orvosl\u00e1s azon speci\u00e1lis, neh\u00e9z helyzetei, amelyekben kit\u00fcntetett szerepe van pszichol\u00f3giai folyamatoknak.<\/span><\/p>\n<h4><strong>Oktatott t\u00e1rgyak<\/strong><\/h4>\n<p><em>K\u00f6telez\u0151 t\u00e1rgyak:<\/em><br \/>\n<a href=\"https:\/\/semmelweis.hu\/magtud\/oktatas\/tantargyak\/altalanos-orvostudomanyi-kar\/orvosi-pszichologia-aok\/\">Orvosi pszichol\u00f3gia<\/a><\/p>\n","protected":false},"excerpt":{"rendered":"<p>A r\u00e9szleg munkat\u00e1rsai Vezet\u0151: <a href=\"https:\/\/semmelweis.hu\/magtud\/intezet\/munkatarsak\/dr-kegye-adrienne\/\" target=\"_blank\" rel=\"noopener noreferrer\">Dr. Kegye Adrienne<\/a> Munkat\u00e1rsak: B\u00e1lint Eszter, <a href=\"\/magtud\/kuldetes\/munkatarsak\/dr-birkas-emma\">Dr. Birk\u00e1s Emma<\/a> , <a href=\"\/magtud\/kuldetes\/munkatarsak\/dr-czegledi-edit\">Dr. Czegl\u00e9di Edit<\/a> (oktat\u00e1si felel\u0151s), <a href=\"https:\/\/semmelweis.hu\/magtud\/intezet\/munkatarsak\/foldesi-eniko\/\">F\u00f6ldesi Enik\u0151<\/a> , Illy\u00e9s Zolt\u00e1n, <a href=\"https:\/\/semmelweis.hu\/magtud\/intezet\/munkatarsak\/mezei-agnes\/\">Mezei \u00c1gnes<\/a> , <a href=\"https:\/\/semmelweis.hu\/magtud\/intezet\/munkatarsak\/dr-lajtai-laszlo\/\">Dr. Lajtai L\u00e1szl\u00f3<\/a> , <a href=\"https:\/\/semmelweis.hu\/magtud\/intezet\/munkatarsak\/sule-judit\/\">S\u00fcle Judit<\/a> , <a href=\"https:\/\/semmelweis.hu\/magtud\/intezet\/munkatarsak\/dr-szalardy-orsolya\/\" target=\"_blank\" rel=\"noopener\">Dr. Szal\u00e1rdy Orsolya<\/a> , <a href=\"\/magtud\/kuldetes\/munkatarsak\/szalai-tamas-domotor\">Dr. Szalai Tam\u00e1s D\u00f6m\u00f6t\u00f6r<\/a> , <a href=\"\/magtud\/kuldetes\/munkatarsak\/dr-ujma-peter\">Dr. Ujma P\u00e9ter<\/a> A\u00a0r\u00e9szleg munkat\u00e1rsai oktatj\u00e1k magyar nyelven az orvosi pszichol\u00f3gi\u00e1t, \u00e9s r\u00e9szt vesznek a tant\u00e1rgy angol \u00e9s n\u00e9met nyelv\u0171 oktat\u00e1s\u00e1ban is. A t\u00e1rgy oktat\u00e1s\u00e1nak c\u00e9lja azoknak a gyakorlati pszichol\u00f3giai ismereteknek az \u00e1tad\u00e1sa, amelyek n\u00e9lk\u00fcl\u00f6zhetetlenek a mindennapi betegell\u00e1t\u00e1s sor\u00e1n. Ide &hellip;<\/p>\n","protected":false},"author":110,"featured_media":0,"parent":2343,"menu_order":3,"comment_status":"closed","ping_status":"closed","template":"","meta":{"_acf_changed":false,"footnotes":""},"categories":[],"tags":[],"class_list":["post-2041","page","type-page","status-publish","hentry"],"acf":[],"_links":{"self":[{"href":"https:\/\/semmelweis.hu\/magtud\/wp-json\/wp\/v2\/pages\/2041","targetHints":{"allow":["GET"]}}],"collection":[{"href":"https:\/\/semmelweis.hu\/magtud\/wp-json\/wp\/v2\/pages"}],"about":[{"href":"https:\/\/semmelweis.hu\/magtud\/wp-json\/wp\/v2\/types\/page"}],"author":[{"embeddable":true,"href":"https:\/\/semmelweis.hu\/magtud\/wp-json\/wp\/v2\/users\/110"}],"replies":[{"embeddable":true,"href":"https:\/\/semmelweis.hu\/magtud\/wp-json\/wp\/v2\/comments?post=2041"}],"version-history":[{"count":12,"href":"https:\/\/semmelweis.hu\/magtud\/wp-json\/wp\/v2\/pages\/2041\/revisions"}],"predecessor-version":[{"id":12241,"href":"https:\/\/semmelweis.hu\/magtud\/wp-json\/wp\/v2\/pages\/2041\/revisions\/12241"}],"up":[{"embeddable":true,"href":"https:\/\/semmelweis.hu\/magtud\/wp-json\/wp\/v2\/pages\/2343"}],"wp:attachment":[{"href":"https:\/\/semmelweis.hu\/magtud\/wp-json\/wp\/v2\/media?parent=2041"}],"wp:term":[{"taxonomy":"category","embeddable":true,"href":"https:\/\/semmelweis.hu\/magtud\/wp-json\/wp\/v2\/categories?post=2041"},{"taxonomy":"post_tag","embeddable":true,"href":"https:\/\/semmelweis.hu\/magtud\/wp-json\/wp\/v2\/tags?post=2041"}],"curies":[{"name":"wp","href":"https:\/\/api.w.org\/{rel}","templated":true}]}}