{"id":2039,"date":"2017-11-13T00:00:00","date_gmt":"2017-11-12T23:00:00","guid":{"rendered":"http:\/\/semmelweis.hu\/magtud\/bioetika\/"},"modified":"2023-06-23T09:56:04","modified_gmt":"2023-06-23T07:56:04","slug":"bioetika","status":"publish","type":"page","link":"https:\/\/semmelweis.hu\/magtud\/reszlegek\/bioetika\/","title":{"rendered":"Bioetika"},"content":{"rendered":"<h4><strong>A r\u00e9szleg munkat\u00e1rsai<\/strong><\/h4>\n<p><strong>Vezet\u0151:<\/strong> <a href=\"https:\/\/semmelweis.hu\/magtud\/kuldetes\/munkatarsak\/dr-kovacs-jozsef\/\">Dr. Kov\u00e1cs J\u00f3zsef<\/a><\/p>\n<p>K\u00f6zalkalmazott munkat\u00e1rsak: <a href=\"https:\/\/semmelweis.hu\/magtud\/kuldetes\/munkatarsak\/dr-csapody-tamas\/\">Dr. Csapody Tam\u00e1s<\/a>, <a href=\"https:\/\/semmelweis.hu\/magtud\/intezet\/munkatarsak\/dr-dosa-agnes\/\" target=\"_blank\" rel=\"noopener noreferrer\">Dr. D\u00f3sa \u00c1gnes<\/a>, <a href=\"https:\/\/semmelweis.hu\/magtud\/intezet\/munkatarsak\/dr-nemes-laszlo\/\" target=\"_blank\" rel=\"noopener noreferrer\">Dr. Nemes L\u00e1szl\u00f3<\/a>, <a href=\"https:\/\/semmelweis.hu\/magtud\/kuldetes\/munkatarsak\/dr-peter-orsolya\/\">Dr. P\u00e9ter Orsolya<\/a>, <a href=\"https:\/\/semmelweis.hu\/magtud\/kuldetes\/munkatarsak\/dr-szebik-imre\/\">Dr. Szebik Imre<\/a>, <a href=\"https:\/\/semmelweis.hu\/magtud\/kuldetes\/munkatarsak\/dr-zana-agnes\/\">Dr. Zana \u00c1gnes<\/a><a href=\"\/int\/munkatarsak\/94-dr-zana-agnes\"><br \/>\n<\/a>\u00c1lland\u00f3 k\u00fcls\u0151 munkat\u00e1rs: Dr. L\u0151rincz Jen\u0151<\/p>\n<h4><strong>Az oktat\u00e1s c\u00e9lja <\/strong><\/h4>\n<p>a.) Az, hogy megk\u00f6nny\u00edtse a mindennapi orvosi gyakorlat sor\u00e1n felmer\u00fcl\u0151 etikai probl\u00e9m\u00e1k felismer\u00e9s\u00e9t, mintegy &#8222;r\u00e1nyissa&#8221; a hallgat\u00f3k szem\u00e9t az erk\u00f6lcsi probl\u00e9m\u00e1k \u00e9szrev\u00e9tel\u00e9re.<\/p>\n<p>b.)\u00a0 Olyan fogalmi\u2013logikai rendszer kimunk\u00e1l\u00e1sa, mely seg\u00edts\u00e9get ny\u00fajt a felmer\u00fcl\u0151 orvosetikai k\u00e9rd\u00e9sek elemz\u00e9s\u00e9ben, s lehet\u0151v\u00e9 teszi ezen probl\u00e9m\u00e1k hat\u00e9konyabb megold\u00e1s\u00e1t.<\/p>\n<p>c.) Olyan ismeretek \u00e1tad\u00e1sa, mely seg\u00edti az orvost abban, hogy a betegek , a k\u00eds\u00e9rleti alanyok, illetve az eg\u00e9szs\u00e9g\u00fcgyben dolgoz\u00f3k jogait megismerje, v\u00e9dje \u00e9s tiszteletben tartsa.<\/p>\n<p>d.) Seg\u00edteni a j\u00f6vend\u0151 orvost abban, hogy megismerje, mekkora az egy\u00e9n, az eg\u00e9szs\u00e9g\u00fcgy \u00e9s a t\u00e1rsadalom felel\u0151ss\u00e9ge az eg\u00e9szs\u00e9g fenntart\u00e1s\u00e1ban.<\/p>\n<p><em>Oktatott t\u00e1rgyak<br \/>\n<\/em>A t\u00e1rgyat t\u00e1mogat\u00f3 Moodle sz\u00ednt\u00e9r el\u00e9rhet\u0151s\u00e9ge:<br \/>\n<a href=\"http:\/\/itc.semmelweis.hu\/moodle\/\" target=\"_blank\" rel=\"noopener noreferrer\">http:\/\/itc.semmelweis.hu\/moodle\/<\/a> &#8211; bal oldalon a SEKA feliratra kattintva kell bel\u00e9pni.<br \/>\nA rendszerben minden, a t\u00e1rggyal kapcsolatos inform\u00e1ci\u00f3 megtal\u00e1lhat\u00f3.<\/p>\n<h4><strong>K\u00f6telez\u0151 t\u00e1rgyak magyar nyelven <\/strong><\/h4>\n<p>\u00c1OK III. \u00e9vf.: <a href=\"\/magtud\/reszlegek\/bioetika\/bioetika-orvosi-etika\/\">Bioetika &#8211; Orvosi etika<\/a><br \/>\nFOK IV. \u00e9vf.: Fogorvosi etika\u2014Bioetika<br \/>\nGYOK V.\u00e9vf.\u00a0 :<a href=\"\/magtud\/reszlegek\/bioetika\/gyogyszereszeti-etika\/\">Gy\u00f3gyszer\u00e9szeti etika<\/a><br \/>\nEg\u00e9szs\u00e9g\u00fcgyi Informatikai Kar, Eg\u00e9szs\u00e9g\u00fcgyi Szervez\u0151i szak I.\u00a0 \u00e9vf.: Bioetika&#8211;Eg\u00e9szs\u00e9g\u00fcgyi etika<\/p>\n<h4><strong>K\u00f6telez\u0151 t\u00e1rgyak angol nyelven <\/strong><\/h4>\n<p>Faculty of General Medicine, IV. \u00e9vf.: Medical Ethics\u2014Bioethics<br \/>\nFaculty of Dentistry\u00a0 IV. \u00e9vf.: Dental Ethics\u2014Bioethics<br \/>\nFaculty of Pharmacy V. \u00e9vf.:Pharmaceutical Ethics\u2014Bioethics<\/p>\n<h4><strong>K\u00f6telez\u0151 t\u00e1rgyak n\u00e9met nyelven <\/strong><\/h4>\n<p>\u00c1OK IV. \u00e9vf.: Bioethik<br \/>\nFOK IV. \u00e9vf.:\u00a0 Bioethik<br \/>\nGYOK V. \u00e9vf.: Bioethik<\/p>\n<h4><strong>V\u00e1laszthat\u00f3 t\u00e1rgyak magyar nyelven<\/strong><\/h4>\n<p><strong>\u00c1OK<\/strong><br \/>\nSzike \u00e9s paragrafus: az orvosi tev\u00e9kenys\u00e9g speci\u00e1lis probl\u00e9m\u00e1i a jog t\u00fckr\u00e9ben<br \/>\n<a href=\"https:\/\/semmelweis.hu\/magtud\/oktatas\/valaszthato-kurzusok\/tanatologiai-ismeretek-haldoklas-es-gyasz-kerdesei-az-orvosi-gyakorlatban\/\">Tanatol\u00f3giai ismeretek. Haldokl\u00e1s \u00e9s gy\u00e1sz k\u00e9rd\u00e9sei az orvosi gyakorlatban. A termin\u00e1lis \u00e1llapot\u00fa daganatos betegek palliat\u00edv ell\u00e1t\u00e1sa<\/a><br \/>\nZsid\u00f3 orvosi etika I.<\/p>\n<p>A klinikai kutat\u00e1s etikai k\u00e9rd\u00e9sei. V\u00e1laszthat\u00f3 PhD kurzus, mely minden m\u00e1sodik \u00e9vben indul. Utolj\u00e1ra a 2019\/2020 tan\u00e9v II. f\u00e9l\u00e9v\u00e9ben indult.<\/p>\n<p><strong>FOK<\/strong><br \/>\nHal\u00e1l, kult\u00fara, orvosi antropol\u00f3gia<br \/>\nSzike \u00e9s paragrafus: az orvosi tev\u00e9kenys\u00e9g speci\u00e1lis probl\u00e9m\u00e1i a jog t\u00fckr\u00e9ben<\/p>\n<p><strong>V\u00e1laszthat\u00f3 t\u00e1rgyak angol nyelven<br \/>\n<\/strong>Jewish Medical Ethics-I.-II.<\/p>\n<p><strong>V\u00e1laszthat\u00f3 t\u00e1rgyak n\u00e9met nyelven<\/strong>:<br \/>\nThanatologische Kenntnisse. Fragen des Sterbens und der Trauer in der medizinischen Praxis. Palliative Versorgung krebskranker Menschen mit begrenzter Lebenserwartun.<\/p>\n<h4><strong>T\u00e9telsorok <\/strong><\/h4>\n<p>Orvosi etika\u2014Bioetika, \u00c1OK III. \u00e9vf.<br \/>\nFogorvosi etika-Bioetika, FOK IV. \u00e9vf.<br \/>\nGy\u00f3gyszer\u00e9szeti etika&#8211; Bioetika\u2014GYOK V. \u00e9vf.<\/p>\n<p><strong>Tank\u00f6nyvek magyar nyelven <\/strong><\/p>\n<p>Dr. Kov\u00e1cs J\u00f3zsef (2006): A modern orvosi etika alapjai. Bevezet\u00e9s a bioetik\u00e1ba. (2. \u00e1tdolgozott kiad\u00e1s). Budapest, Medicina k\u00f6nyvkiad\u00f3 \u00a0<strong>ISBN: 963 242 624 X (e-k\u00f6nyvk\u00e9nt 2019.)<br \/>\n<\/strong>Dr. Kov\u00e1cs J\u00f3zsef (2017) (szerk.): A biotechnol\u00f3gia etikai k\u00e9rd\u00e9sei. (E-book, Semmelweis Kiad\u00f3, www.semmelweiskiado.hu) (p.287) <strong>ISBN: 978-963-331-406-7<\/strong><\/p>\n<p><strong>Tank\u00f6nyv angol nyelven <\/strong><\/p>\n<p>Conrad Fischer\u2014Caterina Oneto (2016): Medical Ethics for the Boards. (Third edition) New York: McGraw-Hill Education<br \/>\nISBN: 978-1-259-64121-3<br \/>\nMHID 1-25-964121-X<\/p>\n<p><strong>Tank\u00f6nyv n\u00e9met nyelven: <\/strong><\/p>\n<p>Christian Hick (2007): \u00a0Klinische Ethik: Mit F\u00e4llen (Springer-Lehrbuch) [Taschenbuch] Springer<\/p>\n<p><strong>Aj\u00e1nlott irodalom n\u00e9met nyelven:<\/strong><br \/>\nMarcus D\u00fcvell&#8211;Klaus Steigleder (2002): Bioethik. Eine Einf\u00fchrung. Suhrkamp<br \/>\nJan P Beckmann (1996): Fragen und Probleme einer medizinischen Ethik. De Gruyter, Berlin<br \/>\nGerd Bruderm\u00fcller (1999): Angewandte Ethik in der Medizin. K\u00f6nigsh.\/Neum., W\u00fcrzburg<br \/>\nWinfried Kahlke&#8211; Reiter-Theil Stella (1995): Ethik in der Medizin, Ferdinand Enke Verlag, Stuttgart<\/p>\n<p><strong>Aj\u00e1nlott irodalom magyar nyelven<br \/>\n<\/strong>Dr. Kov\u00e1cs J\u00f3zsef (2007): Bioetikai k\u00e9rd\u00e9sek\u00a0 a pszichi\u00e1tri\u00e1ban \u00e9s a pszichoter\u00e1pi\u00e1ban. Budapest, Medicina k\u00f6nyvkiad\u00f3.\u00a0 <strong>ISBN: 978\u00a0963\u00a0226\u00a0088 4 <\/strong>(Teljes terjedelemben ingyenesen el\u00e9rhet\u0151 a k\u00f6vetkez\u0151 internet-c\u00edmen: http:\/\/real-d.mtak.hu\/347\/)<\/p>\n<p>Heged\u0171s Katalin (szerk.): A palliat\u00edv ell\u00e1t\u00e1s alapjai. Sz\u00f6veggy\u0171jtem\u00e9ny. Budapest, Semmelweis Kiad\u00f3; 2009.<\/p>\n<p>Heged\u0171s Katalin: L\u00e9tezik-e j\u00f3 hal\u00e1l? Budapest, Oriold Kiad\u00f3; 2017.<\/p>\n<p>Zana \u00c1gnes: Mit mondjak? Hogyan mondjam? Budapest, Kossuth Kiad\u00f3; 2018.<\/p>\n<p><a href=\"\/magtud\/files\/2017\/11\/BioetikaIrodalomjegyzek2009.pdf\">2009 el\u0151tti, magyar nyelv\u0171 irodalomjegyz\u00e9k a bioetikai k\u00e9rd\u00e9sek t\u00f6rt\u00e9neti vonatkoz\u00e1sainak a tanulm\u00e1nyoz\u00e1s\u00e1hoz<\/a><\/p>\n<p><a href=\"\/magtud\/files\/2017\/11\/tanatologiairodalom2015.href=\">Tanatol\u00f3gia\/palliat\u00edv ter\u00e1pia irodalomjegyz\u00e9k<\/a><\/p>\n<p><a href=\"\/magtud\/kutatas\/tdk\/tdk-temak\/\">TDK-t\u00e9m\u00e1k <\/a><\/p>\n<p><a href=\"\/magtud\/oktatas\/szakdolgozat\/\">Szakdolgozati t\u00e9m\u00e1k<\/a><\/p>\n<p><a href=\"\/magtud\/oktatas\/rektori-palyatetelek\/\">Rektori p\u00e1lyat\u00e9telek<\/a><\/p>\n<p><a href=\"\/magtud\/kutatas\/phd-program\/temavezetoink-es-kutatasi-terueleteik\/\">PhD t\u00e9mavezet\u0151ink \u00e9s kutat\u00e1si ter\u00fcleteik<\/a><\/p>\n<p>&nbsp;<\/p>\n","protected":false},"excerpt":{"rendered":"<p>A r\u00e9szleg munkat\u00e1rsai Vezet\u0151: <a href=\"https:\/\/semmelweis.hu\/magtud\/kuldetes\/munkatarsak\/dr-kovacs-jozsef\/\">Dr. Kov\u00e1cs J\u00f3zsef<\/a> K\u00f6zalkalmazott munkat\u00e1rsak: <a href=\"https:\/\/semmelweis.hu\/magtud\/kuldetes\/munkatarsak\/dr-csapody-tamas\/\">Dr. Csapody Tam\u00e1s<\/a> , <a href=\"https:\/\/semmelweis.hu\/magtud\/intezet\/munkatarsak\/dr-dosa-agnes\/\" target=\"_blank\" rel=\"noopener noreferrer\">Dr. D\u00f3sa \u00c1gnes<\/a> , <a href=\"https:\/\/semmelweis.hu\/magtud\/intezet\/munkatarsak\/dr-nemes-laszlo\/\" target=\"_blank\" rel=\"noopener noreferrer\">Dr. Nemes L\u00e1szl\u00f3<\/a> , <a href=\"https:\/\/semmelweis.hu\/magtud\/kuldetes\/munkatarsak\/dr-peter-orsolya\/\">Dr. P\u00e9ter Orsolya<\/a> , <a href=\"https:\/\/semmelweis.hu\/magtud\/kuldetes\/munkatarsak\/dr-szebik-imre\/\">Dr. Szebik Imre<\/a> , <a href=\"https:\/\/semmelweis.hu\/magtud\/kuldetes\/munkatarsak\/dr-zana-agnes\/\">Dr. Zana \u00c1gnes<\/a> <a href=\"\/int\/munkatarsak\/94-dr-zana-agnes\"> <\/a>\u00c1lland\u00f3 k\u00fcls\u0151 munkat\u00e1rs: Dr. L\u0151rincz Jen\u0151 Az oktat\u00e1s c\u00e9lja a.) Az, hogy megk\u00f6nny\u00edtse a mindennapi orvosi gyakorlat sor\u00e1n felmer\u00fcl\u0151 etikai probl\u00e9m\u00e1k felismer\u00e9s\u00e9t, mintegy &#8222;r\u00e1nyissa&#8221; a hallgat\u00f3k szem\u00e9t az erk\u00f6lcsi probl\u00e9m\u00e1k \u00e9szrev\u00e9tel\u00e9re. b.)\u00a0 Olyan fogalmi\u2013logikai rendszer kimunk\u00e1l\u00e1sa, mely seg\u00edts\u00e9get ny\u00fajt a felmer\u00fcl\u0151 orvosetikai &hellip;<\/p>\n","protected":false},"author":110,"featured_media":0,"parent":2343,"menu_order":1,"comment_status":"closed","ping_status":"closed","template":"","meta":{"_acf_changed":false,"footnotes":""},"categories":[],"tags":[],"class_list":["post-2039","page","type-page","status-publish","hentry"],"acf":[],"_links":{"self":[{"href":"https:\/\/semmelweis.hu\/magtud\/wp-json\/wp\/v2\/pages\/2039","targetHints":{"allow":["GET"]}}],"collection":[{"href":"https:\/\/semmelweis.hu\/magtud\/wp-json\/wp\/v2\/pages"}],"about":[{"href":"https:\/\/semmelweis.hu\/magtud\/wp-json\/wp\/v2\/types\/page"}],"author":[{"embeddable":true,"href":"https:\/\/semmelweis.hu\/magtud\/wp-json\/wp\/v2\/users\/110"}],"replies":[{"embeddable":true,"href":"https:\/\/semmelweis.hu\/magtud\/wp-json\/wp\/v2\/comments?post=2039"}],"version-history":[{"count":11,"href":"https:\/\/semmelweis.hu\/magtud\/wp-json\/wp\/v2\/pages\/2039\/revisions"}],"predecessor-version":[{"id":11878,"href":"https:\/\/semmelweis.hu\/magtud\/wp-json\/wp\/v2\/pages\/2039\/revisions\/11878"}],"up":[{"embeddable":true,"href":"https:\/\/semmelweis.hu\/magtud\/wp-json\/wp\/v2\/pages\/2343"}],"wp:attachment":[{"href":"https:\/\/semmelweis.hu\/magtud\/wp-json\/wp\/v2\/media?parent=2039"}],"wp:term":[{"taxonomy":"category","embeddable":true,"href":"https:\/\/semmelweis.hu\/magtud\/wp-json\/wp\/v2\/categories?post=2039"},{"taxonomy":"post_tag","embeddable":true,"href":"https:\/\/semmelweis.hu\/magtud\/wp-json\/wp\/v2\/tags?post=2039"}],"curies":[{"name":"wp","href":"https:\/\/api.w.org\/{rel}","templated":true}]}}