{"id":2038,"date":"2017-11-13T00:00:00","date_gmt":"2017-11-12T23:00:00","guid":{"rendered":"http:\/\/semmelweis.hu\/magtud\/minosegbiztositas\/"},"modified":"2023-05-18T09:17:07","modified_gmt":"2023-05-18T07:17:07","slug":"minosegbiztositas","status":"publish","type":"page","link":"https:\/\/semmelweis.hu\/magtud\/intezet\/minosegbiztositas\/","title":{"rendered":"Min\u0151s\u00e9gbiztos\u00edt\u00e1s"},"content":{"rendered":"<p style=\"text-align: justify\"><span style=\"color: #000000\">Int\u00e9zet\u00fcnk, a Semmelweis Egyetem min\u0151s\u00e9gir\u00e1ny\u00edt\u00e1si rendszer\u00e9be illeszkedve, saj\u00e1t min\u0151s\u00e9gir\u00e1ny\u00edt\u00e1si rendszert is m\u0171k\u00f6dtet, mely folyamatos ellen\u0151rz\u00e9s \u00e9s fejleszt\u00e9s alatt \u00e1ll. A min\u0151s\u00e9gbiztos\u00edt\u00e1si rendszer az int\u00e9zet mindh\u00e1rom tev\u00e9kenys\u00e9g\u00e9re (gy\u00f3gy\u00edt\u00e1s, oktat\u00e1s \u00e9s kutat\u00e1s) kiterjed.<\/span><\/p>\n<p>\u00a0<span style=\"color: #000000\"><a href=\"https:\/\/semmelweis.hu\/minoseg\/mir-dokumentacio\/aok-intezetek\/magatartastudomanyi-intezet\/\" target=\"_blank\" rel=\"alternate noopener\">Magatart\u00e1studom\u00e1nyi Int\u00e9zet min\u0151s\u00e9gir\u00e1ny\u00edt\u00e1si dokumentumai \u2192<\/a><br \/>\n(Figyelem, az oldal csak VPN hozz\u00e1f\u00e9r\u00e9ssel l\u00e1that\u00f3!)<\/span><\/p>\n<div dir=\"ltr\">\n<p>Min\u0151s\u00e9gir\u00e1ny\u00edt\u00e1si rendszer\u00fcnk az al\u00e1bbi szabv\u00e1nyok k\u00f6vetelm\u00e9nyeinek felel meg:<\/p>\n<ul>\n<li><em>ISO 9001:2015<br \/>\n<\/em>A tan\u00fas\u00edtv\u00e1ny (HU11\/5760.00) 2017. m\u00e1jus 30-t\u00f3l 2020. m\u00e1jus 29-ig \u00e9rv\u00e9nyes.<\/li>\n<li>Magyar Eg\u00e9szs\u00e9g\u00fcgyi Ell\u00e1t\u00e1si Standardok (MEES) 1.0 v\u00e1ltozat<br \/>\nA tan\u00fas\u00edtv\u00e1ny (HU11\/5761.08) 2017. m\u00e1jus 30-t\u00f3l 2020. m\u00e1jus 29-ig \u00e9rv\u00e9nyes.<br \/>\nTan\u00fas\u00edt\u00f3 szervezet: SGS Hung\u00e1ria Kft.<\/li>\n<\/ul>\n<\/div>\n<p style=\"text-align: justify\"><span style=\"color: #000000\">A tan\u00fas\u00edt\u00e1sok az al\u00e1bbi tev\u00e9kenys\u00e9gekre \u00e9rv\u00e9nyesek: a magatart\u00e1studom\u00e1nyok gyakorlati alkalmaz\u00e1sa, oktat\u00e1sa \u00e9s kutat\u00e1sa.<\/span><\/p>\n<p style=\"text-align: justify\"><span style=\"color: #000000\"><strong>Min\u0151s\u00e9gir\u00e1ny\u00edt\u00e1si vezet\u0151: Sus\u00e1nszky Anna<\/strong><br \/>\n<\/span><\/p>\n<p style=\"text-align: justify\"><span style=\"color: #000000\">A Pszichoszomatikus Szakrendel\u0151 min\u0151s\u00e9gir\u00e1ny\u00edt\u00e1si megb\u00edzottja: K\u0151halmi Andrea<\/span><\/p>\n","protected":false},"excerpt":{"rendered":"<p>Int\u00e9zet\u00fcnk, a Semmelweis Egyetem min\u0151s\u00e9gir\u00e1ny\u00edt\u00e1si rendszer\u00e9be illeszkedve, saj\u00e1t min\u0151s\u00e9gir\u00e1ny\u00edt\u00e1si rendszert is m\u0171k\u00f6dtet, mely folyamatos ellen\u0151rz\u00e9s \u00e9s fejleszt\u00e9s alatt \u00e1ll. A min\u0151s\u00e9gbiztos\u00edt\u00e1si rendszer az int\u00e9zet mindh\u00e1rom tev\u00e9kenys\u00e9g\u00e9re (gy\u00f3gy\u00edt\u00e1s, oktat\u00e1s \u00e9s kutat\u00e1s) kiterjed. \u00a0 <a href=\"https:\/\/semmelweis.hu\/minoseg\/mir-dokumentacio\/aok-intezetek\/magatartastudomanyi-intezet\/\" target=\"_blank\" rel=\"alternate noopener\">Magatart\u00e1studom\u00e1nyi Int\u00e9zet min\u0151s\u00e9gir\u00e1ny\u00edt\u00e1si dokumentumai \u2192<\/a> (Figyelem, az oldal csak VPN hozz\u00e1f\u00e9r\u00e9ssel l\u00e1that\u00f3!) Min\u0151s\u00e9gir\u00e1ny\u00edt\u00e1si rendszer\u00fcnk az al\u00e1bbi szabv\u00e1nyok k\u00f6vetelm\u00e9nyeinek felel meg: ISO 9001:2015 A tan\u00fas\u00edtv\u00e1ny (HU11\/5760.00) 2017. m\u00e1jus 30-t\u00f3l &hellip;<\/p>\n","protected":false},"author":101265,"featured_media":0,"parent":4138,"menu_order":5,"comment_status":"closed","ping_status":"closed","template":"","meta":{"_acf_changed":false,"footnotes":""},"categories":[],"tags":[],"class_list":["post-2038","page","type-page","status-publish","hentry"],"acf":[],"_links":{"self":[{"href":"https:\/\/semmelweis.hu\/magtud\/wp-json\/wp\/v2\/pages\/2038","targetHints":{"allow":["GET"]}}],"collection":[{"href":"https:\/\/semmelweis.hu\/magtud\/wp-json\/wp\/v2\/pages"}],"about":[{"href":"https:\/\/semmelweis.hu\/magtud\/wp-json\/wp\/v2\/types\/page"}],"author":[{"embeddable":true,"href":"https:\/\/semmelweis.hu\/magtud\/wp-json\/wp\/v2\/users\/101265"}],"replies":[{"embeddable":true,"href":"https:\/\/semmelweis.hu\/magtud\/wp-json\/wp\/v2\/comments?post=2038"}],"version-history":[{"count":8,"href":"https:\/\/semmelweis.hu\/magtud\/wp-json\/wp\/v2\/pages\/2038\/revisions"}],"predecessor-version":[{"id":11496,"href":"https:\/\/semmelweis.hu\/magtud\/wp-json\/wp\/v2\/pages\/2038\/revisions\/11496"}],"up":[{"embeddable":true,"href":"https:\/\/semmelweis.hu\/magtud\/wp-json\/wp\/v2\/pages\/4138"}],"wp:attachment":[{"href":"https:\/\/semmelweis.hu\/magtud\/wp-json\/wp\/v2\/media?parent=2038"}],"wp:term":[{"taxonomy":"category","embeddable":true,"href":"https:\/\/semmelweis.hu\/magtud\/wp-json\/wp\/v2\/categories?post=2038"},{"taxonomy":"post_tag","embeddable":true,"href":"https:\/\/semmelweis.hu\/magtud\/wp-json\/wp\/v2\/tags?post=2038"}],"curies":[{"name":"wp","href":"https:\/\/api.w.org\/{rel}","templated":true}]}}