{"id":2036,"date":"2017-11-13T00:00:00","date_gmt":"2017-11-12T23:00:00","guid":{"rendered":"http:\/\/semmelweis.hu\/magtud\/fogadoorak\/"},"modified":"2023-06-23T09:22:59","modified_gmt":"2023-06-23T07:22:59","slug":"fogadoorak","status":"publish","type":"page","link":"https:\/\/semmelweis.hu\/magtud\/intezet\/fogadoorak\/","title":{"rendered":"Fogad\u00f3\u00f3r\u00e1k"},"content":{"rendered":"<h2 id=\"tablepress-3-name\" class=\"tablepress-table-name tablepress-table-name-id-3\">Titk\u00e1rs\u00e1g\/Tanulm\u00e1nyi \u00fcgyekben \u00fcgyf\u00e9lfogad\u00e1s<\/h2>\n<span id=\"tablepress-3-description\" class=\"tablepress-table-description tablepress-table-description-id-3\">h\u00e9tf\u0151: 09.00 - 11.30,<br \/>\nkedd: 13.00 - 15.00,<br \/>\nszerda: 09.00 - 11.30 \u00e9s 13.00 - 15.00,<br \/>\ncs\u00fct\u00f6rt\u00f6k: 09.00 - 11.30,<br \/>\np\u00e9ntek: 09.00 - 11.30<br \/>\n<\/span>\n\n<table id=\"tablepress-3\" class=\"tablepress tablepress-id-3\" aria-labelledby=\"tablepress-3-name\" aria-describedby=\"tablepress-3-description\">\n<thead>\n<tr class=\"row-1\">\n\t<th class=\"column-1\">N\u00c9V<\/th><th class=\"column-2\">Nap<\/th><th class=\"column-3\">Id\u0151pont<\/th><th class=\"column-4\">Szobasz\u00e1m<\/th>\n<\/tr>\n<\/thead>\n<tbody class=\"row-striping row-hover\">\n<tr class=\"row-2\">\n\t<td class=\"column-1\">Balog Piroska<\/td><td class=\"column-2\">h\u00e9tf\u0151<\/td><td class=\"column-3\">10.30-12.30 bejelentkez\u00e9s e-mail-en<\/td><td class=\"column-4\">2011<\/td>\n<\/tr>\n<tr class=\"row-3\">\n\t<td class=\"column-1\">Birk\u00e1s Emma<\/td><td class=\"column-2\">szerda<\/td><td class=\"column-3\">12.00-13.00<\/td><td class=\"column-4\">1918<\/td>\n<\/tr>\n<tr class=\"row-4\">\n\t<td class=\"column-1\">B\u00f3dizs R\u00f3bert<\/td><td class=\"column-2\">kedd<\/td><td class=\"column-3\">10.00-12.00<\/td><td class=\"column-4\">2004<\/td>\n<\/tr>\n<tr class=\"row-5\">\n\t<td class=\"column-1\">Bogn\u00e1r Vir\u00e1g<\/td><td class=\"column-2\">cs\u00fct\u00f6rt\u00f6k<\/td><td class=\"column-3\">8.00-9.00<\/td><td class=\"column-4\">2012<\/td>\n<\/tr>\n<tr class=\"row-6\">\n\t<td class=\"column-1\">Czegl\u00e9di Edit<\/td><td class=\"column-2\">cs\u00fct\u00f6rt\u00f6k<\/td><td class=\"column-3\">10.00-11.00 bejelentkez\u00e9s e-mail-en<\/td><td class=\"column-4\">2014<\/td>\n<\/tr>\n<tr class=\"row-7\">\n\t<td class=\"column-1\">Csapody Tam\u00e1s<\/td><td class=\"column-2\">kedd<\/td><td class=\"column-3\">11.00-12.00<\/td><td class=\"column-4\">2013<\/td>\n<\/tr>\n<tr class=\"row-8\">\n\t<td class=\"column-1\">D\u00f3sa \u00c1gnes<\/td><td class=\"column-2\">szerda<\/td><td class=\"column-3\">8.00-9.00<\/td><td class=\"column-4\">2007<\/td>\n<\/tr>\n<tr class=\"row-9\">\n\t<td class=\"column-1\">D\u00f6br\u00f6ssy Bence<\/td><td class=\"column-2\">h\u00e9tf\u0151<\/td><td class=\"column-3\">10.00-11.00<\/td><td class=\"column-4\">1911<\/td>\n<\/tr>\n<tr class=\"row-10\">\n\t<td class=\"column-1\">Girasek Edmond<\/td><td class=\"column-2\">h\u00e9tf\u0151<\/td><td class=\"column-3\">13.30-14.30<\/td><td class=\"column-4\">1923<\/td>\n<\/tr>\n<tr class=\"row-11\">\n\t<td class=\"column-1\">Gy\u0151rffy Zsuzsa<\/td><td class=\"column-2\">szerda<\/td><td class=\"column-3\">13.00-14.00<\/td><td class=\"column-4\">1911<\/td>\n<\/tr>\n<tr class=\"row-12\">\n\t<td class=\"column-1\">Harrach Andor<\/td><td class=\"column-2\">h\u00e9tf\u0151<\/td><td class=\"column-3\">17.30-18.00<\/td><td class=\"column-4\">2017<\/td>\n<\/tr>\n<tr class=\"row-13\">\n\t<td class=\"column-1\">Heged\u0171s Katalin<\/td><td class=\"column-2\">cs\u00fct\u00f6rt\u00f6k<\/td><td class=\"column-3\">15.30-16.30<\/td><td class=\"column-4\">2007<\/td>\n<\/tr>\n<tr class=\"row-14\">\n\t<td class=\"column-1\">Kegye Adrienne<\/td><td class=\"column-2\">szerda<\/td><td class=\"column-3\">9.00-10.00<\/td><td class=\"column-4\">2014<\/td>\n<\/tr>\n<tr class=\"row-15\">\n\t<td class=\"column-1\">Koll\u00e1r J\u00e1nos<\/td><td class=\"column-2\">szerda<\/td><td class=\"column-3\">10:45-11:45<\/td><td class=\"column-4\">1919<\/td>\n<\/tr>\n<tr class=\"row-16\">\n\t<td class=\"column-1\">Kov\u00e1cs J\u00f3zsef<\/td><td class=\"column-2\">kedd<\/td><td class=\"column-3\">14.00-15.00<\/td><td class=\"column-4\">2015<\/td>\n<\/tr>\n<tr class=\"row-17\">\n\t<td class=\"column-1\">Lajtai L\u00e1szl\u00f3<\/td><td class=\"column-2\">szerda<\/td><td class=\"column-3\">14.15-15.15<\/td><td class=\"column-4\">febr.14<\/td>\n<\/tr>\n<tr class=\"row-18\">\n\t<td class=\"column-1\">L\u00e1z\u00e1r Imre<\/td><td class=\"column-2\">szerda<\/td><td class=\"column-3\">12.00-13.00<\/td><td class=\"column-4\">1914<\/td>\n<\/tr>\n<tr class=\"row-19\">\n\t<td class=\"column-1\">L\u0151rincz Jen\u0151<\/td><td class=\"column-2\">szerda<\/td><td class=\"column-3\">14.00-15.00<\/td><td class=\"column-4\">2007<\/td>\n<\/tr>\n<tr class=\"row-20\">\n\t<td class=\"column-1\">Nemes L\u00e1szl\u00f3<\/td><td class=\"column-2\">kedd<\/td><td class=\"column-3\">12.00-13.00<\/td><td class=\"column-4\">2017<\/td>\n<\/tr>\n<tr class=\"row-21\">\n\t<td class=\"column-1\">P\u00e9ter Orsolya<\/td><td class=\"column-2\">szerda<\/td><td class=\"column-3\">12.30-13.30<\/td><td class=\"column-4\">2012<\/td>\n<\/tr>\n<tr class=\"row-22\">\n\t<td class=\"column-1\">Pilling J\u00e1nos<\/td><td class=\"column-2\">szerda<\/td><td class=\"column-3\">12.30-13.00<\/td><td class=\"column-4\">1913<\/td>\n<\/tr>\n<tr class=\"row-23\">\n\t<td class=\"column-1\">Purebl Gy\u00f6rgy<\/td><td class=\"column-2\">h\u00e9tf\u0151<\/td><td class=\"column-3\">10.30-11.30<\/td><td class=\"column-4\">1918<\/td>\n<\/tr>\n<tr class=\"row-24\">\n\t<td class=\"column-1\">S\u00e1ndor Imola<\/td><td class=\"column-2\">E-mailes megbesz\u00e9l\u00e9s alapj\u00e1n:<br \/>\nsandor.imola@med.semmelweis-univ.hu<br \/>\n<\/td><td class=\"column-3\"><\/td><td class=\"column-4\">1920<\/td>\n<\/tr>\n<tr class=\"row-25\">\n\t<td class=\"column-1\">Salavecz Gy\u00f6ngyv\u00e9r<\/td><td class=\"column-2\">h\u00e9tf\u0151<\/td><td class=\"column-3\">12.00-13.00<\/td><td class=\"column-4\">1921<\/td>\n<\/tr>\n<tr class=\"row-26\">\n\t<td class=\"column-1\">Stauder Adrienne<\/td><td class=\"column-2\">kedd<\/td><td class=\"column-3\">14.00-15.00 bejelentkez\u00e9s e-mail-en<\/td><td class=\"column-4\">2006<\/td>\n<\/tr>\n<tr class=\"row-27\">\n\t<td class=\"column-1\">Sus\u00e1nszky Anna<\/td><td class=\"column-2\">szerda<\/td><td class=\"column-3\">12.15-13.15<\/td><td class=\"column-4\">1912<\/td>\n<\/tr>\n<tr class=\"row-28\">\n\t<td class=\"column-1\">Szalai Tam\u00e1s D\u00f6m\u00f6t\u00f6r<\/td><td class=\"column-2\">szerda<\/td><td class=\"column-3\">12.15-13.15<\/td><td class=\"column-4\">febr.14<\/td>\n<\/tr>\n<tr class=\"row-29\">\n\t<td class=\"column-1\">Szal\u00e1rdy Orsolya<\/td><td class=\"column-2\">szerda<\/td><td class=\"column-3\">13.00-14.00 bejelentkez\u00e9s e-mail-en<\/td><td class=\"column-4\">2004<\/td>\n<\/tr>\n<tr class=\"row-30\">\n\t<td class=\"column-1\">Szebik Imre<\/td><td class=\"column-2\">szerda<\/td><td class=\"column-3\">13.00-13.30<\/td><td class=\"column-4\">1914<\/td>\n<\/tr>\n<tr class=\"row-31\">\n\t<td class=\"column-1\">Szumska Irena<\/td><td class=\"column-2\">szerda<\/td><td class=\"column-3\">12.15-13.15<\/td><td class=\"column-4\">1917<\/td>\n<\/tr>\n<tr class=\"row-32\">\n\t<td class=\"column-1\">T\u00f3th M\u00f3nika<\/td><td class=\"column-2\">szerda<\/td><td class=\"column-3\">14.00-15.00<\/td><td class=\"column-4\">1921<\/td>\n<\/tr>\n<tr class=\"row-33\">\n\t<td class=\"column-1\">Ujma P\u00e9ter<\/td><td class=\"column-2\">szerda<\/td><td class=\"column-3\">12.00-13.00<\/td><td class=\"column-4\">2004<\/td>\n<\/tr>\n<tr class=\"row-34\">\n\t<td class=\"column-1\">Zana \u00c1gnes<\/td><td class=\"column-2\">szerda<\/td><td class=\"column-3\">13.00-14.00<\/td><td class=\"column-4\">2014<\/td>\n<\/tr>\n<\/tbody>\n<\/table>\n<!-- #tablepress-3 from cache -->\n","protected":false},"excerpt":{"rendered":"","protected":false},"author":110,"featured_media":0,"parent":4138,"menu_order":1,"comment_status":"closed","ping_status":"closed","template":"template-fullwidth.php","meta":{"_acf_changed":false,"footnotes":""},"categories":[],"tags":[],"class_list":["post-2036","page","type-page","status-publish","hentry"],"acf":[],"_links":{"self":[{"href":"https:\/\/semmelweis.hu\/magtud\/wp-json\/wp\/v2\/pages\/2036","targetHints":{"allow":["GET"]}}],"collection":[{"href":"https:\/\/semmelweis.hu\/magtud\/wp-json\/wp\/v2\/pages"}],"about":[{"href":"https:\/\/semmelweis.hu\/magtud\/wp-json\/wp\/v2\/types\/page"}],"author":[{"embeddable":true,"href":"https:\/\/semmelweis.hu\/magtud\/wp-json\/wp\/v2\/users\/110"}],"replies":[{"embeddable":true,"href":"https:\/\/semmelweis.hu\/magtud\/wp-json\/wp\/v2\/comments?post=2036"}],"version-history":[{"count":11,"href":"https:\/\/semmelweis.hu\/magtud\/wp-json\/wp\/v2\/pages\/2036\/revisions"}],"predecessor-version":[{"id":11014,"href":"https:\/\/semmelweis.hu\/magtud\/wp-json\/wp\/v2\/pages\/2036\/revisions\/11014"}],"up":[{"embeddable":true,"href":"https:\/\/semmelweis.hu\/magtud\/wp-json\/wp\/v2\/pages\/4138"}],"wp:attachment":[{"href":"https:\/\/semmelweis.hu\/magtud\/wp-json\/wp\/v2\/media?parent=2036"}],"wp:term":[{"taxonomy":"category","embeddable":true,"href":"https:\/\/semmelweis.hu\/magtud\/wp-json\/wp\/v2\/categories?post=2036"},{"taxonomy":"post_tag","embeddable":true,"href":"https:\/\/semmelweis.hu\/magtud\/wp-json\/wp\/v2\/tags?post=2036"}],"curies":[{"name":"wp","href":"https:\/\/api.w.org\/{rel}","templated":true}]}}