{"id":2034,"date":"2017-11-13T00:00:00","date_gmt":"2017-11-12T23:00:00","guid":{"rendered":"http:\/\/semmelweis.hu\/magtud\/organogram\/"},"modified":"2023-06-23T09:24:12","modified_gmt":"2023-06-23T07:24:12","slug":"organogram","status":"publish","type":"page","link":"https:\/\/semmelweis.hu\/magtud\/intezet\/organogram\/","title":{"rendered":"Magatart\u00e1studom\u00e1nyi Int\u00e9zet organogramja"},"content":{"rendered":"<p><a href=\"https:\/\/semmelweis.hu\/magtud\/files\/2018\/07\/organogram_w.jpg\"><img loading=\"lazy\" decoding=\"async\" class=\"aligncenter wp-image-4157 size-full\" src=\"https:\/\/semmelweis.hu\/magtud\/files\/2018\/07\/organogram_w.jpg\" alt=\"\" width=\"670\" height=\"563\" srcset=\"https:\/\/semmelweis.hu\/magtud\/files\/2018\/07\/organogram_w.jpg 670w, https:\/\/semmelweis.hu\/magtud\/files\/2018\/07\/organogram_w-300x252.jpg 300w, https:\/\/semmelweis.hu\/magtud\/files\/2018\/07\/organogram_w-357x300.jpg 357w\" sizes=\"auto, (max-width: 670px) 100vw, 670px\" \/><\/a><\/p>\n","protected":false},"excerpt":{"rendered":"<p><a href=\"https:\/\/semmelweis.hu\/magtud\/files\/2018\/07\/organogram_w.jpg\"><\/a><\/p>\n","protected":false},"author":101265,"featured_media":0,"parent":4138,"menu_order":2,"comment_status":"closed","ping_status":"closed","template":"","meta":{"_acf_changed":false,"footnotes":""},"categories":[],"tags":[],"class_list":["post-2034","page","type-page","status-publish","hentry"],"acf":[],"_links":{"self":[{"href":"https:\/\/semmelweis.hu\/magtud\/wp-json\/wp\/v2\/pages\/2034","targetHints":{"allow":["GET"]}}],"collection":[{"href":"https:\/\/semmelweis.hu\/magtud\/wp-json\/wp\/v2\/pages"}],"about":[{"href":"https:\/\/semmelweis.hu\/magtud\/wp-json\/wp\/v2\/types\/page"}],"author":[{"embeddable":true,"href":"https:\/\/semmelweis.hu\/magtud\/wp-json\/wp\/v2\/users\/101265"}],"replies":[{"embeddable":true,"href":"https:\/\/semmelweis.hu\/magtud\/wp-json\/wp\/v2\/comments?post=2034"}],"version-history":[{"count":11,"href":"https:\/\/semmelweis.hu\/magtud\/wp-json\/wp\/v2\/pages\/2034\/revisions"}],"predecessor-version":[{"id":11859,"href":"https:\/\/semmelweis.hu\/magtud\/wp-json\/wp\/v2\/pages\/2034\/revisions\/11859"}],"up":[{"embeddable":true,"href":"https:\/\/semmelweis.hu\/magtud\/wp-json\/wp\/v2\/pages\/4138"}],"wp:attachment":[{"href":"https:\/\/semmelweis.hu\/magtud\/wp-json\/wp\/v2\/media?parent=2034"}],"wp:term":[{"taxonomy":"category","embeddable":true,"href":"https:\/\/semmelweis.hu\/magtud\/wp-json\/wp\/v2\/categories?post=2034"},{"taxonomy":"post_tag","embeddable":true,"href":"https:\/\/semmelweis.hu\/magtud\/wp-json\/wp\/v2\/tags?post=2034"}],"curies":[{"name":"wp","href":"https:\/\/api.w.org\/{rel}","templated":true}]}}