{"id":13420,"date":"2026-03-18T11:37:47","date_gmt":"2026-03-18T10:37:47","guid":{"rendered":"https:\/\/semmelweis.hu\/magtud\/?page_id=13420"},"modified":"2026-03-20T13:40:30","modified_gmt":"2026-03-20T12:40:30","slug":"munkatarsaink","status":"publish","type":"page","link":"https:\/\/semmelweis.hu\/magtud\/gyogyitas\/diaktanacsado\/munkatarsaink\/","title":{"rendered":"Munkat\u00e1rsaink"},"content":{"rendered":"<p><a href=\"https:\/\/semmelweis.hu\/magtud\/intezet\/munkatarsak\/sandor-imola\/\">Dr. S\u00e1ndor Imola HPKSZ vezet\u0151je<\/a><\/p>\n<p><a href=\"https:\/\/semmelweis.hu\/magtud\/intezet\/munkatarsak\/balog-piroska\/\">Dr. Balog Piroska<\/a><br \/>\n<a href=\"https:\/\/semmelweis.hu\/magtud\/files\/2024\/10\/Balint-Eszter.pdf\">B\u00e1lint Eszter<\/a><br \/>\n<a href=\"https:\/\/semmelweis.hu\/magtud\/intezet\/munkatarsak\/dr-birkas-emma\/\">Dr. Birk\u00e1s Emma<\/a><br \/>\n<a href=\"https:\/\/semmelweis.hu\/magtud\/intezet\/munkatarsak\/csecsy-vera-vanda\/\">Cs\u00e9csy Vera Vanda<\/a><br \/>\n<a href=\"https:\/\/semmelweis.hu\/magtud\/intezet\/munkatarsak\/dr-dosa-agnes-altalanos-igazgatohelyettes\/\">Dr. D\u00f3sa \u00c1gnes<\/a><br \/>\n<a href=\"https:\/\/semmelweis.hu\/magtud\/intezet\/munkatarsak\/gazdag-gabriella\/\">Gazdag Gabriella<\/a><br \/>\n<a href=\"https:\/\/semmelweis.hu\/magtud\/intezet\/munkatarsak\/kemeny-viktor\/\">Kem\u00e9ny Viktor<\/a><br \/>\n<a href=\"https:\/\/semmelweis.hu\/magtud\/intezet\/munkatarsak\/dr-kollar-janos\/\">Dr. Koll\u00e1r J\u00e1nos<\/a><br \/>\n<a href=\"https:\/\/semmelweis.hu\/magtud\/intezet\/munkatarsak\/dr-kovacs-jozsef-altalanos-igazgatohelyettes\/\">Dr. Kov\u00e1cs J\u00f3zsef<\/a><br \/>\n<a href=\"https:\/\/semmelweis.hu\/magtud\/intezet\/munkatarsak\/11536-2\/\">Dr. Pilling J\u00e1nos<\/a><br \/>\n<a href=\"https:\/\/semmelweis.hu\/magtud\/intezet\/munkatarsak\/pinter-gabriella-marta\/\">Pint\u00e9r Gabriella<\/a><br \/>\n<a href=\"https:\/\/semmelweis.hu\/magtud\/intezet\/munkatarsak\/dr-stauder-adrienne\/\">Dr. Stauder Adrienne<\/a><br \/>\n<a href=\"https:\/\/semmelweis.hu\/magtud\/intezet\/munkatarsak\/sule-judit\/\">S\u00fcle Judit<\/a><br \/>\n<a href=\"https:\/\/semmelweis.hu\/magtud\/intezet\/munkatarsak\/barkasz-helena\/\">Szentkuthy-Bark\u00e1sz Hel\u00e9na<\/a>&#8211; tart\u00f3s t\u00e1voll\u00e9ten<strong><br \/>\n<\/strong><a href=\"https:\/\/semmelweis.hu\/magtud\/intezet\/munkatarsak\/dr-toth-monika-ditta\/\">Dr. T\u00f3th M\u00f3nika Ditta<\/a><\/p>\n","protected":false},"excerpt":{"rendered":"<p><a href=\"https:\/\/semmelweis.hu\/magtud\/intezet\/munkatarsak\/sandor-imola\/\">Dr. S\u00e1ndor Imola HPKSZ vezet\u0151je<\/a><br \/>\n<a href=\"https:\/\/semmelweis.hu\/magtud\/intezet\/munkatarsak\/balog-piroska\/\">Dr. Balog Piroska<\/a><br \/>\n<a href=\"https:\/\/semmelweis.hu\/magtud\/files\/2024\/10\/Balint-Eszter.pdf\">B\u00e1lint Eszter<\/a><br \/>\n<a href=\"https:\/\/semmelweis.hu\/magtud\/intezet\/munkatarsak\/dr-birkas-emma\/\">Dr. Birk\u00e1s Emma<\/a><br \/>\n<a href=\"https:\/\/semmelweis.hu\/magtud\/intezet\/munkatarsak\/csecsy-vera-vanda\/\">Cs\u00e9csy Vera Vanda<\/a><br \/>\n<a href=\"https:\/\/semmelweis.hu\/magtud\/intezet\/munkatarsak\/dr-dosa-agnes-altalanos-igazgatohelyettes\/\">Dr. D\u00f3sa \u00c1gnes<\/a><br \/>\n<a href=\"https:\/\/semmelweis.hu\/magtud\/intezet\/munkatarsak\/gazdag-gabriella\/\">Gazdag Gabriella<\/a><br \/>\n<a href=\"https:\/\/semmelweis.hu\/magtud\/intezet\/munkatarsak\/kemeny-viktor\/\">Kem\u00e9ny Viktor<\/a><br \/>\n<a href=\"https:\/\/semmelweis.hu\/magtud\/intezet\/munkatarsak\/dr-kollar-janos\/\">Dr. Koll\u00e1r J\u00e1nos<\/a><br \/>\n<a href=\"https:\/\/semmelweis.hu\/magtud\/intezet\/munkatarsak\/dr-kovacs-jozsef-altalanos-igazgatohelyettes\/\">Dr. Kov\u00e1cs J\u00f3zsef<\/a><br \/>\n<a href=\"https:\/\/semmelweis.hu\/magtud\/intezet\/munkatarsak\/11536-2\/\">Dr. Pilling J\u00e1nos<\/a><br \/>\n<a href=\"https:\/\/semmelweis.hu\/magtud\/intezet\/munkatarsak\/pinter-gabriella-marta\/\">Pint\u00e9r Gabriella<\/a><br \/>\n<a href=\"https:\/\/semmelweis.hu\/magtud\/intezet\/munkatarsak\/dr-stauder-adrienne\/\">Dr. Stauder Adrienne<\/a><br \/>\n<a href=\"https:\/\/semmelweis.hu\/magtud\/intezet\/munkatarsak\/sule-judit\/\">S\u00fcle Judit<\/a><br \/>\n<a href=\"https:\/\/semmelweis.hu\/magtud\/intezet\/munkatarsak\/barkasz-helena\/\">Szentkuthy-Bark\u00e1sz Hel\u00e9na<\/a>&#8211; tart\u00f3s t\u00e1voll\u00e9ten<br \/>\n<a href=\"https:\/\/semmelweis.hu\/magtud\/intezet\/munkatarsak\/dr-toth-monika-ditta\/\">Dr. T\u00f3th M\u00f3nika Ditta<\/a><\/p>\n","protected":false},"author":110,"featured_media":0,"parent":2064,"menu_order":6,"comment_status":"closed","ping_status":"closed","template":"","meta":{"_acf_changed":false,"footnotes":""},"categories":[],"tags":[],"class_list":["post-13420","page","type-page","status-publish","hentry"],"acf":[],"_links":{"self":[{"href":"https:\/\/semmelweis.hu\/magtud\/wp-json\/wp\/v2\/pages\/13420","targetHints":{"allow":["GET"]}}],"collection":[{"href":"https:\/\/semmelweis.hu\/magtud\/wp-json\/wp\/v2\/pages"}],"about":[{"href":"https:\/\/semmelweis.hu\/magtud\/wp-json\/wp\/v2\/types\/page"}],"author":[{"embeddable":true,"href":"https:\/\/semmelweis.hu\/magtud\/wp-json\/wp\/v2\/users\/110"}],"replies":[{"embeddable":true,"href":"https:\/\/semmelweis.hu\/magtud\/wp-json\/wp\/v2\/comments?post=13420"}],"version-history":[{"count":4,"href":"https:\/\/semmelweis.hu\/magtud\/wp-json\/wp\/v2\/pages\/13420\/revisions"}],"predecessor-version":[{"id":13440,"href":"https:\/\/semmelweis.hu\/magtud\/wp-json\/wp\/v2\/pages\/13420\/revisions\/13440"}],"up":[{"embeddable":true,"href":"https:\/\/semmelweis.hu\/magtud\/wp-json\/wp\/v2\/pages\/2064"}],"wp:attachment":[{"href":"https:\/\/semmelweis.hu\/magtud\/wp-json\/wp\/v2\/media?parent=13420"}],"wp:term":[{"taxonomy":"category","embeddable":true,"href":"https:\/\/semmelweis.hu\/magtud\/wp-json\/wp\/v2\/categories?post=13420"},{"taxonomy":"post_tag","embeddable":true,"href":"https:\/\/semmelweis.hu\/magtud\/wp-json\/wp\/v2\/tags?post=13420"}],"curies":[{"name":"wp","href":"https:\/\/api.w.org\/{rel}","templated":true}]}}