{"id":13418,"date":"2026-03-18T11:37:21","date_gmt":"2026-03-18T10:37:21","guid":{"rendered":"https:\/\/semmelweis.hu\/magtud\/?page_id=13418"},"modified":"2026-03-18T11:37:21","modified_gmt":"2026-03-18T10:37:21","slug":"szabadon-valaszthato-targyak","status":"publish","type":"page","link":"https:\/\/semmelweis.hu\/magtud\/gyogyitas\/diaktanacsado\/szabadon-valaszthato-targyak\/","title":{"rendered":"Szabadon v\u00e1laszthat\u00f3 t\u00e1rgyak"},"content":{"rendered":"<ul>\n<li><a href=\"https:\/\/semmelweis.hu\/magtud\/files\/2025\/09\/CzE_Stresszkezeles-2025-26-honlapra.pdf\">A stresszkezel\u00e9s elm\u00e9lete \u00e9s gyakorlata<\/a><\/li>\n<li><a href=\"https:\/\/semmelweis.hu\/magtud\/files\/2023\/06\/A-tanulas-muveszete.pdf\">A tanul\u00e1s m\u0171v\u00e9szete<\/a><\/li>\n<\/ul>\n<ul>\n<li><a href=\"https:\/\/semmelweis.hu\/magtud\/files\/2023\/06\/HuMania-Palyaszocializacios-Muhely-orvostanhallgatoknak-es-fogorvostanhallgatoknak.pdf\">HuM\u00e1nia P\u00e1lyaszocializ\u00e1ci\u00f3s M\u0171hely orvostanhallgat\u00f3knak \u00e9s fogorvostanhallgat\u00f3knak<\/a><\/li>\n<li><a href=\"https:\/\/semmelweis.hu\/magtud\/files\/2023\/06\/Mindfulness-tudatos-jelenlet-alapu-stresszkezeles-elmelete-es-gyakorlata.pdf\">Mindfulness (tudatos jelenl\u00e9t) alap\u00fa stresszkezel\u00e9s elm\u00e9lete \u00e9s gyakorlata<\/a><\/li>\n<li><a href=\"https:\/\/semmelweis.hu\/magtud\/files\/2025\/09\/HK_Tanatologia_kovetelmeny_es_Tematika_Honlapra.pdf\">Tanatol\u00f3giai ismeretek. Haldokl\u00e1s \u00e9s gy\u00e1sz k\u00e9rd\u00e9sei az orvosi gyakorlatban.<\/a><\/li>\n<\/ul>\n","protected":false},"excerpt":{"rendered":"<p><a href=\"https:\/\/semmelweis.hu\/magtud\/files\/2025\/09\/CzE_Stresszkezeles-2025-26-honlapra.pdf\">A stresszkezel\u00e9s elm\u00e9lete \u00e9s gyakorlata<\/a><br \/>\n<a href=\"https:\/\/semmelweis.hu\/magtud\/files\/2023\/06\/A-tanulas-muveszete.pdf\">A tanul\u00e1s m\u0171v\u00e9szete<\/a><\/p>\n<p><a href=\"https:\/\/semmelweis.hu\/magtud\/files\/2023\/06\/HuMania-Palyaszocializacios-Muhely-orvostanhallgatoknak-es-fogorvostanhallgatoknak.pdf\">HuM\u00e1nia P\u00e1lyaszocializ\u00e1ci\u00f3s M\u0171hely orvostanhallgat\u00f3knak \u00e9s fogorvostanhallgat\u00f3knak<\/a><br \/>\n<a href=\"https:\/\/semmelweis.hu\/magtud\/files\/2023\/06\/Mindfulness-tudatos-jelenlet-alapu-stresszkezeles-elmelete-es-gyakorlata.pdf\">Mindfulness (tudatos jelenl\u00e9t) alap\u00fa stresszkezel\u00e9s elm\u00e9lete \u00e9s gyakorlata<\/a><br \/>\n<a href=\"https:\/\/semmelweis.hu\/magtud\/files\/2025\/09\/HK_Tanatologia_kovetelmeny_es_Tematika_Honlapra.pdf\">Tanatol\u00f3giai ismeretek. Haldokl\u00e1s \u00e9s gy\u00e1sz k\u00e9rd\u00e9sei az orvosi gyakorlatban.<\/a><\/p>\n","protected":false},"author":110,"featured_media":0,"parent":2064,"menu_order":5,"comment_status":"closed","ping_status":"closed","template":"","meta":{"_acf_changed":false,"footnotes":""},"categories":[],"tags":[],"class_list":["post-13418","page","type-page","status-publish","hentry"],"acf":[],"_links":{"self":[{"href":"https:\/\/semmelweis.hu\/magtud\/wp-json\/wp\/v2\/pages\/13418","targetHints":{"allow":["GET"]}}],"collection":[{"href":"https:\/\/semmelweis.hu\/magtud\/wp-json\/wp\/v2\/pages"}],"about":[{"href":"https:\/\/semmelweis.hu\/magtud\/wp-json\/wp\/v2\/types\/page"}],"author":[{"embeddable":true,"href":"https:\/\/semmelweis.hu\/magtud\/wp-json\/wp\/v2\/users\/110"}],"replies":[{"embeddable":true,"href":"https:\/\/semmelweis.hu\/magtud\/wp-json\/wp\/v2\/comments?post=13418"}],"version-history":[{"count":1,"href":"https:\/\/semmelweis.hu\/magtud\/wp-json\/wp\/v2\/pages\/13418\/revisions"}],"predecessor-version":[{"id":13419,"href":"https:\/\/semmelweis.hu\/magtud\/wp-json\/wp\/v2\/pages\/13418\/revisions\/13419"}],"up":[{"embeddable":true,"href":"https:\/\/semmelweis.hu\/magtud\/wp-json\/wp\/v2\/pages\/2064"}],"wp:attachment":[{"href":"https:\/\/semmelweis.hu\/magtud\/wp-json\/wp\/v2\/media?parent=13418"}],"wp:term":[{"taxonomy":"category","embeddable":true,"href":"https:\/\/semmelweis.hu\/magtud\/wp-json\/wp\/v2\/categories?post=13418"},{"taxonomy":"post_tag","embeddable":true,"href":"https:\/\/semmelweis.hu\/magtud\/wp-json\/wp\/v2\/tags?post=13418"}],"curies":[{"name":"wp","href":"https:\/\/api.w.org\/{rel}","templated":true}]}}