{"id":13416,"date":"2026-03-18T11:36:42","date_gmt":"2026-03-18T10:36:42","guid":{"rendered":"https:\/\/semmelweis.hu\/magtud\/?page_id=13416"},"modified":"2026-03-18T11:36:42","modified_gmt":"2026-03-18T10:36:42","slug":"surgos-esetben","status":"publish","type":"page","link":"https:\/\/semmelweis.hu\/magtud\/gyogyitas\/diaktanacsado\/surgos-esetben\/","title":{"rendered":"S\u00fcrg\u0151s esetben"},"content":{"rendered":"<p>Telefonos szolg\u00e1latok KR\u00cdZIS eset\u00e9n:<\/p>\n<ul>\n<li>Lelki Els\u0151seg\u00e9ly Szolg\u00e1lat 116 -123\u00a0(\u00e9jjel-nappal h\u00edvhat\u00f3 ingyen)<\/li>\n<li>K\u00e9k vonal: 116-111\u00a0(24 \u00e9ves korig) <a href=\"https:\/\/kek-vonal.hu\/\">https:\/\/kek-vonal.hu\/<\/a><\/li>\n<\/ul>\n<p>Eg\u00e9szs\u00e9g\u00fcgyi int\u00e9zm\u00e9nyek KR\u00cdZIS eset\u00e9n:<\/p>\n<ul>\n<li>P\u00e9terfy S\u00e1ndor Utcai Kr\u00edzisambulancia:\u00a01074 Bp, Als\u00f3 erd\u0151sor utca 7.<\/li>\n<li>SE <a href=\"https:\/\/semmelweis.hu\/pszichiatria\/\">Pszichi\u00e1triai \u00e9s Pszichoter\u00e1pi\u00e1s Klinika<\/a> Szakambulanci\u00e1ja, illetve a\u00a0ter\u00fcletileg illet\u00e9kes pszichi\u00e1triai oszt\u00e1ly.<\/li>\n<\/ul>\n","protected":false},"excerpt":{"rendered":"<p>Telefonos szolg\u00e1latok KR\u00cdZIS eset\u00e9n:<\/p>\n<p>Lelki Els\u0151seg\u00e9ly Szolg\u00e1lat 116 -123\u00a0(\u00e9jjel-nappal h\u00edvhat\u00f3 ingyen)<br \/>\nK\u00e9k vonal: 116-111\u00a0(24 \u00e9ves korig) <a href=\"https:\/\/kek-vonal.hu\/\">https:\/\/kek-vonal.hu\/<\/a><\/p>\n<p>Eg\u00e9szs\u00e9g\u00fcgyi int\u00e9zm\u00e9nyek KR\u00cdZIS eset\u00e9n:<\/p>\n<p>P\u00e9terfy S\u00e1ndor Utcai Kr\u00edzisambulancia:\u00a01074 Bp, Als\u00f3 erd\u0151sor utca 7.<br \/>\nSE <a href=\"https:\/\/semmelweis.hu\/pszichiatria\/\">Pszichi\u00e1triai \u00e9s Pszichoter\u00e1pi\u00e1s Klinika<\/a> Szakambulanci\u00e1ja, illetve a\u00a0ter\u00fcletileg illet\u00e9kes pszichi\u00e1triai oszt\u00e1ly.<\/p>\n","protected":false},"author":110,"featured_media":0,"parent":2064,"menu_order":4,"comment_status":"closed","ping_status":"closed","template":"","meta":{"_acf_changed":false,"footnotes":""},"categories":[],"tags":[],"class_list":["post-13416","page","type-page","status-publish","hentry"],"acf":[],"_links":{"self":[{"href":"https:\/\/semmelweis.hu\/magtud\/wp-json\/wp\/v2\/pages\/13416","targetHints":{"allow":["GET"]}}],"collection":[{"href":"https:\/\/semmelweis.hu\/magtud\/wp-json\/wp\/v2\/pages"}],"about":[{"href":"https:\/\/semmelweis.hu\/magtud\/wp-json\/wp\/v2\/types\/page"}],"author":[{"embeddable":true,"href":"https:\/\/semmelweis.hu\/magtud\/wp-json\/wp\/v2\/users\/110"}],"replies":[{"embeddable":true,"href":"https:\/\/semmelweis.hu\/magtud\/wp-json\/wp\/v2\/comments?post=13416"}],"version-history":[{"count":1,"href":"https:\/\/semmelweis.hu\/magtud\/wp-json\/wp\/v2\/pages\/13416\/revisions"}],"predecessor-version":[{"id":13417,"href":"https:\/\/semmelweis.hu\/magtud\/wp-json\/wp\/v2\/pages\/13416\/revisions\/13417"}],"up":[{"embeddable":true,"href":"https:\/\/semmelweis.hu\/magtud\/wp-json\/wp\/v2\/pages\/2064"}],"wp:attachment":[{"href":"https:\/\/semmelweis.hu\/magtud\/wp-json\/wp\/v2\/media?parent=13416"}],"wp:term":[{"taxonomy":"category","embeddable":true,"href":"https:\/\/semmelweis.hu\/magtud\/wp-json\/wp\/v2\/categories?post=13416"},{"taxonomy":"post_tag","embeddable":true,"href":"https:\/\/semmelweis.hu\/magtud\/wp-json\/wp\/v2\/tags?post=13416"}],"curies":[{"name":"wp","href":"https:\/\/api.w.org\/{rel}","templated":true}]}}