{"id":13413,"date":"2026-03-18T11:35:03","date_gmt":"2026-03-18T10:35:03","guid":{"rendered":"https:\/\/semmelweis.hu\/magtud\/?page_id=13413"},"modified":"2026-03-18T11:35:03","modified_gmt":"2026-03-18T10:35:03","slug":"hasznos-informaciok","status":"publish","type":"page","link":"https:\/\/semmelweis.hu\/magtud\/gyogyitas\/diaktanacsado\/hasznos-informaciok\/","title":{"rendered":"Hasznos inform\u00e1ci\u00f3k"},"content":{"rendered":"<p><strong>Seg\u00e9danyagok:<\/strong><\/p>\n<ul>\n<li><a href=\"https:\/\/semmelweis.hu\/magtud\/2020\/05\/27\/letoltheto-relaxacios-hanganyagok\/\"><strong>Let\u00f6lthet\u0151 relax\u00e1ci\u00f3s hanganyagok<\/strong><\/a><\/li>\n<\/ul>\n<p><strong>Visszan\u00e9zhet\u0151 webin\u00e1riumok tanul\u00e1s, stresszkezel\u00e9s, vizsg\u00e1z\u00e1s t\u00e9mak\u00f6rben:<\/strong><\/p>\n<ul>\n<li>Hogyan maradjunk motiv\u00e1ltak a karant\u00e9n idej\u00e9n? (tanul\u00e1s \u00e9s kr\u00edziskezel\u00e9s)<\/li>\n<li>Hogyan k\u00e9sz\u00fclj\u00fcnk hat\u00e9konyan a vizsgaid\u0151szakra?<\/li>\n<li><a href=\"https:\/\/drive.google.com\/file\/d\/1IgMf_yEXIpJC--ybketYZVyLUVD9tfui\/view?usp=sharing\">https:\/\/drive.google.com\/file\/d\/1IgMf_yEXIpJC\u2013ybketYZVyLUVD9tfui\/view?usp=sharing<\/a><\/li>\n<li>Hogyan hozzuk ki magunkb\u00f3l a legt\u00f6bbet vizsgahelyzetben?<\/li>\n<li><a href=\"https:\/\/drive.google.com\/file\/d\/1FZDidBEX_euEhodP36gOuGyj5vyR8nLA\/view\">https:\/\/drive.google.com\/file\/d\/1FZDidBEX_euEhodP36gOuGyj5vyR8nLA\/view<\/a><\/li>\n<li><a href=\"https:\/\/www.youtube.com\/watch?v=lNNboxP3QOA\">Tanul\u00e1si technik\u00e1k<\/a>\u00a0[youtube link]<\/li>\n<li><a href=\"https:\/\/www.youtube.com\/watch?v=3Qqlp_fWthQ&amp;feature=youtu.be\">Relax\u00e1ci\u00f3\u00a0<\/a>[youtube link]<\/li>\n<\/ul>\n","protected":false},"excerpt":{"rendered":"<p>Seg\u00e9danyagok:<\/p>\n<p><a href=\"https:\/\/semmelweis.hu\/magtud\/2020\/05\/27\/letoltheto-relaxacios-hanganyagok\/\">Let\u00f6lthet\u0151 relax\u00e1ci\u00f3s hanganyagok<\/a><\/p>\n<p>Visszan\u00e9zhet\u0151 webin\u00e1riumok tanul\u00e1s, stresszkezel\u00e9s, vizsg\u00e1z\u00e1s t\u00e9mak\u00f6rben:<\/p>\n<p>Hogyan maradjunk motiv\u00e1ltak a karant\u00e9n idej\u00e9n? (tanul\u00e1s \u00e9s kr\u00edziskezel\u00e9s)<br \/>\nHogyan k\u00e9sz\u00fclj\u00fcnk hat\u00e9konyan a vizsgaid\u0151szakra?<br \/>\n<a href=\"https:\/\/drive.google.com\/file\/d\/1IgMf_yEXIpJC--ybketYZVyLUVD9tfui\/view?usp=sharing\">https:\/\/drive.google.com\/file\/d\/1IgMf_yEXIpJC\u2013ybketYZVyLUVD9tfui\/view?usp=sharing<\/a><br \/>\nHogyan hozzuk ki magunkb\u00f3l a legt\u00f6bbet vizsgahelyzetben?<br \/>\n<a href=\"https:\/\/drive.google.com\/file\/d\/1FZDidBEX_euEhodP36gOuGyj5vyR8nLA\/view\">https:\/\/drive.google.com\/file\/d\/1FZDidBEX_euEhodP36gOuGyj5vyR8nLA\/view<\/a><br \/>\n<a href=\"https:\/\/www.youtube.com\/watch?v=lNNboxP3QOA\">Tanul\u00e1si technik\u00e1k<\/a>\u00a0[youtube link]<br \/>\n<a href=\"https:\/\/www.youtube.com\/watch?v=3Qqlp_fWthQ&amp;feature=youtu.be\">Relax\u00e1ci\u00f3\u00a0<\/a>[youtube link]<\/p>\n","protected":false},"author":110,"featured_media":0,"parent":2064,"menu_order":3,"comment_status":"closed","ping_status":"closed","template":"","meta":{"_acf_changed":false,"footnotes":""},"categories":[],"tags":[],"class_list":["post-13413","page","type-page","status-publish","hentry"],"acf":[],"_links":{"self":[{"href":"https:\/\/semmelweis.hu\/magtud\/wp-json\/wp\/v2\/pages\/13413","targetHints":{"allow":["GET"]}}],"collection":[{"href":"https:\/\/semmelweis.hu\/magtud\/wp-json\/wp\/v2\/pages"}],"about":[{"href":"https:\/\/semmelweis.hu\/magtud\/wp-json\/wp\/v2\/types\/page"}],"author":[{"embeddable":true,"href":"https:\/\/semmelweis.hu\/magtud\/wp-json\/wp\/v2\/users\/110"}],"replies":[{"embeddable":true,"href":"https:\/\/semmelweis.hu\/magtud\/wp-json\/wp\/v2\/comments?post=13413"}],"version-history":[{"count":1,"href":"https:\/\/semmelweis.hu\/magtud\/wp-json\/wp\/v2\/pages\/13413\/revisions"}],"predecessor-version":[{"id":13414,"href":"https:\/\/semmelweis.hu\/magtud\/wp-json\/wp\/v2\/pages\/13413\/revisions\/13414"}],"up":[{"embeddable":true,"href":"https:\/\/semmelweis.hu\/magtud\/wp-json\/wp\/v2\/pages\/2064"}],"wp:attachment":[{"href":"https:\/\/semmelweis.hu\/magtud\/wp-json\/wp\/v2\/media?parent=13413"}],"wp:term":[{"taxonomy":"category","embeddable":true,"href":"https:\/\/semmelweis.hu\/magtud\/wp-json\/wp\/v2\/categories?post=13413"},{"taxonomy":"post_tag","embeddable":true,"href":"https:\/\/semmelweis.hu\/magtud\/wp-json\/wp\/v2\/tags?post=13413"}],"curies":[{"name":"wp","href":"https:\/\/api.w.org\/{rel}","templated":true}]}}