{"id":13408,"date":"2026-03-18T11:28:58","date_gmt":"2026-03-18T10:28:58","guid":{"rendered":"https:\/\/semmelweis.hu\/magtud\/?page_id=13408"},"modified":"2026-03-18T11:28:58","modified_gmt":"2026-03-18T10:28:58","slug":"csoportok","status":"publish","type":"page","link":"https:\/\/semmelweis.hu\/magtud\/gyogyitas\/diaktanacsado\/csoportok\/","title":{"rendered":"Csoportok"},"content":{"rendered":"<div class=\"responsive-tabs\">\n<h2 class=\"tabtitle\">Relax\u00e1ci\u00f3s csoport<\/h2>\n<div class=\"tabcontent\">\n\n<p>Kedves Hallgat\u00f3k!<\/p>\n<p>V\u00e1rok szeretettel minden kedves \u00e9rdekl\u0151d\u0151t a relax\u00e1ci\u00f3s, szorong\u00e1sold\u00f3 csoportalkalmakra, aki szeretne egy kicsit megnyugodni \u00e9s befel\u00e9 fordulni!:)<\/p>\n<p>Az alkalmak egym\u00e1st\u00f3l f\u00fcggetlen\u00fcl, szabadon l\u00e1togathat\u00f3ak, azonban <strong>el\u0151zetes regisztr\u00e1ci\u00f3 sz\u00fcks\u00e9ges<\/strong>\u00a0az al\u00e1bbi google form kit\u00f6lt\u00e9s\u00e9vel: <a href=\"https:\/\/docs.google.com\/forms\/d\/1Vkvt5s_THDRzMY3S0fdyEBt-nUYZ9Bn-OERIeCTRKeE\/edit\">https:\/\/docs.google.com\/forms\/d\/1Vkvt5s_THDRzMY3S0fdyEBt-nUYZ9Bn-OERIeCTRKeE\/edit<\/a><\/p>\n<p><strong>C\u00e9lja<\/strong>:<\/p>\n<ul>\n<li>Relax\u00e1ci\u00f3, lelassul\u00e1s, befel\u00e9 fordul\u00e1s az er\u0151forr\u00e1saink hat\u00e9konyabb mozg\u00f3s\u00edt\u00e1sa \u00e9rdek\u00e9ben<\/li>\n<li>Stresszold\u00e1s, a kih\u00edv\u00e1ssal j\u00e1r\u00f3 helyzetek eredm\u00e9nyesebb megold\u00e1sa (pl. vizsg\u00e1ra val\u00f3 felk\u00e9sz\u00fcl\u00e9s, sz\u00f3beli vizsgahelyzet, neh\u00e9z d\u00f6nt\u00e9sek stb.)<\/li>\n<\/ul>\n<p><strong>Eszk\u00f6z\u00f6k<\/strong>: relax\u00e1ci\u00f3, imagin\u00e1ci\u00f3<\/p>\n<p><strong>Kinek aj\u00e1nlom<\/strong>:\u00a0<\/p>\n<ul>\n<li>aki szeretne konkr\u00e9t eszk\u00f6z\u00f6ket kapni a stresszkezel\u00e9shez, \u00e9rzelemszab\u00e1lyoz\u00e1shoz<\/li>\n<li>aki szeretne egy kicsit meg\u00e9rkezni az itt \u00e9s mostba, lelassulni<\/li>\n<li>aki szeretne jobban kapcsol\u00f3dni az \u00e9rz\u00e9seihez, test\u00e9rzeteihez<\/li>\n<li>akit foglalkoztat \u00e1ltal\u00e1noss\u00e1gban az \u00f6nismeret<\/li>\n<li>aki a di\u00e1ktan\u00e1csad\u00f3ban v\u00e1r\u00f3list\u00e1n \u00e1ll, vagy csak nem tudja sz\u00fcks\u00e9ge van-e egy\u00e9ni tan\u00e1csad\u00f3ra<\/li>\n<li>b\u00e1rkinek, akit \u00e9rdekel \ud83d\ude42<\/li>\n<\/ul>\n<p><strong>Helysz\u00edn<\/strong>: NET, Pszichoszomatikus Ambulancia<br \/>\n<strong>Id\u0151pontok<\/strong>:\u00a0<\/p>\n<p>Minden kedden 16:00-17:30 k\u00f6z\u00f6tt\u00a0<\/p>\n<p>Els\u0151 alkalom: 2026. febru\u00e1r 3. Kedd<\/p>\n<p><strong>Csoportvezet\u0151<\/strong>: Cs\u00e9csy Vera, klinikai szakpszichol\u00f3gus jel\u00f6lt<\/p>\n<p><strong>Tov\u00e1bbi inform\u00e1ci\u00f3k<\/strong>: <a href=\"mailto:csecsy.vera.vanda@semmelweis.hu\">csecsy.vera.vanda@semmelweis.hu<\/a><\/p>\n\n<\/div><h2 class=\"tabtitle\">Neurodiverz csoport<\/h2>\n<div class=\"tabcontent\">\n\n<p>A Hallgat\u00f3i Pszichol\u00f3giai Konzult\u00e1ci\u00f3s Szolg\u00e1lat\u00a0heti rendszeress\u00e9g\u0171 csoportot ind\u00edt a Semmelweis Egyetem neurodiverz (autista, ADHD, AuDHD) hallgat\u00f3i sz\u00e1m\u00e1ra. A csoport c\u00e9lja, hogy hiteles inform\u00e1ci\u00f3kat kaphass az autizmusr\u00f3l \u00e9s az ADHDr\u00f3l, feltehesd a k\u00e9rd\u00e9seidet \u00e9s olyan t\u00e9m\u00e1kban szerezz \u00f6nismeretet, amelyek hat\u00e1ssal vannak a mindennapjaidra.<\/p>\n<p>A csoport ny\u00edlt, ami azt jelenti, hogy\u00a0<strong>az egyes alkalmakra szabadon lehet j\u00f6nni, a regisztr\u00e1ci\u00f3 folyamatos.<\/strong>\u00a0Egyszerre regisztr\u00e1lhatsz egy vagy t\u00f6bb alkalomra is. Az alkalmak laz\u00e1n egym\u00e1sra \u00e9p\u00fclnek, k\u00fcl\u00f6n\u00e1ll\u00f3an is hasznosak, de javasoljuk, hogy min\u00e9l rendszeresebben gyere el.\u00a0<\/p>\n<p>V\u00e1runk, ha:\u00a0<br \/>\n&#8211; van diagn\u00f3zisod<br \/>\n&#8211; nincs diagn\u00f3zisod, de \u00fagy \u00e9rzed \u00e9rintett vagy<br \/>\n&#8211; egy szeretted \u00e9rintett \u00e9s szeretn\u00e9l t\u00f6bbet tudni a t\u00e9m\u00e1r\u00f3l<\/p>\n<p>Helysz\u00edn: NET (Nagyv\u00e1rad t\u00e9r 4.) fszt 16.\u00a0<\/p>\n<p>Id\u0151pont: szerd\u00e1nk\u00e9nt 11-12:30-ig\u00a0<\/p>\n<p>L\u00e9tsz\u00e1m: min 5 &#8211; maximum 12 f\u0151<\/p>\n<p>Csoportot vezeti: B\u00e1lint Eszter, klinikai szakpszichol\u00f3gus jel\u00f6lt\u00a0<\/p>\n<p>Jelentkez\u00e9s:\u00a0<a href=\"http:\/\/bit.ly\/ndklub\">bit.ly\/ndklub<\/a><\/p>\n<p>K\u00e9rd\u00e9sekkel:\u00a0<a href=\"mailto:balint.eszter@semmelweis.hu\">balint.eszter@semmelweis.hu<\/a><\/p>\n\n<\/div><h2 class=\"tabtitle\">Ki\u00e9g\u00e9s megel\u0151z\u00e9s <\/h2>\n<div class=\"tabcontent\">\n\n<\/div><\/div>\n","protected":false},"excerpt":{"rendered":"<p>Kedves Hallgat\u00f3k! V\u00e1rok szeretettel minden kedves \u00e9rdekl\u0151d\u0151t a relax\u00e1ci\u00f3s, szorong\u00e1sold\u00f3 csoportalkalmakra, aki szeretne egy kicsit megnyugodni \u00e9s befel\u00e9 fordulni!:) Az alkalmak egym\u00e1st\u00f3l f\u00fcggetlen\u00fcl, szabadon l\u00e1togathat\u00f3ak, azonban el\u0151zetes regisztr\u00e1ci\u00f3 sz\u00fcks\u00e9ges\u00a0az al\u00e1bbi google form kit\u00f6lt\u00e9s\u00e9vel: <a href=\"https:\/\/docs.google.com\/forms\/d\/1Vkvt5s_THDRzMY3S0fdyEBt-nUYZ9Bn-OERIeCTRKeE\/edit\">https:\/\/docs.google.com\/forms\/d\/1Vkvt5s_THDRzMY3S0fdyEBt-nUYZ9Bn-OERIeCTRKeE\/edit<\/a> C\u00e9lja: Relax\u00e1ci\u00f3, lelassul\u00e1s, befel\u00e9 fordul\u00e1s az er\u0151forr\u00e1saink hat\u00e9konyabb mozg\u00f3s\u00edt\u00e1sa \u00e9rdek\u00e9ben Stresszold\u00e1s, a kih\u00edv\u00e1ssal j\u00e1r\u00f3 helyzetek eredm\u00e9nyesebb megold\u00e1sa (pl. vizsg\u00e1ra val\u00f3 felk\u00e9sz\u00fcl\u00e9s, sz\u00f3beli &hellip;<\/p>\n","protected":false},"author":110,"featured_media":0,"parent":2064,"menu_order":2,"comment_status":"closed","ping_status":"closed","template":"","meta":{"_acf_changed":false,"footnotes":""},"categories":[],"tags":[],"class_list":["post-13408","page","type-page","status-publish","hentry"],"acf":[],"_links":{"self":[{"href":"https:\/\/semmelweis.hu\/magtud\/wp-json\/wp\/v2\/pages\/13408","targetHints":{"allow":["GET"]}}],"collection":[{"href":"https:\/\/semmelweis.hu\/magtud\/wp-json\/wp\/v2\/pages"}],"about":[{"href":"https:\/\/semmelweis.hu\/magtud\/wp-json\/wp\/v2\/types\/page"}],"author":[{"embeddable":true,"href":"https:\/\/semmelweis.hu\/magtud\/wp-json\/wp\/v2\/users\/110"}],"replies":[{"embeddable":true,"href":"https:\/\/semmelweis.hu\/magtud\/wp-json\/wp\/v2\/comments?post=13408"}],"version-history":[{"count":2,"href":"https:\/\/semmelweis.hu\/magtud\/wp-json\/wp\/v2\/pages\/13408\/revisions"}],"predecessor-version":[{"id":13410,"href":"https:\/\/semmelweis.hu\/magtud\/wp-json\/wp\/v2\/pages\/13408\/revisions\/13410"}],"up":[{"embeddable":true,"href":"https:\/\/semmelweis.hu\/magtud\/wp-json\/wp\/v2\/pages\/2064"}],"wp:attachment":[{"href":"https:\/\/semmelweis.hu\/magtud\/wp-json\/wp\/v2\/media?parent=13408"}],"wp:term":[{"taxonomy":"category","embeddable":true,"href":"https:\/\/semmelweis.hu\/magtud\/wp-json\/wp\/v2\/categories?post=13408"},{"taxonomy":"post_tag","embeddable":true,"href":"https:\/\/semmelweis.hu\/magtud\/wp-json\/wp\/v2\/tags?post=13408"}],"curies":[{"name":"wp","href":"https:\/\/api.w.org\/{rel}","templated":true}]}}