{"id":13405,"date":"2026-03-18T11:22:00","date_gmt":"2026-03-18T10:22:00","guid":{"rendered":"https:\/\/semmelweis.hu\/magtud\/?page_id=13405"},"modified":"2026-03-20T12:14:39","modified_gmt":"2026-03-20T11:14:39","slug":"egyeni-tanacsadas","status":"publish","type":"page","link":"https:\/\/semmelweis.hu\/magtud\/gyogyitas\/diaktanacsado\/egyeni-tanacsadas\/","title":{"rendered":"Egy\u00e9ni tan\u00e1csad\u00e1s"},"content":{"rendered":"<p>Szolg\u00e1latunkon v\u00e1rjuk azokat a Semmelweises hallgat\u00f3kat, akik \u00fagy \u00e9rzik, hogy valamilyen pszichol\u00f3giai probl\u00e9m\u00e1juk akad\u00e1lyozza az egyetem v\u00e9gz\u00e9s\u00e9t, p\u00e9ld\u00e1ul stresszkezel\u00e9si, tanul\u00e1si, p\u00e1lyaorient\u00e1ci\u00f3s, p\u00e1rkapcsolati vagy csal\u00e1di neh\u00e9zs\u00e9g.<\/p>\n<p>Amennyiben bizonytalan, hogy profilba v\u00e1g-e a probl\u00e9m\u00e1ja, a d\u00f6nt\u00e9sben is seg\u00edt\u00fcnk. K\u00e9rj\u00fck, p\u00e1r mondatban fogalmazza meg, milyen probl\u00e9m\u00e1val keres benn\u00fcnket: <a href=\"mailto:diaktanacsado@med.semmelweis-univ.hu\"><strong>diaktanacsado@semmelweis.hu<\/strong><\/a><\/p>\n<div class=\"exp-col-content-holder\"><a class=\"expand-cnt-link\" href=\"#\">GYIK<\/a><\/p>\n<div class=\"hidden-content\">\n<p><strong>Milyen probl\u00e9m\u00e1kkal fordulhatnak hozz\u00e1nk?<\/strong><\/p>\n<p>Minden olyan pszichol\u00f3giai probl\u00e9m\u00e1val, amely az egyetem v\u00e9gz\u00e9s\u00e9vel kapcsolatos, azt akad\u00e1lyozza valamilyen m\u00f3don.<\/p>\n<p>Ilyenek p\u00e9ld\u00e1ul: a tanul\u00e1si neh\u00e9zs\u00e9gek, stressz \u00e9s szorong\u00e1s kezel\u00e9s\u00e9nek neh\u00e9zs\u00e9gei, kapcsolati \u00e9s\/vagy p\u00e1rkapcsolati probl\u00e9m\u00e1k, id\u0151gazd\u00e1lkod\u00e1si k\u00e9rd\u00e9sek, sz\u00fcl\u0151kkel kapcsolatos neh\u00e9zs\u00e9gek, az \u00f6n\u00e1ll\u00f3sod\u00e1s, lev\u00e1l\u00e1s gondjai, k\u00fcl\u00f6nb\u00f6z\u0151 vesztes\u00e9gekb\u0151l, sz\u00fcl\u0151k betegs\u00e9g\u00e9b\u0151l ad\u00f3d\u00f3 probl\u00e9m\u00e1k, szakmai identit\u00e1s keres\u00e9se, elbizonytalanod\u00e1s, d\u00f6nt\u00e9si neh\u00e9zs\u00e9gek.<\/p>\n<p>Amennyiben bizonytalan, hogy profilba v\u00e1g-e a probl\u00e9m\u00e1ja, a d\u00f6nt\u00e9sben is seg\u00edt\u00fcnk.<\/p>\n<p><strong>Kik fordulhatnak hozz\u00e1nk?<\/strong><\/p>\n<p>Pszichol\u00f3giai konzult\u00e1ci\u00f3t, tan\u00e1csad\u00e1st kiz\u00e1r\u00f3lag a Semmelweis Egyetem hallgat\u00f3i vehetik ig\u00e9nybe.<\/p>\n<p><strong>Hol zajlik?<\/strong><\/p>\n<p>A tan\u00e1csad\u00e1s jellemz\u0151en a NET \u00e9p\u00fclet\u00e9ben zajlik, a tan\u00e1csad\u00f3 koll\u00e9g\u00e1val egyeztetett helysz\u00ednen.<\/p>\n<p><strong>Hogyan zajlik?\u00a0\u00a0\u00a0\u00a0\u00a0\u00a0\u00a0\u00a0\u00a0\u00a0\u00a0\u00a0\u00a0\u00a0\u00a0\u00a0\u00a0\u00a0\u00a0\u00a0\u00a0\u00a0\u00a0\u00a0\u00a0\u00a0\u00a0\u00a0\u00a0\u00a0\u00a0\u00a0\u00a0\u00a0\u00a0\u00a0\u00a0\u00a0\u00a0\u00a0\u00a0\u00a0\u00a0\u00a0\u00a0\u00a0\u00a0\u00a0\u00a0\u00a0\u00a0\u00a0\u00a0\u00a0\u00a0\u00a0\u00a0<\/strong><\/p>\n<p>Az e-mailben t\u00f6rt\u00e9n\u0151 kapcsolatfelv\u00e9tel \u00e9s id\u0151pontegyeztet\u00e9s ut\u00e1n, \u00e1ltal\u00e1ban egy szem\u00e9lyes, t\u00e1j\u00e9koz\u00f3d\u00f3 besz\u00e9lget\u00e9ssel ind\u00edtunk, melynek sor\u00e1n k\u00f6r\u00fclj\u00e1rjuk azokat a k\u00e9rd\u00e9seket, probl\u00e9m\u00e1kat, amelyekben seg\u00edts\u00e9get szeretne k\u00e9rni, majd felt\u00e9rk\u00e9pezz\u00fck a lehet\u0151s\u00e9geket. \u00a0Egy konzult\u00e1ci\u00f3 id\u0151tartama \u00e1ltal\u00e1ban 45 perc. Ezt k\u00f6vet\u0151en m\u00e9g 3-5 alkalom ny\u00edlik arra, hogy\u00a0f\u00f3kusz\u00e1ltan foglalkozzunk a felmer\u00fclt probl\u00e9m\u00e1val.<\/p>\n<p><strong>Mi t\u00f6rt\u00e9nik, ha nem elegend\u0151 ennyi id\u0151?<\/strong><\/p>\n<p>Amennyiben a probl\u00e9ma hosszabb \u00e9s m\u00e9lyebb beavatkoz\u00e1st ig\u00e9nyl\u0151, akkor javaslatot tesz\u00fcnk a tov\u00e1bbiakkal kapcsolatban, \u00e9s igyeksz\u00fcnk seg\u00edts\u00e9get ny\u00fajtani a megfelel\u0151 int\u00e9zm\u00e9ny vagy szakember megtal\u00e1l\u00e1s\u00e1ban is.<\/p>\n<p><strong>Milyen adatv\u00e9delmi szab\u00e1lyok vonatkoznak a konzult\u00e1ci\u00f3ra?<\/strong><\/p>\n<p>A konzult\u00e1ci\u00f3 anonim m\u00f3don is ig\u00e9nybe vehet\u0151, a r\u00e9sztvev\u0151k adatai nem ker\u00fclnek nyilv\u00e1ntart\u00e1sba, a folyamat az orvosi titoktart\u00e1s szab\u00e1lyai szerint zajlik.<\/p>\n<p><strong>Mi\u00e9rt hoztuk l\u00e9tre konzult\u00e1ci\u00f3s szolg\u00e1latunkat?<\/strong><\/p>\n<p>Az egyetemi \u00e9vek a fiatal feln\u0151ttkor igen \u00e9rz\u00e9keny id\u0151szak\u00e1ra esnek. A tanulm\u00e1nyokkal kapcsolatos kih\u00edv\u00e1sok \u00e9s a mindennapi \u00e9let neh\u00e9zs\u00e9gei ezen \u00e9letszakasz tipikus feladataival egy\u00fctt elakad\u00e1shoz, elbizonytalanod\u00e1shoz vezethetnek, melyb\u0151l nehezen l\u00e1that\u00f3 a ki\u00fat. Ilyenkor egy k\u00fcls\u0151 szem seg\u00edts\u00e9g\u00e9vel, egy szakember vezet\u00e9s\u00e9vel olyan tartal\u00e9kokra, er\u0151forr\u00e1sokra tal\u00e1lhatunk, melyek a megbillent egyens\u00falyt vissza\u00e1ll\u00edthatj\u00e1k.<\/p>\n<p><strong>Mit jelent, hogy konzult\u00e1ci\u00f3?<\/strong><\/p>\n<p>Fontos tudni, hogy a konzult\u00e1ci\u00f3 vagy tan\u00e1csad\u00e1s nem betegell\u00e1t\u00e1s, hanem egy r\u00f6vid, id\u0151hat\u00e1ros megold\u00e1sk\u00f6zpont\u00fa beavatkoz\u00e1s, melynek c\u00e9lja az er\u0151forr\u00e1sok mobiliz\u00e1l\u00e1sa, bizonyos k\u00e9szs\u00e9gek kialak\u00edt\u00e1sa vagy fejleszt\u00e9se, a szem\u00e9ly lehet\u0151s\u00e9geinek kibontakoztat\u00e1sa.<\/p>\n<p><strong>Milyen m\u00e1s szolg\u00e1ltat\u00e1sokat ny\u00fajtunk?<\/strong><\/p>\n<p>Rendszeresen szervez\u00fcnk k\u00fcl\u00f6nf\u00e9le k\u00e9szs\u00e9gfejleszt\u0151 csoportokat a hallgat\u00f3k ig\u00e9nyei szerint, mint p\u00e9ld\u00e1ul stresszkezel\u0151, \u00f6nismereti vagy mindfulness csoportokat, melyekr\u0151l a Neptunon kereszt\u00fcl k\u00fcld\u00fcnk \u00e9rtes\u00edt\u00e9st. T\u00e1j\u00e9koz\u00f3djon az aktu\u00e1lis csoportjainkr\u00f3l az al\u00e1bbi linken: <a href=\"https:\/\/semmelweis.hu\/magtud\/gyogyitas\/diaktanacsado\/csoportok\/\">Csoportok<\/a><\/p>\n<p>Tov\u00e1bb\u00e1 aj\u00e1nljuk figyelm\u00fckbe szabadon v\u00e1laszthat\u00f3 kurzusainkat is: <a href=\"https:\/\/semmelweis.hu\/magtud\/gyogyitas\/diaktanacsado\/szabadon-valaszthato-targyak\/\">Szabadon v\u00e1laszthat\u00f3 kurzusok<\/a><\/p>\n<p><strong>Kik vagyunk? <\/strong><\/p>\n<p>Olyan klinikai \u00e9s tan\u00e1csad\u00f3 szakpszichol\u00f3gusok, pszichi\u00e1terek, akik nagy tapasztalattal rendelkeznek a tan\u00e1csad\u00e1s, pszichoter\u00e1pia, de az egyetemi oktat\u00e1s ter\u00fclet\u00e9n is. <a href=\"https:\/\/semmelweis.hu\/magtud\/gyogyitas\/diaktanacsado\/munkatarsaink\/\">Munkat\u00e1rsaink<\/a><\/p>\n<\/div>\n<\/div>\n<p>&nbsp;<\/p>\n","protected":false},"excerpt":{"rendered":"<p>Szolg\u00e1latunkon v\u00e1rjuk azokat a Semmelweises hallgat\u00f3kat, akik \u00fagy \u00e9rzik, hogy valamilyen pszichol\u00f3giai probl\u00e9m\u00e1juk akad\u00e1lyozza az egyetem v\u00e9gz\u00e9s\u00e9t, p\u00e9ld\u00e1ul stresszkezel\u00e9si, tanul\u00e1si, p\u00e1lyaorient\u00e1ci\u00f3s, p\u00e1rkapcsolati vagy csal\u00e1di neh\u00e9zs\u00e9g. Amennyiben bizonytalan, hogy profilba v\u00e1g-e a probl\u00e9m\u00e1ja, a d\u00f6nt\u00e9sben is seg\u00edt\u00fcnk. K\u00e9rj\u00fck, p\u00e1r mondatban fogalmazza meg, milyen probl\u00e9m\u00e1val keres benn\u00fcnket: <a href=\"mailto:diaktanacsado@med.semmelweis-univ.hu\">diaktanacsado@semmelweis.hu<\/a> <a class=\"expand-cnt-link\" href=\"#\">GYIK<\/a> Milyen probl\u00e9m\u00e1kkal fordulhatnak hozz\u00e1nk? Minden olyan pszichol\u00f3giai probl\u00e9m\u00e1val, amely az &hellip;<\/p>\n","protected":false},"author":110,"featured_media":0,"parent":2064,"menu_order":0,"comment_status":"closed","ping_status":"closed","template":"","meta":{"_acf_changed":false,"footnotes":""},"categories":[],"tags":[],"class_list":["post-13405","page","type-page","status-publish","hentry"],"acf":[],"_links":{"self":[{"href":"https:\/\/semmelweis.hu\/magtud\/wp-json\/wp\/v2\/pages\/13405","targetHints":{"allow":["GET"]}}],"collection":[{"href":"https:\/\/semmelweis.hu\/magtud\/wp-json\/wp\/v2\/pages"}],"about":[{"href":"https:\/\/semmelweis.hu\/magtud\/wp-json\/wp\/v2\/types\/page"}],"author":[{"embeddable":true,"href":"https:\/\/semmelweis.hu\/magtud\/wp-json\/wp\/v2\/users\/110"}],"replies":[{"embeddable":true,"href":"https:\/\/semmelweis.hu\/magtud\/wp-json\/wp\/v2\/comments?post=13405"}],"version-history":[{"count":6,"href":"https:\/\/semmelweis.hu\/magtud\/wp-json\/wp\/v2\/pages\/13405\/revisions"}],"predecessor-version":[{"id":13439,"href":"https:\/\/semmelweis.hu\/magtud\/wp-json\/wp\/v2\/pages\/13405\/revisions\/13439"}],"up":[{"embeddable":true,"href":"https:\/\/semmelweis.hu\/magtud\/wp-json\/wp\/v2\/pages\/2064"}],"wp:attachment":[{"href":"https:\/\/semmelweis.hu\/magtud\/wp-json\/wp\/v2\/media?parent=13405"}],"wp:term":[{"taxonomy":"category","embeddable":true,"href":"https:\/\/semmelweis.hu\/magtud\/wp-json\/wp\/v2\/categories?post=13405"},{"taxonomy":"post_tag","embeddable":true,"href":"https:\/\/semmelweis.hu\/magtud\/wp-json\/wp\/v2\/tags?post=13405"}],"curies":[{"name":"wp","href":"https:\/\/api.w.org\/{rel}","templated":true}]}}