{"id":13291,"date":"2026-02-11T11:15:05","date_gmt":"2026-02-11T10:15:05","guid":{"rendered":"https:\/\/semmelweis.hu\/magtud\/?page_id=13291"},"modified":"2026-03-16T14:34:05","modified_gmt":"2026-03-16T13:34:05","slug":"absztrakt-benyujtas","status":"publish","type":"page","link":"https:\/\/semmelweis.hu\/magtud\/magatartastudomanyi-napok-2026\/absztrakt-benyujtas\/","title":{"rendered":"Absztrakt beny\u00fajt\u00e1s"},"content":{"rendered":"<div class=\"fontos_div\">\n<p>ABSZTRAKT FORMAI K\u00d6VETELM\u00c9NYEK<\/p>\n<\/div>\n<p>Sz\u00f6veg terjedelem: max. 2000 karakter.<\/p>\n<ul>\n<li>H\u00e1tt\u00e9r,<\/li>\n<li>m\u00f3dszer,<\/li>\n<li>eredm\u00e9nyek,<\/li>\n<li>k\u00f6vetkeztet\u00e9sek<\/li>\n<\/ul>\n<div class=\"fontos_div\">\n<p>Absztrakt bek\u00fcld\u00e9si hat\u00e1rid\u0151: m\u00e1rcius 22.<\/p>\n<\/div>\n<p><iframe loading=\"lazy\" src=\"https:\/\/forms.office.com\/e\/gCLHt6mCLR\" width=\"100%\" height=\"800\"><\/iframe><\/p>\n<p>&nbsp;<\/p>\n","protected":false},"excerpt":{"rendered":"<p>ABSZTRAKT FORMAI K\u00d6VETELM\u00c9NYEK<\/p>\n<p>Sz\u00f6veg terjedelem: max. 2000 karakter.<\/p>\n<p>H\u00e1tt\u00e9r,<br \/>\nm\u00f3dszer,<br \/>\neredm\u00e9nyek,<br \/>\nk\u00f6vetkeztet\u00e9sek<\/p>\n<p>Absztrakt bek\u00fcld\u00e9si hat\u00e1rid\u0151: m\u00e1rcius 22.<\/p>\n<p>&nbsp;<\/p>\n","protected":false},"author":110,"featured_media":0,"parent":13232,"menu_order":3,"comment_status":"closed","ping_status":"closed","template":"","meta":{"_acf_changed":false,"footnotes":""},"categories":[],"tags":[],"class_list":["post-13291","page","type-page","status-publish","hentry"],"acf":[],"_links":{"self":[{"href":"https:\/\/semmelweis.hu\/magtud\/wp-json\/wp\/v2\/pages\/13291","targetHints":{"allow":["GET"]}}],"collection":[{"href":"https:\/\/semmelweis.hu\/magtud\/wp-json\/wp\/v2\/pages"}],"about":[{"href":"https:\/\/semmelweis.hu\/magtud\/wp-json\/wp\/v2\/types\/page"}],"author":[{"embeddable":true,"href":"https:\/\/semmelweis.hu\/magtud\/wp-json\/wp\/v2\/users\/110"}],"replies":[{"embeddable":true,"href":"https:\/\/semmelweis.hu\/magtud\/wp-json\/wp\/v2\/comments?post=13291"}],"version-history":[{"count":5,"href":"https:\/\/semmelweis.hu\/magtud\/wp-json\/wp\/v2\/pages\/13291\/revisions"}],"predecessor-version":[{"id":13400,"href":"https:\/\/semmelweis.hu\/magtud\/wp-json\/wp\/v2\/pages\/13291\/revisions\/13400"}],"up":[{"embeddable":true,"href":"https:\/\/semmelweis.hu\/magtud\/wp-json\/wp\/v2\/pages\/13232"}],"wp:attachment":[{"href":"https:\/\/semmelweis.hu\/magtud\/wp-json\/wp\/v2\/media?parent=13291"}],"wp:term":[{"taxonomy":"category","embeddable":true,"href":"https:\/\/semmelweis.hu\/magtud\/wp-json\/wp\/v2\/categories?post=13291"},{"taxonomy":"post_tag","embeddable":true,"href":"https:\/\/semmelweis.hu\/magtud\/wp-json\/wp\/v2\/tags?post=13291"}],"curies":[{"name":"wp","href":"https:\/\/api.w.org\/{rel}","templated":true}]}}