{"id":13261,"date":"2026-02-04T13:32:43","date_gmt":"2026-02-04T12:32:43","guid":{"rendered":"https:\/\/semmelweis.hu\/magtud\/?page_id=13261"},"modified":"2026-02-25T09:07:30","modified_gmt":"2026-02-25T08:07:30","slug":"regisztracio","status":"publish","type":"page","link":"https:\/\/semmelweis.hu\/magtud\/magatartastudomanyi-napok-2026\/regisztracio\/","title":{"rendered":"Regisztr\u00e1ci\u00f3"},"content":{"rendered":"<p><strong>Regisztr\u00e1ci\u00f3 hat\u00e1rideje<\/strong>: \u00e1prilis 13.<\/p>\n<p><strong>K\u00e9s\u0151i regisztr\u00e1ci\u00f3 hat\u00e1rideje<\/strong>: m\u00e1jus 25.<\/p>\n<p><strong>R\u00e9szv\u00e9teli d\u00edjak:<\/strong><\/p>\n<p><strong>Regisztr\u00e1ci\u00f3s d\u00edj<\/strong> (k\u00e1v\u00e9sz\u00fcneti ell\u00e1t\u00e1ssal, kongresszusi vacsor\u00e1val) \u00e1prilis 13-ig: 40\u00a0000 Ft \u00a0\u00a0<\/p>\n<p><strong>Regisztr\u00e1ci\u00f3s d\u00edj hallgat\u00f3knak<\/strong> (k\u00e1v\u00e9sz\u00fcneti ell\u00e1t\u00e1ssal, kongresszusi vacsor\u00e1val) \u00e1prilis 13-ig: 30\u00a0000 Ft<\/p>\n<p><strong>K\u00e9s\u0151i regisztr\u00e1ci\u00f3<\/strong> (\u00e1prilis\u00a014 \u2013 m\u00e1jus 25): \u00a050\u00a0000 Ft \u00a0<\/p>\n<p><strong>Napijegy j\u00fanius 4<\/strong> (r\u00e9szv\u00e9tel a tudom\u00e1nyos programon, k\u00e1v\u00e9sz\u00fcneti ell\u00e1t\u00e1ssal, kongresszusi vacsora n\u00e9lk\u00fcl) 10 000 Ft<\/p>\n<p><strong>Napijegy j\u00fanius 5<\/strong> (r\u00e9szv\u00e9tel a tudom\u00e1nyos programon, k\u00e1v\u00e9sz\u00fcneti ell\u00e1t\u00e1ssal) 10 000 Ft<\/p>\n<p><strong>Befizet\u00e9s:<\/strong>\u00a0 A Selye J\u00e1nos Magyar Magatart\u00e1studom\u00e1nyi \u00e9s Magatart\u00e1sorvosl\u00e1si T\u00e1rsas\u00e1g sz\u00e1ml\u00e1j\u00e1ra: OTP 11708001-20520696<\/p>\n<p>&nbsp;<\/p>\n<p><iframe loading=\"lazy\" src=\"https:\/\/forms.office.com\/e\/bm8NiLNHCx?origin=lprLink\" width=\"100%\" height=\"800\"><\/iframe><\/p>\n<p>&nbsp;<\/p>\n","protected":false},"excerpt":{"rendered":"<p>Regisztr\u00e1ci\u00f3 hat\u00e1rideje: \u00e1prilis 13. K\u00e9s\u0151i regisztr\u00e1ci\u00f3 hat\u00e1rideje: m\u00e1jus 25. R\u00e9szv\u00e9teli d\u00edjak: Regisztr\u00e1ci\u00f3s d\u00edj (k\u00e1v\u00e9sz\u00fcneti ell\u00e1t\u00e1ssal, kongresszusi vacsor\u00e1val) \u00e1prilis 13-ig: 40\u00a0000 Ft \u00a0\u00a0 Regisztr\u00e1ci\u00f3s d\u00edj hallgat\u00f3knak (k\u00e1v\u00e9sz\u00fcneti ell\u00e1t\u00e1ssal, kongresszusi vacsor\u00e1val) \u00e1prilis 13-ig: 30\u00a0000 Ft K\u00e9s\u0151i regisztr\u00e1ci\u00f3 (\u00e1prilis\u00a014 \u2013 m\u00e1jus 25): \u00a050\u00a0000 Ft \u00a0 Napijegy j\u00fanius 4 (r\u00e9szv\u00e9tel a tudom\u00e1nyos programon, k\u00e1v\u00e9sz\u00fcneti ell\u00e1t\u00e1ssal, kongresszusi vacsora n\u00e9lk\u00fcl) 10 &hellip;<\/p>\n","protected":false},"author":110,"featured_media":0,"parent":13232,"menu_order":2,"comment_status":"closed","ping_status":"closed","template":"","meta":{"_acf_changed":false,"footnotes":""},"categories":[],"tags":[],"class_list":["post-13261","page","type-page","status-publish","hentry"],"acf":[],"_links":{"self":[{"href":"https:\/\/semmelweis.hu\/magtud\/wp-json\/wp\/v2\/pages\/13261","targetHints":{"allow":["GET"]}}],"collection":[{"href":"https:\/\/semmelweis.hu\/magtud\/wp-json\/wp\/v2\/pages"}],"about":[{"href":"https:\/\/semmelweis.hu\/magtud\/wp-json\/wp\/v2\/types\/page"}],"author":[{"embeddable":true,"href":"https:\/\/semmelweis.hu\/magtud\/wp-json\/wp\/v2\/users\/110"}],"replies":[{"embeddable":true,"href":"https:\/\/semmelweis.hu\/magtud\/wp-json\/wp\/v2\/comments?post=13261"}],"version-history":[{"count":5,"href":"https:\/\/semmelweis.hu\/magtud\/wp-json\/wp\/v2\/pages\/13261\/revisions"}],"predecessor-version":[{"id":13373,"href":"https:\/\/semmelweis.hu\/magtud\/wp-json\/wp\/v2\/pages\/13261\/revisions\/13373"}],"up":[{"embeddable":true,"href":"https:\/\/semmelweis.hu\/magtud\/wp-json\/wp\/v2\/pages\/13232"}],"wp:attachment":[{"href":"https:\/\/semmelweis.hu\/magtud\/wp-json\/wp\/v2\/media?parent=13261"}],"wp:term":[{"taxonomy":"category","embeddable":true,"href":"https:\/\/semmelweis.hu\/magtud\/wp-json\/wp\/v2\/categories?post=13261"},{"taxonomy":"post_tag","embeddable":true,"href":"https:\/\/semmelweis.hu\/magtud\/wp-json\/wp\/v2\/tags?post=13261"}],"curies":[{"name":"wp","href":"https:\/\/api.w.org\/{rel}","templated":true}]}}