{"id":13256,"date":"2026-01-29T11:34:05","date_gmt":"2026-01-29T10:34:05","guid":{"rendered":"https:\/\/semmelweis.hu\/magtud\/?page_id=13256"},"modified":"2026-01-29T11:34:05","modified_gmt":"2026-01-29T10:34:05","slug":"semmelweis-egyetem-pszichobiologia-msc-kepzes","status":"publish","type":"page","link":"https:\/\/semmelweis.hu\/magtud\/kutatas\/semmelweis-egyetem-pszichobiologia-msc-kepzes\/","title":{"rendered":"Semmelweis Egyetem Pszichobiol\u00f3gia MSc k\u00e9pz\u00e9s"},"content":{"rendered":"<p>\ud83c\udf93 <strong>\u00c9lvonalbeli kutat\u00f3kat k\u00e9pz\u00fcnk az agy \u00e9s az elme integr\u00e1lt szeml\u00e9let\u00e9t k\u00f6vetve:<\/strong> <strong>ind\u00edtsd el a karriered a magatart\u00e1skutat\u00e1s \u00e9s a viselked\u00e9svez\u00e9rl\u00e9s agyi mechanizmusainak felt\u00e1r\u00e1s\u00e1ra hivatott kiv\u00e1l\u00f3 m\u0171helyekben!<\/strong> \ud83e\udde0<br \/>\n\ud83d\udce3 A <strong>Semmelweis Egyetem Pszichobiol\u00f3gia MSc<\/strong> k\u00e9pz\u00e9se a pszichol\u00f3gia \u00e9s az idegtudom\u00e1ny tal\u00e1lkoz\u00e1si pontj\u00e1n mozog, \u00e9s <strong>val\u00f3di, modern kutat\u00e1si m\u00f3dszerekkel<\/strong> vezet be az emberi viselked\u00e9s biol\u00f3giai alapjaiba. (<a href=\"https:\/\/semmelweis.hu\/aok\/oktatas\/szakiranyu-tovabbkepzesek\/pszichobiologia-msc\/\">Semmelweis Egyetem<\/a>)<\/p>\n<p>\ud83c\udfaf <strong>Kiknek aj\u00e1nljuk?<\/strong><br \/>\n\u2714 Pszichol\u00f3gia, biol\u00f3gia vagy \u00e9lettudom\u00e1nyokat v\u00e9gzettek sz\u00e1m\u00e1ra<br \/>\n\u2714 Orvosoknak, fogorvosoknak, gy\u00f3gyszer\u00e9szeknek, \u00e1llatorvosoknak<br \/>\n\u2714 Biofizika, m\u00e9rn\u00f6ki vagy kapcsol\u00f3d\u00f3 ter\u00fcletr\u0151l \u00e9rkez\u0151knek<br \/>\n\u2013 akik kutat\u00e1scentrikus p\u00e1ly\u00e1t terveznek \ud83c\udf0d<\/p>\n<p>\u2728 <strong>Amivel a k\u00e9pz\u00e9s sor\u00e1n tal\u00e1lkozhatsz:<\/strong><br \/>\n\ud83e\udde0 <strong>HD-EEG \u00e9s hyperscanning m\u00e9r\u00e9sek<\/strong> \u2013 amikor nem csak egy, hanem t\u00f6bb agyat vizsg\u00e1lunk egyszerre;<br \/>\n\ud83d\ude34 <strong>Alv\u00e1s \u00e9s \u00e1lmod\u00e1s m\u00e9r\u00e9se<\/strong> \u2013 EEG-vel, objekt\u00edv m\u00f3dszerekkel;<br \/>\n\ud83e\udd1d <strong>T\u00e1rsas kogn\u00edci\u00f3<\/strong> \u2013 hogyan \u00e9rtj\u00fck meg egym\u00e1st: t\u00fckr\u00f6k az agyban;<br \/>\n\ud83e\uddec <strong>Molekul\u00e1ris pszichi\u00e1triai technik\u00e1k<\/strong> \u2013 betekint\u00e9s a pszich\u00e9s zavarok biol\u00f3giai h\u00e1tter\u00e9be;<br \/>\n\ud83d\udd0d Kutat\u00e1sk\u00f6zpont\u00fa szeml\u00e9let, gyakorlati tapasztalat, nemzetk\u00f6zi ir\u00e1nyults\u00e1g.<\/p>\n<p>\ud83d\uddd3 <strong>Jelentkez\u00e9si id\u0151szak:<\/strong><br \/>\n\ud83d\udccc Hat\u00e1rid\u0151: <em>2026. febru\u00e1r 15. (<a href=\"http:\/\/felvi.hu\" target=\"_blank\" rel=\"noopener\">felvi.hu<\/a>)<\/em><\/p>\n<p>\ud83d\udc49 Tudj meg t\u00f6bbet \u00e9s jelentkezz most: \ud83e\udde0 <a href=\"https:\/\/semmelweis.hu\/aok\/oktatas\/szakiranyu-tovabbkepzesek\/pszichobiologia-msc\/\">Semmelweis Egyetem<\/a><\/p>\n<p>#psychobiology #MSc #kutat\u00e1s #neuroscience #Semmelweis<\/p>\n","protected":false},"excerpt":{"rendered":"<p>\ud83c\udf93 \u00c9lvonalbeli kutat\u00f3kat k\u00e9pz\u00fcnk az agy \u00e9s az elme integr\u00e1lt szeml\u00e9let\u00e9t k\u00f6vetve: ind\u00edtsd el a karriered a magatart\u00e1skutat\u00e1s \u00e9s a viselked\u00e9svez\u00e9rl\u00e9s agyi mechanizmusainak felt\u00e1r\u00e1s\u00e1ra hivatott kiv\u00e1l\u00f3 m\u0171helyekben! \ud83e\udde0 \ud83d\udce3 A Semmelweis Egyetem Pszichobiol\u00f3gia MSc k\u00e9pz\u00e9se a pszichol\u00f3gia \u00e9s az idegtudom\u00e1ny tal\u00e1lkoz\u00e1si pontj\u00e1n mozog, \u00e9s val\u00f3di, modern kutat\u00e1si m\u00f3dszerekkel vezet be az emberi viselked\u00e9s biol\u00f3giai alapjaiba. &hellip;<\/p>\n","protected":false},"author":110,"featured_media":0,"parent":2387,"menu_order":0,"comment_status":"closed","ping_status":"closed","template":"","meta":{"_acf_changed":false,"footnotes":""},"categories":[],"tags":[],"class_list":["post-13256","page","type-page","status-publish","hentry"],"acf":[],"_links":{"self":[{"href":"https:\/\/semmelweis.hu\/magtud\/wp-json\/wp\/v2\/pages\/13256","targetHints":{"allow":["GET"]}}],"collection":[{"href":"https:\/\/semmelweis.hu\/magtud\/wp-json\/wp\/v2\/pages"}],"about":[{"href":"https:\/\/semmelweis.hu\/magtud\/wp-json\/wp\/v2\/types\/page"}],"author":[{"embeddable":true,"href":"https:\/\/semmelweis.hu\/magtud\/wp-json\/wp\/v2\/users\/110"}],"replies":[{"embeddable":true,"href":"https:\/\/semmelweis.hu\/magtud\/wp-json\/wp\/v2\/comments?post=13256"}],"version-history":[{"count":2,"href":"https:\/\/semmelweis.hu\/magtud\/wp-json\/wp\/v2\/pages\/13256\/revisions"}],"predecessor-version":[{"id":13258,"href":"https:\/\/semmelweis.hu\/magtud\/wp-json\/wp\/v2\/pages\/13256\/revisions\/13258"}],"up":[{"embeddable":true,"href":"https:\/\/semmelweis.hu\/magtud\/wp-json\/wp\/v2\/pages\/2387"}],"wp:attachment":[{"href":"https:\/\/semmelweis.hu\/magtud\/wp-json\/wp\/v2\/media?parent=13256"}],"wp:term":[{"taxonomy":"category","embeddable":true,"href":"https:\/\/semmelweis.hu\/magtud\/wp-json\/wp\/v2\/categories?post=13256"},{"taxonomy":"post_tag","embeddable":true,"href":"https:\/\/semmelweis.hu\/magtud\/wp-json\/wp\/v2\/tags?post=13256"}],"curies":[{"name":"wp","href":"https:\/\/api.w.org\/{rel}","templated":true}]}}