{"id":13243,"date":"2026-01-23T11:54:47","date_gmt":"2026-01-23T10:54:47","guid":{"rendered":"https:\/\/semmelweis.hu\/magtud\/?page_id=13243"},"modified":"2026-03-16T14:33:09","modified_gmt":"2026-03-16T13:33:09","slug":"fontos-hataridok","status":"publish","type":"page","link":"https:\/\/semmelweis.hu\/magtud\/magatartastudomanyi-napok-2026\/fontos-hataridok\/","title":{"rendered":"Fontos hat\u00e1rid\u0151k"},"content":{"rendered":"<p>Absztrakt bek\u00fcld\u00e9si hat\u00e1rid\u0151:\u00a0 m\u00e1rcius 22. \u00a0\u00a0<\/p>\n<p>Regisztr\u00e1ci\u00f3 hat\u00e1rideje: \u00e1prilis 13.<\/p>\n<p>K\u00e9s\u0151i regisztr\u00e1ci\u00f3 hat\u00e1rideje: m\u00e1jus 25.<\/p>\n","protected":false},"excerpt":{"rendered":"<p>Absztrakt bek\u00fcld\u00e9si hat\u00e1rid\u0151:\u00a0 m\u00e1rcius 22. \u00a0\u00a0<br \/>\nRegisztr\u00e1ci\u00f3 hat\u00e1rideje: \u00e1prilis 13.<br \/>\nK\u00e9s\u0151i regisztr\u00e1ci\u00f3 hat\u00e1rideje: m\u00e1jus 25.<\/p>\n","protected":false},"author":110,"featured_media":0,"parent":13232,"menu_order":1,"comment_status":"closed","ping_status":"closed","template":"","meta":{"_acf_changed":false,"footnotes":""},"categories":[],"tags":[],"class_list":["post-13243","page","type-page","status-publish","hentry"],"acf":[],"_links":{"self":[{"href":"https:\/\/semmelweis.hu\/magtud\/wp-json\/wp\/v2\/pages\/13243","targetHints":{"allow":["GET"]}}],"collection":[{"href":"https:\/\/semmelweis.hu\/magtud\/wp-json\/wp\/v2\/pages"}],"about":[{"href":"https:\/\/semmelweis.hu\/magtud\/wp-json\/wp\/v2\/types\/page"}],"author":[{"embeddable":true,"href":"https:\/\/semmelweis.hu\/magtud\/wp-json\/wp\/v2\/users\/110"}],"replies":[{"embeddable":true,"href":"https:\/\/semmelweis.hu\/magtud\/wp-json\/wp\/v2\/comments?post=13243"}],"version-history":[{"count":3,"href":"https:\/\/semmelweis.hu\/magtud\/wp-json\/wp\/v2\/pages\/13243\/revisions"}],"predecessor-version":[{"id":13399,"href":"https:\/\/semmelweis.hu\/magtud\/wp-json\/wp\/v2\/pages\/13243\/revisions\/13399"}],"up":[{"embeddable":true,"href":"https:\/\/semmelweis.hu\/magtud\/wp-json\/wp\/v2\/pages\/13232"}],"wp:attachment":[{"href":"https:\/\/semmelweis.hu\/magtud\/wp-json\/wp\/v2\/media?parent=13243"}],"wp:term":[{"taxonomy":"category","embeddable":true,"href":"https:\/\/semmelweis.hu\/magtud\/wp-json\/wp\/v2\/categories?post=13243"},{"taxonomy":"post_tag","embeddable":true,"href":"https:\/\/semmelweis.hu\/magtud\/wp-json\/wp\/v2\/tags?post=13243"}],"curies":[{"name":"wp","href":"https:\/\/api.w.org\/{rel}","templated":true}]}}