{"id":13241,"date":"2026-01-23T11:54:24","date_gmt":"2026-01-23T10:54:24","guid":{"rendered":"https:\/\/semmelweis.hu\/magtud\/?page_id=13241"},"modified":"2026-02-11T12:29:10","modified_gmt":"2026-02-11T11:29:10","slug":"konferencia-program","status":"publish","type":"page","link":"https:\/\/semmelweis.hu\/magtud\/magatartastudomanyi-napok-2026\/konferencia-program\/","title":{"rendered":"Konferencia program"},"content":{"rendered":"<div class=\"keretes w-100\">\n<p><strong>El\u0151zetes program \u00a0\u00a0<\/strong><\/p>\n<\/div>\n<p>\u00a0<strong>\u00a0<\/strong><\/p>\n<div class=\"fontos_div\">\n<p>2026.06.04.<\/p>\n<\/div>\n<p>10,00 Megnyit\u00f3 \u00a0<\/p>\n<p>10,10 Plen\u00e1ris int\u00e9zetvezet\u0151i el\u0151ad\u00e1sok<\/p>\n<p>11,30-12,00 K\u00e1v\u00e9sz\u00fcnet<\/p>\n<p>12,00-13,00 P\u00e1rhuzamos munkacsoport megbesz\u00e9l\u00e9sek<\/p>\n<p>13,00-14,30 Eb\u00e9d<\/p>\n<p>14,30-15,30 Plen\u00e1ris kerekasztal megbesz\u00e9l\u00e9sek<\/p>\n<p>15,30-16,00 K\u00e1v\u00e9sz\u00fcnet<\/p>\n<p>16,00-17,30 P\u00e1rhuzamos szekci\u00f3k<\/p>\n<p>&nbsp;<\/p>\n<div class=\"fontos_div\">\n<p>2026.06.05.<\/p>\n<\/div>\n<p>9,00-10,30 Plen\u00e1ris el\u0151ad\u00e1sok &#8211; Mesters\u00e9ges intelligencia<\/p>\n<p>10,30-10,45 K\u00e1v\u00e9sz\u00fcnet<\/p>\n<p>10,45-11,45 Poszterszekci\u00f3<\/p>\n<p>11,45-12,00 K\u00e1v\u00e9sz\u00fcnet<\/p>\n<p>12,00-13,30 P\u00e1rhuzamos szekci\u00f3k<\/p>\n<p>13,30-13,45 A konferencia z\u00e1r\u00e1sa<\/p>\n<p>14,00-16,00 Eb\u00e9d<\/p>\n","protected":false},"excerpt":{"rendered":"<p>El\u0151zetes program \u00a0\u00a0<\/p>\n<p>\u00a0\u00a0<\/p>\n<p>2026.06.04.<\/p>\n<p>10,00 Megnyit\u00f3 \u00a0<br \/>\n10,10 Plen\u00e1ris int\u00e9zetvezet\u0151i el\u0151ad\u00e1sok<br \/>\n11,30-12,00 K\u00e1v\u00e9sz\u00fcnet<br \/>\n12,00-13,00 P\u00e1rhuzamos munkacsoport megbesz\u00e9l\u00e9sek<br \/>\n13,00-14,30 Eb\u00e9d<br \/>\n14,30-15,30 Plen\u00e1ris kerekasztal megbesz\u00e9l\u00e9sek<br \/>\n15,30-16,00 K\u00e1v\u00e9sz\u00fcnet<br \/>\n16,00-17,30 P\u00e1rhuzamos szekci\u00f3k<br \/>\n&nbsp;<\/p>\n<p>2026.06.05.<\/p>\n<p>9,00-10,30 Plen\u00e1ris el\u0151ad\u00e1sok &#8211; Mesters\u00e9ges intelligencia<br \/>\n10,30-10,45 K\u00e1v\u00e9sz\u00fcnet<br \/>\n10,45-11,45 Poszterszekci\u00f3<br \/>\n11,45-12,00 K\u00e1v\u00e9sz\u00fcnet<br \/>\n12,00-13,30 P\u00e1rhuzamos szekci\u00f3k<br \/>\n13,30-13,45 A konferencia z\u00e1r\u00e1sa<br \/>\n14,00-16,00 Eb\u00e9d<\/p>\n","protected":false},"author":110,"featured_media":0,"parent":13232,"menu_order":5,"comment_status":"closed","ping_status":"closed","template":"","meta":{"_acf_changed":false,"footnotes":""},"categories":[],"tags":[],"class_list":["post-13241","page","type-page","status-publish","hentry"],"acf":[],"_links":{"self":[{"href":"https:\/\/semmelweis.hu\/magtud\/wp-json\/wp\/v2\/pages\/13241","targetHints":{"allow":["GET"]}}],"collection":[{"href":"https:\/\/semmelweis.hu\/magtud\/wp-json\/wp\/v2\/pages"}],"about":[{"href":"https:\/\/semmelweis.hu\/magtud\/wp-json\/wp\/v2\/types\/page"}],"author":[{"embeddable":true,"href":"https:\/\/semmelweis.hu\/magtud\/wp-json\/wp\/v2\/users\/110"}],"replies":[{"embeddable":true,"href":"https:\/\/semmelweis.hu\/magtud\/wp-json\/wp\/v2\/comments?post=13241"}],"version-history":[{"count":3,"href":"https:\/\/semmelweis.hu\/magtud\/wp-json\/wp\/v2\/pages\/13241\/revisions"}],"predecessor-version":[{"id":13250,"href":"https:\/\/semmelweis.hu\/magtud\/wp-json\/wp\/v2\/pages\/13241\/revisions\/13250"}],"up":[{"embeddable":true,"href":"https:\/\/semmelweis.hu\/magtud\/wp-json\/wp\/v2\/pages\/13232"}],"wp:attachment":[{"href":"https:\/\/semmelweis.hu\/magtud\/wp-json\/wp\/v2\/media?parent=13241"}],"wp:term":[{"taxonomy":"category","embeddable":true,"href":"https:\/\/semmelweis.hu\/magtud\/wp-json\/wp\/v2\/categories?post=13241"},{"taxonomy":"post_tag","embeddable":true,"href":"https:\/\/semmelweis.hu\/magtud\/wp-json\/wp\/v2\/tags?post=13241"}],"curies":[{"name":"wp","href":"https:\/\/api.w.org\/{rel}","templated":true}]}}