{"id":13238,"date":"2026-01-23T11:53:23","date_gmt":"2026-01-23T10:53:23","guid":{"rendered":"https:\/\/semmelweis.hu\/magtud\/?page_id=13238"},"modified":"2026-03-17T10:41:37","modified_gmt":"2026-03-17T09:41:37","slug":"kapcsolat-informacio","status":"publish","type":"page","link":"https:\/\/semmelweis.hu\/magtud\/magatartastudomanyi-napok-2026\/kapcsolat-informacio\/","title":{"rendered":"Kapcsolat, inform\u00e1ci\u00f3"},"content":{"rendered":"<p>Email: \u00a0Raduch Csilla \u00a0programmal kapcsolatos k\u00e9rd\u00e9sekben <a href=\"mailto:raduch.csilla@semmelweis.hu\">raduch.csilla@semmelweis.hu<\/a> \u00a0 \u00a0<\/p>\n<p>Polg\u00e1rdi R\u00e9ka regisztr\u00e1ci\u00f3val, sz\u00e1ml\u00e1z\u00e1ssal kapcsolatban <a href=\"mailto:polgardi.reka@semmelweis.hu\">polgardi.reka@semmelweis.hu<\/a><\/p>\n<p>&nbsp;<\/p>\n<p><strong>R\u00e9szv\u00e9teli d\u00edjak:<\/strong><\/p>\n<p>Regisztr\u00e1ci\u00f3s d\u00edj (k\u00e1v\u00e9sz\u00fcneti ell\u00e1t\u00e1ssal, kongresszusi vacsor\u00e1val) \u00e1prilis 13-ig: 40\u00a0000 Ft \u00a0\u00a0<\/p>\n<p>Regisztr\u00e1ci\u00f3s d\u00edj hallgat\u00f3knak (k\u00e1v\u00e9sz\u00fcneti ell\u00e1t\u00e1ssal, kongresszusi vacsor\u00e1val) \u00e1prilis 13-ig: 30\u00a0000 Ft<\/p>\n<p>K\u00e9s\u0151i regisztr\u00e1ci\u00f3 (\u00e1prilis\u00a014 \u2013 m\u00e1jus 25): \u00a050\u00a0000 Ft \u00a0<\/p>\n<p>Napijegy j\u00fanius 4-\u00e9re (r\u00e9szv\u00e9tel a tudom\u00e1nyos programon, k\u00e1v\u00e9sz\u00fcneti ell\u00e1t\u00e1ssal, kongresszusi vacsora n\u00e9lk\u00fcl) 10 000 Ft<\/p>\n<p>Napijegy j\u00fanius 5-\u00e9re (r\u00e9szv\u00e9tel a tudom\u00e1nyos programon, k\u00e1v\u00e9sz\u00fcneti ell\u00e1t\u00e1ssal) 10 000 Ft<\/p>\n<p>&nbsp;<\/p>\n<p>Befizet\u00e9s:\u00a0 A Selye J\u00e1nos Magyar Magatart\u00e1studom\u00e1nyi \u00e9s Magatart\u00e1sorvosl\u00e1si T\u00e1rsas\u00e1g sz\u00e1ml\u00e1j\u00e1ra: OTP 11708001-20520696<\/p>\n","protected":false},"excerpt":{"rendered":"<p>Email: \u00a0Raduch Csilla \u00a0programmal kapcsolatos k\u00e9rd\u00e9sekben <a href=\"mailto:raduch.csilla@semmelweis.hu\">raduch.csilla@semmelweis.hu<\/a> \u00a0 \u00a0 Polg\u00e1rdi R\u00e9ka regisztr\u00e1ci\u00f3val, sz\u00e1ml\u00e1z\u00e1ssal kapcsolatban <a href=\"mailto:polgardi.reka@semmelweis.hu\">polgardi.reka@semmelweis.hu<\/a> &nbsp; R\u00e9szv\u00e9teli d\u00edjak: Regisztr\u00e1ci\u00f3s d\u00edj (k\u00e1v\u00e9sz\u00fcneti ell\u00e1t\u00e1ssal, kongresszusi vacsor\u00e1val) \u00e1prilis 13-ig: 40\u00a0000 Ft \u00a0\u00a0 Regisztr\u00e1ci\u00f3s d\u00edj hallgat\u00f3knak (k\u00e1v\u00e9sz\u00fcneti ell\u00e1t\u00e1ssal, kongresszusi vacsor\u00e1val) \u00e1prilis 13-ig: 30\u00a0000 Ft K\u00e9s\u0151i regisztr\u00e1ci\u00f3 (\u00e1prilis\u00a014 \u2013 m\u00e1jus 25): \u00a050\u00a0000 Ft \u00a0 Napijegy j\u00fanius 4-\u00e9re (r\u00e9szv\u00e9tel a tudom\u00e1nyos programon, k\u00e1v\u00e9sz\u00fcneti &hellip;<\/p>\n","protected":false},"author":110,"featured_media":0,"parent":13232,"menu_order":4,"comment_status":"closed","ping_status":"closed","template":"","meta":{"_acf_changed":false,"footnotes":""},"categories":[],"tags":[],"class_list":["post-13238","page","type-page","status-publish","hentry"],"acf":[],"_links":{"self":[{"href":"https:\/\/semmelweis.hu\/magtud\/wp-json\/wp\/v2\/pages\/13238","targetHints":{"allow":["GET"]}}],"collection":[{"href":"https:\/\/semmelweis.hu\/magtud\/wp-json\/wp\/v2\/pages"}],"about":[{"href":"https:\/\/semmelweis.hu\/magtud\/wp-json\/wp\/v2\/types\/page"}],"author":[{"embeddable":true,"href":"https:\/\/semmelweis.hu\/magtud\/wp-json\/wp\/v2\/users\/110"}],"replies":[{"embeddable":true,"href":"https:\/\/semmelweis.hu\/magtud\/wp-json\/wp\/v2\/comments?post=13238"}],"version-history":[{"count":5,"href":"https:\/\/semmelweis.hu\/magtud\/wp-json\/wp\/v2\/pages\/13238\/revisions"}],"predecessor-version":[{"id":13402,"href":"https:\/\/semmelweis.hu\/magtud\/wp-json\/wp\/v2\/pages\/13238\/revisions\/13402"}],"up":[{"embeddable":true,"href":"https:\/\/semmelweis.hu\/magtud\/wp-json\/wp\/v2\/pages\/13232"}],"wp:attachment":[{"href":"https:\/\/semmelweis.hu\/magtud\/wp-json\/wp\/v2\/media?parent=13238"}],"wp:term":[{"taxonomy":"category","embeddable":true,"href":"https:\/\/semmelweis.hu\/magtud\/wp-json\/wp\/v2\/categories?post=13238"},{"taxonomy":"post_tag","embeddable":true,"href":"https:\/\/semmelweis.hu\/magtud\/wp-json\/wp\/v2\/tags?post=13238"}],"curies":[{"name":"wp","href":"https:\/\/api.w.org\/{rel}","templated":true}]}}