{"id":13236,"date":"2026-01-23T11:52:57","date_gmt":"2026-01-23T10:52:57","guid":{"rendered":"https:\/\/semmelweis.hu\/magtud\/?page_id=13236"},"modified":"2026-02-11T12:29:19","modified_gmt":"2026-02-11T11:29:19","slug":"szervezobizottsag","status":"publish","type":"page","link":"https:\/\/semmelweis.hu\/magtud\/magatartastudomanyi-napok-2026\/szervezobizottsag\/","title":{"rendered":"Szervez\u0151bizotts\u00e1g"},"content":{"rendered":"<p><strong>Major J\u00e1nos<\/strong> Szervez\u0151 Bizotts\u00e1g Eln\u00f6ke\u00a0\u00a0\u00a0<\/p>\n<p><strong>Stauder Adrienne<\/strong> Szervez\u0151 Bizotts\u00e1g T\u00e1rseln\u00f6ke\u00a0\u00a0\u00a0<\/p>\n<p><strong>B\u00f3dizs R\u00f3bert<\/strong> Tudom\u00e1nyos Bizotts\u00e1g Eln\u00f6ke\u00a0 Programbizotts\u00e1g tagjai:\u00a0\u00a0\u00a0 SZTE, PTE, DTE<\/p>\n","protected":false},"excerpt":{"rendered":"<p>Major J\u00e1nos Szervez\u0151 Bizotts\u00e1g Eln\u00f6ke\u00a0\u00a0\u00a0<br \/>\nStauder Adrienne Szervez\u0151 Bizotts\u00e1g T\u00e1rseln\u00f6ke\u00a0\u00a0\u00a0<br \/>\nB\u00f3dizs R\u00f3bert Tudom\u00e1nyos Bizotts\u00e1g Eln\u00f6ke\u00a0 Programbizotts\u00e1g tagjai:\u00a0\u00a0\u00a0 SZTE, PTE, DTE<\/p>\n","protected":false},"author":110,"featured_media":0,"parent":13232,"menu_order":6,"comment_status":"closed","ping_status":"closed","template":"","meta":{"_acf_changed":false,"footnotes":""},"categories":[],"tags":[],"class_list":["post-13236","page","type-page","status-publish","hentry"],"acf":[],"_links":{"self":[{"href":"https:\/\/semmelweis.hu\/magtud\/wp-json\/wp\/v2\/pages\/13236","targetHints":{"allow":["GET"]}}],"collection":[{"href":"https:\/\/semmelweis.hu\/magtud\/wp-json\/wp\/v2\/pages"}],"about":[{"href":"https:\/\/semmelweis.hu\/magtud\/wp-json\/wp\/v2\/types\/page"}],"author":[{"embeddable":true,"href":"https:\/\/semmelweis.hu\/magtud\/wp-json\/wp\/v2\/users\/110"}],"replies":[{"embeddable":true,"href":"https:\/\/semmelweis.hu\/magtud\/wp-json\/wp\/v2\/comments?post=13236"}],"version-history":[{"count":4,"href":"https:\/\/semmelweis.hu\/magtud\/wp-json\/wp\/v2\/pages\/13236\/revisions"}],"predecessor-version":[{"id":13253,"href":"https:\/\/semmelweis.hu\/magtud\/wp-json\/wp\/v2\/pages\/13236\/revisions\/13253"}],"up":[{"embeddable":true,"href":"https:\/\/semmelweis.hu\/magtud\/wp-json\/wp\/v2\/pages\/13232"}],"wp:attachment":[{"href":"https:\/\/semmelweis.hu\/magtud\/wp-json\/wp\/v2\/media?parent=13236"}],"wp:term":[{"taxonomy":"category","embeddable":true,"href":"https:\/\/semmelweis.hu\/magtud\/wp-json\/wp\/v2\/categories?post=13236"},{"taxonomy":"post_tag","embeddable":true,"href":"https:\/\/semmelweis.hu\/magtud\/wp-json\/wp\/v2\/tags?post=13236"}],"curies":[{"name":"wp","href":"https:\/\/api.w.org\/{rel}","templated":true}]}}