{"id":13226,"date":"2026-01-23T10:24:27","date_gmt":"2026-01-23T09:24:27","guid":{"rendered":"https:\/\/semmelweis.hu\/magtud\/?page_id=13226"},"modified":"2026-02-11T17:12:35","modified_gmt":"2026-02-11T16:12:35","slug":"altalanos-informacio","status":"publish","type":"page","link":"https:\/\/semmelweis.hu\/magtud\/magatartastudomanyi-napok-2026\/altalanos-informacio\/","title":{"rendered":"\u00c1ltal\u00e1nos inform\u00e1ci\u00f3"},"content":{"rendered":"<p>Tisztelt Koll\u00e9g\u00e1k!<\/p>\n<p>Szeretettel h\u00edvjuk a XIX. Magatart\u00e1studom\u00e1nyi Konferenci\u00e1ra a magatart\u00e1studom\u00e1nyi t\u00e9m\u00e1ban kutat\u00f3 \u00e9s oktat\u00f3 koll\u00e9g\u00e1kat \u00e9s hallgat\u00f3kat 2026. j\u00fanius 4-5-\u00e9n, Budapesten tartand\u00f3 k\u00f6z\u00f6s kongresszusunkra.<\/p>\n<div class=\"fontos_div\">\n<p>Id\u0151pont: 2026. j\u00fanius 4-5.<\/p>\n<\/div>\n<p>&nbsp;<\/p>\n<div class=\"fontos_div\">\n<p>Helysz\u00edn: Budapest, Semmelweis Egyetem Nagyv\u00e1rad t\u00e9ri \u00e9p\u00fclete (NET) \u00a0<\/p>\n<\/div>\n<p><iframe loading=\"lazy\" src=\"https:\/\/www.google.com\/maps\/embed?pb=!1m18!1m12!1m3!1d3300.6677390919244!2d19.089348376921063!3d47.480054655383356!2m3!1f0!2f0!3f0!3m2!1i1024!2i768!4f13.1!3m3!1m2!1s0x4741dce6f5afdd9b%3A0xeada7125fddff11e!2zQnVkYXBlc3QsIE5hZ3l2w6FyYWQgdMOpciA0LCAxMDg5!5e0!3m2!1shu!2shu!4v1769161086256!5m2!1shu!2shu\" width=\"600\" height=\"450\"><\/iframe><\/p>\n","protected":false},"excerpt":{"rendered":"<p>Tisztelt Koll\u00e9g\u00e1k!<br \/>\nSzeretettel h\u00edvjuk a XIX. Magatart\u00e1studom\u00e1nyi Konferenci\u00e1ra a magatart\u00e1studom\u00e1nyi t\u00e9m\u00e1ban kutat\u00f3 \u00e9s oktat\u00f3 koll\u00e9g\u00e1kat \u00e9s hallgat\u00f3kat 2026. j\u00fanius 4-5-\u00e9n, Budapesten tartand\u00f3 k\u00f6z\u00f6s kongresszusunkra.<\/p>\n<p>Id\u0151pont: 2026. j\u00fanius 4-5.<\/p>\n<p>&nbsp;<\/p>\n<p>Helysz\u00edn: Budapest, Semmelweis Egyetem Nagyv\u00e1rad t\u00e9ri \u00e9p\u00fclete (NET) \u00a0<\/p>\n","protected":false},"author":110,"featured_media":0,"parent":13232,"menu_order":0,"comment_status":"closed","ping_status":"closed","template":"","meta":{"_acf_changed":false,"footnotes":""},"categories":[],"tags":[],"class_list":["post-13226","page","type-page","status-publish","hentry"],"acf":[],"_links":{"self":[{"href":"https:\/\/semmelweis.hu\/magtud\/wp-json\/wp\/v2\/pages\/13226","targetHints":{"allow":["GET"]}}],"collection":[{"href":"https:\/\/semmelweis.hu\/magtud\/wp-json\/wp\/v2\/pages"}],"about":[{"href":"https:\/\/semmelweis.hu\/magtud\/wp-json\/wp\/v2\/types\/page"}],"author":[{"embeddable":true,"href":"https:\/\/semmelweis.hu\/magtud\/wp-json\/wp\/v2\/users\/110"}],"replies":[{"embeddable":true,"href":"https:\/\/semmelweis.hu\/magtud\/wp-json\/wp\/v2\/comments?post=13226"}],"version-history":[{"count":4,"href":"https:\/\/semmelweis.hu\/magtud\/wp-json\/wp\/v2\/pages\/13226\/revisions"}],"predecessor-version":[{"id":13328,"href":"https:\/\/semmelweis.hu\/magtud\/wp-json\/wp\/v2\/pages\/13226\/revisions\/13328"}],"up":[{"embeddable":true,"href":"https:\/\/semmelweis.hu\/magtud\/wp-json\/wp\/v2\/pages\/13232"}],"wp:attachment":[{"href":"https:\/\/semmelweis.hu\/magtud\/wp-json\/wp\/v2\/media?parent=13226"}],"wp:term":[{"taxonomy":"category","embeddable":true,"href":"https:\/\/semmelweis.hu\/magtud\/wp-json\/wp\/v2\/categories?post=13226"},{"taxonomy":"post_tag","embeddable":true,"href":"https:\/\/semmelweis.hu\/magtud\/wp-json\/wp\/v2\/tags?post=13226"}],"curies":[{"name":"wp","href":"https:\/\/api.w.org\/{rel}","templated":true}]}}