{"id":13115,"date":"2025-11-12T12:05:41","date_gmt":"2025-11-12T11:05:41","guid":{"rendered":"https:\/\/semmelweis.hu\/magtud\/?page_id=13115"},"modified":"2025-11-12T12:07:04","modified_gmt":"2025-11-12T11:07:04","slug":"fajdalomkezelo-ambulancia-fiatal-felnottek-reszere","status":"publish","type":"page","link":"https:\/\/semmelweis.hu\/magtud\/gyogyitas\/fajdalomkezelo-ambulancia-fiatal-felnottek-reszere\/","title":{"rendered":"F\u00e1jdalomkezel\u0151 Ambulancia Fiatal Feln\u0151ttek r\u00e9sz\u00e9re"},"content":{"rendered":"<p><strong>F\u00e1jdalomkezel\u0151 Ambulancia Fiatal Feln\u0151ttek r\u00e9sz\u00e9re<\/strong><\/p>\n<p>A Semmelweis Egyetem Magatart\u00e1studom\u00e1nyi Int\u00e9zet Pszichoszomatikus Szakrendel\u0151 keret\u00e9ben<\/p>\n<p>&nbsp;<\/p>\n<p>Ambulanci\u00e1nkon a legfontosabb\u00a0<strong>c\u00e9lkit\u0171z\u00e9s\u00fcnk<\/strong>\u00a0<strong>a kr\u00f3nikus (id\u00fclt, elh\u00faz\u00f3d\u00f3) f\u00e1jdalommal \u00e9l\u0151 18-25 \u00e9v k\u00f6z\u00f6tti fiatal feln\u0151ttek<\/strong>\u00a0<strong>gy\u00f3gyul\u00e1s\u00e1nak el\u0151seg\u00edt\u00e9se<\/strong>. Azokat az elh\u00faz\u00f3d\u00f3 f\u00e1jdalmakat tartjuk kr\u00f3nikusnak, amelyek legal\u00e1bb h\u00e1rom h\u00f3napja fenn\u00e1llnak, illetve ugyanennyi ideje rendszeresen visszat\u00e9rnek. Amellett, hogy mennyi ideje van rendszeres f\u00e1jdalom, a p\u00e1ciens (\u00e9s a csal\u00e1d) \u00e9letmin\u0151s\u00e9ge is fontos szempont.<\/p>\n<p>&nbsp;<\/p>\n<p>Hagyom\u00e1nyosan a f\u00e1jdalom-orvosl\u00e1s feln\u0151ttek eset\u00e9n a k\u00f6z\u00e9pkor\u00fa \u00e9s id\u0151sebb koroszt\u00e1lyok ell\u00e1t\u00e1s\u00e1ra ir\u00e1nyult, \u00e9s kevesebb figyelem fordult az \u2013 \u00e1ltal\u00e1ban eg\u00e9szs\u00e9ges \u2013 fiatal feln\u0151tt koroszt\u00e1lyra. Az ell\u00e1t\u00e1st ez\u00e9rt a fiatal feln\u0151tt koroszt\u00e1ly speci\u00e1lis ig\u00e9nyeire reag\u00e1lva kiz\u00e1r\u00f3lag ezen koroszt\u00e1ly r\u00e9sz\u00e9re biztos\u00edtjuk. A ter\u00e1pi\u00e1t gyermekgy\u00f3gy\u00e1szatban \u00e9s a feln\u0151tt ell\u00e1t\u00e1sban is j\u00e1ratos: f\u00e1jdalomterapeuta, gyermekgy\u00f3gy\u00e1sz, gyermek-gasztroenterol\u00f3gus szakorvos, valamint klinikai szakpszichol\u00f3gus \u00e9s pszichoterapeuta szakembereink v\u00e9gzik.<\/p>\n<p>&nbsp;<\/p>\n<p>A kr\u00f3nikus f\u00e1jdalom komplex folyamat eredm\u00e9nyek\u00e9nt alakul ki, \u00e9s a k\u00f6vetkezm\u00e9nyei is \u00f6sszetettek: az esetek nagy r\u00e9sz\u00e9ben nemcsak a fiatal testi j\u00f3ll\u00e9t\u00e9re \u00e9s lelki\u00e1llapot\u00e1ra hat, hanem a szoci\u00e1lis h\u00e1tt\u00e9rre is, hat\u00e1sa sok esetben \u00e9rezhet\u0151 a csal\u00e1dban, a bar\u00e1ti k\u00f6rben, a munkahelyen \u00e9s az oktat\u00e1sban. Ennek megfelel\u0151en a javul\u00e1sra, gy\u00f3gyul\u00e1sra akkor van nagyobb es\u00e9ly, ha a ter\u00e1pia is komplex gondolkod\u00e1sm\u00f3dra \u00e9p\u00fcl. Ambulanci\u00e1nkon ebben a szellemben, sz\u00fcks\u00e9g eset\u00e9n t\u00f6bb szakember bevon\u00e1s\u00e1val l\u00e1tjuk el p\u00e1cienseinket.<\/p>\n<p>&nbsp;<\/p>\n<p><strong>Kiz\u00e1r\u00f3lag\u00a0<\/strong>azokat a\u00a0<strong>kr\u00f3nikus f\u00e1jdalommal \u00e9l\u0151\u00a0(18-25 \u00e9v k\u00f6z\u00f6tti) fiatalokat<\/strong> v\u00e1rjuk az ambulanci\u00e1ra, akiknek:<\/p>\n<ul>\n<li>legal\u00e1bb h\u00e1rom h\u00f3napja fenn\u00e1ll\u00f3, vagy rendszeresen visszat\u00e9r\u0151 panaszai vannak,<\/li>\n<li>akikn\u00e9l szakorvosi vizsg\u00e1lat m\u00e1r t\u00f6rt\u00e9nt \u00e9s<br \/>\n\u2013 vagy nem tal\u00e1ltak olyan betegs\u00e9get, amely magyar\u00e1zza a panaszokat,<br \/>\n\u2013 vagy ha tal\u00e1ltak, a f\u00e1jdalom a kezel\u00e9s ellen\u00e9re sem sz\u0171nik (p\u00e9ld\u00e1ul hasf\u00e1j\u00e1s eset\u00e9n kivizsg\u00e1lta gasztroenterol\u00f3gus, fejf\u00e1j\u00e1s eset\u00e9n neurol\u00f3gus, \u00edz\u00fcleti panasz eset\u00e9n ortop\u00e9d szakorvos).<\/li>\n<\/ul>\n<p>&nbsp;<\/p>\n<p><strong>F\u00e1jdalomkezel\u0151 Ambulanci\u00e1nkon t\u00f6bbek k\u00f6z\u00f6tt a k\u00f6vetkez\u0151 megbeteged\u00e9seket kezelj\u00fck:\u00a0<\/strong><\/p>\n<ul>\n<li>fejf\u00e1j\u00e1s, migr\u00e9n<\/li>\n<li>hasi f\u00e1jdalom, irrit\u00e1bilis b\u00e9l szindr\u00f3ma<\/li>\n<li>\u00edz\u00fcleti \u00e9s mozg\u00e1sszervi f\u00e1jdalmak (pl. der\u00e9k-, t\u00e9rd-, bokaf\u00e1jdalom)<\/li>\n<li>neurop\u00e1ti\u00e1s (idegi eredet\u0171) f\u00e1jdalmak (pl.: idegs\u00e9r\u00fcl\u00e9s vagy teljes szervezetet \u00e9rint\u0151 betegs\u00e9gek eset\u00e9n jelentkez\u0151 f\u00e1jdalom, pl: diab\u00e9teszes neurop\u00e1tia)<\/li>\n<li>komplex region\u00e1lis f\u00e1jdalom szindr\u00f3ma (CRPS, r\u00e9gebben Sudeck, szimpatikus reflexdystrophia vagy causalgia)<\/li>\n<li>ritka genetikai eredet\u0171 f\u00e1jdalomszindr\u00f3m\u00e1k (erythromelalgia, Fabry-k\u00f3r)<\/li>\n<li>daganatos betegs\u00e9gekb\u0151l ered\u0151 f\u00e1jdalmak<\/li>\n<\/ul>\n<p>&nbsp;<\/p>\n<p>Tal\u00e1lkoz\u00e1sunk egyik legfontosabb c\u00e9lja annak felt\u00e9rk\u00e9pez\u00e9se, hogy \u00d6nn\u00e9l mit lehet tenni a tart\u00f3s javul\u00e1s \u00e9rdek\u00e9ben, mindez id\u0151t vesz ig\u00e9nybe,\u00a0az els\u0151 tal\u00e1lkoz\u00e1sra ez\u00e9rt h\u00e1rom \u00f3r\u00e1t\u00a0mindenk\u00e9pp sz\u00e1njanak. A hozz\u00e1nk fordul\u00f3 betegek t\u00f6bbs\u00e9g\u00e9nek r\u00e9g\u00f3ta vannak panaszai \u00e9s m\u00e1r j\u00f3 n\u00e9h\u00e1ny vizsg\u00e1laton estek \u00e1t, ez\u00e9rt a t\u00fcnetek \u00e1tbesz\u00e9l\u00e9se \u00e9s a kor\u00e1bbi leletek \u00e1tn\u00e9z\u00e9se sokszor viszonylag hosszabb ideig tart. Azt az id\u0151t, amit n\u00e1lunk t\u00f6ltenek, szeretn\u00e9nk min\u00e9l jobban kihaszn\u00e1lni, ez\u00e9rt szeretn\u00e9nk el\u0151re k\u00e9sz\u00fclni, \u00edgy a bejelentkez\u00e9st k\u00f6vet\u0151en egy k\u00e9rd\u0151\u00edvcsomag kit\u00f6lt\u00e9s\u00e9t \u00e9s sz\u00fcks\u00e9g szerint a kor\u00e1bbi leletek elk\u00fcld\u00e9s\u00e9t is fogjuk \u00d6n\u00f6kt\u0151l k\u00e9rni.<\/p>\n<p>&nbsp;<\/p>\n<p><strong>Helysz\u00edn<\/strong>: 1089 Budapest, Nagyv\u00e1rad t\u00e9r 4. NET f\u00f6ldszint<\/p>\n<p><strong>Bejelentkez\u00e9s<\/strong>: <a href=\"mailto:kohalmi.andrea@semmelweis.hu\">kohalmi.andrea@semmelweis.hu<\/a><\/p>\n<p>&nbsp;<\/p>\n<p><a href=\"https:\/\/semmelweis.hu\/magtud\/gyogyitas\/munkatarsaink\/\" target=\"_blank\" rel=\"noopener\">PSZICHOSZOMATIKUS SZAKRENDEL\u0150 MUNKAT\u00c1RSAI<\/a>\u00a0<\/p>\n<p>&nbsp;<\/p>\n<h3><a href=\"https:\/\/www.megfoundationforpain.org\/wp-content\/uploads\/2025\/04\/250313_UNDERSTANDING_PAIN_HUNGARIAN_v2_DARKER_TITLES.pdf\" target=\"_blank\" rel=\"noopener\">T\u00e1j\u00e9koztat\u00f3 a kr\u00f3nikus f\u00e1jdalomr\u00f3l<\/a><\/h3>\n<p>A t\u00e1j\u00e9koztat\u00f3 elolvas\u00e1sa seg\u00edt meg\u00e9rteni, hogy mi a kr\u00f3nikus f\u00e1jdalom \u00e9s milyen kezel\u00e9st \u00e9rdemes alkalmazni.<\/p>\n<p>&nbsp;<\/p>\n<h3><a href=\"https:\/\/www.bethesda.hu\/wp-content\/uploads\/2023\/08\/fajdalomkezelo-munkafuzet-tizeneveseknek-mindfulness-alapu-gyakorlatok.pdf\" target=\"_blank\" rel=\"noopener\">F\u00e1jdalomkezel\u0151 munkaf\u00fczet<\/a><\/h3>\n<p>&nbsp;<\/p>\n<p><strong>Kr\u00f3nikus f\u00e1jdalom, \u00e9s amit tehet\u00fcnk ellene (<a href=\"https:\/\/youtu.be\/coMkkKw1Dv0\" target=\"_blank\" rel=\"noopener\">video<\/a>)<\/strong><\/p>\n<p>&nbsp;<\/p>\n<p><strong>Mi a migr\u00e9n, \u00e9s hogy tudom kezembe venni az ir\u00e1ny\u00edt\u00e1s\u00e1t (<a href=\"https:\/\/youtu.be\/RLtyUVBZEiU\">video<\/a>)<\/strong><\/p>\n<p>&nbsp;<\/p>\n<p>&nbsp;<\/p>\n","protected":false},"excerpt":{"rendered":"<p>F\u00e1jdalomkezel\u0151 Ambulancia Fiatal Feln\u0151ttek r\u00e9sz\u00e9re A Semmelweis Egyetem Magatart\u00e1studom\u00e1nyi Int\u00e9zet Pszichoszomatikus Szakrendel\u0151 keret\u00e9ben &nbsp; Ambulanci\u00e1nkon a legfontosabb\u00a0c\u00e9lkit\u0171z\u00e9s\u00fcnk\u00a0a kr\u00f3nikus (id\u00fclt, elh\u00faz\u00f3d\u00f3) f\u00e1jdalommal \u00e9l\u0151 18-25 \u00e9v k\u00f6z\u00f6tti fiatal feln\u0151ttek\u00a0gy\u00f3gyul\u00e1s\u00e1nak el\u0151seg\u00edt\u00e9se. Azokat az elh\u00faz\u00f3d\u00f3 f\u00e1jdalmakat tartjuk kr\u00f3nikusnak, amelyek legal\u00e1bb h\u00e1rom h\u00f3napja fenn\u00e1llnak, illetve ugyanennyi ideje rendszeresen visszat\u00e9rnek. Amellett, hogy mennyi ideje van rendszeres f\u00e1jdalom, a p\u00e1ciens (\u00e9s a &hellip;<\/p>\n","protected":false},"author":101277,"featured_media":0,"parent":2391,"menu_order":8,"comment_status":"closed","ping_status":"closed","template":"","meta":{"_acf_changed":false,"footnotes":""},"categories":[],"tags":[],"class_list":["post-13115","page","type-page","status-publish","hentry"],"acf":[],"_links":{"self":[{"href":"https:\/\/semmelweis.hu\/magtud\/wp-json\/wp\/v2\/pages\/13115","targetHints":{"allow":["GET"]}}],"collection":[{"href":"https:\/\/semmelweis.hu\/magtud\/wp-json\/wp\/v2\/pages"}],"about":[{"href":"https:\/\/semmelweis.hu\/magtud\/wp-json\/wp\/v2\/types\/page"}],"author":[{"embeddable":true,"href":"https:\/\/semmelweis.hu\/magtud\/wp-json\/wp\/v2\/users\/101277"}],"replies":[{"embeddable":true,"href":"https:\/\/semmelweis.hu\/magtud\/wp-json\/wp\/v2\/comments?post=13115"}],"version-history":[{"count":2,"href":"https:\/\/semmelweis.hu\/magtud\/wp-json\/wp\/v2\/pages\/13115\/revisions"}],"predecessor-version":[{"id":13117,"href":"https:\/\/semmelweis.hu\/magtud\/wp-json\/wp\/v2\/pages\/13115\/revisions\/13117"}],"up":[{"embeddable":true,"href":"https:\/\/semmelweis.hu\/magtud\/wp-json\/wp\/v2\/pages\/2391"}],"wp:attachment":[{"href":"https:\/\/semmelweis.hu\/magtud\/wp-json\/wp\/v2\/media?parent=13115"}],"wp:term":[{"taxonomy":"category","embeddable":true,"href":"https:\/\/semmelweis.hu\/magtud\/wp-json\/wp\/v2\/categories?post=13115"},{"taxonomy":"post_tag","embeddable":true,"href":"https:\/\/semmelweis.hu\/magtud\/wp-json\/wp\/v2\/tags?post=13115"}],"curies":[{"name":"wp","href":"https:\/\/api.w.org\/{rel}","templated":true}]}}