{"id":13023,"date":"2025-09-10T14:19:39","date_gmt":"2025-09-10T12:19:39","guid":{"rendered":"https:\/\/semmelweis.hu\/magtud\/?page_id=13023"},"modified":"2026-01-22T09:57:43","modified_gmt":"2026-01-22T08:57:43","slug":"dr-szilvia-metz-ruszkai","status":"publish","type":"page","link":"https:\/\/semmelweis.hu\/magtud\/en\/institute\/staff\/dr-szilvia-metz-ruszkai\/","title":{"rendered":"Dr. Szilvia \u00c9va Ruszkai"},"content":{"rendered":"<p><img loading=\"lazy\" decoding=\"async\" class=\"alignnone size-medium wp-image-13020 alignright\" src=\"https:\/\/semmelweis.hu\/magtud\/files\/2025\/09\/MetzRuszkaiSzilvia_fenykep_Honlapra-313x400.jpg\" alt=\"\" width=\"313\" height=\"400\" srcset=\"https:\/\/semmelweis.hu\/magtud\/files\/2025\/09\/MetzRuszkaiSzilvia_fenykep_Honlapra-313x400.jpg 313w, https:\/\/semmelweis.hu\/magtud\/files\/2025\/09\/MetzRuszkaiSzilvia_fenykep_Honlapra-801x1024.jpg 801w, https:\/\/semmelweis.hu\/magtud\/files\/2025\/09\/MetzRuszkaiSzilvia_fenykep_Honlapra-768x982.jpg 768w, https:\/\/semmelweis.hu\/magtud\/files\/2025\/09\/MetzRuszkaiSzilvia_fenykep_Honlapra-1202x1536.jpg 1202w, https:\/\/semmelweis.hu\/magtud\/files\/2025\/09\/MetzRuszkaiSzilvia_fenykep_Honlapra-1602x2048.jpg 1602w, https:\/\/semmelweis.hu\/magtud\/files\/2025\/09\/MetzRuszkaiSzilvia_fenykep_Honlapra-753x962.jpg 753w, https:\/\/semmelweis.hu\/magtud\/files\/2025\/09\/MetzRuszkaiSzilvia_fenykep_Honlapra-scaled.jpg 2003w\" sizes=\"auto, (max-width: 313px) 100vw, 313px\" \/><\/p>\n<div class=\"responsive-tabs\">\n<h2 class=\"tabtitle\">Curriculum Vitae<\/h2>\n<div class=\"tabcontent\">\n\n<p><strong>Szilvia Eva Ruszkai, PhD<\/strong><\/p>\n<p><strong>Work Experience<\/strong><\/p>\n<p><strong>2025-present Semmelweis University<\/strong><\/p>\n<p>Assistant Professor<\/p>\n<p><u>Teaching:<\/u><\/p>\n<ul>\n<li>Medical Sociology (Hungarian)<\/li>\n<li>Medizinische Psychologie und Soziologie I. (German)<\/li>\n<li>Medizinische Soziologie II. (German)<\/li>\n<li>Pharmazeutische Ethik und Soziologie (German)<\/li>\n<\/ul>\n<p>&nbsp;<\/p>\n<p><strong>2019-2021 University of Debrecen<\/strong><\/p>\n<p>Assistant Lecturer<\/p>\n<p><u>Teaching:<\/u><\/p>\n<ul>\n<li>Bioethics (Hungarian)<\/li>\n<li>Bioethics (English)<\/li>\n<li>Deviances<\/li>\n<li>Research ethics<\/li>\n<li>Ethical issues of Biotechnology<\/li>\n<li>Ethical issues of Health Management<\/li>\n<li>Basic Ethical and Legal Knowledge in Rehabilitation\n<\/li>\n<\/ul>\n<p><strong>2017-2021 E\u00f6tv\u00f6s Lor\u00e1nd University<\/strong><\/p>\n<p>PhD Candidate, Visiting Lecturer<\/p>\n<p><u>Teaching: <\/u><\/p>\n<p>Power and Democracy in Hannah Arendt&#8217;s philosophy\u00a0<\/p>\n<p>&nbsp;<\/p>\n<p><strong>Professional Experience<\/strong><\/p>\n<p><strong>2025-present Visiting Lecturer at University of Veterinary Medicine<\/strong><\/p>\n<p><u>Teaching:<\/u><\/p>\n<ul>\n<li>Veterinary Bioethics (Hungarian)<\/li>\n<li>Veterinary Bioethics (English)<\/li>\n<\/ul>\n<p>2018-2024 Researcher, \u201eExistence and Interpretation\u201d (K 129261) NKFIH\/OTKA) research group<\/p>\n<p>2018-2020 President of the Department of Philosophy at the Association of Hungarian PhD and DLA Candidates<\/p>\n<p>2015-2017 Researcher, multidisciplinary research group \u201cThe Birth of Professions \u2013 Professionalization in Hungary in the 19th-20th Century\u201d<\/p>\n<p>&nbsp;<\/p>\n<p><strong>Education<\/strong><\/p>\n<p>2017-2023 E\u00f6tv\u00f6s Lor\u00e1nd University<\/p>\n<p>Ph.D in Ethics and Political Philosophy (summa cum laude)<\/p>\n<p>2014-2016 E\u00f6tv\u00f6s Lor\u00e1nd University<\/p>\n<p>Sociologist (MA in Sociology)<\/p>\n<p>2011-2014 E\u00f6tv\u00f6s Lor\u00e1nd University<\/p>\n<p>Sociologist (BA in Sociology)<\/p>\n<p>&nbsp;<\/p>\n<p><strong>Licenses &amp; certifications<\/strong><\/p>\n<p>2021: HarvardX HLS4X: Bioethics: The Law, Medicine, and Ethics of Reproductive Technologies and Genetics<\/p>\n<p>2019: \u00d6SD Zertifikat C1<\/p>\n<p><strong>\u00a0<\/strong><\/p>\n<p><strong>Languages<\/strong><\/p>\n<p><strong>English: <\/strong>Professional working proficiency<\/p>\n<p><strong>German: <\/strong>Professional working proficiency<\/p>\n<p>&nbsp;<\/p>\n<p><strong>Honors &amp; Awards<\/strong><\/p>\n<p>2024: \u201cCommunity for Science Award\u201d (Association of Hungarian PhD and DLA Candidates)<\/p>\n<p>2024: MCC Postdoctoral Publishing Program<\/p>\n<p>2019: Austro-Hungarian Action Foundation\u2019s Doctoral Scholarship, 1 month, Salzburg, Austria<\/p>\n<p>2019-2020: New National Excellence Programme Doctoral Scholarship (10 months)<\/p>\n<p>2017-2021: National Doctoral Scholarship (E\u00f6tv\u00f6s Lor\u00e1nd University)<\/p>\n\n<\/div><h2 class=\"tabtitle\">Publications<\/h2>\n<div class=\"tabcontent\">\n\n<p><strong>Publications:<\/strong><\/p>\n<p>https:\/\/m2.mtmt.hu\/gui2\/?type=authors&#038;mode=browse&#038;sel=1006056<\/p>\n<\/div><\/div>\n","protected":false},"excerpt":{"rendered":"<p>Szilvia Eva Ruszkai, PhD Work Experience 2025-present Semmelweis University Assistant Professor Teaching: Medical Sociology (Hungarian) Medizinische Psychologie und Soziologie I. (German) Medizinische Soziologie II. (German) Pharmazeutische Ethik und Soziologie (German) &nbsp; 2019-2021 University of Debrecen Assistant Lecturer Teaching: Bioethics (Hungarian) Bioethics (English) Deviances Research ethics Ethical issues of Biotechnology Ethical issues of Health Management Basic &hellip;<\/p>\n","protected":false},"author":101277,"featured_media":0,"parent":3356,"menu_order":25,"comment_status":"closed","ping_status":"closed","template":"","meta":{"_acf_changed":false,"footnotes":""},"categories":[],"tags":[],"class_list":["post-13023","page","type-page","status-publish","hentry"],"acf":[],"_links":{"self":[{"href":"https:\/\/semmelweis.hu\/magtud\/wp-json\/wp\/v2\/pages\/13023","targetHints":{"allow":["GET"]}}],"collection":[{"href":"https:\/\/semmelweis.hu\/magtud\/wp-json\/wp\/v2\/pages"}],"about":[{"href":"https:\/\/semmelweis.hu\/magtud\/wp-json\/wp\/v2\/types\/page"}],"author":[{"embeddable":true,"href":"https:\/\/semmelweis.hu\/magtud\/wp-json\/wp\/v2\/users\/101277"}],"replies":[{"embeddable":true,"href":"https:\/\/semmelweis.hu\/magtud\/wp-json\/wp\/v2\/comments?post=13023"}],"version-history":[{"count":6,"href":"https:\/\/semmelweis.hu\/magtud\/wp-json\/wp\/v2\/pages\/13023\/revisions"}],"predecessor-version":[{"id":13213,"href":"https:\/\/semmelweis.hu\/magtud\/wp-json\/wp\/v2\/pages\/13023\/revisions\/13213"}],"up":[{"embeddable":true,"href":"https:\/\/semmelweis.hu\/magtud\/wp-json\/wp\/v2\/pages\/3356"}],"wp:attachment":[{"href":"https:\/\/semmelweis.hu\/magtud\/wp-json\/wp\/v2\/media?parent=13023"}],"wp:term":[{"taxonomy":"category","embeddable":true,"href":"https:\/\/semmelweis.hu\/magtud\/wp-json\/wp\/v2\/categories?post=13023"},{"taxonomy":"post_tag","embeddable":true,"href":"https:\/\/semmelweis.hu\/magtud\/wp-json\/wp\/v2\/tags?post=13023"}],"curies":[{"name":"wp","href":"https:\/\/api.w.org\/{rel}","templated":true}]}}