{"id":12875,"date":"2025-07-03T11:25:16","date_gmt":"2025-07-03T09:25:16","guid":{"rendered":"https:\/\/semmelweis.hu\/magtud\/?page_id=12875"},"modified":"2025-07-03T11:26:03","modified_gmt":"2025-07-03T09:26:03","slug":"dolgozoi-mentalis-egeszsegtanacsado","status":"publish","type":"page","link":"https:\/\/semmelweis.hu\/magtud\/gyogyitas\/dolgozoi-mentalis-egeszsegtanacsado\/","title":{"rendered":"Dolgoz\u00f3i Ment\u00e1lis Eg\u00e9szs\u00e9gtan\u00e1csad\u00f3"},"content":{"rendered":"<ul>\n<li>A <strong>Dolgoz\u00f3i Ment\u00e1lis Eg\u00e9szs\u00e9gtan\u00e1csad\u00f3<\/strong> a Semmelweis Egyetem ment\u00e1lis, pszichol\u00f3giai eg\u00e9szs\u00e9gprogramjainak keret\u00e9ben el- s\u00f5sorban olyan lelki eredet\u00fb probl\u00e9m\u00e1kkal kapcsolatos k\u00e9rd\u00e9sekben ny\u00fajt seg\u00edts\u00e9get a dolgoz\u00f3i sz\u00e1m\u00e1ra, amely a munka v\u00e9g- z\u00e9s\u00e9vel kapcsolatos vagy azt akad\u00e1lyozza valamilyen m\u00f3don. P\u00e9ld\u00e1ul: \u00e9letvezet\u00e9si neh\u00e9zs\u00e9gek, a stressz \u00e9s szorong\u00e1s kezel\u00e9- s\u00e9nek neh\u00e9zs\u00e9gei, kapcsolati \u00e9s\/vagy p\u00e1rkapcsolati probl\u00e9m\u00e1k, id\u00f5gazd\u00e1lkod\u00e1si k\u00e9rd\u00e9sek, csal\u00e1dtagokkal kapcsolatos neh\u00e9z- s\u00e9gek, k\u00fcl\u00f6nb\u00f6z\u00f5 vesztes\u00e9gekb\u00f5l, saj\u00e1t\/sz\u00fcl\u00f5k\/gyermekek\/partnerek betegs\u00e9g\u00e9b\u00f5l ad\u00f3d\u00f3 probl\u00e9m\u00e1k, szakmai identit\u00e1s kere- s\u00e9se, elbizonytalanod\u00e1s, d\u00f6nt\u00e9si neh\u00e9zs\u00e9gek.<\/li>\n<\/ul>\n<p>R\u00e9szletes inform\u00e1ci\u00f3k: <a href=\"https:\/\/semmelweis.hu\/csaladbarat\/pszichologiai-tanacsadas\/\">https:\/\/semmelweis.hu\/csaladbarat\/pszichologiai-tanacsadas\/<\/a><\/p>\n","protected":false},"excerpt":{"rendered":"<p>A Dolgoz\u00f3i Ment\u00e1lis Eg\u00e9szs\u00e9gtan\u00e1csad\u00f3 a Semmelweis Egyetem ment\u00e1lis, pszichol\u00f3giai eg\u00e9szs\u00e9gprogramjainak keret\u00e9ben el- s\u00f5sorban olyan lelki eredet\u00fb probl\u00e9m\u00e1kkal kapcsolatos k\u00e9rd\u00e9sekben ny\u00fajt seg\u00edts\u00e9get a dolgoz\u00f3i sz\u00e1m\u00e1ra, amely a munka v\u00e9g- z\u00e9s\u00e9vel kapcsolatos vagy azt akad\u00e1lyozza valamilyen m\u00f3don. P\u00e9ld\u00e1ul: \u00e9letvezet\u00e9si neh\u00e9zs\u00e9gek, a stressz \u00e9s szorong\u00e1s kezel\u00e9- s\u00e9nek neh\u00e9zs\u00e9gei, kapcsolati \u00e9s\/vagy p\u00e1rkapcsolati probl\u00e9m\u00e1k, id\u00f5gazd\u00e1lkod\u00e1si k\u00e9rd\u00e9sek, csal\u00e1dtagokkal kapcsolatos neh\u00e9z- s\u00e9gek, &hellip;<\/p>\n","protected":false},"author":110,"featured_media":0,"parent":2391,"menu_order":0,"comment_status":"closed","ping_status":"closed","template":"","meta":{"_acf_changed":false,"footnotes":""},"categories":[],"tags":[],"class_list":["post-12875","page","type-page","status-publish","hentry"],"acf":[],"_links":{"self":[{"href":"https:\/\/semmelweis.hu\/magtud\/wp-json\/wp\/v2\/pages\/12875","targetHints":{"allow":["GET"]}}],"collection":[{"href":"https:\/\/semmelweis.hu\/magtud\/wp-json\/wp\/v2\/pages"}],"about":[{"href":"https:\/\/semmelweis.hu\/magtud\/wp-json\/wp\/v2\/types\/page"}],"author":[{"embeddable":true,"href":"https:\/\/semmelweis.hu\/magtud\/wp-json\/wp\/v2\/users\/110"}],"replies":[{"embeddable":true,"href":"https:\/\/semmelweis.hu\/magtud\/wp-json\/wp\/v2\/comments?post=12875"}],"version-history":[{"count":1,"href":"https:\/\/semmelweis.hu\/magtud\/wp-json\/wp\/v2\/pages\/12875\/revisions"}],"predecessor-version":[{"id":12876,"href":"https:\/\/semmelweis.hu\/magtud\/wp-json\/wp\/v2\/pages\/12875\/revisions\/12876"}],"up":[{"embeddable":true,"href":"https:\/\/semmelweis.hu\/magtud\/wp-json\/wp\/v2\/pages\/2391"}],"wp:attachment":[{"href":"https:\/\/semmelweis.hu\/magtud\/wp-json\/wp\/v2\/media?parent=12875"}],"wp:term":[{"taxonomy":"category","embeddable":true,"href":"https:\/\/semmelweis.hu\/magtud\/wp-json\/wp\/v2\/categories?post=12875"},{"taxonomy":"post_tag","embeddable":true,"href":"https:\/\/semmelweis.hu\/magtud\/wp-json\/wp\/v2\/tags?post=12875"}],"curies":[{"name":"wp","href":"https:\/\/api.w.org\/{rel}","templated":true}]}}