{"id":12869,"date":"2025-06-26T16:00:20","date_gmt":"2025-06-26T14:00:20","guid":{"rendered":"https:\/\/semmelweis.hu\/magtud\/?page_id=12869"},"modified":"2025-07-03T14:26:28","modified_gmt":"2025-07-03T12:26:28","slug":"demonstratori-palyazat","status":"publish","type":"page","link":"https:\/\/semmelweis.hu\/magtud\/oktatas\/demonstratori-palyazat\/","title":{"rendered":"Demonstr\u00e1tori p\u00e1ly\u00e1zat"},"content":{"rendered":"<p><strong>A Semmelweis Egyetem Magatart\u00e1studom\u00e1nyi Int\u00e9zete p\u00e1ly\u00e1zatot \u00edr ki, a 2025-2026-os tan\u00e9vre, <u>4 d\u00edjas demonstr\u00e1tor r\u00e9sz\u00e9re<\/u>.<\/strong><\/p>\n<p>A tant\u00e1rgy megnevez\u00e9se<strong>: Mentorprogram<\/strong> (magyar nyelv\u0171 k\u00e9pz\u00e9s, AOSMAG1041F1M)<\/p>\n<p>Ell\u00e1tand\u00f3 feladat: k\u00e9pz\u00e9sek, szuperv\u00edzi\u00f3k tart\u00e1s\u00e1ban val\u00f3 k\u00f6zrem\u0171k\u00f6d\u00e9s.<\/p>\n<p>A demonstr\u00e1tori megb\u00edz\u00e1s id\u0151tartama: <strong>2025\/2026-os tan\u00e9v<\/strong><\/p>\n<p>Havi foglalkoztat\u00e1si id\u0151<strong>: 10 \u00f3ra<\/strong><\/p>\n<p>K\u00f6vetelm\u00e9ny: <strong>legal\u00e1bb 4 f\u00e9l\u00e9ves mentori munka, al\u00e1\u00edr\u00e1s \u00e9s jeles\/kiv\u00e1l\u00f3an megfelelt jegy szerz\u00e9se kor\u00e1bban a \u201eMentorprogram\u201d c\u00edm\u0171 t\u00e1rgyb\u00f3l.<\/strong>\u00a0<\/p>\n<p>A demonstr\u00e1tori \u00f6szt\u00f6nd\u00edj m\u00e9rt\u00e9ke: 20.000 ft.\/h\u00f3, maximum f\u00e9l\u00e9vi 80.000 ft.<\/p>\n<p>Emellett a demonstr\u00e1torok:<\/p>\n<p>2 kreditpontot kapnak, amennyiben folyamatosan, k\u00e9t f\u00e9l\u00e9ven kereszt\u00fcl v\u00e9geznek demonstr\u00e1tori tev\u00e9kenys\u00e9get.<\/p>\n<p style=\"text-align: center\">*****<\/p>\n<p><strong>A Semmelweis Egyetem Magatart\u00e1studom\u00e1nyi Int\u00e9zete demonstr\u00e1tori p\u00e1ly\u00e1zatot \u00edr ki a 2024\/2025-\u00f6s tan\u00e9vre, <u>2 d\u00edjtalan \u00e9s 4 d\u00edjas demonstr\u00e1tor r\u00e9sz\u00e9re<\/u>.<\/strong><\/p>\n<p>A tant\u00e1rgy megnevez\u00e9se: <strong>Hum\u00e1nia P\u00e1lyaszocializ\u00e1ci\u00f3s\u00a0M\u0171hely.<\/strong><\/p>\n<p><strong>Ell\u00e1tand\u00f3 feladat: csoportvezet\u0151i k\u00e9pz\u00e9sen val\u00f3 r\u00e9szv\u00e9tel, tan\u00f3r\u00e1k tart\u00e1sa (m\u0171helyek vezet\u00e9se) a kurzuson r\u00e9sztvev\u0151 hallgat\u00f3k sz\u00e1m\u00e1ra, szuperv\u00edzi\u00f3n val\u00f3 r\u00e9szv\u00e9tel. <\/strong><\/p>\n<p>A demonstr\u00e1tori megb\u00edz\u00e1s id\u0151tartama: <strong>2024\/2025-as tan\u00e9v<\/strong><\/p>\n<p><strong>\u00a0<\/strong>Havi foglalkoztat\u00e1si id\u0151: <strong>10 \u00f3ra<\/strong>.<\/p>\n<p>K\u00f6vetelm\u00e9ny: j\u00f3 kommunik\u00e1ci\u00f3s k\u00e9szs\u00e9gek \u00e9s kor\u00e1bban ebb\u0151l a tant\u00e1rgyb\u00f3l (Hum\u00e1nia P\u00e1lyaszocializ\u00e1ci\u00f3s M\u0171hely)\u00a0jeles &#8211; kiv\u00e9telesen j\u00f3 &#8211; vizsgaeredm\u00e9ny.<\/p>\n<p>A demonstr\u00e1tori \u00f6szt\u00f6nd\u00edj m\u00e9rt\u00e9ke: 20.000,- Ft\/h\u00f3, maximum f\u00e9l\u00e9vi 80.000 Ft.<\/p>\n<p>Emellett a demonstr\u00e1torok:<\/p>\n<ol>\n<li>a) 2 kreditpontot kapnak, amennyiben folyamatosan 2 f\u00e9l\u00e9ven kereszt\u00fcl v\u00e9geznek demonstr\u00e1tori tev\u00e9kenys\u00e9get,<\/li>\n<li>b) 1 kreditpontot kapnak, amennyiben folyamatosan legal\u00e1bb 1 f\u00e9l\u00e9ven kereszt\u00fcl v\u00e9geznek demonstr\u00e1tori tev\u00e9kenys\u00e9get.<\/li>\n<\/ol>\n<p>A p\u00e1ly\u00e1zatokat a <a href=\"mailto:titkarsag.magatartastudomany@semmelweis.hu\">titkarsag.magatartastudomany@semmelweis.hu<\/a> c\u00edmre kell elk\u00fcldeni.<br \/>\n<a href=\"https:\/\/semmelweis.hu\/magtud\/files\/2025\/07\/DEMONSTARTORI-OSZTONDIJ-PALYAZAT.docx\">\u00a0\u0171rlap<\/a><\/p>\n<p>A p\u00e1ly\u00e1zat beny\u00fajt\u00e1si hat\u00e1rideje: 2025. j\u00falius 4.<\/p>\n<p><a href=\"https:\/\/semmelweis.hu\/magtud\/files\/2025\/07\/DEMONSTARTORI-OSZTONDIJ-PALYAZAT.docx\" target=\"_blank\" rel=\"noopener\"><strong>Demonst\u00e1rtori \u00f6szt\u00f6nd\u00edj p\u00e1ly\u00e1zat \u0171rlap<\/strong><\/a><\/p>\n<p>&nbsp;<\/p>\n<p>2024.m\u00e1jus. 15.<\/p>\n<p>Dr. Purebl Gy\u00f6rgy<\/p>\n<p>egyetemi tan\u00e1r<\/p>\n<p>a Magatart\u00e1studom\u00e1nyi Int\u00e9zet igazgat\u00f3ja<\/p>\n<p>&nbsp;<\/p>\n","protected":false},"excerpt":{"rendered":"<p>A Semmelweis Egyetem Magatart\u00e1studom\u00e1nyi Int\u00e9zete p\u00e1ly\u00e1zatot \u00edr ki, a 2025-2026-os tan\u00e9vre, 4 d\u00edjas demonstr\u00e1tor r\u00e9sz\u00e9re. A tant\u00e1rgy megnevez\u00e9se: Mentorprogram (magyar nyelv\u0171 k\u00e9pz\u00e9s, AOSMAG1041F1M) Ell\u00e1tand\u00f3 feladat: k\u00e9pz\u00e9sek, szuperv\u00edzi\u00f3k tart\u00e1s\u00e1ban val\u00f3 k\u00f6zrem\u0171k\u00f6d\u00e9s. A demonstr\u00e1tori megb\u00edz\u00e1s id\u0151tartama: 2025\/2026-os tan\u00e9v Havi foglalkoztat\u00e1si id\u0151: 10 \u00f3ra K\u00f6vetelm\u00e9ny: legal\u00e1bb 4 f\u00e9l\u00e9ves mentori munka, al\u00e1\u00edr\u00e1s \u00e9s jeles\/kiv\u00e1l\u00f3an megfelelt jegy szerz\u00e9se kor\u00e1bban a &hellip;<\/p>\n","protected":false},"author":110,"featured_media":0,"parent":2383,"menu_order":20,"comment_status":"closed","ping_status":"closed","template":"","meta":{"_acf_changed":false,"footnotes":""},"categories":[],"tags":[],"class_list":["post-12869","page","type-page","status-publish","hentry"],"acf":[],"_links":{"self":[{"href":"https:\/\/semmelweis.hu\/magtud\/wp-json\/wp\/v2\/pages\/12869","targetHints":{"allow":["GET"]}}],"collection":[{"href":"https:\/\/semmelweis.hu\/magtud\/wp-json\/wp\/v2\/pages"}],"about":[{"href":"https:\/\/semmelweis.hu\/magtud\/wp-json\/wp\/v2\/types\/page"}],"author":[{"embeddable":true,"href":"https:\/\/semmelweis.hu\/magtud\/wp-json\/wp\/v2\/users\/110"}],"replies":[{"embeddable":true,"href":"https:\/\/semmelweis.hu\/magtud\/wp-json\/wp\/v2\/comments?post=12869"}],"version-history":[{"count":4,"href":"https:\/\/semmelweis.hu\/magtud\/wp-json\/wp\/v2\/pages\/12869\/revisions"}],"predecessor-version":[{"id":12881,"href":"https:\/\/semmelweis.hu\/magtud\/wp-json\/wp\/v2\/pages\/12869\/revisions\/12881"}],"up":[{"embeddable":true,"href":"https:\/\/semmelweis.hu\/magtud\/wp-json\/wp\/v2\/pages\/2383"}],"wp:attachment":[{"href":"https:\/\/semmelweis.hu\/magtud\/wp-json\/wp\/v2\/media?parent=12869"}],"wp:term":[{"taxonomy":"category","embeddable":true,"href":"https:\/\/semmelweis.hu\/magtud\/wp-json\/wp\/v2\/categories?post=12869"},{"taxonomy":"post_tag","embeddable":true,"href":"https:\/\/semmelweis.hu\/magtud\/wp-json\/wp\/v2\/tags?post=12869"}],"curies":[{"name":"wp","href":"https:\/\/api.w.org\/{rel}","templated":true}]}}