{"id":12844,"date":"2025-06-04T14:37:38","date_gmt":"2025-06-04T12:37:38","guid":{"rendered":"https:\/\/semmelweis.hu\/magtud\/?page_id=12844"},"modified":"2025-06-05T07:45:15","modified_gmt":"2025-06-05T05:45:15","slug":"good-vibes-projekt","status":"publish","type":"page","link":"https:\/\/semmelweis.hu\/magtud\/good-vibes-projekt\/","title":{"rendered":"\u201eGood vibes\u201d projekt"},"content":{"rendered":"<p>Magyar r\u00e9szv\u00e9tel az Alzheimer-k\u00f3r ellen a glimfatikus transzport modul\u00e1ci\u00f3ja \u00fatj\u00e1n v\u00edvott k\u00fczdelemben<\/p>\n<p>&nbsp;<\/p>\n<p>Konzorciumi vezet\u0151:<\/p>\n<p>Vesa Kiviniemi, University of Oulu, Finland<\/p>\n<p>&nbsp;<\/p>\n<p>Partnerek:<\/p>\n<p>Gitte Moos Knudsen, Koppenh\u00e1gai Egyetemi K\u00f3rh\u00e1z, D\u00e1nia<\/p>\n<p>Jurgen Claassen, Radboud Egyetem Orvosi Centruma, Hollandia<\/p>\n<p>B\u00f3dizs R\u00f3bert, Semmelweis Egyetem, Magyarorsz\u00e1g<\/p>\n<p>Maiken Nedergaard, Koppenh\u00e1gai Egyetem, D\u00e1nia<\/p>\n<p>&nbsp;<\/p>\n<p>Az Alzheimer-k\u00f3r egy igen gyakori neurodegenerat\u00edv betegs\u00e9g, amely hat\u00e9kony kezel\u00e9s hi\u00e1ny\u00e1ban vil\u00e1gszerte n\u00f6vekv\u0151 eg\u00e9szs\u00e9g\u00fcgyi k\u00f6lts\u00e9gekkel j\u00e1r az id\u0151s\u00f6d\u0151 n\u00e9pess\u00e9g k\u00f6r\u00e9ben. Az Alzheimer-k\u00f3rra jellemz\u0151 az olyan feh\u00e9rj\u00e9k, mint a b\u00e9ta-amiloid lass\u00fa felhalmoz\u00f3d\u00e1sa az agysz\u00f6vetben fut\u00f3 art\u00e9ri\u00e1k k\u00f6zel\u00e9ben. A leg\u00fajabb tanulm\u00e1nyok szerint az agy-gerincvel\u0151i folyad\u00e9k hat\u00e9kony megtisztul\u00e1st biztos\u00edt\u00f3 \u00e9s az \u00fagynevezett glimfatikus transzport \u00e1ltali szavatolt \u00e1raml\u00e1s\u00e1nak diszfunkcionalit\u00e1sa egyr\u00e9szt a s\u00e9r\u00fclt \u00e9rrendszeri pulz\u00e1ci\u00f3hoz kapcsol\u00f3dik, m\u00e1sr\u00e9szt pedig hozz\u00e1j\u00e1rul az Alzheimer-k\u00f3r kialakul\u00e1s\u00e1hoz. A fejlett mikro- \u00e9s makroszk\u00f3pos idegrendszeri k\u00e9palkot\u00f3 elj\u00e1r\u00e1sokkal v\u00e9gzett kutat\u00e1sok eredm\u00e9nyei olyan mechanizmusok fel\u00e9 ir\u00e1ny\u00edtott\u00e1k figyelm\u00fcnket, amelyek r\u00e9v\u00e9n potenci\u00e1lisan megel\u0151zhet\u0151 az Alzheimer-k\u00f3r kialakul\u00e1sa. Ennek felt\u00e9telezett \u00fatja a k\u00eds\u00e9rletesen modul\u00e1lt illetve gerjesztett pulz\u00e1ci\u00f3 agy-gerincvel\u0151i folyad\u00e9k\u00e1raml\u00e1st fokoz\u00f3 hat\u00e1sa. A kutat\u00e1sban r\u00e9szt vev\u0151 partnerek kifejlesztett\u00e9k az agyi erek k\u00f6rny\u00e9k\u00e9n becs\u00fclt \u00e9s az oldott-anyag-transzportot fokoz\u00f3 pulz\u00e1ci\u00f3<\/p>\n<p>hordozhat\u00f3 eszk\u00f6zzel t\u00f6rt\u00e9n\u0151 monitoroz\u00e1s\u00e1nak m\u00f3dszertan\u00e1t. E p\u00e1ly\u00e1zat f\u0151 c\u00e9lja annak meg\u00e9rt\u00e9se, hogy ezek a fizikai rezg\u00e9sek hogyan haszn\u00e1lhat\u00f3k fel a glimfatikus hidrodinamika jav\u00edt\u00e1s\u00e1ra \u00e9s az oldott anyagok ki\u00e1raml\u00e1s\u00e1nak fokoz\u00e1s\u00e1ra az Alzheimer-k\u00f3r megel\u0151z\u00e9se \u00e9rdek\u00e9ben. A munk\u00e1ban kiemelt szerepet kap az id\u0151sorok komplex \u00e9s univerz\u00e1lis elemz\u00e9se, ami amagyarorsz\u00e1gi partner egyik fontos feladata.<\/p>\n<p>&nbsp;<\/p>\n<p>A projekt r\u00f6vid lear\u00e1sa angolul: <a href=\"https:\/\/bunny-wp-pullzone-mss9bfwliw.b-cdn.net\/wp-content\/uploads\/2023\/05\/Good-Vibes-Project-Fact-Sheet_revised.pdf\">https:\/\/bunny-wp-pullzone-mss9bfwliw.b-cdn.net\/wp-content\/uploads\/2023\/05\/Good-Vibes-Project-Fact-Sheet_revised.pdf<\/a><\/p>\n<p>&nbsp;<\/p>\n<p>A Semmelweis Egyetem r\u00e9szv\u00e9tel\u00e9t igazol\u00f3 nemzetk\u00f6zi weboldal: <a href=\"https:\/\/www.era-learn.eu\/network-information\/networks\/jpnd\/understanding-the-mechanisms-of-non-pharmacological-interventions\/preventing-alzheimers-disease-conversion-by-monitored-vibration-treatment\/semmelweis-university\">https:\/\/www.era-learn.eu\/network-information\/networks\/jpnd\/understanding-the-mechanisms-of-non-pharmacological-interventions\/preventing-alzheimers-disease-conversion-by-monitored-vibration-treatment\/semmelweis-university<\/a><\/p>\n<p>&nbsp;<\/p>\n<p>Az NKFIH eredm\u00e9nyhirdet\u00e9se a p\u00e1ly\u00e1zati t\u00e1mogat\u00e1sr\u00f3l: <a href=\"https:\/\/nkfih.gov.hu\/palyazoknak\/nkfi-alap\/tamogatott-projektek-2023-121-eranet\">https:\/\/nkfih.gov.hu\/palyazoknak\/nkfi-alap\/tamogatott-projektek-2023-121-eranet<\/a><\/p>\n<p>&nbsp;<\/p>\n<p>Az alv\u00e1sfiziol\u00f3gia megc\u00e9lz\u00e1sa a glimfatikus agyi clearance modul\u00e1l\u00e1sa \u00e9rdek\u00e9ben: <a href=\"https:\/\/doi.org\/10.1152\/physiol.00019.2024\">https:\/\/doi.org\/10.1152\/physiol.00019.2024<\/a><\/p>\n<p>&nbsp;<\/p>\n<p>Els\u0151 m\u00e9rf\u00f6ldk\u0151 <a href=\"https:\/\/semmelweis.hu\/magtud\/files\/2025\/06\/A-fiziologias-pulzacios-jelek-skalafuggetlensegenek-es-oszcillatoros-parametereinek-vizsgalata-DOLLS-modszerrel.pdf\">szakmai jelent\u00e9s<\/a>.<\/p>\n","protected":false},"excerpt":{"rendered":"<p>Magyar r\u00e9szv\u00e9tel az Alzheimer-k\u00f3r ellen a glimfatikus transzport modul\u00e1ci\u00f3ja \u00fatj\u00e1n v\u00edvott k\u00fczdelemben &nbsp; Konzorciumi vezet\u0151: Vesa Kiviniemi, University of Oulu, Finland &nbsp; Partnerek: Gitte Moos Knudsen, Koppenh\u00e1gai Egyetemi K\u00f3rh\u00e1z, D\u00e1nia Jurgen Claassen, Radboud Egyetem Orvosi Centruma, Hollandia B\u00f3dizs R\u00f3bert, Semmelweis Egyetem, Magyarorsz\u00e1g Maiken Nedergaard, Koppenh\u00e1gai Egyetem, D\u00e1nia &nbsp; Az Alzheimer-k\u00f3r egy igen gyakori neurodegenerat\u00edv betegs\u00e9g, &hellip;<\/p>\n","protected":false},"author":110,"featured_media":0,"parent":0,"menu_order":6,"comment_status":"closed","ping_status":"closed","template":"","meta":{"_acf_changed":false,"footnotes":""},"categories":[],"tags":[],"class_list":["post-12844","page","type-page","status-publish","hentry"],"acf":[],"_links":{"self":[{"href":"https:\/\/semmelweis.hu\/magtud\/wp-json\/wp\/v2\/pages\/12844","targetHints":{"allow":["GET"]}}],"collection":[{"href":"https:\/\/semmelweis.hu\/magtud\/wp-json\/wp\/v2\/pages"}],"about":[{"href":"https:\/\/semmelweis.hu\/magtud\/wp-json\/wp\/v2\/types\/page"}],"author":[{"embeddable":true,"href":"https:\/\/semmelweis.hu\/magtud\/wp-json\/wp\/v2\/users\/110"}],"replies":[{"embeddable":true,"href":"https:\/\/semmelweis.hu\/magtud\/wp-json\/wp\/v2\/comments?post=12844"}],"version-history":[{"count":4,"href":"https:\/\/semmelweis.hu\/magtud\/wp-json\/wp\/v2\/pages\/12844\/revisions"}],"predecessor-version":[{"id":12850,"href":"https:\/\/semmelweis.hu\/magtud\/wp-json\/wp\/v2\/pages\/12844\/revisions\/12850"}],"wp:attachment":[{"href":"https:\/\/semmelweis.hu\/magtud\/wp-json\/wp\/v2\/media?parent=12844"}],"wp:term":[{"taxonomy":"category","embeddable":true,"href":"https:\/\/semmelweis.hu\/magtud\/wp-json\/wp\/v2\/categories?post=12844"},{"taxonomy":"post_tag","embeddable":true,"href":"https:\/\/semmelweis.hu\/magtud\/wp-json\/wp\/v2\/tags?post=12844"}],"curies":[{"name":"wp","href":"https:\/\/api.w.org\/{rel}","templated":true}]}}