{"id":12633,"date":"2024-11-28T11:17:28","date_gmt":"2024-11-28T10:17:28","guid":{"rendered":"https:\/\/semmelweis.hu\/magtud\/?page_id=12633"},"modified":"2026-02-16T13:27:28","modified_gmt":"2026-02-16T12:27:28","slug":"dr-lorincz-jeno","status":"publish","type":"page","link":"https:\/\/semmelweis.hu\/magtud\/intezet\/munkatarsak\/dr-lorincz-jeno\/","title":{"rendered":"Dr. L\u0151rincz Jen\u0151"},"content":{"rendered":"<div class=\"responsive-tabs\">\n<h2 class=\"tabtitle\">\u00d6n\u00e9letrajz<\/h2>\n<div class=\"tabcontent\">\n\n<p><strong>Dr. L\u0151rincz Jen\u0151<\/strong><\/p>\n<p>sz\u00fclet\u00e9si \u00e9v: 1942<\/p>\n<p>lorincz.jeno(at)semmelweis.hu<\/p>\n<p><strong>\u00a0<\/strong><\/p>\n<p><strong>V\u00e9gzetts\u00e9g \u00e9s szakk\u00e9pzetts\u00e9g<\/strong><\/p>\n<p>magyar szakos tan\u00e1r \u00e9s finnugor el\u0151ad\u00f3, ELTE BTK 1966<\/p>\n<p>pszichol\u00f3gus, ELTE BTK 1969<\/p>\n<p>\u00e1ltal\u00e1nos orvos, SOTE 1979<\/p>\n<p>jog\u00e1sz, ELTE \u00c1JK 1996<\/p>\n<p>sz\u00fcl\u00e9sz-n\u0151gy\u00f3gy\u00e1sz szakorvos, OTKI 1984<\/p>\n<p>pszichi\u00e1ter szakorvos, OTKI 1987<\/p>\n<p>&nbsp;<\/p>\n<p><strong>Munkahely(ek)<\/strong><\/p>\n<p>Orvosi szakgyakorlat k\u00f6zk\u00f3rh\u00e1zakban 1981 -1989<\/p>\n<p>SE \u00c1OK Magatart\u00e1studom\u00e1nyi Int\u00e9zet (jogel\u0151d: T\u00e1rsadalomtudom\u00e1nyi Int\u00e9zet) egyetemi adjunktus, tan\u00e1csad\u00f3 1990 &#8211; 2011<\/p>\n<p>Semmelweis Egyetem Magatart\u00e1studom\u00e1nyi Int\u00e9zet, szak\u00e9rt\u0151 tan\u00e1csad\u00f3, \u00f3raad\u00f3 2011 \u2013<\/p>\n<p>Semmelweis Egyetem Magatart\u00e1studom\u00e1nyi Int\u00e9zet, mesteroktat\u00f3 2013 \u2013<\/p>\n<p>Kipesti Eg\u00e9szs\u00e9g\u00fcgyi Int\u00e9zet, Ment\u00e1lhigi\u00e9n\u00e9s Szakrendel\u00e9s, szakf\u0151orvos 2009 \u2013<\/p>\n<p>&nbsp;<\/p>\n<p><strong>Oktat\u00f3i tev\u00e9kenys\u00e9g<\/strong><\/p>\n<p>Orvosi etika, bioetika, Eg\u00e9szs\u00e9g\u00fcgyi etika 1990-t\u0151l folyamatosan, magyarul \u00e9s angolul Semmelweis Egyetem (t\u00f6bb mint ezer\u00f6tsz\u00e1z hallgat\u00f3)<\/p>\n<p>Kommunik\u00e1ci\u00f3 \u00e9s Etika: 2004-t\u0151l, K\u00e1roli G\u00e1sp\u00e1r Reform\u00e1tus Egyetem, Kommunik\u00e1ci\u00f3 Tansz\u00e9k<\/p>\n<p>Speci\u00e1lis koll\u00e9giumok: 1998-2008: ME BTK Szociol\u00f3gia Tansz\u00e9k, stilisztika, retorika: 2001-2010, BKF<\/p>\n<p>&nbsp;<\/p>\n<p><strong>Szakmai gyakorlatok: <\/strong><\/p>\n<p>F\u0151iskolai gyakornok 1965\/66 \u00a0Egri Tan\u00e1rk\u00e9pz\u0151 F\u0151iskola<\/p>\n<p>Tudom\u00e1nyos seg\u00e9dmunkat\u00e1rs 1966\/69 ELTE BTK<\/p>\n<p>Orvosi szakgyakorlat 1981\/1990 k\u00f3rh\u00e1zakban, 1990\/2005 egyetemi adjunktus SE \u00c1OK, 2005-t\u0151l megb\u00edzott el\u0151ad\u00f3<\/p>\n<p>&nbsp;<\/p>\n<p><strong>Tudom\u00e1nyos k\u00f6z\u00e9leti tev\u00e9kenys\u00e9g, t\u00e1rsas\u00e1gi tags\u00e1gok:<\/strong><\/p>\n<p>F\u0151szerkeszt\u0151: K\u00f6rnyezet \u00e9s Orvosl\u00e1s (1994\/97); Magyar Bioetikai Szemle (1998\/2002)<\/p>\n<p>Eln\u00f6k: \u201eVitalis\u201d \u00c9letv\u00e9d\u0151k Egyes\u00fclete (1993\/2003), Magyar Kardiol\u00f3gusok T\u00e1rsas\u00e1ga Orvosi Pszichol\u00f3giai Munkacsoportja (2009\/2013)<\/p>\n<p>V\u00e1lasztm\u00e1nyi tag: Magyar R\u00e1kellenes Liga (2000\/2009), Magyar Bioetikai T\u00e1rsas\u00e1g (2005-t\u0151l)<\/p>\n<p>&nbsp;<\/p>\n<p>Akt\u00edv Analitikus Pszichoterapeut\u00e1k Egyes\u00fclete \u2013 \u00f6r\u00f6k\u00f6s tag<\/p>\n<p>Magyar Nyelvtudom\u00e1nyi T\u00e1rsas\u00e1g 1960 \u2013 jelenleg<\/p>\n<p>Magyar Pszichol\u00f3giai T\u00e1rsas\u00e1g 1969 &#8211; jelenleg<\/p>\n<p>Magyar Orvosi Kamara 1979 \u2013 jelenleg<\/p>\n<p>Magyar Pszichi\u00e1triai T\u00e1rsas\u00e1g 1980 &#8211; jelenleg<\/p>\n<p>Magyar R\u00e1kellenes Liga alap\u00edt\u00f3 tag 1990 \u2013 jelenleg (2010-ig v\u00e1lasztm\u00e1nyi tag)<\/p>\n<p>Magyar Kardiol\u00f3gusok T\u00e1rsas\u00e1ga 1990 \u2013 jelenleg (Orvosi pszichol\u00f3giai szekci\u00f3 eln\u00f6ke 2015-2020)<\/p>\n<p>Magyar Bioetikai T\u00e1rsas\u00e1g 1993 &#8211; 2021<\/p>\n<p>Magyar Szemiotikai T\u00e1rsas\u00e1g 1993 &#8211; jelenleg<\/p>\n<p>Magyar Jog\u00e1sz Egylet 1997 &#8211; jelenleg<\/p>\n<p>Magyar Viselked\u00e9s-, Kognit\u00edv \u00e9s S\u00e9mater\u00e1pi\u00e1s Egyes\u00fclet 2000 &#8211; jelenleg<\/p>\n<p>Selye J\u00e1nos Magyar Magatart\u00e1studom\u00e1nyi \u00e9s Magatart\u00e1sorvosl\u00e1si T\u00e1rsas\u00e1g 2000 \u2013 jelenleg<\/p>\n<p>Magyar Csal\u00e1dter\u00e1pi\u00e1s Egyes\u00fclet 2016 \u2013 jelenleg<\/p>\n<p>Magyar Daseinanalitikai Egyes\u00fclet 2018 &#8211; jelenleg<\/p>\n<p>Magyar Addiktol\u00f3giai T\u00e1rsas\u00e1g 2020 &#8211; jelenleg<\/p>\n<p>&nbsp;<\/p>\n<p><strong>D\u00edjak:<\/strong><\/p>\n<p>A Semmelweis Egyetem Kiv\u00e1l\u00f3 Dolgoz\u00f3ja (2004)<\/p>\n\n<\/div><h2 class=\"tabtitle\">Publik\u00e1ci\u00f3k<\/h2>\n<div class=\"tabcontent\">\n\n<p>Teljes publik\u00e1ci\u00f3s lista megtal\u00e1lhat\u00f3 <a href=\"https:\/\/m2.mtmt.hu\/gui2\/?type=authors&amp;mode=browse&amp;sel=authors10038617\" target=\"_blank\" rel=\"noopener\">itt<\/a><\/p>\n<p><strong>Publik\u00e1ci\u00f3k 2014-2024<\/strong><\/p>\n<p>L\u0151rincz, Jen\u0151<br \/>\nA vad\u00e1szat szenved\u00e9lye<br \/>\nADDIKTOL\u00d3GIA: ADDICTOLOGIA HUNGARICA XVIII : Supplementum p. 32 (2024)<\/p>\n<p>L\u0151rincz Jen\u0151<br \/>\nEthosz, sors, csal\u00e1d: Gyermeki l\u00e9lek, sz\u00fcl\u0151i sebek M\u00f3ricz Zsigmond \u201e\u00c9letem reg\u00e9ny\u00e9\u201d-ben. XVIII. Magatart\u00e1studom\u00e1nyi Konferencia, P\u00e9cs, 2024. m\u00e1jus 23-24. Absztraktk\u00f6tet.<br \/>\nMent\u00e1lhigi\u00e9n\u00e9 \u00e9s Pszichoszomatika \/ Journal of Mental Health and Psychosomatics. 25.k\u00f6tet. 1 Supplementum, 2024. p.41.<br \/>\n<a href=\"https:\/\/doi.org\/10.1556\/0406.2024.10000\">https:\/\/doi.org\/10.1556\/0406.2024.10000<\/a><\/p>\n<p>L\u0151rincz, Jen\u0151<br \/>\nReligious experience and personality.: Based on the story of the holy maiden of Leszped<br \/>\nBULETINUL ASOCIATIEI BALINT DIN ROMANIA XXV : 99-100 pp. 32-34. , 3 p. (2023)<\/p>\n<p>L\u0151rincz, Jen\u0151<br \/>\n\u00d6nbecs\u00fcl\u00e9s \u00e9s sz\u00e9gyen\u00e9rzet n\u00e9pmesei h\u0151s\u00f6kben<br \/>\nIn: Spannraft, Marcellina; Korpics, M\u00e1rta; B\u00e9res, Istv\u00e1n (szerk.) Szakralit\u00e1s \u00e9s kommunik\u00e1ci\u00f3. Forr\u00e1sok, jelent\u00e9sek \u00e9s \u00e9rtelmez\u00e9sek<br \/>\nBudapest, Magyarorsz\u00e1g : K\u00e1roli G\u00e1sp\u00e1r Reform\u00e1tus Egyetem, L&#8217;Harmattan Kiad\u00f3 (2022) 286 p. pp. 141-154. , 14 p.<\/p>\n<p>Tremk\u00f3, Mariann; L\u0151rincz, Jen\u0151<br \/>\nEgzisztenci\u00e1lis pszichoter\u00e1pi\u00e1s szeml\u00e9let szenved\u00e9lybetegek Minnesota-programj\u00e1ban<br \/>\nIn: Kiss, Anna; Farkas, Judit; Kapit\u00e1ny-F\u00f6v\u00e9ny, M\u00e1t\u00e9 (szerk.) Addiktol\u00f3giai zavarok pszichoter\u00e1pi\u00e1ja<br \/>\nBudapest, Magyarorsz\u00e1g : Medicina K\u00f6nyvkiad\u00f3 (2022) 456 p. pp. 293-313. , 21 p.<\/p>\n<p>L\u0151rincz, Jen\u0151<br \/>\nSz\u00ednnevek mes\u00e9k mitologikus elemeiben<br \/>\nIn: Gecs\u0151, Tam\u00e1s; Szab\u00f3, Mih\u00e1ly (szerk.) Sz\u00ednnevek a k\u00fcl\u00f6nb\u00f6z\u0151 nyelvekben \u00e9s kult\u00far\u00e1kban<br \/>\nSz\u00e9kesfeh\u00e9rv\u00e1r, Magyarorsz\u00e1g, Budapest, Magyarorsz\u00e1g : Kodol\u00e1nyi J\u00e1nos Egyetem, Tinta K\u00f6nyvkiad\u00f3 (2020) 248 p. pp. 137-142. , 6 p.<\/p>\n<p>L\u0151rincz, Jen\u0151<br \/>\nAsztal, t\u00e1pl\u00e1l\u00e9k, besz\u00e9lget\u00e9s a magyar n\u00e9pi vall\u00e1soss\u00e1gban<br \/>\nIn: Korpics, M\u00e1rta; Spannraft, Marcellina (szerk.) T\u00e1rsadalmi kommunik\u00e1ci\u00f3 \u00e9s szakralit\u00e1s I. : K\u00f6zel\u00edt\u00e9sek \u00e9s m\u00e9lymer\u00fcl\u00e9sek<br \/>\nBudapest, Magyarorsz\u00e1g : K\u00e1roli G\u00e1sp\u00e1r Reform\u00e1tus Egyetem, L&#8217;Harmattan Kiad\u00f3 (2020) pp. 179-196. , 18 p.<\/p>\n<p>L\u0151rincz, Jen\u0151<br \/>\nSemmelweis elm\u00e9je \u00e9s \u00e9rvel\u00e9si st\u00edlusa<br \/>\nIn: B\u00e9res, Istv\u00e1n; Korpics, M\u00e1rta (szerk.) Ha kider\u00fcl az alkony: Tanulm\u00e1nyok Spannraft Marcellina tisztelet\u00e9re<br \/>\nBudapest, Magyarorsz\u00e1g : K\u00e1roli G\u00e1sp\u00e1r Reform\u00e1tus Egyetem, L&#8217;Harmattan Kiad\u00f3 (2019) pp. 71-78. , 8 p.<\/p>\n<p>L\u0151rincz, Jen\u0151<br \/>\nGondolatok N\u00e9meth L\u00e1szl\u00f3 pedag\u00f3giai antropol\u00f3gi\u00e1j\u00e1r\u00f3l<br \/>\nIn: Spannraft, Marcellina (szerk.) Tertium datur : Tanulm\u00e1nyok L\u00e1z\u00e1r Imre tisztelet\u00e9re<br \/>\nBudapest, Magyarorsz\u00e1g : K\u00e1roli G\u00e1sp\u00e1r Reform\u00e1tus Egyetem, L&#8217;Harmattan Kiad\u00f3 (2018) 276 p. pp. 87-98. , 12 p.<\/p>\n<p>L\u0151rincz, Jen\u0151<br \/>\nT\u00f6bb\u00e9rtelm\u0171s\u00e9g \u00e9s emberi term\u00e9szet N\u00e9meth L\u00e1szl\u00f3 Iszony c\u00edm\u0171 reg\u00e9ny\u00e9ben<br \/>\nIn: Gecs\u0151, Tam\u00e1s; Szab\u00f3, Mih\u00e1ly (szerk.) Egy- \u00e9s t\u00f6bb\u00e9rtelm\u0171s\u00e9g a nyelvben<br \/>\nBudapest, Magyarorsz\u00e1g : Tinta K\u00f6nyvkiad\u00f3, ELTE BTK Alkalmazott Nyelv\u00e9szeti Tansz\u00e9k (2018) 265 p. pp. 159-163. , 5 p.<\/p>\n<p>L\u0151rincz, Jen\u0151<br \/>\nSorst\u00f6rt\u00e9netek elemz\u00e9se a lelki eg\u00e9szs\u00e9g \u00e9rtelm\u00e9Ben vett boldogs\u00e1g szempontj\u00e1b\u00f3l (el\u0151ad\u00e1s) (2017)<br \/>\n\u00c1rt\u00f3-V\u00e9d\u0151 T\u00e1rsadalom Konferencia XV. Magatart\u00e1studom\u00e1nyi Napok, Budapest, 2017. j\u00fanius 8-9.,<\/p>\n<p>L\u0151rincz, Jen\u0151<br \/>\nSorst\u00f6rt\u00e9netek elemz\u00e9se a lelki eg\u00e9szs\u00e9g \u00e9rtelm\u00e9Ben vett boldogs\u00e1g szempontj\u00e1b\u00f3l<br \/>\nIn: D\u00e1vid, Be\u00e1ta; Feith, Helga Judit; Luk\u00e1cs, \u00c1gnes; Sus\u00e1nszky, \u00c9va (szerk.) \u00c1rt\u00f3-V\u00e9d\u0151 T\u00e1rsadalom Konferencia \u00e9s XV. Magatart\u00e1studom\u00e1nyi Napok : Absztrakt k\u00f6nyv<br \/>\nBudapest, Magyarorsz\u00e1g : Semmelweis Egyetem Eg\u00e9szs\u00e9gtudom\u00e1nyi Kar (2017) 82 p. pp. 50-51. , 2 p.<\/p>\n<p>L\u0151rincz, Jen\u0151<br \/>\n\u00c9rv\u00e9nyes\u00fcl-e jog a n\u00e9pmes\u00e9ben?<br \/>\nIn: Gecs\u0151, Tam\u00e1s; Szab\u00f3, Mih\u00e1ly (szerk.) Az ellent\u00e9t nyelvi \u00e9s nonverb\u00e1lis kifejez\u00e9s\u00e9nek lehet\u0151s\u00e9gei<br \/>\nBudapest, Magyarorsz\u00e1g : Kodol\u00e1nyi J\u00e1nos F\u0151iskola (KJF), Tinta K\u00f6nyvkiad\u00f3 (2017) 265 p. pp. 66-71. , 6 p.<\/p>\n<p>L\u0151rincz, Jen\u0151<br \/>\nInterj\u00fa Dr. L\u0151rincz Jen\u0151vel bioetikai k\u00e9rd\u00e9sekr\u0151l (2016)<br \/>\nL\u00e9lekjelenl\u00e9t m\u0171sor, PAX TV, 2016. febru\u00e1r 17., Megjelen\u00e9s: Magyarorsz\u00e1g,<\/p>\n<p>L\u0151rincz, Jen\u0151<br \/>\nJelek jogi fenom\u00e9nk\u00e9nt a folkl\u00f3rban<br \/>\nIn: Gecs\u0151, Tam\u00e1s (szerk.) Ikon, nyelvi jel, szimb\u00f3lum: nem term\u00e9szetes jelek a kommunik\u00e1ci\u00f3ban<br \/>\nBudapest, Magyarorsz\u00e1g : Tinta K\u00f6nyvkiad\u00f3 (2016) 204 p. pp. 103-107. , 5 p.<\/p>\n<p>L\u0151rincz, Jen\u0151<br \/>\nN\u00e9pmesei p\u00e1rhuzamok a csal\u00e1di er\u0151forr\u00e1sokhoz<br \/>\nIn: Spannraft, Marcellina; Korpics, M\u00e1rta; N\u00e9meth, L\u00e1szl\u00f3 (szerk.) A csal\u00e1d \u00e9s a k\u00f6z\u00f6ss\u00e9g szolg\u00e1lat\u00e1ban: tanulm\u00e1nyok Koml\u00f3si Piroska tisztelet\u00e9re<br \/>\nBudapest, Magyarorsz\u00e1g : K\u00e1roli G\u00e1sp\u00e1r Reform\u00e1tus Egyetem, L&#8217;Harmattan Kiad\u00f3 (2016) 319 p. pp. 123-131. , 9 p.<\/p>\n<p>L\u0151rincz, Jen\u0151<br \/>\nA v\u00e1rand\u00f3s n\u0151 teste &#8211; nyelvi megjelen\u00edt\u00e9sei, kultur\u00e1lis szimb\u00f3lumai<br \/>\nIn: Gecs\u0151, Tam\u00e1s; S\u00e1rdi, Csilla (szerk.) Nyelv, kult\u00fara, t\u00e1rsadalom<br \/>\nBudapest, Magyarorsz\u00e1g, Sz\u00e9kesfeh\u00e9rv\u00e1r, Magyarorsz\u00e1g : Kodol\u00e1nyi J\u00e1nos F\u0151iskola (KJF), Tinta K\u00f6nyvkiad\u00f3 (2015) 318 p. pp. 177-183. , 7 p.<\/p>\n<p>L\u0151rincz, Jen\u0151<br \/>\nCura mentis &#8211; salus populi: Ment\u00e1lhigi\u00e9n\u00e9 a t\u00e1rsadalom szolg\u00e1lat\u00e1ban: \u00dcnnepi k\u00f6tet Tomcs\u00e1nyi Teod\u00f3ra 70. sz\u00fclet\u00e9snapj\u00e1ra (szerk. Ittz\u00e9s G\u00e1bor)<br \/>\nMENT\u00c1LHIGI\u00c9N\u00c9 \u00c9S PSZICHOSZOMATIKA 16 : 4 pp. 374-378. , 5 p. (2015)<\/p>\n<p>L\u0151rincz, Jen\u0151<br \/>\nA csod\u00e1latos csecsem\u0151 (Pet\u0151 Katalin: A csod\u00e1latos csecsem\u0151. Pszichoanal\u00edzis \u00e9s hat\u00e1rter\u00fcletei. \u00d6sszegy\u0171jt\u00f6tt tanulm\u00e1nyok)<br \/>\nLEGE ARTIS MEDICINAE 25 : 11-12 pp. 552-554. , 3 p. (2015)<\/p>\n<p>L\u0151rincz, Jen\u0151<br \/>\n&#8222;N\u00e9pi pszichoszomatika&#8221;: kogn\u00edci\u00f3s \u00e9s szemiotikai szempontok. In: A pszichoszomatika modern szeml\u00e9lete. Az orvostanhallgat\u00f3k eg\u00e9szs\u00e9ge. XIV. Magatart\u00e1studom\u00e1nyi Napok, P\u00e9cs, 2015. j\u00fanius 11-12. Programf\u00fczet \u00e9s el\u0151ad\u00e1skivonatok (39. old.): http:\/\/magtud.aok.pte.hu\/Lorincz%20Jeno_MTN_2015.pdf<br \/>\nIn: Csath\u00f3, \u00c1rp\u00e1d; Tiringer, Istv\u00e1n; K\u00e1llai, J\u00e1nos (szerk.) XIV. Magatart\u00e1studom\u00e1nyi Napok : A pszichoszomatika modern szeml\u00e9lete. Az orvostanhallgat\u00f3k eg\u00e9szs\u00e9ge<br \/>\nP\u00e9cs, Magyarorsz\u00e1g : P\u00e9csi Tudom\u00e1nyegyetem \u00c1ltal\u00e1nos Orvostudom\u00e1nyi Kar (2015) p. 39<\/p>\n<p>L\u0151rincz, Jen\u0151<br \/>\nJelek jogi fenom\u00e9nk\u00e9nt a folkl\u00f3rban<br \/>\nIn: Ikon, nyelvi jel, szimb\u00f3lum: nem term\u00e9szetes jelek a kommunik\u00e1ci\u00f3ban : Absztraktf\u00fczet<br \/>\nKodol\u00e1nyi J\u00e1nos F\u0151iskola (KJF) (2015) p. 6<\/p>\n<p>Kopitk\u00f3, Cs ; Medve, L ; Zsirmik, A ; Tr\u00e1sy, D ; L\u00e1szl\u00f3, I ; Kecsk\u00e9s, G ; Petr\u00f3, Z ; L\u00e1szl\u00f3, I ; Sipt\u00e1r, M ; Benkovics, B et al.<br \/>\nRen\u00e1lis perf\u00fazi\u00f3s nyom\u00e1s egyenl\u0151 art\u00e9ri\u00e1s k\u00f6z\u00e9pnyom\u00e1s m\u00ednusz az intraabdominalis nyom\u00e1s k\u00e9tszerese?<br \/>\nANESZTEZIOL\u00d3GIA \u00c9S INTENZ\u00cdV TER\u00c1PIA 45 : Suppl. 1 pp. 21-21. , 1 p. (2015)<\/p>\n<p>Szigeti, F Judit ; Konkoly, Thege Barna ; L\u0151rincz, Jen\u0151<br \/>\nA n\u0151i reprodukt\u00edv eg\u00e9szs\u00e9g pszichoszoci\u00e1lis vet\u00fcleteir\u0151l<br \/>\nORVOSK\u00c9PZ\u00c9S 89 : 3 pp. 406-414. , 9 p. (2014)<\/p>\n<p>L\u0151rincz, Jen\u0151<br \/>\n&#8222;A j\u00e1tsz\u00f3t\u00e1rsam, mondd, akarsz-e lenni&#8230;&#8221;<br \/>\nIn: Havas, Ferenc; Horv\u00e1th, Katalin; Kugler, N\u00f3ra; Vlad\u00e1r, Zsuzsa (szerk.) Nyelvben a vil\u00e1g : Tanulm\u00e1nyok Lad\u00e1nyi M\u00e1ria tisztelet\u00e9re<br \/>\nBudapest, Magyarorsz\u00e1g : Tinta K\u00f6nyvkiad\u00f3 (2014) 469 p. pp. 439-443. , 5 p.<\/p>\n<p>L\u0151rincz, Jen\u0151<br \/>\n&#8222;Az ember nem egyetlen elemb\u0151l \u00e1ll&#8230;&#8221;: Adatok a sz\u00fcl\u00e9s, any\u00e1v\u00e1 lev\u00e9s szemiotik\u00e1j\u00e1hoz<br \/>\nIn: Spannraft, Marcellina; Sepsi, Enik\u0151; Bagdy, Em\u0151ke; Koml\u00f3si, Piroska; Grezsa, Ferenc (szerk.) Ki l\u00e1tott engem? Buda B\u00e9la 75<br \/>\nBudapest, Magyarorsz\u00e1g : K\u00e1roli G\u00e1sp\u00e1r Reform\u00e1tus Egyetem, L&#8217;Harmattan Kiad\u00f3 (2014) 446 p. pp. 123-134. , 12 p.<\/p>\n<\/div><\/div>\n<p><strong>\u00a0<\/strong><\/p>\n","protected":false},"excerpt":{"rendered":"<p>Dr. L\u0151rincz Jen\u0151 sz\u00fclet\u00e9si \u00e9v: 1942 lorincz.jeno(at)semmelweis.hu \u00a0 V\u00e9gzetts\u00e9g \u00e9s szakk\u00e9pzetts\u00e9g magyar szakos tan\u00e1r \u00e9s finnugor el\u0151ad\u00f3, ELTE BTK 1966 pszichol\u00f3gus, ELTE BTK 1969 \u00e1ltal\u00e1nos orvos, SOTE 1979 jog\u00e1sz, ELTE \u00c1JK 1996 sz\u00fcl\u00e9sz-n\u0151gy\u00f3gy\u00e1sz szakorvos, OTKI 1984 pszichi\u00e1ter szakorvos, OTKI 1987 &nbsp; Munkahely(ek) Orvosi szakgyakorlat k\u00f6zk\u00f3rh\u00e1zakban 1981 -1989 SE \u00c1OK Magatart\u00e1studom\u00e1nyi Int\u00e9zet (jogel\u0151d: T\u00e1rsadalomtudom\u00e1nyi Int\u00e9zet) egyetemi &hellip;<\/p>\n","protected":false},"author":101277,"featured_media":0,"parent":2035,"menu_order":22,"comment_status":"closed","ping_status":"closed","template":"","meta":{"_acf_changed":false,"footnotes":""},"categories":[],"tags":[],"class_list":["post-12633","page","type-page","status-publish","hentry"],"acf":[],"_links":{"self":[{"href":"https:\/\/semmelweis.hu\/magtud\/wp-json\/wp\/v2\/pages\/12633","targetHints":{"allow":["GET"]}}],"collection":[{"href":"https:\/\/semmelweis.hu\/magtud\/wp-json\/wp\/v2\/pages"}],"about":[{"href":"https:\/\/semmelweis.hu\/magtud\/wp-json\/wp\/v2\/types\/page"}],"author":[{"embeddable":true,"href":"https:\/\/semmelweis.hu\/magtud\/wp-json\/wp\/v2\/users\/101277"}],"replies":[{"embeddable":true,"href":"https:\/\/semmelweis.hu\/magtud\/wp-json\/wp\/v2\/comments?post=12633"}],"version-history":[{"count":7,"href":"https:\/\/semmelweis.hu\/magtud\/wp-json\/wp\/v2\/pages\/12633\/revisions"}],"predecessor-version":[{"id":12642,"href":"https:\/\/semmelweis.hu\/magtud\/wp-json\/wp\/v2\/pages\/12633\/revisions\/12642"}],"up":[{"embeddable":true,"href":"https:\/\/semmelweis.hu\/magtud\/wp-json\/wp\/v2\/pages\/2035"}],"wp:attachment":[{"href":"https:\/\/semmelweis.hu\/magtud\/wp-json\/wp\/v2\/media?parent=12633"}],"wp:term":[{"taxonomy":"category","embeddable":true,"href":"https:\/\/semmelweis.hu\/magtud\/wp-json\/wp\/v2\/categories?post=12633"},{"taxonomy":"post_tag","embeddable":true,"href":"https:\/\/semmelweis.hu\/magtud\/wp-json\/wp\/v2\/tags?post=12633"}],"curies":[{"name":"wp","href":"https:\/\/api.w.org\/{rel}","templated":true}]}}