{"id":12542,"date":"2024-10-10T14:25:51","date_gmt":"2024-10-10T12:25:51","guid":{"rendered":"https:\/\/semmelweis.hu\/magtud\/?page_id=12542"},"modified":"2026-02-16T13:40:43","modified_gmt":"2026-02-16T12:40:43","slug":"csecsy-vera-vanda","status":"publish","type":"page","link":"https:\/\/semmelweis.hu\/magtud\/intezet\/munkatarsak\/csecsy-vera-vanda\/","title":{"rendered":"Cs\u00e9csy Vera Vanda"},"content":{"rendered":"<p>Oktat\u00e1si munkat\u00e1rs<\/p>\n<p>Klinikai szakpszichol\u00f3gus jel\u00f6lt<a href=\"https:\/\/semmelweis.hu\/magtud\/files\/2024\/10\/csecsy.png\"><img loading=\"lazy\" decoding=\"async\" class=\"size-full wp-image-12543 alignright\" src=\"https:\/\/semmelweis.hu\/magtud\/files\/2024\/10\/csecsy.png\" alt=\"\" width=\"166\" height=\"216\" \/><\/a><\/p>\n<p><strong>\u00a0<\/strong><\/p>\n<p><strong>Tanulm\u00e1nyok:<\/strong><\/p>\n<p>2014 &#8211; 2019: \u00a0 E\u00f6tv\u00f6s Lor\u00e1nd Tudom\u00e1nyegyetem\u00a0 &#8211;\u00a0 Pszichol\u00f3gia (BA, MA)<\/p>\n<p>2024 &#8211; : \u00a0\u00a0\u00a0\u00a0\u00a0\u00a0\u00a0\u00a0\u00a0 P\u00e9csi Tudom\u00e1nyegyetem &#8211; Feln\u0151tt klinikai \u00e9s ment\u00e1lhigi\u00e9niai szakpszichol\u00f3gus &#8211; jel\u00f6lt<\/p>\n<p>&nbsp;<\/p>\n<p><strong>M\u00f3dszerspecifikus k\u00e9pz\u00e9sek:<\/strong><\/p>\n<p>2020 &#8211; : \u00a0\u00a0\u00a0\u00a0\u00a0\u00a0\u00a0\u00a0\u00a0 S\u00e9mater\u00e1pia \u2013 VIKOTE Kognit\u00edv \u00e9s S\u00e9mater\u00e1pi\u00e1s K\u00f6zpont<\/p>\n<p>2022 &#8211; : \u00a0\u00a0\u00a0\u00a0\u00a0\u00a0\u00a0\u00a0\u00a0 Komplex Integrat\u00edv Terapeuta jel\u00f6lt\u00a0 \u2013 Magyar Komplex Pszichoter\u00e1pi\u00e1s Egyes\u00fclet<\/p>\n<p>&nbsp;<\/p>\n<p><strong>Szakmai tapasztalat:<\/strong>\u00a0\u00a0\u00a0\u00a0\u00a0\u00a0\u00a0\u00a0\u00a0\u00a0\u00a0\u00a0\u00a0\u00a0\u00a0\u00a0\u00a0\u00a0\u00a0\u00a0\u00a0\u00a0\u00a0<\/p>\n<p>2019 &#8211; 2020:\u00a0\u00a0 B\u00f6rt\u00f6npszichol\u00f3gus<\/p>\n<p>T\u00f6k\u00f6li Fiatalkor\u00faak B\u00fcntet\u00e9s-v\u00e9grehajt\u00e1si Int\u00e9zete, F\u0151v\u00e1rosi B\u00fcntet\u00e9s-v\u00e9grehajt\u00e1si Int\u00e9zet<\/p>\n<p>2020 \u2013 2024:\u00a0\u00a0 Mag\u00e1nrendel\u00e9s \u2013 PszichoF\u00e9szek Mag\u00e1nrendel\u0151<\/p>\n<p>&nbsp;<\/p>\n<p><strong>Jelenlegi munkahely<\/strong>:\u00a0\u00a0\u00a0\u00a0\u00a0\u00a0\u00a0\u00a0\u00a0\u00a0<\/p>\n<p><strong>Semmelweis Egyetem, \u00c1OK, Magatart\u00e1studom\u00e1nyi Int\u00e9zet<\/strong><\/p>\n<ul>\n<li><strong>Oktat\u00e1si tev\u00e9kenys\u00e9g:<\/strong><\/li>\n<\/ul>\n<p>Orvosi pszichol\u00f3gia kurzus oktat\u00e1sa magyar \u00e9s n\u00e9met nyelven<\/p>\n<p>Orvosi kommunik\u00e1ci\u00f3 kurzus oktat\u00e1sa n\u00e9met nyelven<\/p>\n<ul>\n<li><strong>Klinikai tev\u00e9kenys\u00e9g:<\/strong><\/li>\n<\/ul>\n<p>Pszichoszomatikus Ambulancia \u2013 egy\u00e9ni \u00e9s csoportos betegell\u00e1t\u00e1s<\/p>\n<p>SE Di\u00e1ktan\u00e1csad\u00f3 \u2013 pszichol\u00f3gus (magyar, angol, n\u00e9met nyelven)<\/p>\n<p><strong>Nyelvtud\u00e1s<\/strong>:\u00a0\u00a0\u00a0<\/p>\n<ul>\n<li>angol &#8211; fels\u0151fok<\/li>\n<li>n\u00e9met \u2013 fels\u0151fok<\/li>\n<li>spanyol &#8211; fels\u0151fok<\/li>\n<\/ul>\n","protected":false},"excerpt":{"rendered":"<p>Oktat\u00e1si munkat\u00e1rs Klinikai szakpszichol\u00f3gus jel\u00f6lt <a href=\"https:\/\/semmelweis.hu\/magtud\/files\/2024\/10\/csecsy.png\"><\/a> \u00a0 Tanulm\u00e1nyok: 2014 &#8211; 2019: \u00a0 E\u00f6tv\u00f6s Lor\u00e1nd Tudom\u00e1nyegyetem\u00a0 &#8211;\u00a0 Pszichol\u00f3gia (BA, MA) 2024 &#8211; : \u00a0\u00a0\u00a0\u00a0\u00a0\u00a0\u00a0\u00a0\u00a0 P\u00e9csi Tudom\u00e1nyegyetem &#8211; Feln\u0151tt klinikai \u00e9s ment\u00e1lhigi\u00e9niai szakpszichol\u00f3gus &#8211; jel\u00f6lt &nbsp; M\u00f3dszerspecifikus k\u00e9pz\u00e9sek: 2020 &#8211; : \u00a0\u00a0\u00a0\u00a0\u00a0\u00a0\u00a0\u00a0\u00a0 S\u00e9mater\u00e1pia \u2013 VIKOTE Kognit\u00edv \u00e9s S\u00e9mater\u00e1pi\u00e1s K\u00f6zpont 2022 &#8211; : \u00a0\u00a0\u00a0\u00a0\u00a0\u00a0\u00a0\u00a0\u00a0 Komplex Integrat\u00edv Terapeuta jel\u00f6lt\u00a0 \u2013 &hellip;<\/p>\n","protected":false},"author":110,"featured_media":0,"parent":2035,"menu_order":11,"comment_status":"closed","ping_status":"closed","template":"","meta":{"_acf_changed":false,"footnotes":""},"categories":[],"tags":[],"class_list":["post-12542","page","type-page","status-publish","hentry"],"acf":[],"_links":{"self":[{"href":"https:\/\/semmelweis.hu\/magtud\/wp-json\/wp\/v2\/pages\/12542","targetHints":{"allow":["GET"]}}],"collection":[{"href":"https:\/\/semmelweis.hu\/magtud\/wp-json\/wp\/v2\/pages"}],"about":[{"href":"https:\/\/semmelweis.hu\/magtud\/wp-json\/wp\/v2\/types\/page"}],"author":[{"embeddable":true,"href":"https:\/\/semmelweis.hu\/magtud\/wp-json\/wp\/v2\/users\/110"}],"replies":[{"embeddable":true,"href":"https:\/\/semmelweis.hu\/magtud\/wp-json\/wp\/v2\/comments?post=12542"}],"version-history":[{"count":1,"href":"https:\/\/semmelweis.hu\/magtud\/wp-json\/wp\/v2\/pages\/12542\/revisions"}],"predecessor-version":[{"id":12544,"href":"https:\/\/semmelweis.hu\/magtud\/wp-json\/wp\/v2\/pages\/12542\/revisions\/12544"}],"up":[{"embeddable":true,"href":"https:\/\/semmelweis.hu\/magtud\/wp-json\/wp\/v2\/pages\/2035"}],"wp:attachment":[{"href":"https:\/\/semmelweis.hu\/magtud\/wp-json\/wp\/v2\/media?parent=12542"}],"wp:term":[{"taxonomy":"category","embeddable":true,"href":"https:\/\/semmelweis.hu\/magtud\/wp-json\/wp\/v2\/categories?post=12542"},{"taxonomy":"post_tag","embeddable":true,"href":"https:\/\/semmelweis.hu\/magtud\/wp-json\/wp\/v2\/tags?post=12542"}],"curies":[{"name":"wp","href":"https:\/\/api.w.org\/{rel}","templated":true}]}}