{"id":12536,"date":"2024-10-10T14:03:38","date_gmt":"2024-10-10T12:03:38","guid":{"rendered":"https:\/\/semmelweis.hu\/magtud\/?page_id=12536"},"modified":"2026-02-16T13:38:48","modified_gmt":"2026-02-16T12:38:48","slug":"gazdag-gabriella","status":"publish","type":"page","link":"https:\/\/semmelweis.hu\/magtud\/intezet\/munkatarsak\/gazdag-gabriella\/","title":{"rendered":"Gazdag Gabriella"},"content":{"rendered":"<p><strong>Tanulm\u00e1nyok:<a href=\"https:\/\/semmelweis.hu\/magtud\/files\/2024\/10\/GazdagG_foto.jpg\"><img loading=\"lazy\" decoding=\"async\" class=\"wp-image-12525 alignright\" src=\"https:\/\/semmelweis.hu\/magtud\/files\/2024\/10\/GazdagG_foto.jpg\" alt=\"\" width=\"200\" height=\"221\" srcset=\"https:\/\/semmelweis.hu\/magtud\/files\/2024\/10\/GazdagG_foto.jpg 2093w, https:\/\/semmelweis.hu\/magtud\/files\/2024\/10\/GazdagG_foto-363x400.jpg 363w, https:\/\/semmelweis.hu\/magtud\/files\/2024\/10\/GazdagG_foto-928x1024.jpg 928w, https:\/\/semmelweis.hu\/magtud\/files\/2024\/10\/GazdagG_foto-768x847.jpg 768w, https:\/\/semmelweis.hu\/magtud\/files\/2024\/10\/GazdagG_foto-1392x1536.jpg 1392w, https:\/\/semmelweis.hu\/magtud\/files\/2024\/10\/GazdagG_foto-1856x2048.jpg 1856w, https:\/\/semmelweis.hu\/magtud\/files\/2024\/10\/GazdagG_foto-753x831.jpg 753w\" sizes=\"auto, (max-width: 200px) 100vw, 200px\" \/><\/a><\/strong><\/p>\n<p>2003-2007: Feln\u0151tt Klinikai \u00e9s Ment\u00e1lhigi\u00e9n\u00e9s Szakpszichol\u00f3gus k\u00e9pz\u00e9s, Debreceni Egyetem<\/p>\n<p>1998-2003: Okleves pszichol\u00f3gus, pszichol\u00f3gia tan\u00e1r \u00e9s pszichol\u00f3gia szakford\u00edt\u00f3, Debreceni Egyetem<\/p>\n<p>1994-1998: Kr\u00fady Gyula Gimn\u00e1zium, Ny\u00edregyh\u00e1za<\/p>\n<p>&nbsp;<\/p>\n<p><strong>Szakmai tov\u00e1bbk\u00e9pz\u00e9s<\/strong><\/p>\n<p>2014-: Integrat\u00edv Feln\u0151tt Hipnoterapeuta k\u00e9pz\u00e9s<\/p>\n<p>2008-: Csal\u00e1dter\u00e1pi\u00e1s k\u00e9pz\u00e9s<\/p>\n<p>2001-2003: Autog\u00e9n tr\u00e9ning<\/p>\n<p>&nbsp;<\/p>\n<p><strong>Szakmai tapasztalat:<\/strong><\/p>\n<p>2008-: Egyens\u00faly Pszichoter\u00e1pi\u00e1s Rendel\u0151, mag\u00e1nrendel\u00e9s<\/p>\n<p>2008-2016: \u00c9rd Lelki Eg\u00e9szs\u00e9ggondoz\u00f3, klinikai szakpszichol\u00f3gus<\/p>\n<p>2008: Budapest Af\u00e1zia Centrum<\/p>\n<p>2007-2008: OPSIS Marketing \u00e9s Telekommunik\u00e1ci\u00f3s Kft., tr\u00e9ning asszisztens<\/p>\n<p>2005-2007: OPNI, Klinikai Pszichol\u00f3giai Tansz\u00e9k \u00e9s Szakambulancia, pszichol\u00f3gusi munkak\u00f6r<\/p>\n<p>2004-2005: Bug\u00e1t P\u00e1l K\u00f3rh\u00e1z, Pszichi\u00e1triai Gondoz\u00f3, pszichol\u00f3gusi munkak\u00f6r<\/p>\n<p>2003-2004: Harty\u00e1n Nevel\u00e9si \u00e9s Oktat\u00e1si K\u00f6zpont, iskolapszichol\u00f3gusi munkak\u00f6r<\/p>\n<p>&nbsp;<\/p>\n<p><strong>Oktat\u00e1si tapasztalat:<\/strong><\/p>\n<p>2013-: Debreceni Egyetem, Feln\u0151tt Klinikai \u00e9s Ment\u00e1lhigi\u00e9niai szakpszichol\u00f3gus k\u00e9pz\u00e9s, b\u00e1zisgyakorlatvezet\u0151<\/p>\n<p>2005-2006: OPNI, Klinikai Pszichol\u00f3giai Tansz\u00e9k \u00e9s Szakambulancia, egy\u00e9ni tan\u00e1csad\u00e1s el\u0151ad\u00e1s, \u00e9s gyakorlat<\/p>\n<p>&nbsp;<\/p>\n<p><strong>Nyelvismeret:<\/strong><\/p>\n<p>angol k\u00f6z\u00e9pfok, szakford\u00edt\u00f3i v\u00e9gzetts\u00e9g<\/p>\n<p>&nbsp;<\/p>\n<p><strong>El\u0151ad\u00e1sok:<\/strong><\/p>\n<p>2007: Pszichoter\u00e1pia\u201d foly\u00f3irat konferenci\u00e1ja, szimp\u00f3zium<\/p>\n<p>2007: Magyar Pszichi\u00e1triai T\u00e1rsas\u00e1g V\u00e1ndorgy\u0171l\u00e9s, szimp\u00f3zium<\/p>\n<p>2006: Magyar Pszichol\u00f3giai T\u00e1rsas\u00e1g XVII. Orsz\u00e1gos Tudom\u00e1nyos Nagygy\u0171l\u00e9se, szimp\u00f3zium<\/p>\n<p>2006: \u201ePszichoter\u00e1pia\u201d foly\u00f3irat konferenci\u00e1ja, workshop<\/p>\n<p>&nbsp;<\/p>\n<p><strong>Tov\u00e1bbk\u00e9pz\u00e9sek: <\/strong><\/p>\n<p>2006-2007: Katathym Imaginat\u00edv Pszichoter\u00e1pi\u00e1s tanfolyam<\/p>\n<p>2006: Traumatikus esem\u00e9nyek akut \u00e9s t\u00e1voli hat\u00e1sainak kezel\u00e9se<\/p>\n<p>&nbsp;<\/p>\n<p>&nbsp;<\/p>\n<p>&nbsp;<\/p>\n<p>&nbsp;<\/p>\n<p>&nbsp;<\/p>\n<p>&nbsp;<\/p>\n<p>&nbsp;<\/p>\n<p>&nbsp;<\/p>\n<p>&nbsp;<\/p>\n","protected":false},"excerpt":{"rendered":"<p>Tanulm\u00e1nyok: <a href=\"https:\/\/semmelweis.hu\/magtud\/files\/2024\/10\/GazdagG_foto.jpg\"><\/a> 2003-2007: Feln\u0151tt Klinikai \u00e9s Ment\u00e1lhigi\u00e9n\u00e9s Szakpszichol\u00f3gus k\u00e9pz\u00e9s, Debreceni Egyetem 1998-2003: Okleves pszichol\u00f3gus, pszichol\u00f3gia tan\u00e1r \u00e9s pszichol\u00f3gia szakford\u00edt\u00f3, Debreceni Egyetem 1994-1998: Kr\u00fady Gyula Gimn\u00e1zium, Ny\u00edregyh\u00e1za &nbsp; Szakmai tov\u00e1bbk\u00e9pz\u00e9s 2014-: Integrat\u00edv Feln\u0151tt Hipnoterapeuta k\u00e9pz\u00e9s 2008-: Csal\u00e1dter\u00e1pi\u00e1s k\u00e9pz\u00e9s 2001-2003: Autog\u00e9n tr\u00e9ning &nbsp; Szakmai tapasztalat: 2008-: Egyens\u00faly Pszichoter\u00e1pi\u00e1s Rendel\u0151, mag\u00e1nrendel\u00e9s 2008-2016: \u00c9rd Lelki Eg\u00e9szs\u00e9ggondoz\u00f3, klinikai szakpszichol\u00f3gus 2008: Budapest &hellip;<\/p>\n","protected":false},"author":110,"featured_media":0,"parent":2035,"menu_order":13,"comment_status":"closed","ping_status":"closed","template":"","meta":{"_acf_changed":false,"footnotes":""},"categories":[],"tags":[],"class_list":["post-12536","page","type-page","status-publish","hentry"],"acf":[],"_links":{"self":[{"href":"https:\/\/semmelweis.hu\/magtud\/wp-json\/wp\/v2\/pages\/12536","targetHints":{"allow":["GET"]}}],"collection":[{"href":"https:\/\/semmelweis.hu\/magtud\/wp-json\/wp\/v2\/pages"}],"about":[{"href":"https:\/\/semmelweis.hu\/magtud\/wp-json\/wp\/v2\/types\/page"}],"author":[{"embeddable":true,"href":"https:\/\/semmelweis.hu\/magtud\/wp-json\/wp\/v2\/users\/110"}],"replies":[{"embeddable":true,"href":"https:\/\/semmelweis.hu\/magtud\/wp-json\/wp\/v2\/comments?post=12536"}],"version-history":[{"count":3,"href":"https:\/\/semmelweis.hu\/magtud\/wp-json\/wp\/v2\/pages\/12536\/revisions"}],"predecessor-version":[{"id":12539,"href":"https:\/\/semmelweis.hu\/magtud\/wp-json\/wp\/v2\/pages\/12536\/revisions\/12539"}],"up":[{"embeddable":true,"href":"https:\/\/semmelweis.hu\/magtud\/wp-json\/wp\/v2\/pages\/2035"}],"wp:attachment":[{"href":"https:\/\/semmelweis.hu\/magtud\/wp-json\/wp\/v2\/media?parent=12536"}],"wp:term":[{"taxonomy":"category","embeddable":true,"href":"https:\/\/semmelweis.hu\/magtud\/wp-json\/wp\/v2\/categories?post=12536"},{"taxonomy":"post_tag","embeddable":true,"href":"https:\/\/semmelweis.hu\/magtud\/wp-json\/wp\/v2\/tags?post=12536"}],"curies":[{"name":"wp","href":"https:\/\/api.w.org\/{rel}","templated":true}]}}