{"id":12506,"date":"2024-09-30T14:43:39","date_gmt":"2024-09-30T12:43:39","guid":{"rendered":"https:\/\/semmelweis.hu\/magtud\/?page_id=12506"},"modified":"2026-02-16T13:38:18","modified_gmt":"2026-02-16T12:38:18","slug":"dr-gati-fekete-kata","status":"publish","type":"page","link":"https:\/\/semmelweis.hu\/magtud\/intezet\/munkatarsak\/dr-gati-fekete-kata\/","title":{"rendered":"Dr. G\u00e1ti-Fekete Kata"},"content":{"rendered":"<p><strong>Szem\u00e9lyes adatok\u00a0\u00a0\u00a0\u00a0\u00a0\u00a0\u00a0\u00a0\u00a0\u00a0\u00a0\u00a0\u00a0\u00a0\u00a0\u00a0\u00a0\u00a0\u00a0\u00a0\u00a0\u00a0\u00a0\u00a0\u00a0\u00a0\u00a0\u00a0\u00a0\u00a0\u00a0\u00a0\u00a0\u00a0\u00a0\u00a0\u00a0\u00a0\u00a0\u00a0\u00a0\u00a0\u00a0\u00a0\u00a0\u00a0\u00a0\u00a0\u00a0\u00a0\u00a0\u00a0\u00a0\u00a0\u00a0\u00a0\u00a0 <\/strong><\/p>\n<p>N\u00e9v: \u00a0\u00a0\u00a0\u00a0\u00a0\u00a0\u00a0\u00a0\u00a0\u00a0\u00a0\u00a0\u00a0\u00a0\u00a0\u00a0\u00a0\u00a0\u00a0\u00a0\u00a0\u00a0\u00a0\u00a0\u00a0 G\u00e1ti-Fekete Kata<br \/>\n\u00c1llampolg\u00e1rs\u00e1g: \u00a0\u00a0\u00a0\u00a0\u00a0 magyar<\/p>\n<p><strong>Tanulm\u00e1nyok<br \/>\n<\/strong>VIKOTE kognit\u00edv \u00e9s viselked\u00e9s terapeuta k\u00e9pz\u00e9s folyamatban<br \/>\n2020 &#8211;\u00a0 Pszichi\u00e1tria szakvizsga<br \/>\n2008 &#8211;\u00a0 2015 \u00a0\u00c1ltal\u00e1nos Orvostudom\u00e1nyi Kar, Semmelweis Egyetem<\/p>\n<p>&nbsp;<\/p>\n<p><strong>Munkahelyek<br \/>\n<\/strong>2024-\u00a0\u00a0 Semmelweis Egyetem Magatart\u00e1studom\u00e1nyi Int\u00e9zet<strong><br \/>\n<\/strong>2015-2021 \u00a0Ny\u00edr\u0151 Gyula OPAI<\/p>\n<p>&nbsp;<\/p>\n<p><strong>\u00d6nismeret<br \/>\n<\/strong>150 \u00f3ra pszichodr\u00e1ma<br \/>\n5 \u00e9v analitikusan orient\u00e1lt pszichoter\u00e1pia<\/p>\n<p><strong><br \/>\nEl\u0151ad\u00e1sok<\/strong><\/p>\n<p><em>T\u00e1rsas kogn\u00edci\u00f3 \u00e9s emp\u00e1tia vizsg\u00e1lata borderline szem\u00e9lyis\u00e9gzavarban <\/em>(Fekete K., Kardos P., Solt\u00e9sz P., Unoka Zs.); MPT, 2016<\/p>\n<p><em>Mentaliz\u00e1ci\u00f3, k\u00f6t\u0151d\u00e9si mint\u00e1zatok \u00e9s t\u00e1rsas h\u00e1l\u00f3zatok k\u00e9nyszerbetegs\u00e9gben<\/em> (Fekete K., Hajnal L., Makkos Z., Nemes Zs., Fedeles M., Hars\u00e1nyi A., Csig\u00f3 K., K\u00e9ri Sz.); MPT 2018<\/p>\n<p><em>A mentaliz\u00e1ci\u00f3 \u00e9s vizsg\u00e1lata<\/em> (Fekete K.) Ny\u00edr\u0151 Gyula OPAI, Leheletnyi tudom\u00e1ny, 2018<\/p>\n<p><em>Szoci\u00e1lis kogn\u00edci\u00f3 a pszich\u00f3zis spektrum ment\u00e9n<\/em> (Fekete K., T\u00f6r\u00f6k E., Makkos Z., K\u00e9ri Sz.) MPPT, 2019<\/p>\n<p>&nbsp;<\/p>\n<p><strong>Cikkek<\/strong><\/p>\n<p><em>A mentaliz\u00e1ci\u00f3 dimenzi\u00f3i pszichotikus zavarokban<\/em> (Fekete K., T\u00f6r\u00f6k E., Makkos Z., Kelemen O., Csig\u00f3 K., K\u00e9ri Sz.); Neuropsychopharmacologia Hungarica 2019 m\u00e1rcius<\/p>\n<p><em>Mentalization across the psychosis spectrum<\/em> (Fekete K., T\u00f6r\u00f6k E., Makkos Z., Kelemen O., Csig\u00f3 K., K\u00e9ri Sz.); Schizophrenia Research 2019 augusztus<\/p>\n<p>&nbsp;<\/p>\n<p><strong>Nyelvtud\u00e1s<\/strong><\/p>\n<p>Angol\u00a0\u00a0\u00a0\u00a0\u00a0\u00a0\u00a0\u00a0\u00a0\u00a0\u00a0\u00a0 k\u00f6z\u00e9pfok\u00fa C t\u00edpus\u00fa \u00e1llami nyelvvizsga (\u00edr\u00e1sbeli + sz\u00f3beli)<br \/>\n\u00a0\u00a0\u00a0\u00a0\u00a0\u00a0\u00a0\u00a0\u00a0\u00a0\u00a0\u00a0\u00a0\u00a0\u00a0\u00a0 \u00a0\u00a0\u00a0\u00a0 \u00a0fels\u0151fok\u00fa\u00a0 A t\u00edpus\u00fa \u00e1llami nyelvvizsga\u00a0 (sz\u00f3beli)<\/p>\n<p>N\u00e9met\u00a0\u00a0\u00a0\u00a0\u00a0\u00a0\u00a0\u00a0\u00a0\u00a0\u00a0 k\u00f6z\u00e9pfok\u00fa\u00a0 C t\u00edpus\u00fa\u00a0 \u00e1llami nyelvvizsga (\u00edr\u00e1sbeli + sz\u00f3beli)<\/p>\n<p>&nbsp;<\/p>\n<p>&nbsp;<\/p>\n<p>&nbsp;<\/p>\n<p>&nbsp;<\/p>\n","protected":false},"excerpt":{"rendered":"<p>Szem\u00e9lyes adatok\u00a0\u00a0\u00a0\u00a0\u00a0\u00a0\u00a0\u00a0\u00a0\u00a0\u00a0\u00a0\u00a0\u00a0\u00a0\u00a0\u00a0\u00a0\u00a0\u00a0\u00a0\u00a0\u00a0\u00a0\u00a0\u00a0\u00a0\u00a0\u00a0\u00a0\u00a0\u00a0\u00a0\u00a0\u00a0\u00a0\u00a0\u00a0\u00a0\u00a0\u00a0\u00a0\u00a0\u00a0\u00a0\u00a0\u00a0\u00a0\u00a0\u00a0\u00a0\u00a0\u00a0\u00a0\u00a0\u00a0\u00a0 N\u00e9v: \u00a0\u00a0\u00a0\u00a0\u00a0\u00a0\u00a0\u00a0\u00a0\u00a0\u00a0\u00a0\u00a0\u00a0\u00a0\u00a0\u00a0\u00a0\u00a0\u00a0\u00a0\u00a0\u00a0\u00a0\u00a0 G\u00e1ti-Fekete Kata \u00c1llampolg\u00e1rs\u00e1g: \u00a0\u00a0\u00a0\u00a0\u00a0 magyar Tanulm\u00e1nyok VIKOTE kognit\u00edv \u00e9s viselked\u00e9s terapeuta k\u00e9pz\u00e9s folyamatban 2020 &#8211;\u00a0 Pszichi\u00e1tria szakvizsga 2008 &#8211;\u00a0 2015 \u00a0\u00c1ltal\u00e1nos Orvostudom\u00e1nyi Kar, Semmelweis Egyetem &nbsp; Munkahelyek 2024-\u00a0\u00a0 Semmelweis Egyetem Magatart\u00e1studom\u00e1nyi Int\u00e9zet 2015-2021 \u00a0Ny\u00edr\u0151 Gyula OPAI &nbsp; \u00d6nismeret 150 \u00f3ra pszichodr\u00e1ma 5 \u00e9v analitikusan orient\u00e1lt pszichoter\u00e1pia El\u0151ad\u00e1sok T\u00e1rsas kogn\u00edci\u00f3 \u00e9s emp\u00e1tia &hellip;<\/p>\n","protected":false},"author":101277,"featured_media":0,"parent":2035,"menu_order":13,"comment_status":"closed","ping_status":"closed","template":"","meta":{"_acf_changed":false,"footnotes":""},"categories":[],"tags":[],"class_list":["post-12506","page","type-page","status-publish","hentry"],"acf":[],"_links":{"self":[{"href":"https:\/\/semmelweis.hu\/magtud\/wp-json\/wp\/v2\/pages\/12506","targetHints":{"allow":["GET"]}}],"collection":[{"href":"https:\/\/semmelweis.hu\/magtud\/wp-json\/wp\/v2\/pages"}],"about":[{"href":"https:\/\/semmelweis.hu\/magtud\/wp-json\/wp\/v2\/types\/page"}],"author":[{"embeddable":true,"href":"https:\/\/semmelweis.hu\/magtud\/wp-json\/wp\/v2\/users\/101277"}],"replies":[{"embeddable":true,"href":"https:\/\/semmelweis.hu\/magtud\/wp-json\/wp\/v2\/comments?post=12506"}],"version-history":[{"count":4,"href":"https:\/\/semmelweis.hu\/magtud\/wp-json\/wp\/v2\/pages\/12506\/revisions"}],"predecessor-version":[{"id":12528,"href":"https:\/\/semmelweis.hu\/magtud\/wp-json\/wp\/v2\/pages\/12506\/revisions\/12528"}],"up":[{"embeddable":true,"href":"https:\/\/semmelweis.hu\/magtud\/wp-json\/wp\/v2\/pages\/2035"}],"wp:attachment":[{"href":"https:\/\/semmelweis.hu\/magtud\/wp-json\/wp\/v2\/media?parent=12506"}],"wp:term":[{"taxonomy":"category","embeddable":true,"href":"https:\/\/semmelweis.hu\/magtud\/wp-json\/wp\/v2\/categories?post=12506"},{"taxonomy":"post_tag","embeddable":true,"href":"https:\/\/semmelweis.hu\/magtud\/wp-json\/wp\/v2\/tags?post=12506"}],"curies":[{"name":"wp","href":"https:\/\/api.w.org\/{rel}","templated":true}]}}