{"id":12435,"date":"2024-09-02T15:47:25","date_gmt":"2024-09-02T13:47:25","guid":{"rendered":"https:\/\/semmelweis.hu\/magtud\/?page_id=12435"},"modified":"2025-02-06T10:56:19","modified_gmt":"2025-02-06T09:56:19","slug":"orvosi-szemelyisegfejlesztes","status":"publish","type":"page","link":"https:\/\/semmelweis.hu\/magtud\/oktatas\/altalanos-orvostudomanyi-kar\/orvosi-szemelyisegfejlesztes\/","title":{"rendered":"Orvosi szem\u00e9lyis\u00e9gfejleszt\u00e9s"},"content":{"rendered":"<p><a href=\"https:\/\/semmelweis.hu\/magtud\/files\/2025\/02\/BE_Szemelyisegfejlesztes_magyar.pdf\">Orvosi szem\u00e9lyis\u00e9gfejleszt\u00e9s \u00e9s p\u00e1lyaszocializ\u00e1ci\u00f3 (k\u00f6telez\u0151 t\u00e1rgy) K\u00f6vetelm\u00e9nyrendszer<\/a><\/p>\n<p>Az egyetem c\u00e9lja az, hogy olyan hallgat\u00f3kat k\u00e9pezzen, akik nemcsak magas szint\u0171 szakmai tud\u00e1ssal rendelkeznek, hanem arra is k\u00e9pesek, hogy elviselj\u00e9k az orvosi hivat\u00e1ssal j\u00e1r\u00f3 stresszt, k\u00e9pess\u00e9 v\u00e1ljanak arra, hogy \u00fagy birk\u00f3zzanak meg az orvosl\u00e1ssal j\u00e1r\u00f3 neh\u00e9z \u00e9rzelmi terhekkel (sikertelens\u00e9g, trag\u00e9di\u00e1k, hal\u00e1l, haldokl\u00e1s, neh\u00e9z betegek), hogy k\u00f6zben empatikusak tudjanak maradni, \u00e9s ne \u00e9gjenek ki.<\/p>\n<p>Miben seg\u00edt minket az orvosi szem\u00e9lyis\u00e9gfejleszt\u00e9s tant\u00e1rgy?<\/p>\n<ol>\n<li>Seg\u00edt r\u00e1tal\u00e1lni saj\u00e1t tanul\u00e1si st\u00edlusunkra, \u00e9s \u00edgy seg\u00edt n\u00f6velni a tanul\u00e1si teljes\u00edtm\u00e9nyt.<\/li>\n<li>Olyan technik\u00e1kat mutat, amelyek begyakorl\u00e1s\u00e1val az egyetem alatti \u00e9s ut\u00e1ni stresszt kezelni tudjuk.<\/li>\n<li>Megmutatja, hogyan maradjunk hat\u00e9konyak \u00e9s \u0151rizz\u00fck meg egyens\u00falyunkat akkor, ha el\u00e1rasztanak minket a negat\u00edv \u00e9rzelmek.<\/li>\n<li>Seg\u00edt abban, hogy hat\u00e9konyabban tervezz\u00fck a karrier\u00fcnket, \u00e9s megtal\u00e1ljuk a kurrikulumban a k\u00e9szs\u00e9gfejleszt\u00e9si lehet\u0151s\u00e9geket a hat \u00e9v alatt.<\/li>\n<\/ol>\n<p>Az al\u00e1\u00edr\u00e1s felt\u00e9tele, az akt\u00edv r\u00e9szv\u00e9tel az \u00f3r\u00e1k 75%-\u00e1n, illetve egy beadan\u00f3 (minimum egy, maximum k\u00e9t oldal), amiben visszajelz\u00e9st k\u00e9r\u00fcnk a hallgat\u00f3t\u00f3l arr\u00f3l mely r\u00e9sz\u00e9t tartotta\u00a0 a tanultaknak leghasznosabbnak. A beadand\u00f3ban az al\u00e1bbi k\u00e9rd\u00e9sekre kell v\u00e1laszolni:<\/p>\n<ol>\n<li>Hogyan v\u00e1ltak be a f\u00e9l\u00e9v sor\u00e1n a tanul\u00e1si t\u00edpus\u00e1nak v\u00e1lasztott tanul\u00e1si technik\u00e1k?<\/li>\n<li>Milyen stresszkezel\u0151 technik\u00e1k seg\u00edtett\u00e9k a legink\u00e1bb?<\/li>\n<li>Megjelentek-e helyzetek, ahol stabiliz\u00e1l\u00f3 technik\u00e1kat lehetett kipr\u00f3b\u00e1lni?<\/li>\n<li>Hogyan tervezi a jelenlegi karrierterve szempontj\u00e1b\u00f3l a k\u00e9szs\u00e9gek haszn\u00e1lat\u00e1t \u00e9s tov\u00e1bbi er\u0151s\u00edt\u00e9s\u00e9t a k\u00f6vetkez\u0151 hat \u00e9v alatt?<\/li>\n<\/ol>\n","protected":false},"excerpt":{"rendered":"<p><a href=\"https:\/\/semmelweis.hu\/magtud\/files\/2025\/02\/BE_Szemelyisegfejlesztes_magyar.pdf\">Orvosi szem\u00e9lyis\u00e9gfejleszt\u00e9s \u00e9s p\u00e1lyaszocializ\u00e1ci\u00f3 (k\u00f6telez\u0151 t\u00e1rgy) K\u00f6vetelm\u00e9nyrendszer<\/a> Az egyetem c\u00e9lja az, hogy olyan hallgat\u00f3kat k\u00e9pezzen, akik nemcsak magas szint\u0171 szakmai tud\u00e1ssal rendelkeznek, hanem arra is k\u00e9pesek, hogy elviselj\u00e9k az orvosi hivat\u00e1ssal j\u00e1r\u00f3 stresszt, k\u00e9pess\u00e9 v\u00e1ljanak arra, hogy \u00fagy birk\u00f3zzanak meg az orvosl\u00e1ssal j\u00e1r\u00f3 neh\u00e9z \u00e9rzelmi terhekkel (sikertelens\u00e9g, trag\u00e9di\u00e1k, hal\u00e1l, haldokl\u00e1s, neh\u00e9z betegek), hogy k\u00f6zben empatikusak tudjanak maradni, \u00e9s ne \u00e9gjenek ki. Miben &hellip;<\/p>\n","protected":false},"author":110,"featured_media":0,"parent":4921,"menu_order":0,"comment_status":"closed","ping_status":"closed","template":"","meta":{"_acf_changed":false,"footnotes":""},"categories":[],"tags":[],"class_list":["post-12435","page","type-page","status-publish","hentry"],"acf":[],"_links":{"self":[{"href":"https:\/\/semmelweis.hu\/magtud\/wp-json\/wp\/v2\/pages\/12435","targetHints":{"allow":["GET"]}}],"collection":[{"href":"https:\/\/semmelweis.hu\/magtud\/wp-json\/wp\/v2\/pages"}],"about":[{"href":"https:\/\/semmelweis.hu\/magtud\/wp-json\/wp\/v2\/types\/page"}],"author":[{"embeddable":true,"href":"https:\/\/semmelweis.hu\/magtud\/wp-json\/wp\/v2\/users\/110"}],"replies":[{"embeddable":true,"href":"https:\/\/semmelweis.hu\/magtud\/wp-json\/wp\/v2\/comments?post=12435"}],"version-history":[{"count":3,"href":"https:\/\/semmelweis.hu\/magtud\/wp-json\/wp\/v2\/pages\/12435\/revisions"}],"predecessor-version":[{"id":12757,"href":"https:\/\/semmelweis.hu\/magtud\/wp-json\/wp\/v2\/pages\/12435\/revisions\/12757"}],"up":[{"embeddable":true,"href":"https:\/\/semmelweis.hu\/magtud\/wp-json\/wp\/v2\/pages\/4921"}],"wp:attachment":[{"href":"https:\/\/semmelweis.hu\/magtud\/wp-json\/wp\/v2\/media?parent=12435"}],"wp:term":[{"taxonomy":"category","embeddable":true,"href":"https:\/\/semmelweis.hu\/magtud\/wp-json\/wp\/v2\/categories?post=12435"},{"taxonomy":"post_tag","embeddable":true,"href":"https:\/\/semmelweis.hu\/magtud\/wp-json\/wp\/v2\/tags?post=12435"}],"curies":[{"name":"wp","href":"https:\/\/api.w.org\/{rel}","templated":true}]}}