{"id":12346,"date":"2024-05-09T14:37:12","date_gmt":"2024-05-09T12:37:12","guid":{"rendered":"https:\/\/semmelweis.hu\/magtud\/?page_id=12346"},"modified":"2026-02-04T17:44:14","modified_gmt":"2026-02-04T16:44:14","slug":"phd-komplex-vizsga-mellektargyak-es-tetelsorai","status":"publish","type":"page","link":"https:\/\/semmelweis.hu\/magtud\/phd\/phd-program\/phd-komplex-vizsga-mellektargyak-es-tetelsorai\/","title":{"rendered":"PhD komplex vizsga Mell\u00e9kt\u00e1rgyak \u00e9s t\u00e9telsorai"},"content":{"rendered":"<p>SEMMELWEIS EGYETEM DOKTORI ISKOLA \/ SEMMELWEIS UNIVERSITY DOCTORAL SCHOOL<\/p>\n<p>2.sz. MENT\u00c1LIS EG\u00c9SZS\u00c9GTUDOM\u00c1NYOK DOKTORI TAGOZAT \/<\/p>\n<p>MENTAL HEALTH SCIENCES DOCTORAL DIVISION<\/p>\n<p>4.sz. MAGATART\u00c1STUDOM\u00c1NYOK PROGRAM \/ BEHAVIOURAL SCIENCES PROGRAM<\/p>\n<p><strong>\u00a0<\/strong><\/p>\n<p><strong>\u00a0<\/strong><\/p>\n<p><a href=\"https:\/\/semmelweis.hu\/magtud\/files\/2026\/02\/2_MELLEKTARGYAK_2026_02_04.docx\">MELL\u00c9KT\u00c1RGYAK LIST\u00c1JA \/\u00a0LIST OF ADDITIONAL SUBJECTS<\/a><\/p>\n","protected":false},"excerpt":{"rendered":"<p>SEMMELWEIS EGYETEM DOKTORI ISKOLA \/ SEMMELWEIS UNIVERSITY DOCTORAL SCHOOL<br \/>\n2.sz. MENT\u00c1LIS EG\u00c9SZS\u00c9GTUDOM\u00c1NYOK DOKTORI TAGOZAT \/<br \/>\nMENTAL HEALTH SCIENCES DOCTORAL DIVISION<br \/>\n4.sz. MAGATART\u00c1STUDOM\u00c1NYOK PROGRAM \/ BEHAVIOURAL SCIENCES PROGRAM<br \/>\n\u00a0<br \/>\n\u00a0<br \/>\n<a href=\"https:\/\/semmelweis.hu\/magtud\/files\/2026\/02\/2_MELLEKTARGYAK_2026_02_04.docx\">MELL\u00c9KT\u00c1RGYAK LIST\u00c1JA \/\u00a0LIST OF ADDITIONAL SUBJECTS<\/a><\/p>\n","protected":false},"author":101277,"featured_media":0,"parent":4282,"menu_order":2,"comment_status":"closed","ping_status":"closed","template":"","meta":{"_acf_changed":false,"footnotes":""},"categories":[],"tags":[],"class_list":["post-12346","page","type-page","status-publish","hentry"],"acf":[],"_links":{"self":[{"href":"https:\/\/semmelweis.hu\/magtud\/wp-json\/wp\/v2\/pages\/12346","targetHints":{"allow":["GET"]}}],"collection":[{"href":"https:\/\/semmelweis.hu\/magtud\/wp-json\/wp\/v2\/pages"}],"about":[{"href":"https:\/\/semmelweis.hu\/magtud\/wp-json\/wp\/v2\/types\/page"}],"author":[{"embeddable":true,"href":"https:\/\/semmelweis.hu\/magtud\/wp-json\/wp\/v2\/users\/101277"}],"replies":[{"embeddable":true,"href":"https:\/\/semmelweis.hu\/magtud\/wp-json\/wp\/v2\/comments?post=12346"}],"version-history":[{"count":4,"href":"https:\/\/semmelweis.hu\/magtud\/wp-json\/wp\/v2\/pages\/12346\/revisions"}],"predecessor-version":[{"id":13267,"href":"https:\/\/semmelweis.hu\/magtud\/wp-json\/wp\/v2\/pages\/12346\/revisions\/13267"}],"up":[{"embeddable":true,"href":"https:\/\/semmelweis.hu\/magtud\/wp-json\/wp\/v2\/pages\/4282"}],"wp:attachment":[{"href":"https:\/\/semmelweis.hu\/magtud\/wp-json\/wp\/v2\/media?parent=12346"}],"wp:term":[{"taxonomy":"category","embeddable":true,"href":"https:\/\/semmelweis.hu\/magtud\/wp-json\/wp\/v2\/categories?post=12346"},{"taxonomy":"post_tag","embeddable":true,"href":"https:\/\/semmelweis.hu\/magtud\/wp-json\/wp\/v2\/tags?post=12346"}],"curies":[{"name":"wp","href":"https:\/\/api.w.org\/{rel}","templated":true}]}}