{"id":12295,"date":"2024-03-26T17:14:10","date_gmt":"2024-03-26T16:14:10","guid":{"rendered":"https:\/\/semmelweis.hu\/magtud\/?page_id=12295"},"modified":"2024-03-26T17:14:10","modified_gmt":"2024-03-26T16:14:10","slug":"boncz-szalardy-et-al-the-effects-of-aging-and-hearing-impairment-on-listening-in-noise","status":"publish","type":"page","link":"https:\/\/semmelweis.hu\/magtud\/boncz-szalardy-et-al-the-effects-of-aging-and-hearing-impairment-on-listening-in-noise\/","title":{"rendered":"Boncz-Szal\u00e1rdy-et-al: The effects of aging and hearing impairment on listening in noise"},"content":{"rendered":"<p><strong>The effects of aging and hearing impairment on listening in noise<\/strong><\/p>\n<p>iScience <a href=\"https:\/\/www.sciencedirect.com\/journal\/iscience\/vol\/27\/issue\/4\">Volume 27, Issue 4<\/a>, 19 April 2024, 109295; Published: February 20, 2024<br \/>\n<a href=\"https:\/\/doi.org\/10.1016\/j.isci.2024.109295\">https:\/\/doi.org\/10.1016\/j.isci.2024.109295<\/a><\/p>\n<p>\u00c1d\u00e1m Boncz 1,5 , Orsolya Szal\u00e1rdy 1,2 , P\u00e9ter Krist\u00f3f Vel\u0151sy 3, Luca B\u00e9res 1,3, Robert Baumgartner 4, Istv\u00e1n Winkler 1, Brigitta T\u00f3th 1<\/p>\n<p><sup>1<\/sup>Institute of Cognitive Neuroscience and Psychology, HUN-REN Research Centre for Natural Sciences, Budapest, Hungary<\/p>\n<p><sup>2<\/sup>Institute of Behavioural Sciences, Faculty of Medicine, Semmelweis University, Budapest, Hungary<\/p>\n<p><sup>3<\/sup>Department of Cognitive Science, Budapest University of Technology and Economics, Budapest, Hungary<\/p>\n<p><sup>4<\/sup>Acoustics Research Institute, Austrian Academy of Sciences, Vienna, Austria<\/p>\n<p>&nbsp;<\/p>\n<p><strong>ABSTRACT<\/strong><\/p>\n<p>The study investigates age-related decline in listening abilities, particularly in noisy environments, where the challenge lies in extracting meaningful information from variable sensory input (figure-ground segregation). The research focuses on peripheral and central factors contributing to this decline using a tone-cloud-based figure detection task. Results based on behavioral measures and event-related brain potentials (ERPs) indicate that, despite delayed perceptual processes and some deterioration in attention and executive functions with aging, the ability to detect sound sources in noise remains relatively intact. However, even mild hearing impairment significantly hampers the segregation of individual sound sources within a complex auditory scene. The severity of the hearing deficit correlates with an increased susceptibility to masking noise. The study underscores the impact of hearing impairment on auditory scene analysis and highlights the need for personalized interventions based on individual abilities.<\/p>\n","protected":false},"excerpt":{"rendered":"<p>The effects of aging and hearing impairment on listening in noise iScience <a href=\"https:\/\/www.sciencedirect.com\/journal\/iscience\/vol\/27\/issue\/4\">Volume 27, Issue 4<\/a> , 19 April 2024, 109295; Published: February 20, 2024 <a href=\"https:\/\/doi.org\/10.1016\/j.isci.2024.109295\">https:\/\/doi.org\/10.1016\/j.isci.2024.109295<\/a> \u00c1d\u00e1m Boncz 1,5 , Orsolya Szal\u00e1rdy 1,2 , P\u00e9ter Krist\u00f3f Vel\u0151sy 3, Luca B\u00e9res 1,3, Robert Baumgartner 4, Istv\u00e1n Winkler 1, Brigitta T\u00f3th 1 1Institute of Cognitive Neuroscience and Psychology, HUN-REN Research Centre for &hellip;<\/p>\n","protected":false},"author":101277,"featured_media":0,"parent":0,"menu_order":0,"comment_status":"closed","ping_status":"closed","template":"","meta":{"_acf_changed":false,"footnotes":""},"categories":[1],"tags":[],"class_list":["post-12295","page","type-page","status-publish","hentry","category-hirek"],"acf":[],"_links":{"self":[{"href":"https:\/\/semmelweis.hu\/magtud\/wp-json\/wp\/v2\/pages\/12295","targetHints":{"allow":["GET"]}}],"collection":[{"href":"https:\/\/semmelweis.hu\/magtud\/wp-json\/wp\/v2\/pages"}],"about":[{"href":"https:\/\/semmelweis.hu\/magtud\/wp-json\/wp\/v2\/types\/page"}],"author":[{"embeddable":true,"href":"https:\/\/semmelweis.hu\/magtud\/wp-json\/wp\/v2\/users\/101277"}],"replies":[{"embeddable":true,"href":"https:\/\/semmelweis.hu\/magtud\/wp-json\/wp\/v2\/comments?post=12295"}],"version-history":[{"count":1,"href":"https:\/\/semmelweis.hu\/magtud\/wp-json\/wp\/v2\/pages\/12295\/revisions"}],"predecessor-version":[{"id":12296,"href":"https:\/\/semmelweis.hu\/magtud\/wp-json\/wp\/v2\/pages\/12295\/revisions\/12296"}],"wp:attachment":[{"href":"https:\/\/semmelweis.hu\/magtud\/wp-json\/wp\/v2\/media?parent=12295"}],"wp:term":[{"taxonomy":"category","embeddable":true,"href":"https:\/\/semmelweis.hu\/magtud\/wp-json\/wp\/v2\/categories?post=12295"},{"taxonomy":"post_tag","embeddable":true,"href":"https:\/\/semmelweis.hu\/magtud\/wp-json\/wp\/v2\/tags?post=12295"}],"curies":[{"name":"wp","href":"https:\/\/api.w.org\/{rel}","templated":true}]}}